{"id":999,"date":"2015-12-31T12:21:07","date_gmt":"2015-12-31T10:21:07","guid":{"rendered":"http:\/\/leartes.pw\/?page_id=999"},"modified":"2016-01-18T11:35:52","modified_gmt":"2016-01-18T09:35:52","slug":"discover-alanya","status":"publish","type":"page","link":"https:\/\/goldislandhotel.com.tr\/tr\/news-blog\/alanya-city-guide\/discover-alanya\/","title":{"rendered":"Alanya&#8217;y\u0131 Ke\u015ffet"},"content":{"rendered":"<p><\/p>\n<blockquote><p>Binlerce y\u0131ll\u0131k tarihi, Akdeniz ve Anadolu k\u00fclt\u00fcrlerinin kar\u0131\u015f\u0131m\u0131ndan olu\u015fan k\u00fclt\u00fcr\u00fc ve mimarisi ile Alanya, tatilini bu beldede ge\u00e7irmek isteyenlere say\u0131s\u0131z se\u00e7enekler sunar.<\/p><\/blockquote>\n<p>Binlerce y\u0131ll\u0131k tarihi, Akdeniz ve Anadolu k\u00fclt\u00fcrlerinin kar\u0131\u015f\u0131m\u0131ndan olu\u015fan k\u00fclt\u00fcr\u00fc ve mimarisi ile Alanya, tatilini bu beldede ge\u00e7irmek isteyenlere say\u0131s\u0131z se\u00e7enekler sunar. 100 kilometreyi a\u015fan sahilindeki e\u015fsiz plajlar\u0131n\u0131n yan\u0131nda kent, tarihe merakl\u0131 olanlar\u0131 fazlas\u0131yla tatmin ediyor, do\u011fa a\u015f\u0131klar\u0131n\u0131 ise mest ediyor. Toroslar\u0131n e\u015fsiz yaylalar\u0131, y\u00fcksekleri ve serin havay\u0131 denize tercih edenler i\u00e7in. Sapadere Kanyonu ise \u00f6zel ilgiyi hakediyor&#8230;<\/p>\n<h3>Tarihi Yerler<\/h3>\n<p>Alanya, 700 y\u0131l\u0131 devirmesine ra\u011fmen hala sapasa\u011flam ayakta olan kalesi, sekizgen K\u0131z\u0131lkulesi, hanlar\u0131 ve darphanesi ile tarihi mekanlar\u0131 sevenler i\u00e7in adeta bir cennettir. Hem Sel\u00e7uklu \u00f6ncesi H\u0131ristiyan d\u00f6neme ait kiliseler, hem de M\u00fcsl\u00fcman d\u00f6neme ait tarihi camiler olanca ihti\u015famlar\u0131yla ziyaret\u00e7ilerini bekliyor.<br \/>\n<a href=\"\/tr\/news-blog\/alanya-city-guide\/historical-places\/\">Daha fazlas\u0131 i\u00e7in t\u0131klay\u0131n<\/a><\/p>\n<h3>Antik Kentler<\/h3>\n<p>Tarih boyunca \u00e7ok say\u0131da medeniyete ev sahipli\u011fi yapm\u0131\u015f Alanya, antik kent kal\u0131nt\u0131lar\u0131 konusunda da olduk\u00e7a zengindir. \u00d6ren yeri olarak koruma alt\u0131nda tutulan ve baz\u0131lar\u0131nda kaz\u0131 \u00e7al\u0131\u015fmalar\u0131 devam eden antik kentlere giri\u015f \u00fccretsizdir.<br \/>\n<a href=\"\/tr\/news-blog\/alanya-city-guide\/ancient-cities\/\">Daha fazlas\u0131 i\u00e7in t\u0131klay\u0131n<\/a><\/p>\n<h3>M\u00fczeler<\/h3>\n<p>Alanya&#8217;da d\u00f6rt m\u00fcze vard\u0131r. \u00d6\u011fle tatili d\u0131\u015f\u0131nda m\u00fczeler haftan\u0131n her g\u00fcn\u00fc ziyarete a\u00e7\u0131kt\u0131r ve \u00fccretlidir. Alanya&#8217;n\u0131n en de\u011ferli eseri Arkeoloji M\u00fczesi&#8217;nde sergilenen Herakles heykelidir.<\/p>\n<h3>Plajlar<\/h3>\n<p>Geni\u015f kumsallardan olu\u015fan Alanya plajlar\u0131, temizli\u011fin uluslararas\u0131 i\u015fareti olan Mavi Bayrak ta\u015f\u0131r. K\u0131y\u0131larda rengi turkuaza d\u00f6n\u00fc\u015fen Akdeniz&#8217;in bu e\u015fsiz k\u0131y\u0131s\u0131nda hava durgunsa, dipteki bal\u0131klar \u00e7\u0131plak g\u00f6zle g\u00f6r\u00fclebilir. Antik kal\u0131nt\u0131lar aras\u0131nda veya a\u011fa\u00e7larla kapl\u0131 bir yamac\u0131n alt\u0131nda denize girerken ayaklar\u0131n\u0131za dola\u015fan k\u00fc\u00e7\u00fck bal\u0131klar\u0131 hissedebilirsiniz.<\/p>\n<h3>Ma\u011faralar<\/h3>\n<p>Alanya, ma\u011faralar konusunda olduk\u00e7a zengindir. Kara ve deniz ma\u011faralar\u0131n\u0131n gizemli d\u00fcnyas\u0131n\u0131 Alanya\u2019da ke\u015ffedebilir, 20 bin y\u0131l \u00f6nce ya\u015fam\u0131\u015f atalar\u0131m\u0131z\u0131n izlerini s\u00fcrebilirsiniz.<\/p>\n<h3>Toroslar ve Yaylalar<\/h3>\n<p>Alanya, Akdeniz k\u0131y\u0131s\u0131ndad\u0131r ama s\u0131rt\u0131n\u0131 Bat\u0131 Toroslar\u2019a dayam\u0131\u015ft\u0131r. Toros da\u011flar\u0131, Alanya\u2019da ya\u015fam\u0131n ayr\u0131lmaz bir par\u00e7as\u0131d\u0131r. Yaz aylar\u0131nda yaylaya \u00e7\u0131kmak ve yaz\u0131 yaylada ge\u00e7irmek bin y\u0131ll\u0131k Y\u00f6r\u00fck T\u00fcrkmen k\u00fclt\u00fcr\u00fcn\u00fcn par\u00e7as\u0131d\u0131r. Ge\u00e7en y\u00fczy\u0131la kadar k\u00f6yler baharla birlikte bo\u015fal\u0131r ve yaylalara \u00e7\u0131k\u0131l\u0131rd\u0131. Toros da\u011flar\u0131n\u0131n y\u00fcksekli\u011fi 1000 metreyi a\u015fan d\u00fczl\u00fcklerinde ke\u00e7i k\u0131l\u0131ndan yap\u0131lm\u0131\u015f \u00e7ad\u0131rlar kurulur, bir yandan s\u00fcr\u00fcler otlat\u0131l\u0131rken bir yandan da peynir ve ya\u011f \u00fcretilir, hal\u0131 ve kilim dokunurdu. G\u00fcn\u00fcm\u00fczde \u00e7ad\u0131rlar\u0131n yerini modern konutlar ald\u0131. \u00c7am ve sedir a\u011fa\u00e7lar\u0131yla kapl\u0131 ormanlar\u0131, derin vadileri, bulutlar\u0131n i\u00e7ine giren zirveleri ve zirvelerden ta\u015f\u0131p gelen akarsular\u0131 ile Toroslar, do\u011fan\u0131n e\u015fsiz g\u00fczelliklerini saklar. Yaylalar, yerli ve yabanc\u0131 turistlerin de u\u011frak yeridir; g\u00fcn\u00fcbirlik piknik alanlar\u0131nda eski T\u00fcrkmen gelenekleri hala ya\u015f\u0131yor.<\/p>\n<h3>Akarsular<\/h3>\n<p>Alanya irili ufakl\u0131 baz\u0131 su yollar\u0131n\u0131n da \u00fczerindedir. Bunlardan en \u00f6nemlileri ilgin\u00e7 \u00e7ehresiyle Dim \u00c7ay\u0131, serin g\u00f6lgeleriyle Oba \u00c7ay\u0131 ve rafting i\u00e7in uygun parkurlar\u0131yla Alara Irma\u011f\u0131&#8217;d\u0131r.<\/p>\n<h3>Sapadere Kanyonu<\/h3>\n<p>Alanya \u015fehir merkezine 40 kilomere uzakl\u0131ktaki Sapadere Kanyonu ger\u00e7ek bir do\u011fa harikas\u0131d\u0131r. Kanyon giri\u015findeki \u015felalenin d\u00f6k\u00fcld\u00fc\u011f\u00fc yerde y\u00fczmeden, buz gibi sularda yeti\u015fen alabal\u0131klar\u0131n tad\u0131na bakmadan d\u00f6nmeyin!<\/p>","protected":false},"excerpt":{"rendered":"<p>Binlerce y\u0131ll\u0131k tarihi, Akdeniz ve Anadolu k\u00fclt\u00fcrlerinin kar\u0131\u015f\u0131m\u0131ndan olu\u015fan k\u00fclt\u00fcr\u00fc ve mimarisi ile Alanya, tatilini bu beldede ge\u00e7irmek isteyenlere say\u0131s\u0131z se\u00e7enekler sunar. Binlerce y\u0131ll\u0131k tarihi, Akdeniz ve Anadolu k\u00fclt\u00fcrlerinin kar\u0131\u015f\u0131m\u0131ndan olu\u015fan k\u00fclt\u00fcr\u00fc ve mimarisi ile Alanya, tatilini bu beldede ge\u00e7irmek isteyenlere say\u0131s\u0131z se\u00e7enekler sunar. 100 kilometreyi a\u015fan sahilindeki e\u015fsiz plajlar\u0131n\u0131n yan\u0131nda kent, tarihe merakl\u0131 olanlar\u0131 fazlas\u0131yla tatmin ediyor, do\u011fa a\u015f\u0131klar\u0131n\u0131 ise mest ediyor. Toroslar\u0131n e\u015fsiz&#8230;<\/p>\n<p><a class=\"more-link\" href=\"https:\/\/goldislandhotel.com.tr\/tr\/news-blog\/alanya-city-guide\/discover-alanya\/\">Continue Reading &#8230;<\/a><\/p>\n","protected":false},"author":1,"featured_media":0,"parent":826,"menu_order":0,"comment_status":"closed","ping_status":"closed","template":"","meta":{"footnotes":""},"class_list":["post-999","page","type-page","status-publish","hentry"],"yoast_head":"<!-- This site is optimized with the Yoast SEO plugin v26.3 - https:\/\/yoast.com\/wordpress\/plugins\/seo\/ -->\n<title>Alanya&#039;y\u0131 Ke\u015ffet | Gold Island Selected Hotel<\/title>\n<meta name=\"robots\" content=\"index, follow, max-snippet:-1, max-image-preview:large, max-video-preview:-1\" \/>\n<link rel=\"canonical\" href=\"https:\/\/goldislandhotel.com.tr\/tr\/news-blog\/alanya-city-guide\/discover-alanya\/\" \/>\n<meta property=\"og:locale\" content=\"tr_TR\" \/>\n<meta property=\"og:type\" content=\"article\" \/>\n<meta property=\"og:title\" content=\"Alanya&#039;y\u0131 Ke\u015ffet | Gold Island Selected Hotel\" \/>\n<meta property=\"og:description\" content=\"Binlerce y\u0131ll\u0131k tarihi, Akdeniz ve Anadolu k\u00fclt\u00fcrlerinin kar\u0131\u015f\u0131m\u0131ndan olu\u015fan k\u00fclt\u00fcr\u00fc ve mimarisi ile Alanya, tatilini bu beldede ge\u00e7irmek isteyenlere say\u0131s\u0131z se\u00e7enekler sunar. Binlerce y\u0131ll\u0131k tarihi, Akdeniz ve Anadolu k\u00fclt\u00fcrlerinin kar\u0131\u015f\u0131m\u0131ndan olu\u015fan k\u00fclt\u00fcr\u00fc ve mimarisi ile Alanya, tatilini bu beldede ge\u00e7irmek isteyenlere say\u0131s\u0131z se\u00e7enekler sunar. 100 kilometreyi a\u015fan sahilindeki e\u015fsiz plajlar\u0131n\u0131n yan\u0131nda kent, tarihe merakl\u0131 olanlar\u0131 fazlas\u0131yla tatmin ediyor, do\u011fa a\u015f\u0131klar\u0131n\u0131 ise mest ediyor. Toroslar\u0131n e\u015fsiz...Continue Reading ...\" \/>\n<meta property=\"og:url\" content=\"https:\/\/goldislandhotel.com.tr\/tr\/news-blog\/alanya-city-guide\/discover-alanya\/\" \/>\n<meta property=\"og:site_name\" content=\"Gold Island Selected Hotel\" \/>\n<meta property=\"article:modified_time\" content=\"2016-01-18T09:35:52+00:00\" \/>\n<meta name=\"twitter:card\" content=\"summary_large_image\" \/>\n<meta name=\"twitter:label1\" content=\"Tahmini okuma s\u00fcresi\" \/>\n\t<meta name=\"twitter:data1\" content=\"12 dakika\" \/>\n<script type=\"application\/ld+json\" class=\"yoast-schema-graph\">{\"@context\":\"https:\/\/schema.org\",\"@graph\":[{\"@type\":\"WebPage\",\"@id\":\"https:\/\/goldislandhotel.com.tr\/tr\/news-blog\/alanya-city-guide\/discover-alanya\/\",\"url\":\"https:\/\/goldislandhotel.com.tr\/tr\/news-blog\/alanya-city-guide\/discover-alanya\/\",\"name\":\"Alanya'y\u0131 Ke\u015ffet | Gold Island Selected Hotel\",\"isPartOf\":{\"@id\":\"https:\/\/goldislandhotel.com.tr\/tr\/#website\"},\"datePublished\":\"2015-12-31T10:21:07+00:00\",\"dateModified\":\"2016-01-18T09:35:52+00:00\",\"breadcrumb\":{\"@id\":\"https:\/\/goldislandhotel.com.tr\/tr\/news-blog\/alanya-city-guide\/discover-alanya\/#breadcrumb\"},\"inLanguage\":\"tr\",\"potentialAction\":[{\"@type\":\"ReadAction\",\"target\":[[\"https:\/\/goldislandhotel.com.tr\/tr\/news-blog\/alanya-city-guide\/discover-alanya\/\"]]}]},{\"@type\":\"BreadcrumbList\",\"@id\":\"https:\/\/goldislandhotel.com.tr\/tr\/news-blog\/alanya-city-guide\/discover-alanya\/#breadcrumb\",\"itemListElement\":[{\"@type\":\"ListItem\",\"position\":1,\"name\":\"Home\",\"item\":\"https:\/\/goldislandhotel.com.tr\/tr\/\"},{\"@type\":\"ListItem\",\"position\":2,\"name\":\"Gold Hotels News &#038; Blog\",\"item\":\"https:\/\/goldislandhotel.com.tr\/tr\/news-blog\/\"},{\"@type\":\"ListItem\",\"position\":3,\"name\":\"Alanya City Guide\",\"item\":\"https:\/\/goldislandhotel.com.tr\/tr\/news-blog\/alanya-city-guide\/\"},{\"@type\":\"ListItem\",\"position\":4,\"name\":\"Discover Alanya\"}]},{\"@type\":\"WebSite\",\"@id\":\"https:\/\/goldislandhotel.com.tr\/tr\/#website\",\"url\":\"https:\/\/goldislandhotel.com.tr\/tr\/\",\"name\":\"Gold Island Selected Hotel\",\"description\":\"Gold Hotels\",\"potentialAction\":[{\"@type\":\"SearchAction\",\"target\":{\"@type\":\"EntryPoint\",\"urlTemplate\":\"https:\/\/goldislandhotel.com.tr\/tr\/?s={search_term_string}\"},\"query-input\":{\"@type\":\"PropertyValueSpecification\",\"valueRequired\":true,\"valueName\":\"search_term_string\"}}],\"inLanguage\":\"tr\"}]}<\/script>\n<!-- \/ Yoast SEO plugin. -->","yoast_head_json":{"title":"Alanya'y\u0131 Ke\u015ffet | Gold Island Selected Hotel","robots":{"index":"index","follow":"follow","max-snippet":"max-snippet:-1","max-image-preview":"max-image-preview:large","max-video-preview":"max-video-preview:-1"},"canonical":"https:\/\/goldislandhotel.com.tr\/tr\/news-blog\/alanya-city-guide\/discover-alanya\/","og_locale":"tr_TR","og_type":"article","og_title":"Alanya'y\u0131 Ke\u015ffet | Gold Island Selected Hotel","og_description":"Binlerce y\u0131ll\u0131k tarihi, Akdeniz ve Anadolu k\u00fclt\u00fcrlerinin kar\u0131\u015f\u0131m\u0131ndan olu\u015fan k\u00fclt\u00fcr\u00fc ve mimarisi ile Alanya, tatilini bu beldede ge\u00e7irmek isteyenlere say\u0131s\u0131z se\u00e7enekler sunar. Binlerce y\u0131ll\u0131k tarihi, Akdeniz ve Anadolu k\u00fclt\u00fcrlerinin kar\u0131\u015f\u0131m\u0131ndan olu\u015fan k\u00fclt\u00fcr\u00fc ve mimarisi ile Alanya, tatilini bu beldede ge\u00e7irmek isteyenlere say\u0131s\u0131z se\u00e7enekler sunar. 100 kilometreyi a\u015fan sahilindeki e\u015fsiz plajlar\u0131n\u0131n yan\u0131nda kent, tarihe merakl\u0131 olanlar\u0131 fazlas\u0131yla tatmin ediyor, do\u011fa a\u015f\u0131klar\u0131n\u0131 ise mest ediyor. Toroslar\u0131n e\u015fsiz...Continue Reading ...","og_url":"https:\/\/goldislandhotel.com.tr\/tr\/news-blog\/alanya-city-guide\/discover-alanya\/","og_site_name":"Gold Island Selected Hotel","article_modified_time":"2016-01-18T09:35:52+00:00","twitter_card":"summary_large_image","twitter_misc":{"Tahmini okuma s\u00fcresi":"12 dakika"},"schema":{"@context":"https:\/\/schema.org","@graph":[{"@type":"WebPage","@id":"https:\/\/goldislandhotel.com.tr\/tr\/news-blog\/alanya-city-guide\/discover-alanya\/","url":"https:\/\/goldislandhotel.com.tr\/tr\/news-blog\/alanya-city-guide\/discover-alanya\/","name":"Alanya'y\u0131 Ke\u015ffet | Gold Island Selected Hotel","isPartOf":{"@id":"https:\/\/goldislandhotel.com.tr\/tr\/#website"},"datePublished":"2015-12-31T10:21:07+00:00","dateModified":"2016-01-18T09:35:52+00:00","breadcrumb":{"@id":"https:\/\/goldislandhotel.com.tr\/tr\/news-blog\/alanya-city-guide\/discover-alanya\/#breadcrumb"},"inLanguage":"tr","potentialAction":[{"@type":"ReadAction","target":[["https:\/\/goldislandhotel.com.tr\/tr\/news-blog\/alanya-city-guide\/discover-alanya\/"]]}]},{"@type":"BreadcrumbList","@id":"https:\/\/goldislandhotel.com.tr\/tr\/news-blog\/alanya-city-guide\/discover-alanya\/#breadcrumb","itemListElement":[{"@type":"ListItem","position":1,"name":"Home","item":"https:\/\/goldislandhotel.com.tr\/tr\/"},{"@type":"ListItem","position":2,"name":"Gold Hotels News &#038; Blog","item":"https:\/\/goldislandhotel.com.tr\/tr\/news-blog\/"},{"@type":"ListItem","position":3,"name":"Alanya City Guide","item":"https:\/\/goldislandhotel.com.tr\/tr\/news-blog\/alanya-city-guide\/"},{"@type":"ListItem","position":4,"name":"Discover Alanya"}]},{"@type":"WebSite","@id":"https:\/\/goldislandhotel.com.tr\/tr\/#website","url":"https:\/\/goldislandhotel.com.tr\/tr\/","name":"Gold Island Selected Hotel","description":"Gold Hotels","potentialAction":[{"@type":"SearchAction","target":{"@type":"EntryPoint","urlTemplate":"https:\/\/goldislandhotel.com.tr\/tr\/?s={search_term_string}"},"query-input":{"@type":"PropertyValueSpecification","valueRequired":true,"valueName":"search_term_string"}}],"inLanguage":"tr"}]}},"_links":{"self":[{"href":"https:\/\/goldislandhotel.com.tr\/tr\/wp-json\/wp\/v2\/pages\/999","targetHints":{"allow":["GET"]}}],"collection":[{"href":"https:\/\/goldislandhotel.com.tr\/tr\/wp-json\/wp\/v2\/pages"}],"about":[{"href":"https:\/\/goldislandhotel.com.tr\/tr\/wp-json\/wp\/v2\/types\/page"}],"author":[{"embeddable":true,"href":"https:\/\/goldislandhotel.com.tr\/tr\/wp-json\/wp\/v2\/users\/1"}],"replies":[{"embeddable":true,"href":"https:\/\/goldislandhotel.com.tr\/tr\/wp-json\/wp\/v2\/comments?post=999"}],"version-history":[{"count":4,"href":"https:\/\/goldislandhotel.com.tr\/tr\/wp-json\/wp\/v2\/pages\/999\/revisions"}],"predecessor-version":[{"id":1476,"href":"https:\/\/goldislandhotel.com.tr\/tr\/wp-json\/wp\/v2\/pages\/999\/revisions\/1476"}],"up":[{"embeddable":true,"href":"https:\/\/goldislandhotel.com.tr\/tr\/wp-json\/wp\/v2\/pages\/826"}],"wp:attachment":[{"href":"https:\/\/goldislandhotel.com.tr\/tr\/wp-json\/wp\/v2\/media?parent=999"}],"curies":[{"name":"wp","href":"https:\/\/api.w.org\/{rel}","templated":true}]}}