{"id":992,"date":"2015-12-31T12:10:29","date_gmt":"2015-12-31T10:10:29","guid":{"rendered":"http:\/\/leartes.pw\/?page_id=992"},"modified":"2016-01-18T11:35:44","modified_gmt":"2016-01-18T09:35:44","slug":"geographical-climate","status":"publish","type":"page","link":"https:\/\/goldislandhotel.com.tr\/tr\/news-blog\/alanya-city-guide\/geographical-climate\/","title":{"rendered":"Co\u011frafya &#038; \u0130klim"},"content":{"rendered":"<p><\/p>\n<blockquote><p>Alanya 36 derece 33 dakika kuzey enlem ve 32.01 derece do\u011fu boylam\u0131 \u00fczerine bulunmaktad\u0131r. Y\u00fcz\u00f6l\u00e7\u00fcm\u00fc 2.085 km2&#8217;dir.<\/p><\/blockquote>\n<h3>\u0130klim ve Bitki \u00d6rt\u00fcs\u00fc<\/h3>\n<p>Alanya&#8217;da tipik bir Akdeniz iklimi h\u00fck\u00fcm s\u00fcrmektedir. \u00d6zellikleri : K\u0131\u015f\u0131n ya\u011f\u0131\u015fl\u0131 ve nemli yaz\u0131n kurak ve s\u0131cak olmas\u0131d\u0131r. Do\u011fu , kuzey ve bat\u0131n\u0131n y\u00fcksek da\u011flarla kapl\u0131 olmas\u0131 nedeniyle bu \u00fc\u00e7 y\u00f6nden gelen r\u00fczgarlara kapal\u0131 durumda ve bu \u00f6zelli\u011fi d\u00fcnyan\u0131n d\u00f6rt bir yan\u0131nda yeti\u015fen bitkilerin Alanya&#8217;da da yeti\u015ftirilebilmesine imkan sa\u011flar.<br \/>\nAlanya&#8217;da halk\u0131n yapt\u0131\u011f\u0131 meyvecilik d\u0131\u015f\u0131nda, bir de meyve \u00fcretme istasyonu bulunmaktad\u0131r. \u0130l\u00e7enin do\u011fu y\u00f6n\u00fcnde, A\u015fa\u011f\u0131 Oba k\u00f6y\u00fc hudutlar\u0131 i\u00e7inde 1938 y\u0131l\u0131nda kurulan 1000 dekar arazisi ile y\u0131lda 500.000 fidan \u00fcretim kapasitesi vard\u0131r. Ba\u015fta Alanya olmak \u00fczere di\u011fer il ve il\u00e7elere de da\u011f\u0131t\u0131m yap\u0131lmaktad\u0131r. Kurum d\u00fcnyan\u0131n d\u00f6rt bir yan\u0131ndaki \u00e7e\u015fitli \u00fcr\u00fcnleri az da olsa yeti\u015ftirmektedir. Bunlardan baz\u0131lar\u0131 yeni d\u00fcnya, nar, kahve, ceviz, ananas, guava, avokado, h\u00fcnnap ve bah\u00e7e s\u00fcs bitkileridir.<\/p>\n<p>Alanya ve \u00e7evresinde genelde serac\u0131l\u0131k yayg\u0131nd\u0131r. K\u0131\u015f\u0131n dondurucu so\u011fu\u011funda yeti\u015fmeyen sebze ve meyveleri Alanya \u00e7ift\u00e7ileri yeti\u015ftirerek hemen hemen T\u00fcrkiye&#8217;nin her yerine da\u011f\u0131t\u0131rlar. Turfanda sebze ve meyvelerinin yan\u0131 s\u0131ra muz da \u00f6nemli bir gelir kayna\u011f\u0131d\u0131r. Alanya muzu, \u00fclke \u00e7ap\u0131nda ba\u015fl\u0131 ba\u015f\u0131na bir markad\u0131r. Alanya&#8217;da yeti\u015fen limon, portakal, greyfurt ve turun\u00e7 gibi narenciye t\u00fcrleri \u00fcnl\u00fcd\u00fcr.<\/p>\n<h3>Co\u011frafi konum ve yap\u0131<\/h3>\n<p>Alanya 36 derece 33 dakika kuzey enlem ve 32.01 derece do\u011fu boylam\u0131 \u00fczerine bulunmaktad\u0131r. Y\u00fcz\u00f6l\u00e7\u00fcm\u00fc 2.085 km2&#8217;dir.<\/p>\n<p>Alanya, Akdeniz B\u00f6lgesinde Antalya s\u0131n\u0131rlar\u0131 i\u00e7inde yer al\u0131r. Do\u011fusunda ayn\u0131 ad\u0131 ta\u015f\u0131yan Alanya K\u00f6rfezi bulunur. G\u00fcneyinde Akdeniz, do\u011fusunda Gazipa\u015fa, bat\u0131s\u0131nda Manavgat, kuzeyinde Toroslar yer almaktad\u0131r. Kuzey k\u00fctlesini y\u00fckseklikleri 500 \u2013 600 m. ile 2500 \u2013 3000 m. aras\u0131nda da\u011f ve ovalardan olu\u015fan Toroslar&#8217;\u0131n k\u0131y\u0131 silsileleri olu\u015fturmaktad\u0131r. Al\u00e7ak b\u00f6l\u00fcmleri, k\u0131y\u0131 boyunca g\u00f6zlenebilen ovalar belirler. Da\u011fl\u0131k b\u00f6lgelerden ovalara ini\u015f platolardan yap\u0131l\u0131r. Yaylalar, bat\u0131da Alanya Yar\u0131madas\u0131na isabet eden kesimde yok olur. Yaylalar\u0131n kayboldu\u011fu b\u00f6lgelerden da\u011fl\u0131k b\u00f6lgeye ge\u00e7i\u015f dik yama\u00e7larla yap\u0131l\u0131r.<\/p>","protected":false},"excerpt":{"rendered":"<p>Alanya 36 derece 33 dakika kuzey enlem ve 32.01 derece do\u011fu boylam\u0131 \u00fczerine bulunmaktad\u0131r. Y\u00fcz\u00f6l\u00e7\u00fcm\u00fc 2.085 km2&#8217;dir. \u0130klim ve Bitki \u00d6rt\u00fcs\u00fc Alanya&#8217;da tipik bir Akdeniz iklimi h\u00fck\u00fcm s\u00fcrmektedir. \u00d6zellikleri : K\u0131\u015f\u0131n ya\u011f\u0131\u015fl\u0131 ve nemli yaz\u0131n kurak ve s\u0131cak olmas\u0131d\u0131r. Do\u011fu , kuzey ve bat\u0131n\u0131n y\u00fcksek da\u011flarla kapl\u0131 olmas\u0131 nedeniyle bu \u00fc\u00e7 y\u00f6nden gelen r\u00fczgarlara kapal\u0131 durumda ve bu \u00f6zelli\u011fi d\u00fcnyan\u0131n d\u00f6rt bir yan\u0131nda yeti\u015fen bitkilerin&#8230;<\/p>\n<p><a class=\"more-link\" href=\"https:\/\/goldislandhotel.com.tr\/tr\/news-blog\/alanya-city-guide\/geographical-climate\/\">Continue Reading &#8230;<\/a><\/p>\n","protected":false},"author":1,"featured_media":0,"parent":826,"menu_order":0,"comment_status":"closed","ping_status":"closed","template":"","meta":{"footnotes":""},"class_list":["post-992","page","type-page","status-publish","hentry"],"yoast_head":"<!-- This site is optimized with the Yoast SEO plugin v26.3 - https:\/\/yoast.com\/wordpress\/plugins\/seo\/ -->\n<title>Co\u011frafya &amp; \u0130klim | Gold Island Selected Hotel<\/title>\n<meta name=\"robots\" content=\"index, follow, max-snippet:-1, max-image-preview:large, max-video-preview:-1\" \/>\n<link rel=\"canonical\" href=\"https:\/\/goldislandhotel.com.tr\/tr\/news-blog\/alanya-city-guide\/geographical-climate\/\" \/>\n<meta property=\"og:locale\" content=\"tr_TR\" \/>\n<meta property=\"og:type\" content=\"article\" \/>\n<meta property=\"og:title\" content=\"Co\u011frafya &amp; \u0130klim | Gold Island Selected Hotel\" \/>\n<meta property=\"og:description\" content=\"Alanya 36 derece 33 dakika kuzey enlem ve 32.01 derece do\u011fu boylam\u0131 \u00fczerine bulunmaktad\u0131r. Y\u00fcz\u00f6l\u00e7\u00fcm\u00fc 2.085 km2&#8217;dir. \u0130klim ve Bitki \u00d6rt\u00fcs\u00fc Alanya&#8217;da tipik bir Akdeniz iklimi h\u00fck\u00fcm s\u00fcrmektedir. \u00d6zellikleri : K\u0131\u015f\u0131n ya\u011f\u0131\u015fl\u0131 ve nemli yaz\u0131n kurak ve s\u0131cak olmas\u0131d\u0131r. Do\u011fu , kuzey ve bat\u0131n\u0131n y\u00fcksek da\u011flarla kapl\u0131 olmas\u0131 nedeniyle bu \u00fc\u00e7 y\u00f6nden gelen r\u00fczgarlara kapal\u0131 durumda ve bu \u00f6zelli\u011fi d\u00fcnyan\u0131n d\u00f6rt bir yan\u0131nda yeti\u015fen bitkilerin...Continue Reading ...\" \/>\n<meta property=\"og:url\" content=\"https:\/\/goldislandhotel.com.tr\/tr\/news-blog\/alanya-city-guide\/geographical-climate\/\" \/>\n<meta property=\"og:site_name\" content=\"Gold Island Selected Hotel\" \/>\n<meta property=\"article:modified_time\" content=\"2016-01-18T09:35:44+00:00\" \/>\n<meta name=\"twitter:card\" content=\"summary_large_image\" \/>\n<meta name=\"twitter:label1\" content=\"Tahmini okuma s\u00fcresi\" \/>\n\t<meta name=\"twitter:data1\" content=\"8 dakika\" \/>\n<script type=\"application\/ld+json\" class=\"yoast-schema-graph\">{\"@context\":\"https:\/\/schema.org\",\"@graph\":[{\"@type\":\"WebPage\",\"@id\":\"https:\/\/goldislandhotel.com.tr\/tr\/news-blog\/alanya-city-guide\/geographical-climate\/\",\"url\":\"https:\/\/goldislandhotel.com.tr\/tr\/news-blog\/alanya-city-guide\/geographical-climate\/\",\"name\":\"Co\u011frafya & \u0130klim | Gold Island Selected Hotel\",\"isPartOf\":{\"@id\":\"https:\/\/goldislandhotel.com.tr\/tr\/#website\"},\"datePublished\":\"2015-12-31T10:10:29+00:00\",\"dateModified\":\"2016-01-18T09:35:44+00:00\",\"breadcrumb\":{\"@id\":\"https:\/\/goldislandhotel.com.tr\/tr\/news-blog\/alanya-city-guide\/geographical-climate\/#breadcrumb\"},\"inLanguage\":\"tr\",\"potentialAction\":[{\"@type\":\"ReadAction\",\"target\":[[\"https:\/\/goldislandhotel.com.tr\/tr\/news-blog\/alanya-city-guide\/geographical-climate\/\"]]}]},{\"@type\":\"BreadcrumbList\",\"@id\":\"https:\/\/goldislandhotel.com.tr\/tr\/news-blog\/alanya-city-guide\/geographical-climate\/#breadcrumb\",\"itemListElement\":[{\"@type\":\"ListItem\",\"position\":1,\"name\":\"Home\",\"item\":\"https:\/\/goldislandhotel.com.tr\/tr\/\"},{\"@type\":\"ListItem\",\"position\":2,\"name\":\"Gold Hotels News &#038; Blog\",\"item\":\"https:\/\/goldislandhotel.com.tr\/tr\/news-blog\/\"},{\"@type\":\"ListItem\",\"position\":3,\"name\":\"Alanya City Guide\",\"item\":\"https:\/\/goldislandhotel.com.tr\/tr\/news-blog\/alanya-city-guide\/\"},{\"@type\":\"ListItem\",\"position\":4,\"name\":\"Geographical &#038; Climate\"}]},{\"@type\":\"WebSite\",\"@id\":\"https:\/\/goldislandhotel.com.tr\/tr\/#website\",\"url\":\"https:\/\/goldislandhotel.com.tr\/tr\/\",\"name\":\"Gold Island Selected Hotel\",\"description\":\"Gold Hotels\",\"potentialAction\":[{\"@type\":\"SearchAction\",\"target\":{\"@type\":\"EntryPoint\",\"urlTemplate\":\"https:\/\/goldislandhotel.com.tr\/tr\/?s={search_term_string}\"},\"query-input\":{\"@type\":\"PropertyValueSpecification\",\"valueRequired\":true,\"valueName\":\"search_term_string\"}}],\"inLanguage\":\"tr\"}]}<\/script>\n<!-- \/ Yoast SEO plugin. -->","yoast_head_json":{"title":"Co\u011frafya & \u0130klim | Gold Island Selected Hotel","robots":{"index":"index","follow":"follow","max-snippet":"max-snippet:-1","max-image-preview":"max-image-preview:large","max-video-preview":"max-video-preview:-1"},"canonical":"https:\/\/goldislandhotel.com.tr\/tr\/news-blog\/alanya-city-guide\/geographical-climate\/","og_locale":"tr_TR","og_type":"article","og_title":"Co\u011frafya & \u0130klim | Gold Island Selected Hotel","og_description":"Alanya 36 derece 33 dakika kuzey enlem ve 32.01 derece do\u011fu boylam\u0131 \u00fczerine bulunmaktad\u0131r. Y\u00fcz\u00f6l\u00e7\u00fcm\u00fc 2.085 km2&#8217;dir. \u0130klim ve Bitki \u00d6rt\u00fcs\u00fc Alanya&#8217;da tipik bir Akdeniz iklimi h\u00fck\u00fcm s\u00fcrmektedir. \u00d6zellikleri : K\u0131\u015f\u0131n ya\u011f\u0131\u015fl\u0131 ve nemli yaz\u0131n kurak ve s\u0131cak olmas\u0131d\u0131r. Do\u011fu , kuzey ve bat\u0131n\u0131n y\u00fcksek da\u011flarla kapl\u0131 olmas\u0131 nedeniyle bu \u00fc\u00e7 y\u00f6nden gelen r\u00fczgarlara kapal\u0131 durumda ve bu \u00f6zelli\u011fi d\u00fcnyan\u0131n d\u00f6rt bir yan\u0131nda yeti\u015fen bitkilerin...Continue Reading ...","og_url":"https:\/\/goldislandhotel.com.tr\/tr\/news-blog\/alanya-city-guide\/geographical-climate\/","og_site_name":"Gold Island Selected Hotel","article_modified_time":"2016-01-18T09:35:44+00:00","twitter_card":"summary_large_image","twitter_misc":{"Tahmini okuma s\u00fcresi":"8 dakika"},"schema":{"@context":"https:\/\/schema.org","@graph":[{"@type":"WebPage","@id":"https:\/\/goldislandhotel.com.tr\/tr\/news-blog\/alanya-city-guide\/geographical-climate\/","url":"https:\/\/goldislandhotel.com.tr\/tr\/news-blog\/alanya-city-guide\/geographical-climate\/","name":"Co\u011frafya & \u0130klim | Gold Island Selected Hotel","isPartOf":{"@id":"https:\/\/goldislandhotel.com.tr\/tr\/#website"},"datePublished":"2015-12-31T10:10:29+00:00","dateModified":"2016-01-18T09:35:44+00:00","breadcrumb":{"@id":"https:\/\/goldislandhotel.com.tr\/tr\/news-blog\/alanya-city-guide\/geographical-climate\/#breadcrumb"},"inLanguage":"tr","potentialAction":[{"@type":"ReadAction","target":[["https:\/\/goldislandhotel.com.tr\/tr\/news-blog\/alanya-city-guide\/geographical-climate\/"]]}]},{"@type":"BreadcrumbList","@id":"https:\/\/goldislandhotel.com.tr\/tr\/news-blog\/alanya-city-guide\/geographical-climate\/#breadcrumb","itemListElement":[{"@type":"ListItem","position":1,"name":"Home","item":"https:\/\/goldislandhotel.com.tr\/tr\/"},{"@type":"ListItem","position":2,"name":"Gold Hotels News &#038; Blog","item":"https:\/\/goldislandhotel.com.tr\/tr\/news-blog\/"},{"@type":"ListItem","position":3,"name":"Alanya City Guide","item":"https:\/\/goldislandhotel.com.tr\/tr\/news-blog\/alanya-city-guide\/"},{"@type":"ListItem","position":4,"name":"Geographical &#038; Climate"}]},{"@type":"WebSite","@id":"https:\/\/goldislandhotel.com.tr\/tr\/#website","url":"https:\/\/goldislandhotel.com.tr\/tr\/","name":"Gold Island Selected Hotel","description":"Gold Hotels","potentialAction":[{"@type":"SearchAction","target":{"@type":"EntryPoint","urlTemplate":"https:\/\/goldislandhotel.com.tr\/tr\/?s={search_term_string}"},"query-input":{"@type":"PropertyValueSpecification","valueRequired":true,"valueName":"search_term_string"}}],"inLanguage":"tr"}]}},"_links":{"self":[{"href":"https:\/\/goldislandhotel.com.tr\/tr\/wp-json\/wp\/v2\/pages\/992","targetHints":{"allow":["GET"]}}],"collection":[{"href":"https:\/\/goldislandhotel.com.tr\/tr\/wp-json\/wp\/v2\/pages"}],"about":[{"href":"https:\/\/goldislandhotel.com.tr\/tr\/wp-json\/wp\/v2\/types\/page"}],"author":[{"embeddable":true,"href":"https:\/\/goldislandhotel.com.tr\/tr\/wp-json\/wp\/v2\/users\/1"}],"replies":[{"embeddable":true,"href":"https:\/\/goldislandhotel.com.tr\/tr\/wp-json\/wp\/v2\/comments?post=992"}],"version-history":[{"count":2,"href":"https:\/\/goldislandhotel.com.tr\/tr\/wp-json\/wp\/v2\/pages\/992\/revisions"}],"predecessor-version":[{"id":1494,"href":"https:\/\/goldislandhotel.com.tr\/tr\/wp-json\/wp\/v2\/pages\/992\/revisions\/1494"}],"up":[{"embeddable":true,"href":"https:\/\/goldislandhotel.com.tr\/tr\/wp-json\/wp\/v2\/pages\/826"}],"wp:attachment":[{"href":"https:\/\/goldislandhotel.com.tr\/tr\/wp-json\/wp\/v2\/media?parent=992"}],"curies":[{"name":"wp","href":"https:\/\/api.w.org\/{rel}","templated":true}]}}