{"id":99,"date":"2015-06-25T14:12:36","date_gmt":"2015-06-25T14:12:36","guid":{"rendered":"http:\/\/ravistheme.com\/pinar\/wp\/?page_id=99"},"modified":"2025-11-12T18:01:26","modified_gmt":"2025-11-12T15:01:26","slug":"features","status":"publish","type":"page","link":"https:\/\/goldislandhotel.com.tr\/tr\/features\/","title":{"rendered":"\u00d6zellikler"},"content":{"rendered":"<p><div class=\"heading-box heading-box-less\"><h2>\u00d6zellikler<\/h2><div class=\"subtitle\">Servis &amp; Hizmetlerimiz<\/div><\/div><\/p>\n<p style=\"text-align: center;\">S\u0131rad\u0131\u015f\u0131 mimarisi, g\u00f6z al\u0131c\u0131 do\u011fas\u0131yla Akdeniz&#8217; in turkuaz sular\u0131 ile \u00e7evrili muhte\u015fem bir yar\u0131mada \u00fczerinde bulunan otelimiz, b\u00fcy\u00fcleyici manzaras\u0131yla g\u00fcnd\u00fcz mavinin, geceyse \u0131\u015f\u0131klar\u0131n dans\u0131yla sizlere e\u015fsiz bir tatil deneyimi sunuyor.<\/p>\n<p style=\"text-align: center;\">Keyifli ve unutulmaz an\u0131lar biriktirmeniz i\u00e7in sizleri bekliyoruz.<\/p>\n<p><\/p>","protected":false},"excerpt":{"rendered":"<p>S\u0131rad\u0131\u015f\u0131 mimarisi, g\u00f6z al\u0131c\u0131 do\u011fas\u0131yla Akdeniz&#8217; in turkuaz sular\u0131 ile \u00e7evrili muhte\u015fem bir yar\u0131mada \u00fczerinde bulunan otelimiz, b\u00fcy\u00fcleyici manzaras\u0131yla g\u00fcnd\u00fcz mavinin, geceyse \u0131\u015f\u0131klar\u0131n dans\u0131yla sizlere e\u015fsiz bir tatil deneyimi sunuyor. Keyifli ve unutulmaz an\u0131lar biriktirmeniz i\u00e7in sizleri bekliyoruz.<\/p>\n","protected":false},"author":1,"featured_media":0,"parent":0,"menu_order":0,"comment_status":"closed","ping_status":"closed","template":"templates\/child-grid-page.php","meta":{"footnotes":""},"class_list":["post-99","page","type-page","status-publish","hentry"],"yoast_head":"<!-- This site is optimized with the Yoast SEO plugin v26.3 - https:\/\/yoast.com\/wordpress\/plugins\/seo\/ -->\n<title>\u00d6zellikler | Gold Island Selected Hotel<\/title>\n<meta name=\"robots\" content=\"index, follow, max-snippet:-1, max-image-preview:large, max-video-preview:-1\" \/>\n<link rel=\"canonical\" href=\"https:\/\/goldislandhotel.com.tr\/tr\/features\/\" \/>\n<meta property=\"og:locale\" content=\"tr_TR\" \/>\n<meta property=\"og:type\" content=\"article\" \/>\n<meta property=\"og:title\" content=\"\u00d6zellikler | Gold Island Selected Hotel\" \/>\n<meta property=\"og:description\" content=\"S\u0131rad\u0131\u015f\u0131 mimarisi, g\u00f6z al\u0131c\u0131 do\u011fas\u0131yla Akdeniz&#8217; in turkuaz sular\u0131 ile \u00e7evrili muhte\u015fem bir yar\u0131mada \u00fczerinde bulunan otelimiz, b\u00fcy\u00fcleyici manzaras\u0131yla g\u00fcnd\u00fcz mavinin, geceyse \u0131\u015f\u0131klar\u0131n dans\u0131yla sizlere e\u015fsiz bir tatil deneyimi sunuyor. Keyifli ve unutulmaz an\u0131lar biriktirmeniz i\u00e7in sizleri bekliyoruz.\" \/>\n<meta property=\"og:url\" content=\"https:\/\/goldislandhotel.com.tr\/tr\/features\/\" \/>\n<meta property=\"og:site_name\" content=\"Gold Island Selected Hotel\" \/>\n<meta property=\"article:modified_time\" content=\"2025-11-12T15:01:26+00:00\" \/>\n<meta name=\"twitter:card\" content=\"summary_large_image\" \/>\n<meta name=\"twitter:label1\" content=\"Tahmini okuma s\u00fcresi\" \/>\n\t<meta name=\"twitter:data1\" content=\"1 dakika\" \/>\n<script type=\"application\/ld+json\" class=\"yoast-schema-graph\">{\"@context\":\"https:\/\/schema.org\",\"@graph\":[{\"@type\":\"WebPage\",\"@id\":\"https:\/\/goldislandhotel.com.tr\/tr\/features\/\",\"url\":\"https:\/\/goldislandhotel.com.tr\/tr\/features\/\",\"name\":\"\u00d6zellikler | Gold Island Selected Hotel\",\"isPartOf\":{\"@id\":\"https:\/\/goldislandhotel.com.tr\/tr\/#website\"},\"datePublished\":\"2015-06-25T14:12:36+00:00\",\"dateModified\":\"2025-11-12T15:01:26+00:00\",\"breadcrumb\":{\"@id\":\"https:\/\/goldislandhotel.com.tr\/tr\/features\/#breadcrumb\"},\"inLanguage\":\"tr\",\"potentialAction\":[{\"@type\":\"ReadAction\",\"target\":[[\"https:\/\/goldislandhotel.com.tr\/tr\/features\/\"]]}]},{\"@type\":\"BreadcrumbList\",\"@id\":\"https:\/\/goldislandhotel.com.tr\/tr\/features\/#breadcrumb\",\"itemListElement\":[{\"@type\":\"ListItem\",\"position\":1,\"name\":\"Home\",\"item\":\"https:\/\/goldislandhotel.com.tr\/tr\/\"},{\"@type\":\"ListItem\",\"position\":2,\"name\":\"Features\"}]},{\"@type\":\"WebSite\",\"@id\":\"https:\/\/goldislandhotel.com.tr\/tr\/#website\",\"url\":\"https:\/\/goldislandhotel.com.tr\/tr\/\",\"name\":\"Gold Island Selected Hotel\",\"description\":\"Gold Hotels\",\"potentialAction\":[{\"@type\":\"SearchAction\",\"target\":{\"@type\":\"EntryPoint\",\"urlTemplate\":\"https:\/\/goldislandhotel.com.tr\/tr\/?s={search_term_string}\"},\"query-input\":{\"@type\":\"PropertyValueSpecification\",\"valueRequired\":true,\"valueName\":\"search_term_string\"}}],\"inLanguage\":\"tr\"}]}<\/script>\n<!-- \/ Yoast SEO plugin. -->","yoast_head_json":{"title":"\u00d6zellikler | Gold Island Selected Hotel","robots":{"index":"index","follow":"follow","max-snippet":"max-snippet:-1","max-image-preview":"max-image-preview:large","max-video-preview":"max-video-preview:-1"},"canonical":"https:\/\/goldislandhotel.com.tr\/tr\/features\/","og_locale":"tr_TR","og_type":"article","og_title":"\u00d6zellikler | Gold Island Selected Hotel","og_description":"S\u0131rad\u0131\u015f\u0131 mimarisi, g\u00f6z al\u0131c\u0131 do\u011fas\u0131yla Akdeniz&#8217; in turkuaz sular\u0131 ile \u00e7evrili muhte\u015fem bir yar\u0131mada \u00fczerinde bulunan otelimiz, b\u00fcy\u00fcleyici manzaras\u0131yla g\u00fcnd\u00fcz mavinin, geceyse \u0131\u015f\u0131klar\u0131n dans\u0131yla sizlere e\u015fsiz bir tatil deneyimi sunuyor. Keyifli ve unutulmaz an\u0131lar biriktirmeniz i\u00e7in sizleri bekliyoruz.","og_url":"https:\/\/goldislandhotel.com.tr\/tr\/features\/","og_site_name":"Gold Island Selected Hotel","article_modified_time":"2025-11-12T15:01:26+00:00","twitter_card":"summary_large_image","twitter_misc":{"Tahmini okuma s\u00fcresi":"1 dakika"},"schema":{"@context":"https:\/\/schema.org","@graph":[{"@type":"WebPage","@id":"https:\/\/goldislandhotel.com.tr\/tr\/features\/","url":"https:\/\/goldislandhotel.com.tr\/tr\/features\/","name":"\u00d6zellikler | Gold Island Selected Hotel","isPartOf":{"@id":"https:\/\/goldislandhotel.com.tr\/tr\/#website"},"datePublished":"2015-06-25T14:12:36+00:00","dateModified":"2025-11-12T15:01:26+00:00","breadcrumb":{"@id":"https:\/\/goldislandhotel.com.tr\/tr\/features\/#breadcrumb"},"inLanguage":"tr","potentialAction":[{"@type":"ReadAction","target":[["https:\/\/goldislandhotel.com.tr\/tr\/features\/"]]}]},{"@type":"BreadcrumbList","@id":"https:\/\/goldislandhotel.com.tr\/tr\/features\/#breadcrumb","itemListElement":[{"@type":"ListItem","position":1,"name":"Home","item":"https:\/\/goldislandhotel.com.tr\/tr\/"},{"@type":"ListItem","position":2,"name":"Features"}]},{"@type":"WebSite","@id":"https:\/\/goldislandhotel.com.tr\/tr\/#website","url":"https:\/\/goldislandhotel.com.tr\/tr\/","name":"Gold Island Selected Hotel","description":"Gold Hotels","potentialAction":[{"@type":"SearchAction","target":{"@type":"EntryPoint","urlTemplate":"https:\/\/goldislandhotel.com.tr\/tr\/?s={search_term_string}"},"query-input":{"@type":"PropertyValueSpecification","valueRequired":true,"valueName":"search_term_string"}}],"inLanguage":"tr"}]}},"_links":{"self":[{"href":"https:\/\/goldislandhotel.com.tr\/tr\/wp-json\/wp\/v2\/pages\/99","targetHints":{"allow":["GET"]}}],"collection":[{"href":"https:\/\/goldislandhotel.com.tr\/tr\/wp-json\/wp\/v2\/pages"}],"about":[{"href":"https:\/\/goldislandhotel.com.tr\/tr\/wp-json\/wp\/v2\/types\/page"}],"author":[{"embeddable":true,"href":"https:\/\/goldislandhotel.com.tr\/tr\/wp-json\/wp\/v2\/users\/1"}],"replies":[{"embeddable":true,"href":"https:\/\/goldislandhotel.com.tr\/tr\/wp-json\/wp\/v2\/comments?post=99"}],"version-history":[{"count":9,"href":"https:\/\/goldislandhotel.com.tr\/tr\/wp-json\/wp\/v2\/pages\/99\/revisions"}],"predecessor-version":[{"id":2229,"href":"https:\/\/goldislandhotel.com.tr\/tr\/wp-json\/wp\/v2\/pages\/99\/revisions\/2229"}],"wp:attachment":[{"href":"https:\/\/goldislandhotel.com.tr\/tr\/wp-json\/wp\/v2\/media?parent=99"}],"curies":[{"name":"wp","href":"https:\/\/api.w.org\/{rel}","templated":true}]}}