{"id":964,"date":"2015-12-30T22:23:28","date_gmt":"2015-12-30T20:23:28","guid":{"rendered":"http:\/\/leartes.pw\/?page_id=964"},"modified":"2016-01-18T11:36:00","modified_gmt":"2016-01-18T09:36:00","slug":"modern-alanya","status":"publish","type":"page","link":"https:\/\/goldislandhotel.com.tr\/tr\/news-blog\/alanya-city-guide\/modern-alanya\/","title":{"rendered":"Modern Alanya"},"content":{"rendered":"<p><\/p>\n<blockquote><p>Alanya Belediye te\u015fkilat\u0131 1872 y\u0131l\u0131nda kurulmu\u015ftur. \u0130lk Belediye Ba\u015fkan\u0131 Ahmet As\u0131m Bey 1901 y\u0131l\u0131nda g\u00f6reve ba\u015flam\u0131\u015ft\u0131r. O y\u0131llardan g\u00fcn\u00fcm\u00fcze Alanya Belediyesi kendisini her ge\u00e7en g\u00fcn yenileyip b\u00f6lge insan\u0131n\u0131n mutlulu\u011fu i\u00e7in \u00e7al\u0131\u015fmalar yapm\u0131\u015ft\u0131r.<\/p><\/blockquote>\n<p>Alanya Belediye te\u015fkilat\u0131 1872 y\u0131l\u0131nda kurulmu\u015ftur. \u0130lk Belediye Ba\u015fkan\u0131 Ahmet As\u0131m Bey 1901 y\u0131l\u0131nda g\u00f6reve ba\u015flam\u0131\u015ft\u0131r. O y\u0131llardan g\u00fcn\u00fcm\u00fcze Alanya Belediyesi kendisini her ge\u00e7en g\u00fcn yenileyip b\u00f6lge insan\u0131n\u0131n mutlulu\u011fu i\u00e7in \u00e7al\u0131\u015fmalar yapm\u0131\u015ft\u0131r.<\/p>\n<p>1958-60&#8217;l\u0131 y\u0131llarda Almanlar&#8217;\u0131n Alanya&#8217;ya geli\u015fiyle turizmle tan\u0131\u015fan Alanya, takip eden y\u0131llarda ev pansiyonculu\u011fundan sonra motel ve hotelleriyle turizme hizmet vermeye ba\u015flad\u0131. Tar\u0131m ile turizmi birlikte ba\u015far\u0131l\u0131 bir \u015fekilde yapan Alanya, s\u0131cak kanl\u0131 ve dostane ili\u015fkileri ile bug\u00fcn T\u00fcrkiye&#8217;nin b\u00fct\u00fcn turistik y\u00f6relerinin \u00f6rnek ald\u0131\u011f\u0131 bir turizm kentidir.<br \/>\nAlanya&#8217;daki sivil toplum kurulu\u015flar\u0131yla \u00e7ok ba\u015far\u0131l\u0131 \u00e7al\u0131\u015fmalar yapan Alanya Belediyesi, Alanya Ticaret ve Sanayi Odas\u0131 (ALTSO), Alanya Turizm Tan\u0131tma Vakf\u0131 (ALTAV), Alanya Turistik \u0130\u015fletmeciler Derne\u011fi (ALT\u0130D), Alanya \u00c7evre Koruma ve Dayan\u0131\u015fma K\u00fclt\u00fcr Derne\u011fi (ALKOD), Alanya&#8217;da faaliyet g\u00f6steren Esnaf Odalar\u0131yla birlikte hareket ederek kenti gelece\u011fe ta\u015f\u0131maktad\u0131r.<\/p>\n<p>Alanya Belediyesi Avrupa&#8217;da kurdu\u011fu Karde\u015f \u015fehir ili\u015fkileriyle de dikkatleri \u00fczerine \u00e7ekmeyi ba\u015farm\u0131\u015ft\u0131r. Almanya&#8217;n\u0131n Gladbeck, Avusturya&#8217;n\u0131n Schwechat, Polonya&#8217;n\u0131n Wodzislaw,Litvanya&#8217;n\u0131n Trakai, Letonya&#8217;n\u0131n Talsi,\u0130sve\u00e7&#8217;in Boras, \u00c7in&#8217;in Fushun, Macaristan&#8217;\u0131n Keszthely, Yunanistan&#8217;\u0131n Nea Ionia, Finlandiya&#8217;n\u0131n Rovaniemi, \u00c7ek Cumhuriyeti&#8217;nin Spindleruv Mlyn ve Rusya&#8217;n\u0131n Moskova \u015fehirleriyle kar\u015f\u0131l\u0131kl\u0131 meclis kararlar\u0131 alarak karde\u015f \u015fehir ili\u015fkileri kurmu\u015ftur.<\/p>","protected":false},"excerpt":{"rendered":"<p>Alanya Belediye te\u015fkilat\u0131 1872 y\u0131l\u0131nda kurulmu\u015ftur. \u0130lk Belediye Ba\u015fkan\u0131 Ahmet As\u0131m Bey 1901 y\u0131l\u0131nda g\u00f6reve ba\u015flam\u0131\u015ft\u0131r. O y\u0131llardan g\u00fcn\u00fcm\u00fcze Alanya Belediyesi kendisini her ge\u00e7en g\u00fcn yenileyip b\u00f6lge insan\u0131n\u0131n mutlulu\u011fu i\u00e7in \u00e7al\u0131\u015fmalar yapm\u0131\u015ft\u0131r. Alanya Belediye te\u015fkilat\u0131 1872 y\u0131l\u0131nda kurulmu\u015ftur. \u0130lk Belediye Ba\u015fkan\u0131 Ahmet As\u0131m Bey 1901 y\u0131l\u0131nda g\u00f6reve ba\u015flam\u0131\u015ft\u0131r. O y\u0131llardan g\u00fcn\u00fcm\u00fcze Alanya Belediyesi kendisini her ge\u00e7en g\u00fcn yenileyip b\u00f6lge insan\u0131n\u0131n mutlulu\u011fu i\u00e7in \u00e7al\u0131\u015fmalar yapm\u0131\u015ft\u0131r. 1958-60&#8217;l\u0131&#8230;<\/p>\n<p><a class=\"more-link\" href=\"https:\/\/goldislandhotel.com.tr\/tr\/news-blog\/alanya-city-guide\/modern-alanya\/\">Continue Reading &#8230;<\/a><\/p>\n","protected":false},"author":1,"featured_media":0,"parent":826,"menu_order":0,"comment_status":"closed","ping_status":"closed","template":"","meta":{"footnotes":""},"class_list":["post-964","page","type-page","status-publish","hentry"],"yoast_head":"<!-- This site is optimized with the Yoast SEO plugin v26.3 - https:\/\/yoast.com\/wordpress\/plugins\/seo\/ -->\n<title>Modern Alanya | Gold Island Selected Hotel<\/title>\n<meta name=\"robots\" content=\"index, follow, max-snippet:-1, max-image-preview:large, max-video-preview:-1\" \/>\n<link rel=\"canonical\" href=\"https:\/\/goldislandhotel.com.tr\/tr\/news-blog\/alanya-city-guide\/modern-alanya\/\" \/>\n<meta property=\"og:locale\" content=\"tr_TR\" \/>\n<meta property=\"og:type\" content=\"article\" \/>\n<meta property=\"og:title\" content=\"Modern Alanya | Gold Island Selected Hotel\" \/>\n<meta property=\"og:description\" content=\"Alanya Belediye te\u015fkilat\u0131 1872 y\u0131l\u0131nda kurulmu\u015ftur. \u0130lk Belediye Ba\u015fkan\u0131 Ahmet As\u0131m Bey 1901 y\u0131l\u0131nda g\u00f6reve ba\u015flam\u0131\u015ft\u0131r. O y\u0131llardan g\u00fcn\u00fcm\u00fcze Alanya Belediyesi kendisini her ge\u00e7en g\u00fcn yenileyip b\u00f6lge insan\u0131n\u0131n mutlulu\u011fu i\u00e7in \u00e7al\u0131\u015fmalar yapm\u0131\u015ft\u0131r. Alanya Belediye te\u015fkilat\u0131 1872 y\u0131l\u0131nda kurulmu\u015ftur. \u0130lk Belediye Ba\u015fkan\u0131 Ahmet As\u0131m Bey 1901 y\u0131l\u0131nda g\u00f6reve ba\u015flam\u0131\u015ft\u0131r. O y\u0131llardan g\u00fcn\u00fcm\u00fcze Alanya Belediyesi kendisini her ge\u00e7en g\u00fcn yenileyip b\u00f6lge insan\u0131n\u0131n mutlulu\u011fu i\u00e7in \u00e7al\u0131\u015fmalar yapm\u0131\u015ft\u0131r. 1958-60&#8217;l\u0131...Continue Reading ...\" \/>\n<meta property=\"og:url\" content=\"https:\/\/goldislandhotel.com.tr\/tr\/news-blog\/alanya-city-guide\/modern-alanya\/\" \/>\n<meta property=\"og:site_name\" content=\"Gold Island Selected Hotel\" \/>\n<meta property=\"article:modified_time\" content=\"2016-01-18T09:36:00+00:00\" \/>\n<meta name=\"twitter:card\" content=\"summary_large_image\" \/>\n<meta name=\"twitter:label1\" content=\"Tahmini okuma s\u00fcresi\" \/>\n\t<meta name=\"twitter:data1\" content=\"5 dakika\" \/>\n<script type=\"application\/ld+json\" class=\"yoast-schema-graph\">{\"@context\":\"https:\/\/schema.org\",\"@graph\":[{\"@type\":\"WebPage\",\"@id\":\"https:\/\/goldislandhotel.com.tr\/tr\/news-blog\/alanya-city-guide\/modern-alanya\/\",\"url\":\"https:\/\/goldislandhotel.com.tr\/tr\/news-blog\/alanya-city-guide\/modern-alanya\/\",\"name\":\"Modern Alanya | Gold Island Selected Hotel\",\"isPartOf\":{\"@id\":\"https:\/\/goldislandhotel.com.tr\/tr\/#website\"},\"datePublished\":\"2015-12-30T20:23:28+00:00\",\"dateModified\":\"2016-01-18T09:36:00+00:00\",\"breadcrumb\":{\"@id\":\"https:\/\/goldislandhotel.com.tr\/tr\/news-blog\/alanya-city-guide\/modern-alanya\/#breadcrumb\"},\"inLanguage\":\"tr\",\"potentialAction\":[{\"@type\":\"ReadAction\",\"target\":[[\"https:\/\/goldislandhotel.com.tr\/tr\/news-blog\/alanya-city-guide\/modern-alanya\/\"]]}]},{\"@type\":\"BreadcrumbList\",\"@id\":\"https:\/\/goldislandhotel.com.tr\/tr\/news-blog\/alanya-city-guide\/modern-alanya\/#breadcrumb\",\"itemListElement\":[{\"@type\":\"ListItem\",\"position\":1,\"name\":\"Home\",\"item\":\"https:\/\/goldislandhotel.com.tr\/tr\/\"},{\"@type\":\"ListItem\",\"position\":2,\"name\":\"Gold Hotels News &#038; Blog\",\"item\":\"https:\/\/goldislandhotel.com.tr\/tr\/news-blog\/\"},{\"@type\":\"ListItem\",\"position\":3,\"name\":\"Alanya City Guide\",\"item\":\"https:\/\/goldislandhotel.com.tr\/tr\/news-blog\/alanya-city-guide\/\"},{\"@type\":\"ListItem\",\"position\":4,\"name\":\"Modern Alanya\"}]},{\"@type\":\"WebSite\",\"@id\":\"https:\/\/goldislandhotel.com.tr\/tr\/#website\",\"url\":\"https:\/\/goldislandhotel.com.tr\/tr\/\",\"name\":\"Gold Island Selected Hotel\",\"description\":\"Gold Hotels\",\"potentialAction\":[{\"@type\":\"SearchAction\",\"target\":{\"@type\":\"EntryPoint\",\"urlTemplate\":\"https:\/\/goldislandhotel.com.tr\/tr\/?s={search_term_string}\"},\"query-input\":{\"@type\":\"PropertyValueSpecification\",\"valueRequired\":true,\"valueName\":\"search_term_string\"}}],\"inLanguage\":\"tr\"}]}<\/script>\n<!-- \/ Yoast SEO plugin. -->","yoast_head_json":{"title":"Modern Alanya | Gold Island Selected Hotel","robots":{"index":"index","follow":"follow","max-snippet":"max-snippet:-1","max-image-preview":"max-image-preview:large","max-video-preview":"max-video-preview:-1"},"canonical":"https:\/\/goldislandhotel.com.tr\/tr\/news-blog\/alanya-city-guide\/modern-alanya\/","og_locale":"tr_TR","og_type":"article","og_title":"Modern Alanya | Gold Island Selected Hotel","og_description":"Alanya Belediye te\u015fkilat\u0131 1872 y\u0131l\u0131nda kurulmu\u015ftur. \u0130lk Belediye Ba\u015fkan\u0131 Ahmet As\u0131m Bey 1901 y\u0131l\u0131nda g\u00f6reve ba\u015flam\u0131\u015ft\u0131r. O y\u0131llardan g\u00fcn\u00fcm\u00fcze Alanya Belediyesi kendisini her ge\u00e7en g\u00fcn yenileyip b\u00f6lge insan\u0131n\u0131n mutlulu\u011fu i\u00e7in \u00e7al\u0131\u015fmalar yapm\u0131\u015ft\u0131r. Alanya Belediye te\u015fkilat\u0131 1872 y\u0131l\u0131nda kurulmu\u015ftur. \u0130lk Belediye Ba\u015fkan\u0131 Ahmet As\u0131m Bey 1901 y\u0131l\u0131nda g\u00f6reve ba\u015flam\u0131\u015ft\u0131r. O y\u0131llardan g\u00fcn\u00fcm\u00fcze Alanya Belediyesi kendisini her ge\u00e7en g\u00fcn yenileyip b\u00f6lge insan\u0131n\u0131n mutlulu\u011fu i\u00e7in \u00e7al\u0131\u015fmalar yapm\u0131\u015ft\u0131r. 1958-60&#8217;l\u0131...Continue Reading ...","og_url":"https:\/\/goldislandhotel.com.tr\/tr\/news-blog\/alanya-city-guide\/modern-alanya\/","og_site_name":"Gold Island Selected Hotel","article_modified_time":"2016-01-18T09:36:00+00:00","twitter_card":"summary_large_image","twitter_misc":{"Tahmini okuma s\u00fcresi":"5 dakika"},"schema":{"@context":"https:\/\/schema.org","@graph":[{"@type":"WebPage","@id":"https:\/\/goldislandhotel.com.tr\/tr\/news-blog\/alanya-city-guide\/modern-alanya\/","url":"https:\/\/goldislandhotel.com.tr\/tr\/news-blog\/alanya-city-guide\/modern-alanya\/","name":"Modern Alanya | Gold Island Selected Hotel","isPartOf":{"@id":"https:\/\/goldislandhotel.com.tr\/tr\/#website"},"datePublished":"2015-12-30T20:23:28+00:00","dateModified":"2016-01-18T09:36:00+00:00","breadcrumb":{"@id":"https:\/\/goldislandhotel.com.tr\/tr\/news-blog\/alanya-city-guide\/modern-alanya\/#breadcrumb"},"inLanguage":"tr","potentialAction":[{"@type":"ReadAction","target":[["https:\/\/goldislandhotel.com.tr\/tr\/news-blog\/alanya-city-guide\/modern-alanya\/"]]}]},{"@type":"BreadcrumbList","@id":"https:\/\/goldislandhotel.com.tr\/tr\/news-blog\/alanya-city-guide\/modern-alanya\/#breadcrumb","itemListElement":[{"@type":"ListItem","position":1,"name":"Home","item":"https:\/\/goldislandhotel.com.tr\/tr\/"},{"@type":"ListItem","position":2,"name":"Gold Hotels News &#038; Blog","item":"https:\/\/goldislandhotel.com.tr\/tr\/news-blog\/"},{"@type":"ListItem","position":3,"name":"Alanya City Guide","item":"https:\/\/goldislandhotel.com.tr\/tr\/news-blog\/alanya-city-guide\/"},{"@type":"ListItem","position":4,"name":"Modern Alanya"}]},{"@type":"WebSite","@id":"https:\/\/goldislandhotel.com.tr\/tr\/#website","url":"https:\/\/goldislandhotel.com.tr\/tr\/","name":"Gold Island Selected Hotel","description":"Gold Hotels","potentialAction":[{"@type":"SearchAction","target":{"@type":"EntryPoint","urlTemplate":"https:\/\/goldislandhotel.com.tr\/tr\/?s={search_term_string}"},"query-input":{"@type":"PropertyValueSpecification","valueRequired":true,"valueName":"search_term_string"}}],"inLanguage":"tr"}]}},"_links":{"self":[{"href":"https:\/\/goldislandhotel.com.tr\/tr\/wp-json\/wp\/v2\/pages\/964","targetHints":{"allow":["GET"]}}],"collection":[{"href":"https:\/\/goldislandhotel.com.tr\/tr\/wp-json\/wp\/v2\/pages"}],"about":[{"href":"https:\/\/goldislandhotel.com.tr\/tr\/wp-json\/wp\/v2\/types\/page"}],"author":[{"embeddable":true,"href":"https:\/\/goldislandhotel.com.tr\/tr\/wp-json\/wp\/v2\/users\/1"}],"replies":[{"embeddable":true,"href":"https:\/\/goldislandhotel.com.tr\/tr\/wp-json\/wp\/v2\/comments?post=964"}],"version-history":[{"count":3,"href":"https:\/\/goldislandhotel.com.tr\/tr\/wp-json\/wp\/v2\/pages\/964\/revisions"}],"predecessor-version":[{"id":1462,"href":"https:\/\/goldislandhotel.com.tr\/tr\/wp-json\/wp\/v2\/pages\/964\/revisions\/1462"}],"up":[{"embeddable":true,"href":"https:\/\/goldislandhotel.com.tr\/tr\/wp-json\/wp\/v2\/pages\/826"}],"wp:attachment":[{"href":"https:\/\/goldislandhotel.com.tr\/tr\/wp-json\/wp\/v2\/media?parent=964"}],"curies":[{"name":"wp","href":"https:\/\/api.w.org\/{rel}","templated":true}]}}