{"id":96,"date":"2015-06-25T14:06:56","date_gmt":"2015-06-25T14:06:56","guid":{"rendered":"http:\/\/ravistheme.com\/pinar\/wp\/?page_id=96"},"modified":"2016-08-01T15:46:38","modified_gmt":"2016-08-01T12:46:38","slug":"about-us","status":"publish","type":"page","link":"https:\/\/goldislandhotel.com.tr\/tr\/about-us\/","title":{"rendered":"Hakk\u0131m\u0131zda"},"content":{"rendered":"<p><img decoding=\"async\" class=\"alignnone size-full\" src=\"http:\/\/www.goldislandhotel.com.tr\/wp-content\/uploads\/2015\/06\/aydogan_as.png\" alt=\"aydogan_as\" \/><\/p>\n<hr \/>\n<p>1991 y\u0131l\u0131nda kurulan \u015firketimiz; profil, demir, sa\u00e7 ve ferforje ticareti faaliyetleri ile g\u00f6sterdi\u011fi \u00fcst\u00fcn performans sayesinde, profil demir sat\u0131\u015f\u0131nda T\u00fcrkiye dokuzuncusu, ferforje alan\u0131nda ise T\u00fcrkiye birincisi olarak ba\u015far\u0131s\u0131n\u0131 ulusal platforma ta\u015f\u0131m\u0131\u015ft\u0131r.<\/p>\n<p>Petrol i\u015fletmecili\u011fi, in\u015faat sekt\u00f6r\u00fc, seyahat acenteli\u011fi ve tar\u0131m sekt\u00f6rlerinde de gerekli hamleleri yaparak, i\u015ftirakleriyle beraber b\u00f6lgenin \u00f6nemli bir de\u011feri haline gelmi\u015ftir.<\/p>\n<p>\u0130n\u015faat ve turizm alan\u0131nda faaliyetlerine Goldcity Turizm Kompleksini in\u015fa ederek devam eden \u015firketimiz, zaman i\u00e7erisinde ger\u00e7ekle\u015ftirdi\u011fi ilave yat\u0131r\u0131mlarla, b\u00f6lge ve \u00fclke ekonomisinin hizmetine sekt\u00f6r\u00fcn\u00fcn en b\u00fcy\u00fck tesislerinden birini kazand\u0131rm\u0131\u015ft\u0131r.<\/p>\n<p>Her zaman oldu\u011fu gibi yat\u0131r\u0131mlar\u0131na kendi \u00f6z kaynaklar\u0131yla devam eden \u015firketimiz, 2011 y\u0131l\u0131 i\u00e7erisinde tamamlanan, kendi b\u00fcnyesindeki Gold Island Hotel ve i\u015ftirak \u015firketi b\u00fcnyesindeki Golden Bay Hotel tesislerini de sekt\u00f6re kazand\u0131rarak ekonomiye ve turizme olan katk\u0131lar\u0131na aral\u0131ks\u0131z devam etmektedir.<\/p>\n<p>Hizmette kalite, g\u00fcvenilirlik, \u00e7evreye sayg\u0131, geri d\u00f6n\u00fc\u015f\u00fcm sistemleri ve en \u00f6nemlisi insana sayg\u0131 ilkesiyle d\u00fcnya \u00e7ap\u0131nda markala\u015fan tesislerimiz ile gerek bulundu\u011fu b\u00f6lgede, gerekse \u00fclke \u00e7ap\u0131ndaki ihtiya\u00e7lar\u0131 takip eden firmam\u0131z d\u00fcnyadaki yenilik\u00e7i ve teknolojik geli\u015fmeleri yak\u0131ndan takip etmektedir.<\/p>\n<p>\u00dclke ekonomisine katk\u0131 sa\u011flayacak bir\u00e7ok alanda yeniliklerini s\u00fcrd\u00fcren \u015firketimiz, alan\u0131nda ki ilkleri ger\u00e7ekle\u015ftirmek ve uygulama alanlar\u0131n\u0131 tespit etmek i\u00e7in AR-GE \u00e7al\u0131\u015fmalar\u0131na devam etmektedir.<br \/>\n<div class=\"spacer\"><\/div><\/p>\n<p><i class=\"fa fa-external-link padding-right-10\"><\/i><a href=\"http:\/\/www.aydogan-as.com.tr\" target=\"_blank\">www.aydogan-as.com.tr<\/a><\/p>\n<p><div class=\"spacer\"><\/div><div class=\"clear\"><\/div><\/p>\n<p><div class=\"portal-icons-box contact-portal\" id=\"contact-gold-portal\"><ul class=\"list-inline list-unstyled portal-icons\"><li><a target=\"_blank\" href=\"http:\/\/www.tripadvisor.com.tr\/Hotel_Review-g297961-d2274745-Reviews-SENTIDO_Gold_Island_Hotel-Alanya_Turkish_Mediterranean_Coast.html\" class=\"portal-icon\"><img decoding=\"async\" src=\"https:\/\/goldislandhotel.com.tr\/wp-content\/uploads\/2016\/01\/tripadvisor.png\"><\/a><\/li><li><a target=\"_blank\" href=\"http:\/\/www.zoover.com.tr\/turkiye\/foldkozi-tenger\/incekum-avsallar-alanya\/sentido-gold-island\/otel\" class=\"portal-icon\"><img decoding=\"async\" src=\"https:\/\/goldislandhotel.com.tr\/wp-content\/uploads\/2016\/01\/zoover.png\"><\/a><\/li><li><a target=\"_blank\" href=\"https:\/\/www.holidaycheck.de\/hi\/sentido-gold-island\/a1e00212-2889-3eb8-ac4e-23b93b620d75?q=SENTIDO+Gold+Island+%2F+Avsallar+%28Hotel%29\" class=\"portal-icon\"><img decoding=\"async\" src=\"https:\/\/goldislandhotel.com.tr\/wp-content\/uploads\/2016\/01\/holidaycheck.png\"><\/a><\/li><li><a target=\"_blank\" href=\"http:\/\/tophotels.org\/main\/hotel\/al63463\" class=\"portal-icon\"><img decoding=\"async\" src=\"https:\/\/goldislandhotel.com.tr\/wp-content\/uploads\/2016\/01\/tophotel.png\"><\/a><\/li><\/ul><\/div><\/p>","protected":false},"excerpt":{"rendered":"<p>1991 y\u0131l\u0131nda kurulan \u015firketimiz; profil, demir, sa\u00e7 ve ferforje ticareti faaliyetleri ile g\u00f6sterdi\u011fi \u00fcst\u00fcn performans sayesinde, profil demir sat\u0131\u015f\u0131nda T\u00fcrkiye dokuzuncusu, ferforje alan\u0131nda ise T\u00fcrkiye birincisi olarak ba\u015far\u0131s\u0131n\u0131 ulusal platforma ta\u015f\u0131m\u0131\u015ft\u0131r. Petrol i\u015fletmecili\u011fi, in\u015faat sekt\u00f6r\u00fc, seyahat acenteli\u011fi ve tar\u0131m sekt\u00f6rlerinde de gerekli hamleleri yaparak, i\u015ftirakleriyle beraber b\u00f6lgenin \u00f6nemli bir de\u011feri haline gelmi\u015ftir. \u0130n\u015faat ve turizm alan\u0131nda faaliyetlerine Goldcity Turizm Kompleksini in\u015fa ederek devam eden \u015firketimiz,&#8230;<\/p>\n<p><a class=\"more-link\" href=\"https:\/\/goldislandhotel.com.tr\/tr\/about-us\/\">Continue Reading &#8230;<\/a><\/p>\n","protected":false},"author":1,"featured_media":0,"parent":0,"menu_order":0,"comment_status":"open","ping_status":"open","template":"","meta":{"footnotes":""},"class_list":["post-96","page","type-page","status-publish","hentry"],"yoast_head":"<!-- This site is optimized with the Yoast SEO plugin v26.3 - https:\/\/yoast.com\/wordpress\/plugins\/seo\/ -->\n<title>Hakk\u0131m\u0131zda | Gold Island Selected Hotel<\/title>\n<meta name=\"robots\" content=\"index, follow, max-snippet:-1, max-image-preview:large, max-video-preview:-1\" \/>\n<link rel=\"canonical\" href=\"https:\/\/goldislandhotel.com.tr\/tr\/about-us\/\" \/>\n<meta property=\"og:locale\" content=\"tr_TR\" \/>\n<meta property=\"og:type\" content=\"article\" \/>\n<meta property=\"og:title\" content=\"Hakk\u0131m\u0131zda | Gold Island Selected Hotel\" \/>\n<meta property=\"og:description\" content=\"1991 y\u0131l\u0131nda kurulan \u015firketimiz; profil, demir, sa\u00e7 ve ferforje ticareti faaliyetleri ile g\u00f6sterdi\u011fi \u00fcst\u00fcn performans sayesinde, profil demir sat\u0131\u015f\u0131nda T\u00fcrkiye dokuzuncusu, ferforje alan\u0131nda ise T\u00fcrkiye birincisi olarak ba\u015far\u0131s\u0131n\u0131 ulusal platforma ta\u015f\u0131m\u0131\u015ft\u0131r. Petrol i\u015fletmecili\u011fi, in\u015faat sekt\u00f6r\u00fc, seyahat acenteli\u011fi ve tar\u0131m sekt\u00f6rlerinde de gerekli hamleleri yaparak, i\u015ftirakleriyle beraber b\u00f6lgenin \u00f6nemli bir de\u011feri haline gelmi\u015ftir. \u0130n\u015faat ve turizm alan\u0131nda faaliyetlerine Goldcity Turizm Kompleksini in\u015fa ederek devam eden \u015firketimiz,...Continue Reading ...\" \/>\n<meta property=\"og:url\" content=\"https:\/\/goldislandhotel.com.tr\/tr\/about-us\/\" \/>\n<meta property=\"og:site_name\" content=\"Gold Island Selected Hotel\" \/>\n<meta property=\"article:modified_time\" content=\"2016-08-01T12:46:38+00:00\" \/>\n<meta property=\"og:image\" content=\"http:\/\/www.goldislandhotel.com.tr\/wp-content\/uploads\/2015\/06\/aydogan_as.png\" \/>\n<meta name=\"twitter:card\" content=\"summary_large_image\" \/>\n<meta name=\"twitter:label1\" content=\"Tahmini okuma s\u00fcresi\" \/>\n\t<meta name=\"twitter:data1\" content=\"4 dakika\" \/>\n<script type=\"application\/ld+json\" class=\"yoast-schema-graph\">{\"@context\":\"https:\/\/schema.org\",\"@graph\":[{\"@type\":\"WebPage\",\"@id\":\"https:\/\/goldislandhotel.com.tr\/tr\/about-us\/\",\"url\":\"https:\/\/goldislandhotel.com.tr\/tr\/about-us\/\",\"name\":\"Hakk\u0131m\u0131zda | Gold Island Selected Hotel\",\"isPartOf\":{\"@id\":\"https:\/\/goldislandhotel.com.tr\/tr\/#website\"},\"primaryImageOfPage\":{\"@id\":\"https:\/\/goldislandhotel.com.tr\/tr\/about-us\/#primaryimage\"},\"image\":{\"@id\":\"https:\/\/goldislandhotel.com.tr\/about-us\/#primaryimage\"},\"thumbnailUrl\":\"http:\/\/www.goldislandhotel.com.tr\/wp-content\/uploads\/2015\/06\/aydogan_as.png\",\"datePublished\":\"2015-06-25T14:06:56+00:00\",\"dateModified\":\"2016-08-01T12:46:38+00:00\",\"breadcrumb\":{\"@id\":\"https:\/\/goldislandhotel.com.tr\/tr\/about-us\/#breadcrumb\"},\"inLanguage\":\"tr\",\"potentialAction\":[{\"@type\":\"ReadAction\",\"target\":[[\"https:\/\/goldislandhotel.com.tr\/tr\/about-us\/\"]]}]},{\"@type\":\"ImageObject\",\"inLanguage\":\"tr\",\"@id\":\"https:\/\/goldislandhotel.com.tr\/tr\/about-us\/#primaryimage\",\"url\":\"http:\/\/www.goldislandhotel.com.tr\/wp-content\/uploads\/2015\/06\/aydogan_as.png\",\"contentUrl\":\"http:\/\/www.goldislandhotel.com.tr\/wp-content\/uploads\/2015\/06\/aydogan_as.png\"},{\"@type\":\"BreadcrumbList\",\"@id\":\"https:\/\/goldislandhotel.com.tr\/tr\/about-us\/#breadcrumb\",\"itemListElement\":[{\"@type\":\"ListItem\",\"position\":1,\"name\":\"Home\",\"item\":\"https:\/\/goldislandhotel.com.tr\/tr\/\"},{\"@type\":\"ListItem\",\"position\":2,\"name\":\"About us\"}]},{\"@type\":\"WebSite\",\"@id\":\"https:\/\/goldislandhotel.com.tr\/tr\/#website\",\"url\":\"https:\/\/goldislandhotel.com.tr\/tr\/\",\"name\":\"Gold Island Selected Hotel\",\"description\":\"Gold Hotels\",\"potentialAction\":[{\"@type\":\"SearchAction\",\"target\":{\"@type\":\"EntryPoint\",\"urlTemplate\":\"https:\/\/goldislandhotel.com.tr\/tr\/?s={search_term_string}\"},\"query-input\":{\"@type\":\"PropertyValueSpecification\",\"valueRequired\":true,\"valueName\":\"search_term_string\"}}],\"inLanguage\":\"tr\"}]}<\/script>\n<!-- \/ Yoast SEO plugin. -->","yoast_head_json":{"title":"Hakk\u0131m\u0131zda | Gold Island Selected Hotel","robots":{"index":"index","follow":"follow","max-snippet":"max-snippet:-1","max-image-preview":"max-image-preview:large","max-video-preview":"max-video-preview:-1"},"canonical":"https:\/\/goldislandhotel.com.tr\/tr\/about-us\/","og_locale":"tr_TR","og_type":"article","og_title":"Hakk\u0131m\u0131zda | Gold Island Selected Hotel","og_description":"1991 y\u0131l\u0131nda kurulan \u015firketimiz; profil, demir, sa\u00e7 ve ferforje ticareti faaliyetleri ile g\u00f6sterdi\u011fi \u00fcst\u00fcn performans sayesinde, profil demir sat\u0131\u015f\u0131nda T\u00fcrkiye dokuzuncusu, ferforje alan\u0131nda ise T\u00fcrkiye birincisi olarak ba\u015far\u0131s\u0131n\u0131 ulusal platforma ta\u015f\u0131m\u0131\u015ft\u0131r. Petrol i\u015fletmecili\u011fi, in\u015faat sekt\u00f6r\u00fc, seyahat acenteli\u011fi ve tar\u0131m sekt\u00f6rlerinde de gerekli hamleleri yaparak, i\u015ftirakleriyle beraber b\u00f6lgenin \u00f6nemli bir de\u011feri haline gelmi\u015ftir. \u0130n\u015faat ve turizm alan\u0131nda faaliyetlerine Goldcity Turizm Kompleksini in\u015fa ederek devam eden \u015firketimiz,...Continue Reading ...","og_url":"https:\/\/goldislandhotel.com.tr\/tr\/about-us\/","og_site_name":"Gold Island Selected Hotel","article_modified_time":"2016-08-01T12:46:38+00:00","og_image":[{"url":"http:\/\/www.goldislandhotel.com.tr\/wp-content\/uploads\/2015\/06\/aydogan_as.png","type":"","width":"","height":""}],"twitter_card":"summary_large_image","twitter_misc":{"Tahmini okuma s\u00fcresi":"4 dakika"},"schema":{"@context":"https:\/\/schema.org","@graph":[{"@type":"WebPage","@id":"https:\/\/goldislandhotel.com.tr\/tr\/about-us\/","url":"https:\/\/goldislandhotel.com.tr\/tr\/about-us\/","name":"Hakk\u0131m\u0131zda | Gold Island Selected Hotel","isPartOf":{"@id":"https:\/\/goldislandhotel.com.tr\/tr\/#website"},"primaryImageOfPage":{"@id":"https:\/\/goldislandhotel.com.tr\/tr\/about-us\/#primaryimage"},"image":{"@id":"https:\/\/goldislandhotel.com.tr\/about-us\/#primaryimage"},"thumbnailUrl":"http:\/\/www.goldislandhotel.com.tr\/wp-content\/uploads\/2015\/06\/aydogan_as.png","datePublished":"2015-06-25T14:06:56+00:00","dateModified":"2016-08-01T12:46:38+00:00","breadcrumb":{"@id":"https:\/\/goldislandhotel.com.tr\/tr\/about-us\/#breadcrumb"},"inLanguage":"tr","potentialAction":[{"@type":"ReadAction","target":[["https:\/\/goldislandhotel.com.tr\/tr\/about-us\/"]]}]},{"@type":"ImageObject","inLanguage":"tr","@id":"https:\/\/goldislandhotel.com.tr\/tr\/about-us\/#primaryimage","url":"http:\/\/www.goldislandhotel.com.tr\/wp-content\/uploads\/2015\/06\/aydogan_as.png","contentUrl":"http:\/\/www.goldislandhotel.com.tr\/wp-content\/uploads\/2015\/06\/aydogan_as.png"},{"@type":"BreadcrumbList","@id":"https:\/\/goldislandhotel.com.tr\/tr\/about-us\/#breadcrumb","itemListElement":[{"@type":"ListItem","position":1,"name":"Home","item":"https:\/\/goldislandhotel.com.tr\/tr\/"},{"@type":"ListItem","position":2,"name":"About us"}]},{"@type":"WebSite","@id":"https:\/\/goldislandhotel.com.tr\/tr\/#website","url":"https:\/\/goldislandhotel.com.tr\/tr\/","name":"Gold Island Selected Hotel","description":"Gold Hotels","potentialAction":[{"@type":"SearchAction","target":{"@type":"EntryPoint","urlTemplate":"https:\/\/goldislandhotel.com.tr\/tr\/?s={search_term_string}"},"query-input":{"@type":"PropertyValueSpecification","valueRequired":true,"valueName":"search_term_string"}}],"inLanguage":"tr"}]}},"_links":{"self":[{"href":"https:\/\/goldislandhotel.com.tr\/tr\/wp-json\/wp\/v2\/pages\/96","targetHints":{"allow":["GET"]}}],"collection":[{"href":"https:\/\/goldislandhotel.com.tr\/tr\/wp-json\/wp\/v2\/pages"}],"about":[{"href":"https:\/\/goldislandhotel.com.tr\/tr\/wp-json\/wp\/v2\/types\/page"}],"author":[{"embeddable":true,"href":"https:\/\/goldislandhotel.com.tr\/tr\/wp-json\/wp\/v2\/users\/1"}],"replies":[{"embeddable":true,"href":"https:\/\/goldislandhotel.com.tr\/tr\/wp-json\/wp\/v2\/comments?post=96"}],"version-history":[{"count":9,"href":"https:\/\/goldislandhotel.com.tr\/tr\/wp-json\/wp\/v2\/pages\/96\/revisions"}],"predecessor-version":[{"id":1594,"href":"https:\/\/goldislandhotel.com.tr\/tr\/wp-json\/wp\/v2\/pages\/96\/revisions\/1594"}],"wp:attachment":[{"href":"https:\/\/goldislandhotel.com.tr\/tr\/wp-json\/wp\/v2\/media?parent=96"}],"curies":[{"name":"wp","href":"https:\/\/api.w.org\/{rel}","templated":true}]}}