{"id":955,"date":"2015-12-30T21:42:18","date_gmt":"2015-12-30T19:42:18","guid":{"rendered":"http:\/\/leartes.pw\/?page_id=955"},"modified":"2016-01-18T11:35:47","modified_gmt":"2016-01-18T09:35:47","slug":"ancient-cities","status":"publish","type":"page","link":"https:\/\/goldislandhotel.com.tr\/tr\/news-blog\/alanya-city-guide\/ancient-cities\/","title":{"rendered":"Antik Kentler"},"content":{"rendered":"<p><\/p>\n<blockquote><p>Tarih boyunca \u00e7ok say\u0131da medeniyete ev sahipli\u011fi yapm\u0131\u015f Alanya, antik kent kal\u0131nt\u0131lar\u0131 konusunda da olduk\u00e7a zengindir.<\/p><\/blockquote>\n<p>Alanya\u2019n\u0131n do\u011fu ve bat\u0131 ekseninde bir\u00e7ok antik kent kal\u0131nt\u0131s\u0131 vard\u0131r. Bir k\u0131sm\u0131 k\u0131y\u0131da, bir k\u0131sm\u0131 sarp yama\u00e7larda kurulmu\u015f kentler Pamfilya ile Kilikya b\u00f6lgesi kentleridir. Kal\u0131nt\u0131lar, b\u00f6lgelerin karakteristik \u00f6zelliklerini yans\u0131t\u0131r. Alanya Arkeoloji M\u00fczesi\u2019nde sergilenen ta\u015ftan yontulmu\u015f k\u00fcl kutular\u0131 Kilikya b\u00f6lgesinin \u00f6l\u00fc g\u00f6mme k\u00fclt\u00fcr\u00fcn\u00fc yans\u0131t\u0131r. \u00d6ren yeri olarak koruma alt\u0131nda tutulan ve baz\u0131lar\u0131nda kaz\u0131 \u00e7al\u0131\u015fmalar\u0131 devam eden antik kentlere giri\u015f \u00fccretsizdir. \u00c7evredeki kal\u0131nt\u0131lar\u0131 gezmek isteyenlerin, ta\u015fl\u0131k arazide ve yaban otlar\u0131na aras\u0131nda bazen uzun y\u00fcr\u00fcy\u00fc\u015fler yapacaklar\u0131n\u0131 dikkate alarak giyinmelerinde ve yaz g\u00fcnlerinde yanlar\u0131nda su bulundurmalar\u0131nda yarar vard\u0131r.<\/p>\n<h3>Colybrassus<\/h3>\n<p>Alanya\u2019n\u0131n 30 kilometre kadar kuzeybat\u0131s\u0131nda ve Toroslar\u2019da Roma d\u00f6neminden kalma bir kenttir. \u00c7evreye da\u011f\u0131lm\u0131\u015f durumdaki \u00e7ok say\u0131da yaz\u0131t, \u00f6nemli bilgiler i\u00e7ermekle birlikte kent tarihi hen\u00fcz g\u00fcn \u0131\u015f\u0131\u011f\u0131na \u00e7\u0131kmam\u0131\u015ft\u0131r.<\/p>\n<h3>Hamaxia<\/h3>\n<p>Alanya\u2019n\u0131n 12 kilometre kuzeybat\u0131s\u0131ndad\u0131r. Antik \u00e7a\u011fda Pamfilya b\u00f6lgesi i\u00e7indeki kent i\u00e7in d\u00f6nemin co\u011frafyac\u0131s\u0131 Strabon, gemi yap\u0131m\u0131nda kullan\u0131lan sedir a\u011fa\u00e7lar\u0131n\u0131n bollu\u011fundan s\u00f6z eder. Akdeniz\u2019de muhte\u015fem bir manzaras\u0131 vard\u0131r.<\/p>\n<h3>Syedra<\/h3>\n<p>Alanya\u2019n\u0131n 20 kilometre do\u011fusundad\u0131r. Kent tarihinin \u0130sa\u2019dan \u00f6nce 7. y\u00fczy\u0131la kadar uzand\u0131\u011f\u0131 san\u0131lmaktad\u0131r. Varl\u0131\u011f\u0131n\u0131 13. y\u00fczy\u0131la kadar s\u00fcrd\u00fcren kente, halen ayakta olan an\u0131tsal kap\u0131dan girilmektedir. Kentin \u00e7evresi surlarla \u00e7evrilidir.<\/p>\n<h3>Leartes<\/h3>\n<p>Alanya\u2019n\u0131n 25 kilometre do\u011fusunda Toroslar\u2019da bir vadi a\u011fz\u0131nda y\u00fckselen yamac\u0131n ete\u011finde kuruludur. Antik \u00e7a\u011fda Da\u011fl\u0131k Kilikya olarak bilinen b\u00f6lgededir. \u0130sa\u2019dan \u00f6nce 7. y\u00fczy\u0131la ait ve \u00fc\u00e7 yan\u0131 Fenike dilindeki yaz\u0131t, Alanya M\u00fczesi\u2019nde sergilenmektedir.<\/p>\n<h3>Iotape<\/h3>\n<p>Alanya\u2019n\u0131n 33 kilometre do\u011fusundad\u0131r. Denize do\u011fru uzanan y\u00fcksek\u00e7e burun, kentin akropol\u00fcd\u00fcr. Akropol\u00fcn karaya ba\u011fland\u0131\u011f\u0131 vadide Liman Caddesi vard\u0131r. Antik liman kal\u0131nt\u0131lar\u0131n\u0131n bulundu\u011fu k\u00fc\u00e7\u00fck koy, denize girmek i\u00e7in ideal bir kumsala sahiptir.<\/p>\n<h3>Selinus<\/h3>\n<p>Alanya\u2019n\u0131n 45 kilometre do\u011fusunda k\u00fc\u00e7\u00fck bir yar\u0131madan\u0131n yamac\u0131nda kurulu antik \u00e7a\u011f kentidir. Kentin tarihi \u0130sa\u2019dan \u00f6nce 6. y\u00fczy\u0131la kadar uzan\u0131r. Roma \u0130mparatoru Trajanus, 9 A\u011fustos 117\u2019de burada \u00f6lm\u00fc\u015f ve k\u00fclleri Roma\u2019ya g\u00f6nderilmi\u015ftir.<\/p>\n<h3>Nephelis<\/h3>\n<p>Alanya\u2019n\u0131n 55 kilometre do\u011fusunda, denize do\u011fru uzanan y\u00fcksek bir tepenin \u00fczerindedir. Tepenin en y\u00fcksek noktas\u0131nda antik kentin akropol\u00fc ve orta \u00e7a\u011fdan kalma kale surlar\u0131 vard\u0131r. Odeon, su sistemi, kire\u00e7ta\u015f\u0131 oca\u011f\u0131 ve nekropol alan\u0131 ile tipik bir Da\u011fl\u0131k Kilikya kentidir.<\/p>\n<h3>Adanda-Lamus<\/h3>\n<p>Alanya\u2019n\u0131n 55 kilometre do\u011fusunda y\u00fcksek ve sarp bir da\u011f\u0131n zirvesini olu\u015fturan iki tepenin \u00fczerine kuruludur. Kentin iki tap\u0131na\u011f\u0131ndan biri Roma \u0130mparatorlar\u0131ndan Vespasianus \u00f6teki Titus ad\u0131na yap\u0131lm\u0131\u015ft\u0131r. Do\u011fudaki tepede kayaya oyulmu\u015f odalar ve b\u00fcy\u00fck tip lahitlerden olu\u015fan mezarlar\u0131 vard\u0131r<\/p>\n<h3>Antiocheia Ad Cragum<\/h3>\n<p>Alanya\u2019n\u0131n 60 kilometre do\u011fusundad\u0131r. Antik \u00e7a\u011fda Da\u011fl\u0131k Kilikya olarak bilinen b\u00f6lgede ve Akdeniz k\u0131y\u0131s\u0131ndad\u0131r. Ad\u0131n\u0131, \u0130sa\u2019dan sonra 1. y\u00fczy\u0131lda ya\u015fam\u0131\u015f Kommagene Kral\u0131 IV. Antiochus\u2019dan almaktad\u0131r. Kentin kal\u0131nt\u0131lar\u0131 \u00fc\u00e7 y\u00fckselti \u00fczerindedir.<\/p>","protected":false},"excerpt":{"rendered":"<p>Tarih boyunca \u00e7ok say\u0131da medeniyete ev sahipli\u011fi yapm\u0131\u015f Alanya, antik kent kal\u0131nt\u0131lar\u0131 konusunda da olduk\u00e7a zengindir. Alanya\u2019n\u0131n do\u011fu ve bat\u0131 ekseninde bir\u00e7ok antik kent kal\u0131nt\u0131s\u0131 vard\u0131r. Bir k\u0131sm\u0131 k\u0131y\u0131da, bir k\u0131sm\u0131 sarp yama\u00e7larda kurulmu\u015f kentler Pamfilya ile Kilikya b\u00f6lgesi kentleridir. Kal\u0131nt\u0131lar, b\u00f6lgelerin karakteristik \u00f6zelliklerini yans\u0131t\u0131r. Alanya Arkeoloji M\u00fczesi\u2019nde sergilenen ta\u015ftan yontulmu\u015f k\u00fcl kutular\u0131 Kilikya b\u00f6lgesinin \u00f6l\u00fc g\u00f6mme k\u00fclt\u00fcr\u00fcn\u00fc yans\u0131t\u0131r. \u00d6ren yeri olarak koruma alt\u0131nda tutulan&#8230;<\/p>\n<p><a class=\"more-link\" href=\"https:\/\/goldislandhotel.com.tr\/tr\/news-blog\/alanya-city-guide\/ancient-cities\/\">Continue Reading &#8230;<\/a><\/p>\n","protected":false},"author":1,"featured_media":0,"parent":826,"menu_order":0,"comment_status":"closed","ping_status":"closed","template":"","meta":{"footnotes":""},"class_list":["post-955","page","type-page","status-publish","hentry"],"yoast_head":"<!-- This site is optimized with the Yoast SEO plugin v26.3 - https:\/\/yoast.com\/wordpress\/plugins\/seo\/ -->\n<title>Antik Kentler | Gold Island Selected Hotel<\/title>\n<meta name=\"robots\" content=\"index, follow, max-snippet:-1, max-image-preview:large, max-video-preview:-1\" \/>\n<link rel=\"canonical\" href=\"https:\/\/goldislandhotel.com.tr\/tr\/news-blog\/alanya-city-guide\/ancient-cities\/\" \/>\n<meta property=\"og:locale\" content=\"tr_TR\" \/>\n<meta property=\"og:type\" content=\"article\" \/>\n<meta property=\"og:title\" content=\"Antik Kentler | Gold Island Selected Hotel\" \/>\n<meta property=\"og:description\" content=\"Tarih boyunca \u00e7ok say\u0131da medeniyete ev sahipli\u011fi yapm\u0131\u015f Alanya, antik kent kal\u0131nt\u0131lar\u0131 konusunda da olduk\u00e7a zengindir. Alanya\u2019n\u0131n do\u011fu ve bat\u0131 ekseninde bir\u00e7ok antik kent kal\u0131nt\u0131s\u0131 vard\u0131r. Bir k\u0131sm\u0131 k\u0131y\u0131da, bir k\u0131sm\u0131 sarp yama\u00e7larda kurulmu\u015f kentler Pamfilya ile Kilikya b\u00f6lgesi kentleridir. Kal\u0131nt\u0131lar, b\u00f6lgelerin karakteristik \u00f6zelliklerini yans\u0131t\u0131r. Alanya Arkeoloji M\u00fczesi\u2019nde sergilenen ta\u015ftan yontulmu\u015f k\u00fcl kutular\u0131 Kilikya b\u00f6lgesinin \u00f6l\u00fc g\u00f6mme k\u00fclt\u00fcr\u00fcn\u00fc yans\u0131t\u0131r. \u00d6ren yeri olarak koruma alt\u0131nda tutulan...Continue Reading ...\" \/>\n<meta property=\"og:url\" content=\"https:\/\/goldislandhotel.com.tr\/tr\/news-blog\/alanya-city-guide\/ancient-cities\/\" \/>\n<meta property=\"og:site_name\" content=\"Gold Island Selected Hotel\" \/>\n<meta property=\"article:modified_time\" content=\"2016-01-18T09:35:47+00:00\" \/>\n<meta name=\"twitter:card\" content=\"summary_large_image\" \/>\n<meta name=\"twitter:label1\" content=\"Tahmini okuma s\u00fcresi\" \/>\n\t<meta name=\"twitter:data1\" content=\"12 dakika\" \/>\n<script type=\"application\/ld+json\" class=\"yoast-schema-graph\">{\"@context\":\"https:\/\/schema.org\",\"@graph\":[{\"@type\":\"WebPage\",\"@id\":\"https:\/\/goldislandhotel.com.tr\/tr\/news-blog\/alanya-city-guide\/ancient-cities\/\",\"url\":\"https:\/\/goldislandhotel.com.tr\/tr\/news-blog\/alanya-city-guide\/ancient-cities\/\",\"name\":\"Antik Kentler | Gold Island Selected Hotel\",\"isPartOf\":{\"@id\":\"https:\/\/goldislandhotel.com.tr\/tr\/#website\"},\"datePublished\":\"2015-12-30T19:42:18+00:00\",\"dateModified\":\"2016-01-18T09:35:47+00:00\",\"breadcrumb\":{\"@id\":\"https:\/\/goldislandhotel.com.tr\/tr\/news-blog\/alanya-city-guide\/ancient-cities\/#breadcrumb\"},\"inLanguage\":\"tr\",\"potentialAction\":[{\"@type\":\"ReadAction\",\"target\":[[\"https:\/\/goldislandhotel.com.tr\/tr\/news-blog\/alanya-city-guide\/ancient-cities\/\"]]}]},{\"@type\":\"BreadcrumbList\",\"@id\":\"https:\/\/goldislandhotel.com.tr\/tr\/news-blog\/alanya-city-guide\/ancient-cities\/#breadcrumb\",\"itemListElement\":[{\"@type\":\"ListItem\",\"position\":1,\"name\":\"Home\",\"item\":\"https:\/\/goldislandhotel.com.tr\/tr\/\"},{\"@type\":\"ListItem\",\"position\":2,\"name\":\"Gold Hotels News &#038; Blog\",\"item\":\"https:\/\/goldislandhotel.com.tr\/tr\/news-blog\/\"},{\"@type\":\"ListItem\",\"position\":3,\"name\":\"Alanya City Guide\",\"item\":\"https:\/\/goldislandhotel.com.tr\/tr\/news-blog\/alanya-city-guide\/\"},{\"@type\":\"ListItem\",\"position\":4,\"name\":\"Ancient Cities\"}]},{\"@type\":\"WebSite\",\"@id\":\"https:\/\/goldislandhotel.com.tr\/tr\/#website\",\"url\":\"https:\/\/goldislandhotel.com.tr\/tr\/\",\"name\":\"Gold Island Selected Hotel\",\"description\":\"Gold Hotels\",\"potentialAction\":[{\"@type\":\"SearchAction\",\"target\":{\"@type\":\"EntryPoint\",\"urlTemplate\":\"https:\/\/goldislandhotel.com.tr\/tr\/?s={search_term_string}\"},\"query-input\":{\"@type\":\"PropertyValueSpecification\",\"valueRequired\":true,\"valueName\":\"search_term_string\"}}],\"inLanguage\":\"tr\"}]}<\/script>\n<!-- \/ Yoast SEO plugin. -->","yoast_head_json":{"title":"Antik Kentler | Gold Island Selected Hotel","robots":{"index":"index","follow":"follow","max-snippet":"max-snippet:-1","max-image-preview":"max-image-preview:large","max-video-preview":"max-video-preview:-1"},"canonical":"https:\/\/goldislandhotel.com.tr\/tr\/news-blog\/alanya-city-guide\/ancient-cities\/","og_locale":"tr_TR","og_type":"article","og_title":"Antik Kentler | Gold Island Selected Hotel","og_description":"Tarih boyunca \u00e7ok say\u0131da medeniyete ev sahipli\u011fi yapm\u0131\u015f Alanya, antik kent kal\u0131nt\u0131lar\u0131 konusunda da olduk\u00e7a zengindir. Alanya\u2019n\u0131n do\u011fu ve bat\u0131 ekseninde bir\u00e7ok antik kent kal\u0131nt\u0131s\u0131 vard\u0131r. Bir k\u0131sm\u0131 k\u0131y\u0131da, bir k\u0131sm\u0131 sarp yama\u00e7larda kurulmu\u015f kentler Pamfilya ile Kilikya b\u00f6lgesi kentleridir. Kal\u0131nt\u0131lar, b\u00f6lgelerin karakteristik \u00f6zelliklerini yans\u0131t\u0131r. Alanya Arkeoloji M\u00fczesi\u2019nde sergilenen ta\u015ftan yontulmu\u015f k\u00fcl kutular\u0131 Kilikya b\u00f6lgesinin \u00f6l\u00fc g\u00f6mme k\u00fclt\u00fcr\u00fcn\u00fc yans\u0131t\u0131r. \u00d6ren yeri olarak koruma alt\u0131nda tutulan...Continue Reading ...","og_url":"https:\/\/goldislandhotel.com.tr\/tr\/news-blog\/alanya-city-guide\/ancient-cities\/","og_site_name":"Gold Island Selected Hotel","article_modified_time":"2016-01-18T09:35:47+00:00","twitter_card":"summary_large_image","twitter_misc":{"Tahmini okuma s\u00fcresi":"12 dakika"},"schema":{"@context":"https:\/\/schema.org","@graph":[{"@type":"WebPage","@id":"https:\/\/goldislandhotel.com.tr\/tr\/news-blog\/alanya-city-guide\/ancient-cities\/","url":"https:\/\/goldislandhotel.com.tr\/tr\/news-blog\/alanya-city-guide\/ancient-cities\/","name":"Antik Kentler | Gold Island Selected Hotel","isPartOf":{"@id":"https:\/\/goldislandhotel.com.tr\/tr\/#website"},"datePublished":"2015-12-30T19:42:18+00:00","dateModified":"2016-01-18T09:35:47+00:00","breadcrumb":{"@id":"https:\/\/goldislandhotel.com.tr\/tr\/news-blog\/alanya-city-guide\/ancient-cities\/#breadcrumb"},"inLanguage":"tr","potentialAction":[{"@type":"ReadAction","target":[["https:\/\/goldislandhotel.com.tr\/tr\/news-blog\/alanya-city-guide\/ancient-cities\/"]]}]},{"@type":"BreadcrumbList","@id":"https:\/\/goldislandhotel.com.tr\/tr\/news-blog\/alanya-city-guide\/ancient-cities\/#breadcrumb","itemListElement":[{"@type":"ListItem","position":1,"name":"Home","item":"https:\/\/goldislandhotel.com.tr\/tr\/"},{"@type":"ListItem","position":2,"name":"Gold Hotels News &#038; Blog","item":"https:\/\/goldislandhotel.com.tr\/tr\/news-blog\/"},{"@type":"ListItem","position":3,"name":"Alanya City Guide","item":"https:\/\/goldislandhotel.com.tr\/tr\/news-blog\/alanya-city-guide\/"},{"@type":"ListItem","position":4,"name":"Ancient Cities"}]},{"@type":"WebSite","@id":"https:\/\/goldislandhotel.com.tr\/tr\/#website","url":"https:\/\/goldislandhotel.com.tr\/tr\/","name":"Gold Island Selected Hotel","description":"Gold Hotels","potentialAction":[{"@type":"SearchAction","target":{"@type":"EntryPoint","urlTemplate":"https:\/\/goldislandhotel.com.tr\/tr\/?s={search_term_string}"},"query-input":{"@type":"PropertyValueSpecification","valueRequired":true,"valueName":"search_term_string"}}],"inLanguage":"tr"}]}},"_links":{"self":[{"href":"https:\/\/goldislandhotel.com.tr\/tr\/wp-json\/wp\/v2\/pages\/955","targetHints":{"allow":["GET"]}}],"collection":[{"href":"https:\/\/goldislandhotel.com.tr\/tr\/wp-json\/wp\/v2\/pages"}],"about":[{"href":"https:\/\/goldislandhotel.com.tr\/tr\/wp-json\/wp\/v2\/types\/page"}],"author":[{"embeddable":true,"href":"https:\/\/goldislandhotel.com.tr\/tr\/wp-json\/wp\/v2\/users\/1"}],"replies":[{"embeddable":true,"href":"https:\/\/goldislandhotel.com.tr\/tr\/wp-json\/wp\/v2\/comments?post=955"}],"version-history":[{"count":2,"href":"https:\/\/goldislandhotel.com.tr\/tr\/wp-json\/wp\/v2\/pages\/955\/revisions"}],"predecessor-version":[{"id":1477,"href":"https:\/\/goldislandhotel.com.tr\/tr\/wp-json\/wp\/v2\/pages\/955\/revisions\/1477"}],"up":[{"embeddable":true,"href":"https:\/\/goldislandhotel.com.tr\/tr\/wp-json\/wp\/v2\/pages\/826"}],"wp:attachment":[{"href":"https:\/\/goldislandhotel.com.tr\/tr\/wp-json\/wp\/v2\/media?parent=955"}],"curies":[{"name":"wp","href":"https:\/\/api.w.org\/{rel}","templated":true}]}}