{"id":950,"date":"2015-12-30T20:58:57","date_gmt":"2015-12-30T18:58:57","guid":{"rendered":"http:\/\/leartes.pw\/?page_id=950"},"modified":"2016-01-18T11:35:33","modified_gmt":"2016-01-18T09:35:33","slug":"alanya-history","status":"publish","type":"page","link":"https:\/\/goldislandhotel.com.tr\/tr\/news-blog\/alanya-city-guide\/alanya-history\/","title":{"rendered":"Tarihte Alanya"},"content":{"rendered":"<p><\/p>\n<blockquote><p>Alanya Kuzeyinde Toros Da\u011flar\u0131 G\u00fcneyinde Akdeniz\u2019in bulundu\u011fu k\u00fc\u00e7\u00fck bir yar\u0131mada \u00fczerinde kurulmu\u015ftur. Antik \u00e7a\u011fda Pamfilya ve Kilikya aras\u0131ndaki \u00e7izgide yer ald\u0131\u011f\u0131 i\u00e7in bazen Pamfilya bazen de Kilikya olarak an\u0131lm\u0131\u015ft\u0131r.<\/p><\/blockquote>\n<p>Alanya Kuzeyinde Toros Da\u011flar\u0131 G\u00fcneyinde Akdeniz\u2019in bulundu\u011fu k\u00fc\u00e7\u00fck bir yar\u0131mada \u00fczerinde kurulmu\u015ftur. Antik \u00e7a\u011fda Pamfilya ve Kilikya aras\u0131ndaki \u00e7izgide yer ald\u0131\u011f\u0131 i\u00e7in bazen Pamfilya bazen de Kilikya olarak an\u0131lm\u0131\u015ft\u0131r. \u0130l\u00e7e Merkezinin kuzeydo\u011fusundaki Badema\u011fac\u0131 K\u00f6y\u00fc ile Oba K\u00f6y\u00fc aras\u0131nda bulunan iskelet ve fosilleri, Alanya\u2019n\u0131n tarihinin \u2018Karanl\u0131k \u00c7a\u011flar\u2019 olarak da say\u0131lan \u2018\u00dcst Paleolitik\u2019 (M.\u00d6.20,000 \u2013 17,000) d\u00f6nemine kadar uzanmakta oldu\u011funun kan\u0131t\u0131d\u0131r.<\/p>\n<p>B\u00f6lgenin ilk \u00e7a\u011flar\u0131 ve Bizans d\u00f6nemi hakk\u0131nda fazla bilgi yoktur. \u00dcnl\u00fc tarih\u00e7i Heredot\u2019un yazd\u0131klar\u0131na g\u00f6re M.\u00d6. 1820\u2019deki Truva Sava\u015f\u0131\u2019n\u0131n ard\u0131ndan oradan da\u011f\u0131lanlar\u0131n bir b\u00f6l\u00fcm\u00fc gelip buraya yerle\u015firken, \u00e7e\u015fitli yerli kavimler de gelenlere ev sahipli\u011fi yapt\u0131. M.\u00d6. 16\u2019nc\u0131 y\u00fczy\u0131l\u0131n ilk yar\u0131s\u0131nda bu topraklara ayak basan Hititler ise 600 kadar insan\u0131 \u00f6ld\u00fcr\u00fcp, Kilikya ve Pamfilya\u2019y\u0131 kendilerine ba\u011flam\u0131\u015flard\u0131r. M.\u00d6. 224-188 y\u0131llar\u0131 aras\u0131nda b\u00fct\u00fcn Kilikya, B\u00fcy\u00fck Antiocus taraf\u0131ndan istila edildi\u011fi halde, Coresium ku\u015fat\u0131lmas\u0131n\u0131n ve al\u0131nmas\u0131n\u0131n zorlu\u011fu nedeniyle ba\u011f\u0131ms\u0131zl\u0131\u011f\u0131n\u0131 korumu\u015ftur.<br \/>\nM.S.7\u2019nci y\u00fczy\u0131lda Arap ak\u0131nlar\u0131 s\u0131ras\u0131nda kent savunmas\u0131 daha da \u00f6nem kazanm\u0131\u015f, ak\u0131nlara kar\u015f\u0131 korunmak amac\u0131yla kale yap\u0131mlar\u0131na \u00f6ncelik verilmi\u015ftir. Bu nedenle Alanya ve \u00e7evresindeki pek \u00e7ok kale ve kilise M.S.6 ve 7.y\u00fczy\u0131la tarihlenmektedir. Kentin bilinen en eski ad\u0131 Korakesium\u2019dur. Bizans d\u00f6neminde ise Kalanoros ismi verilmi\u015ftir.<\/p>\n<p>Anadolu Sel\u00e7uklu h\u00fck\u00fcmdarlar\u0131ndan 1. Alaaddin Keykubad (1200-1237), Alanya kalesinde h\u00fck\u00fcm s\u00fcren ve hristiyan s\u00fclalelerinden olan Kyr Vart\u2019\u0131 1221 y\u0131l\u0131nda yenilgiye u\u011fratarak Kaleyi ele ge\u00e7irmi\u015ftir. Kyr Vart\u2019\u0131n k\u0131z\u0131yla da evlenen H\u00fck\u00fcmdar, ad\u0131n\u0131 Alaiye olarak de\u011fi\u015ftirdi\u011fi kente bir de saray yapt\u0131rm\u0131\u015ft\u0131r. Sel\u00e7uklular, ba\u015fkent Konya\u2019n\u0131n yan\u0131s\u0131ra Alanya\u2019y\u0131 ikinci bir ba\u015fkent ve k\u0131\u015fl\u0131k merkez olarak kullanarak imar faaliyetlerinde bulunmu\u015flard\u0131r. Alaaddin Keykubat d\u00f6neminde \u015fehir en parlak g\u00fcnlerini ya\u015far. Bug\u00fcnk\u00fc kale, tersane ve hala ayakta duran yap\u0131lar\u0131n bir\u00e7o\u011fu o d\u00f6nemdendir.<\/p>\n<p>1300 y\u0131l\u0131nda Anadolu Sel\u00e7uklular\u0131\u2019n\u0131n da\u011f\u0131lmas\u0131 sonucu \u015fehir Karamano\u011flu Beyli\u011fi\u2019nin egemenli\u011fine girer. Konya merkezli Karamano\u011fullar\u0131, 1427 y\u0131l\u0131nda \u015fehri 5 bin alt\u0131n kar\u015f\u0131l\u0131\u011f\u0131 M\u0131s\u0131r Memluk Sultanl\u0131\u011f\u0131\u2019na satar.<\/p>\n<p>Nihayet Anadoluda birli\u011fin sa\u011flanmas\u0131 ve Osmanl\u0131 Beyli\u011fi\u2019nin \u00f6ne \u00e7\u0131kmas\u0131 ile Alaiye, 1471 y\u0131l\u0131nda Fatih Sultan Mehmet\u2019in komutanlar\u0131ndan Gedik Ahmet Pa\u015fa taraf\u0131ndan Osmanl\u0131 Devleti topraklar\u0131na dahil edilir.<\/p>\n<p>Osmanl\u0131 \u0130mparatorlu\u011fu d\u00f6neminde Alaiye, \u00f6nce K\u0131br\u0131s eyaletine ba\u011flan\u0131r (1571), ard\u0131ndan Konya Vilayetinin sanca\u011f\u0131 yap\u0131l\u0131r (1864). 1868 y\u0131l\u0131nda Antalya sanca\u011f\u0131na sanca\u011f\u0131na ba\u011flanan Alanya, nihayet 1871 y\u0131l\u0131nda da Antalya\u2019n\u0131n il\u00e7esi yap\u0131l\u0131r. 1935 y\u0131l\u0131nda kenti ziyaret eden Atat\u00fcrk ise Alanya ad\u0131n\u0131 vermi\u015ftir.<\/p>","protected":false},"excerpt":{"rendered":"<p>Alanya Kuzeyinde Toros Da\u011flar\u0131 G\u00fcneyinde Akdeniz\u2019in bulundu\u011fu k\u00fc\u00e7\u00fck bir yar\u0131mada \u00fczerinde kurulmu\u015ftur. Antik \u00e7a\u011fda Pamfilya ve Kilikya aras\u0131ndaki \u00e7izgide yer ald\u0131\u011f\u0131 i\u00e7in bazen Pamfilya bazen de Kilikya olarak an\u0131lm\u0131\u015ft\u0131r. Alanya Kuzeyinde Toros Da\u011flar\u0131 G\u00fcneyinde Akdeniz\u2019in bulundu\u011fu k\u00fc\u00e7\u00fck bir yar\u0131mada \u00fczerinde kurulmu\u015ftur. Antik \u00e7a\u011fda Pamfilya ve Kilikya aras\u0131ndaki \u00e7izgide yer ald\u0131\u011f\u0131 i\u00e7in bazen Pamfilya bazen de Kilikya olarak an\u0131lm\u0131\u015ft\u0131r. \u0130l\u00e7e Merkezinin kuzeydo\u011fusundaki Badema\u011fac\u0131 K\u00f6y\u00fc ile Oba&#8230;<\/p>\n<p><a class=\"more-link\" href=\"https:\/\/goldislandhotel.com.tr\/tr\/news-blog\/alanya-city-guide\/alanya-history\/\">Continue Reading &#8230;<\/a><\/p>\n","protected":false},"author":1,"featured_media":0,"parent":826,"menu_order":0,"comment_status":"closed","ping_status":"closed","template":"","meta":{"footnotes":""},"class_list":["post-950","page","type-page","status-publish","hentry"],"yoast_head":"<!-- This site is optimized with the Yoast SEO plugin v26.3 - https:\/\/yoast.com\/wordpress\/plugins\/seo\/ -->\n<title>Tarihte Alanya | Gold Island Selected Hotel<\/title>\n<meta name=\"robots\" content=\"index, follow, max-snippet:-1, max-image-preview:large, max-video-preview:-1\" \/>\n<link rel=\"canonical\" href=\"https:\/\/goldislandhotel.com.tr\/tr\/news-blog\/alanya-city-guide\/alanya-history\/\" \/>\n<meta property=\"og:locale\" content=\"tr_TR\" \/>\n<meta property=\"og:type\" content=\"article\" \/>\n<meta property=\"og:title\" content=\"Tarihte Alanya | Gold Island Selected Hotel\" \/>\n<meta property=\"og:description\" content=\"Alanya Kuzeyinde Toros Da\u011flar\u0131 G\u00fcneyinde Akdeniz\u2019in bulundu\u011fu k\u00fc\u00e7\u00fck bir yar\u0131mada \u00fczerinde kurulmu\u015ftur. Antik \u00e7a\u011fda Pamfilya ve Kilikya aras\u0131ndaki \u00e7izgide yer ald\u0131\u011f\u0131 i\u00e7in bazen Pamfilya bazen de Kilikya olarak an\u0131lm\u0131\u015ft\u0131r. Alanya Kuzeyinde Toros Da\u011flar\u0131 G\u00fcneyinde Akdeniz\u2019in bulundu\u011fu k\u00fc\u00e7\u00fck bir yar\u0131mada \u00fczerinde kurulmu\u015ftur. Antik \u00e7a\u011fda Pamfilya ve Kilikya aras\u0131ndaki \u00e7izgide yer ald\u0131\u011f\u0131 i\u00e7in bazen Pamfilya bazen de Kilikya olarak an\u0131lm\u0131\u015ft\u0131r. \u0130l\u00e7e Merkezinin kuzeydo\u011fusundaki Badema\u011fac\u0131 K\u00f6y\u00fc ile Oba...Continue Reading ...\" \/>\n<meta property=\"og:url\" content=\"https:\/\/goldislandhotel.com.tr\/tr\/news-blog\/alanya-city-guide\/alanya-history\/\" \/>\n<meta property=\"og:site_name\" content=\"Gold Island Selected Hotel\" \/>\n<meta property=\"article:modified_time\" content=\"2016-01-18T09:35:33+00:00\" \/>\n<meta name=\"twitter:card\" content=\"summary_large_image\" \/>\n<meta name=\"twitter:label1\" content=\"Tahmini okuma s\u00fcresi\" \/>\n\t<meta name=\"twitter:data1\" content=\"10 dakika\" \/>\n<script type=\"application\/ld+json\" class=\"yoast-schema-graph\">{\"@context\":\"https:\/\/schema.org\",\"@graph\":[{\"@type\":\"WebPage\",\"@id\":\"https:\/\/goldislandhotel.com.tr\/tr\/news-blog\/alanya-city-guide\/alanya-history\/\",\"url\":\"https:\/\/goldislandhotel.com.tr\/tr\/news-blog\/alanya-city-guide\/alanya-history\/\",\"name\":\"Tarihte Alanya | Gold Island Selected Hotel\",\"isPartOf\":{\"@id\":\"https:\/\/goldislandhotel.com.tr\/tr\/#website\"},\"datePublished\":\"2015-12-30T18:58:57+00:00\",\"dateModified\":\"2016-01-18T09:35:33+00:00\",\"breadcrumb\":{\"@id\":\"https:\/\/goldislandhotel.com.tr\/tr\/news-blog\/alanya-city-guide\/alanya-history\/#breadcrumb\"},\"inLanguage\":\"tr\",\"potentialAction\":[{\"@type\":\"ReadAction\",\"target\":[[\"https:\/\/goldislandhotel.com.tr\/tr\/news-blog\/alanya-city-guide\/alanya-history\/\"]]}]},{\"@type\":\"BreadcrumbList\",\"@id\":\"https:\/\/goldislandhotel.com.tr\/tr\/news-blog\/alanya-city-guide\/alanya-history\/#breadcrumb\",\"itemListElement\":[{\"@type\":\"ListItem\",\"position\":1,\"name\":\"Home\",\"item\":\"https:\/\/goldislandhotel.com.tr\/tr\/\"},{\"@type\":\"ListItem\",\"position\":2,\"name\":\"Gold Hotels News &#038; Blog\",\"item\":\"https:\/\/goldislandhotel.com.tr\/tr\/news-blog\/\"},{\"@type\":\"ListItem\",\"position\":3,\"name\":\"Alanya City Guide\",\"item\":\"https:\/\/goldislandhotel.com.tr\/tr\/news-blog\/alanya-city-guide\/\"},{\"@type\":\"ListItem\",\"position\":4,\"name\":\"Alanya History\"}]},{\"@type\":\"WebSite\",\"@id\":\"https:\/\/goldislandhotel.com.tr\/tr\/#website\",\"url\":\"https:\/\/goldislandhotel.com.tr\/tr\/\",\"name\":\"Gold Island Selected Hotel\",\"description\":\"Gold Hotels\",\"potentialAction\":[{\"@type\":\"SearchAction\",\"target\":{\"@type\":\"EntryPoint\",\"urlTemplate\":\"https:\/\/goldislandhotel.com.tr\/tr\/?s={search_term_string}\"},\"query-input\":{\"@type\":\"PropertyValueSpecification\",\"valueRequired\":true,\"valueName\":\"search_term_string\"}}],\"inLanguage\":\"tr\"}]}<\/script>\n<!-- \/ Yoast SEO plugin. -->","yoast_head_json":{"title":"Tarihte Alanya | Gold Island Selected Hotel","robots":{"index":"index","follow":"follow","max-snippet":"max-snippet:-1","max-image-preview":"max-image-preview:large","max-video-preview":"max-video-preview:-1"},"canonical":"https:\/\/goldislandhotel.com.tr\/tr\/news-blog\/alanya-city-guide\/alanya-history\/","og_locale":"tr_TR","og_type":"article","og_title":"Tarihte Alanya | Gold Island Selected Hotel","og_description":"Alanya Kuzeyinde Toros Da\u011flar\u0131 G\u00fcneyinde Akdeniz\u2019in bulundu\u011fu k\u00fc\u00e7\u00fck bir yar\u0131mada \u00fczerinde kurulmu\u015ftur. Antik \u00e7a\u011fda Pamfilya ve Kilikya aras\u0131ndaki \u00e7izgide yer ald\u0131\u011f\u0131 i\u00e7in bazen Pamfilya bazen de Kilikya olarak an\u0131lm\u0131\u015ft\u0131r. Alanya Kuzeyinde Toros Da\u011flar\u0131 G\u00fcneyinde Akdeniz\u2019in bulundu\u011fu k\u00fc\u00e7\u00fck bir yar\u0131mada \u00fczerinde kurulmu\u015ftur. Antik \u00e7a\u011fda Pamfilya ve Kilikya aras\u0131ndaki \u00e7izgide yer ald\u0131\u011f\u0131 i\u00e7in bazen Pamfilya bazen de Kilikya olarak an\u0131lm\u0131\u015ft\u0131r. \u0130l\u00e7e Merkezinin kuzeydo\u011fusundaki Badema\u011fac\u0131 K\u00f6y\u00fc ile Oba...Continue Reading ...","og_url":"https:\/\/goldislandhotel.com.tr\/tr\/news-blog\/alanya-city-guide\/alanya-history\/","og_site_name":"Gold Island Selected Hotel","article_modified_time":"2016-01-18T09:35:33+00:00","twitter_card":"summary_large_image","twitter_misc":{"Tahmini okuma s\u00fcresi":"10 dakika"},"schema":{"@context":"https:\/\/schema.org","@graph":[{"@type":"WebPage","@id":"https:\/\/goldislandhotel.com.tr\/tr\/news-blog\/alanya-city-guide\/alanya-history\/","url":"https:\/\/goldislandhotel.com.tr\/tr\/news-blog\/alanya-city-guide\/alanya-history\/","name":"Tarihte Alanya | Gold Island Selected Hotel","isPartOf":{"@id":"https:\/\/goldislandhotel.com.tr\/tr\/#website"},"datePublished":"2015-12-30T18:58:57+00:00","dateModified":"2016-01-18T09:35:33+00:00","breadcrumb":{"@id":"https:\/\/goldislandhotel.com.tr\/tr\/news-blog\/alanya-city-guide\/alanya-history\/#breadcrumb"},"inLanguage":"tr","potentialAction":[{"@type":"ReadAction","target":[["https:\/\/goldislandhotel.com.tr\/tr\/news-blog\/alanya-city-guide\/alanya-history\/"]]}]},{"@type":"BreadcrumbList","@id":"https:\/\/goldislandhotel.com.tr\/tr\/news-blog\/alanya-city-guide\/alanya-history\/#breadcrumb","itemListElement":[{"@type":"ListItem","position":1,"name":"Home","item":"https:\/\/goldislandhotel.com.tr\/tr\/"},{"@type":"ListItem","position":2,"name":"Gold Hotels News &#038; Blog","item":"https:\/\/goldislandhotel.com.tr\/tr\/news-blog\/"},{"@type":"ListItem","position":3,"name":"Alanya City Guide","item":"https:\/\/goldislandhotel.com.tr\/tr\/news-blog\/alanya-city-guide\/"},{"@type":"ListItem","position":4,"name":"Alanya History"}]},{"@type":"WebSite","@id":"https:\/\/goldislandhotel.com.tr\/tr\/#website","url":"https:\/\/goldislandhotel.com.tr\/tr\/","name":"Gold Island Selected Hotel","description":"Gold Hotels","potentialAction":[{"@type":"SearchAction","target":{"@type":"EntryPoint","urlTemplate":"https:\/\/goldislandhotel.com.tr\/tr\/?s={search_term_string}"},"query-input":{"@type":"PropertyValueSpecification","valueRequired":true,"valueName":"search_term_string"}}],"inLanguage":"tr"}]}},"_links":{"self":[{"href":"https:\/\/goldislandhotel.com.tr\/tr\/wp-json\/wp\/v2\/pages\/950","targetHints":{"allow":["GET"]}}],"collection":[{"href":"https:\/\/goldislandhotel.com.tr\/tr\/wp-json\/wp\/v2\/pages"}],"about":[{"href":"https:\/\/goldislandhotel.com.tr\/tr\/wp-json\/wp\/v2\/types\/page"}],"author":[{"embeddable":true,"href":"https:\/\/goldislandhotel.com.tr\/tr\/wp-json\/wp\/v2\/users\/1"}],"replies":[{"embeddable":true,"href":"https:\/\/goldislandhotel.com.tr\/tr\/wp-json\/wp\/v2\/comments?post=950"}],"version-history":[{"count":2,"href":"https:\/\/goldislandhotel.com.tr\/tr\/wp-json\/wp\/v2\/pages\/950\/revisions"}],"predecessor-version":[{"id":1488,"href":"https:\/\/goldislandhotel.com.tr\/tr\/wp-json\/wp\/v2\/pages\/950\/revisions\/1488"}],"up":[{"embeddable":true,"href":"https:\/\/goldislandhotel.com.tr\/tr\/wp-json\/wp\/v2\/pages\/826"}],"wp:attachment":[{"href":"https:\/\/goldislandhotel.com.tr\/tr\/wp-json\/wp\/v2\/media?parent=950"}],"curies":[{"name":"wp","href":"https:\/\/api.w.org\/{rel}","templated":true}]}}