{"id":92,"date":"2015-06-25T14:03:52","date_gmt":"2015-06-25T14:03:52","guid":{"rendered":"http:\/\/ravistheme.com\/pinar\/wp\/?page_id=92"},"modified":"2025-08-11T19:59:14","modified_gmt":"2025-08-11T16:59:14","slug":"home","status":"publish","type":"page","link":"https:\/\/goldislandhotel.com.tr\/tr\/","title":{"rendered":"Ana Sayfa"},"content":{"rendered":"<p><div id=\"welcome\" class=\"container \"><div class=\"heading-box heading-box-less\"><h2>Gold Island Selected \u2018e Ho\u015fgeldiniz<\/h2><div class=\"subtitle\">Bir Tatilden Daha Fazlas\u0131<\/div><\/div><div class=\"inner-content\"><div class=\"desc quote\">S\u0131rad\u0131\u015f\u0131 mimarisi, g\u00f6z al\u0131c\u0131 do\u011fas\u0131yla Akdeniz&#8217; in turkuaz sular\u0131 ile \u00e7evrili muhte\u015fem bir yar\u0131mada \u00fczerinde bulunan otelimiz, b\u00fcy\u00fcleyici manzaras\u0131yla g\u00fcnd\u00fcz mavinin, geceyse \u0131\u015f\u0131klar\u0131n dans\u0131yla sizlere e\u015fsiz bir tatil deneyimi sunuyor. Keyifli ve unutulmaz an\u0131lar biriktirmeniz i\u00e7in sizleri bekliyoruz.<br \/>\n<\/div><\/div><\/div><\/p>\n<p><\/p>","protected":false},"excerpt":{"rendered":"","protected":false},"author":1,"featured_media":0,"parent":0,"menu_order":0,"comment_status":"closed","ping_status":"closed","template":"templates\/home-page.php","meta":{"footnotes":""},"class_list":["post-92","page","type-page","status-publish","hentry"],"yoast_head":"<!-- This site is optimized with the Yoast SEO plugin v26.3 - https:\/\/yoast.com\/wordpress\/plugins\/seo\/ -->\n<title>Ana Sayfa | Gold Island Selected Hotel<\/title>\n<meta name=\"robots\" content=\"index, follow, max-snippet:-1, max-image-preview:large, max-video-preview:-1\" \/>\n<link rel=\"canonical\" href=\"https:\/\/goldislandhotel.com.tr\/tr\/\" \/>\n<meta property=\"og:locale\" content=\"tr_TR\" \/>\n<meta property=\"og:type\" content=\"article\" \/>\n<meta property=\"og:title\" content=\"Ana Sayfa | Gold Island Selected Hotel\" \/>\n<meta property=\"og:url\" content=\"https:\/\/goldislandhotel.com.tr\/tr\/\" \/>\n<meta property=\"og:site_name\" content=\"Gold Island Selected Hotel\" \/>\n<meta property=\"article:modified_time\" content=\"2025-08-11T16:59:14+00:00\" \/>\n<meta name=\"twitter:card\" content=\"summary_large_image\" \/>\n<meta name=\"twitter:label1\" content=\"Tahmini okuma s\u00fcresi\" \/>\n\t<meta name=\"twitter:data1\" content=\"1 dakika\" \/>\n<script type=\"application\/ld+json\" class=\"yoast-schema-graph\">{\"@context\":\"https:\/\/schema.org\",\"@graph\":[{\"@type\":\"WebPage\",\"@id\":\"https:\/\/goldislandhotel.com.tr\/tr\/\",\"url\":\"https:\/\/goldislandhotel.com.tr\/tr\/\",\"name\":\"Ana Sayfa | Gold Island Selected Hotel\",\"isPartOf\":{\"@id\":\"https:\/\/goldislandhotel.com.tr\/tr\/#website\"},\"datePublished\":\"2015-06-25T14:03:52+00:00\",\"dateModified\":\"2025-08-11T16:59:14+00:00\",\"breadcrumb\":{\"@id\":\"https:\/\/goldislandhotel.com.tr\/tr\/#breadcrumb\"},\"inLanguage\":\"tr\",\"potentialAction\":[{\"@type\":\"ReadAction\",\"target\":[[\"https:\/\/goldislandhotel.com.tr\/tr\/\"]]}]},{\"@type\":\"BreadcrumbList\",\"@id\":\"https:\/\/goldislandhotel.com.tr\/tr\/#breadcrumb\",\"itemListElement\":[{\"@type\":\"ListItem\",\"position\":1,\"name\":\"Home\",\"item\":\"https:\/\/goldislandhotel.com.tr\/tr\/\"},{\"@type\":\"ListItem\",\"position\":2,\"name\":\"Home\"}]},{\"@type\":\"WebSite\",\"@id\":\"https:\/\/goldislandhotel.com.tr\/tr\/#website\",\"url\":\"https:\/\/goldislandhotel.com.tr\/tr\/\",\"name\":\"Gold Island Selected Hotel\",\"description\":\"Gold Hotels\",\"potentialAction\":[{\"@type\":\"SearchAction\",\"target\":{\"@type\":\"EntryPoint\",\"urlTemplate\":\"https:\/\/goldislandhotel.com.tr\/tr\/?s={search_term_string}\"},\"query-input\":{\"@type\":\"PropertyValueSpecification\",\"valueRequired\":true,\"valueName\":\"search_term_string\"}}],\"inLanguage\":\"tr\"}]}<\/script>\n<!-- \/ Yoast SEO plugin. -->","yoast_head_json":{"title":"Ana Sayfa | Gold Island Selected Hotel","robots":{"index":"index","follow":"follow","max-snippet":"max-snippet:-1","max-image-preview":"max-image-preview:large","max-video-preview":"max-video-preview:-1"},"canonical":"https:\/\/goldislandhotel.com.tr\/tr\/","og_locale":"tr_TR","og_type":"article","og_title":"Ana Sayfa | Gold Island Selected Hotel","og_url":"https:\/\/goldislandhotel.com.tr\/tr\/","og_site_name":"Gold Island Selected Hotel","article_modified_time":"2025-08-11T16:59:14+00:00","twitter_card":"summary_large_image","twitter_misc":{"Tahmini okuma s\u00fcresi":"1 dakika"},"schema":{"@context":"https:\/\/schema.org","@graph":[{"@type":"WebPage","@id":"https:\/\/goldislandhotel.com.tr\/tr\/","url":"https:\/\/goldislandhotel.com.tr\/tr\/","name":"Ana Sayfa | Gold Island Selected Hotel","isPartOf":{"@id":"https:\/\/goldislandhotel.com.tr\/tr\/#website"},"datePublished":"2015-06-25T14:03:52+00:00","dateModified":"2025-08-11T16:59:14+00:00","breadcrumb":{"@id":"https:\/\/goldislandhotel.com.tr\/tr\/#breadcrumb"},"inLanguage":"tr","potentialAction":[{"@type":"ReadAction","target":[["https:\/\/goldislandhotel.com.tr\/tr\/"]]}]},{"@type":"BreadcrumbList","@id":"https:\/\/goldislandhotel.com.tr\/tr\/#breadcrumb","itemListElement":[{"@type":"ListItem","position":1,"name":"Home","item":"https:\/\/goldislandhotel.com.tr\/tr\/"},{"@type":"ListItem","position":2,"name":"Home"}]},{"@type":"WebSite","@id":"https:\/\/goldislandhotel.com.tr\/tr\/#website","url":"https:\/\/goldislandhotel.com.tr\/tr\/","name":"Gold Island Selected Hotel","description":"Gold Hotels","potentialAction":[{"@type":"SearchAction","target":{"@type":"EntryPoint","urlTemplate":"https:\/\/goldislandhotel.com.tr\/tr\/?s={search_term_string}"},"query-input":{"@type":"PropertyValueSpecification","valueRequired":true,"valueName":"search_term_string"}}],"inLanguage":"tr"}]}},"_links":{"self":[{"href":"https:\/\/goldislandhotel.com.tr\/tr\/wp-json\/wp\/v2\/pages\/92","targetHints":{"allow":["GET"]}}],"collection":[{"href":"https:\/\/goldislandhotel.com.tr\/tr\/wp-json\/wp\/v2\/pages"}],"about":[{"href":"https:\/\/goldislandhotel.com.tr\/tr\/wp-json\/wp\/v2\/types\/page"}],"author":[{"embeddable":true,"href":"https:\/\/goldislandhotel.com.tr\/tr\/wp-json\/wp\/v2\/users\/1"}],"replies":[{"embeddable":true,"href":"https:\/\/goldislandhotel.com.tr\/tr\/wp-json\/wp\/v2\/comments?post=92"}],"version-history":[{"count":10,"href":"https:\/\/goldislandhotel.com.tr\/tr\/wp-json\/wp\/v2\/pages\/92\/revisions"}],"predecessor-version":[{"id":3275,"href":"https:\/\/goldislandhotel.com.tr\/tr\/wp-json\/wp\/v2\/pages\/92\/revisions\/3275"}],"wp:attachment":[{"href":"https:\/\/goldislandhotel.com.tr\/tr\/wp-json\/wp\/v2\/media?parent=92"}],"curies":[{"name":"wp","href":"https:\/\/api.w.org\/{rel}","templated":true}]}}