{"id":826,"date":"2013-10-26T17:08:34","date_gmt":"2013-10-26T14:08:34","guid":{"rendered":"http:\/\/vierra.themenesia.com\/?page_id=11"},"modified":"2016-01-18T11:10:20","modified_gmt":"2016-01-18T09:10:20","slug":"alanya-city-guide","status":"publish","type":"page","link":"https:\/\/goldislandhotel.com.tr\/tr\/news-blog\/alanya-city-guide\/","title":{"rendered":"Alanya \u015eehir Rehberi"},"content":{"rendered":"<p><\/p>\n<blockquote><p>Akdeniz&#8217;in \u0130ncisi<\/p><\/blockquote>\n<p>Toros Da\u011flar\u0131&#8217;n\u0131n eteklerinde yer alan Alanya, g\u00fcne\u015ften ve denizden ayr\u0131 kalamayanlar\u0131 kendine hayran b\u0131rakan 70 km&#8217;lik kumsal\u0131 ile yerli ve yabanc\u0131 bir\u00e7ok turistin ilgisini \u00e7ekmektedir.<\/p>\n<p>Uzun plajlar\u0131n\u0131n yan\u0131nda, zengin bir k\u00fclt\u00fcr\u00fc ve tarihi de i\u00e7inde bar\u0131nd\u0131ran il\u00e7e, turizmin giderek d\u00f6rt mevsime yay\u0131lmas\u0131 ile h\u0131zla geli\u015fmektedir. S\u0131cak Akdeniz ikliminin h\u00e2kim oldu\u011fu Alanya&#8217;da y\u0131l\u0131n ortalama 320 g\u00fcn\u00fc g\u00fcne\u015fli ge\u00e7mektedir.<\/p>\n<p>\u0130nsanlar\u0131n\u0131n misafirperverli\u011fi ile ilgi \u00e7eken belde, son zamanlarda yabanc\u0131 turistlerin de ev alarak yerle\u015fmeye ba\u015flamas\u0131yla farkl\u0131 k\u00fclt\u00fcrlerin bulu\u015fma noktas\u0131 haline gelmi\u015ftir.<\/p>\n<p>Siz de Alanya&#8217;y\u0131 ke\u015ffedin.<\/p>\n<p>&nbsp;<\/p>\n<p><iframe loading=\"lazy\" src=\"http:\/\/www.youtube.com\/embed\/27ECP4epRMg\" frameborder=\"0\" width=\"\" height=\"\" allowfullscreen><\/iframe><\/p>","protected":false},"excerpt":{"rendered":"<p>Akdeniz&#8217;in \u0130ncisi Toros Da\u011flar\u0131&#8217;n\u0131n eteklerinde yer alan Alanya, g\u00fcne\u015ften ve denizden ayr\u0131 kalamayanlar\u0131 kendine hayran b\u0131rakan 70 km&#8217;lik kumsal\u0131 ile yerli ve yabanc\u0131 bir\u00e7ok turistin ilgisini \u00e7ekmektedir. Uzun plajlar\u0131n\u0131n yan\u0131nda, zengin bir k\u00fclt\u00fcr\u00fc ve tarihi de i\u00e7inde bar\u0131nd\u0131ran il\u00e7e, turizmin giderek d\u00f6rt mevsime yay\u0131lmas\u0131 ile h\u0131zla geli\u015fmektedir. S\u0131cak Akdeniz ikliminin h\u00e2kim oldu\u011fu Alanya&#8217;da y\u0131l\u0131n ortalama 320 g\u00fcn\u00fc g\u00fcne\u015fli ge\u00e7mektedir. \u0130nsanlar\u0131n\u0131n misafirperverli\u011fi ile ilgi \u00e7eken belde,&#8230;<\/p>\n<p><a class=\"more-link\" href=\"https:\/\/goldislandhotel.com.tr\/tr\/news-blog\/alanya-city-guide\/\">Continue Reading &#8230;<\/a><\/p>\n","protected":false},"author":1,"featured_media":0,"parent":94,"menu_order":0,"comment_status":"open","ping_status":"closed","template":"","meta":{"footnotes":""},"class_list":["post-826","page","type-page","status-publish","hentry"],"yoast_head":"<!-- This site is optimized with the Yoast SEO plugin v26.3 - https:\/\/yoast.com\/wordpress\/plugins\/seo\/ -->\n<title>Alanya \u015eehir Rehberi | Gold Island Selected Hotel<\/title>\n<meta name=\"robots\" content=\"index, follow, max-snippet:-1, max-image-preview:large, max-video-preview:-1\" \/>\n<link rel=\"canonical\" href=\"https:\/\/goldislandhotel.com.tr\/tr\/news-blog\/alanya-city-guide\/\" \/>\n<meta property=\"og:locale\" content=\"tr_TR\" \/>\n<meta property=\"og:type\" content=\"article\" \/>\n<meta property=\"og:title\" content=\"Alanya \u015eehir Rehberi | Gold Island Selected Hotel\" \/>\n<meta property=\"og:description\" content=\"Akdeniz&#8217;in \u0130ncisi Toros Da\u011flar\u0131&#8217;n\u0131n eteklerinde yer alan Alanya, g\u00fcne\u015ften ve denizden ayr\u0131 kalamayanlar\u0131 kendine hayran b\u0131rakan 70 km&#8217;lik kumsal\u0131 ile yerli ve yabanc\u0131 bir\u00e7ok turistin ilgisini \u00e7ekmektedir. Uzun plajlar\u0131n\u0131n yan\u0131nda, zengin bir k\u00fclt\u00fcr\u00fc ve tarihi de i\u00e7inde bar\u0131nd\u0131ran il\u00e7e, turizmin giderek d\u00f6rt mevsime yay\u0131lmas\u0131 ile h\u0131zla geli\u015fmektedir. S\u0131cak Akdeniz ikliminin h\u00e2kim oldu\u011fu Alanya&#8217;da y\u0131l\u0131n ortalama 320 g\u00fcn\u00fc g\u00fcne\u015fli ge\u00e7mektedir. \u0130nsanlar\u0131n\u0131n misafirperverli\u011fi ile ilgi \u00e7eken belde,...Continue Reading ...\" \/>\n<meta property=\"og:url\" content=\"https:\/\/goldislandhotel.com.tr\/tr\/news-blog\/alanya-city-guide\/\" \/>\n<meta property=\"og:site_name\" content=\"Gold Island Selected Hotel\" \/>\n<meta property=\"article:modified_time\" content=\"2016-01-18T09:10:20+00:00\" \/>\n<meta name=\"twitter:card\" content=\"summary_large_image\" \/>\n<meta name=\"twitter:label1\" content=\"Tahmini okuma s\u00fcresi\" \/>\n\t<meta name=\"twitter:data1\" content=\"2 dakika\" \/>\n<script type=\"application\/ld+json\" class=\"yoast-schema-graph\">{\"@context\":\"https:\/\/schema.org\",\"@graph\":[{\"@type\":\"WebPage\",\"@id\":\"https:\/\/goldislandhotel.com.tr\/tr\/news-blog\/alanya-city-guide\/\",\"url\":\"https:\/\/goldislandhotel.com.tr\/tr\/news-blog\/alanya-city-guide\/\",\"name\":\"Alanya \u015eehir Rehberi | Gold Island Selected Hotel\",\"isPartOf\":{\"@id\":\"https:\/\/goldislandhotel.com.tr\/tr\/#website\"},\"datePublished\":\"2013-10-26T14:08:34+00:00\",\"dateModified\":\"2016-01-18T09:10:20+00:00\",\"breadcrumb\":{\"@id\":\"https:\/\/goldislandhotel.com.tr\/tr\/news-blog\/alanya-city-guide\/#breadcrumb\"},\"inLanguage\":\"tr\",\"potentialAction\":[{\"@type\":\"ReadAction\",\"target\":[[\"https:\/\/goldislandhotel.com.tr\/tr\/news-blog\/alanya-city-guide\/\"]]}]},{\"@type\":\"BreadcrumbList\",\"@id\":\"https:\/\/goldislandhotel.com.tr\/tr\/news-blog\/alanya-city-guide\/#breadcrumb\",\"itemListElement\":[{\"@type\":\"ListItem\",\"position\":1,\"name\":\"Home\",\"item\":\"https:\/\/goldislandhotel.com.tr\/tr\/\"},{\"@type\":\"ListItem\",\"position\":2,\"name\":\"Gold Hotels News &#038; Blog\",\"item\":\"https:\/\/goldislandhotel.com.tr\/tr\/news-blog\/\"},{\"@type\":\"ListItem\",\"position\":3,\"name\":\"Alanya City Guide\"}]},{\"@type\":\"WebSite\",\"@id\":\"https:\/\/goldislandhotel.com.tr\/tr\/#website\",\"url\":\"https:\/\/goldislandhotel.com.tr\/tr\/\",\"name\":\"Gold Island Selected Hotel\",\"description\":\"Gold Hotels\",\"potentialAction\":[{\"@type\":\"SearchAction\",\"target\":{\"@type\":\"EntryPoint\",\"urlTemplate\":\"https:\/\/goldislandhotel.com.tr\/tr\/?s={search_term_string}\"},\"query-input\":{\"@type\":\"PropertyValueSpecification\",\"valueRequired\":true,\"valueName\":\"search_term_string\"}}],\"inLanguage\":\"tr\"}]}<\/script>\n<!-- \/ Yoast SEO plugin. -->","yoast_head_json":{"title":"Alanya \u015eehir Rehberi | Gold Island Selected Hotel","robots":{"index":"index","follow":"follow","max-snippet":"max-snippet:-1","max-image-preview":"max-image-preview:large","max-video-preview":"max-video-preview:-1"},"canonical":"https:\/\/goldislandhotel.com.tr\/tr\/news-blog\/alanya-city-guide\/","og_locale":"tr_TR","og_type":"article","og_title":"Alanya \u015eehir Rehberi | Gold Island Selected Hotel","og_description":"Akdeniz&#8217;in \u0130ncisi Toros Da\u011flar\u0131&#8217;n\u0131n eteklerinde yer alan Alanya, g\u00fcne\u015ften ve denizden ayr\u0131 kalamayanlar\u0131 kendine hayran b\u0131rakan 70 km&#8217;lik kumsal\u0131 ile yerli ve yabanc\u0131 bir\u00e7ok turistin ilgisini \u00e7ekmektedir. Uzun plajlar\u0131n\u0131n yan\u0131nda, zengin bir k\u00fclt\u00fcr\u00fc ve tarihi de i\u00e7inde bar\u0131nd\u0131ran il\u00e7e, turizmin giderek d\u00f6rt mevsime yay\u0131lmas\u0131 ile h\u0131zla geli\u015fmektedir. S\u0131cak Akdeniz ikliminin h\u00e2kim oldu\u011fu Alanya&#8217;da y\u0131l\u0131n ortalama 320 g\u00fcn\u00fc g\u00fcne\u015fli ge\u00e7mektedir. \u0130nsanlar\u0131n\u0131n misafirperverli\u011fi ile ilgi \u00e7eken belde,...Continue Reading ...","og_url":"https:\/\/goldislandhotel.com.tr\/tr\/news-blog\/alanya-city-guide\/","og_site_name":"Gold Island Selected Hotel","article_modified_time":"2016-01-18T09:10:20+00:00","twitter_card":"summary_large_image","twitter_misc":{"Tahmini okuma s\u00fcresi":"2 dakika"},"schema":{"@context":"https:\/\/schema.org","@graph":[{"@type":"WebPage","@id":"https:\/\/goldislandhotel.com.tr\/tr\/news-blog\/alanya-city-guide\/","url":"https:\/\/goldislandhotel.com.tr\/tr\/news-blog\/alanya-city-guide\/","name":"Alanya \u015eehir Rehberi | Gold Island Selected Hotel","isPartOf":{"@id":"https:\/\/goldislandhotel.com.tr\/tr\/#website"},"datePublished":"2013-10-26T14:08:34+00:00","dateModified":"2016-01-18T09:10:20+00:00","breadcrumb":{"@id":"https:\/\/goldislandhotel.com.tr\/tr\/news-blog\/alanya-city-guide\/#breadcrumb"},"inLanguage":"tr","potentialAction":[{"@type":"ReadAction","target":[["https:\/\/goldislandhotel.com.tr\/tr\/news-blog\/alanya-city-guide\/"]]}]},{"@type":"BreadcrumbList","@id":"https:\/\/goldislandhotel.com.tr\/tr\/news-blog\/alanya-city-guide\/#breadcrumb","itemListElement":[{"@type":"ListItem","position":1,"name":"Home","item":"https:\/\/goldislandhotel.com.tr\/tr\/"},{"@type":"ListItem","position":2,"name":"Gold Hotels News &#038; Blog","item":"https:\/\/goldislandhotel.com.tr\/tr\/news-blog\/"},{"@type":"ListItem","position":3,"name":"Alanya City Guide"}]},{"@type":"WebSite","@id":"https:\/\/goldislandhotel.com.tr\/tr\/#website","url":"https:\/\/goldislandhotel.com.tr\/tr\/","name":"Gold Island Selected Hotel","description":"Gold Hotels","potentialAction":[{"@type":"SearchAction","target":{"@type":"EntryPoint","urlTemplate":"https:\/\/goldislandhotel.com.tr\/tr\/?s={search_term_string}"},"query-input":{"@type":"PropertyValueSpecification","valueRequired":true,"valueName":"search_term_string"}}],"inLanguage":"tr"}]}},"_links":{"self":[{"href":"https:\/\/goldislandhotel.com.tr\/tr\/wp-json\/wp\/v2\/pages\/826","targetHints":{"allow":["GET"]}}],"collection":[{"href":"https:\/\/goldislandhotel.com.tr\/tr\/wp-json\/wp\/v2\/pages"}],"about":[{"href":"https:\/\/goldislandhotel.com.tr\/tr\/wp-json\/wp\/v2\/types\/page"}],"author":[{"embeddable":true,"href":"https:\/\/goldislandhotel.com.tr\/tr\/wp-json\/wp\/v2\/users\/1"}],"replies":[{"embeddable":true,"href":"https:\/\/goldislandhotel.com.tr\/tr\/wp-json\/wp\/v2\/comments?post=826"}],"version-history":[{"count":9,"href":"https:\/\/goldislandhotel.com.tr\/tr\/wp-json\/wp\/v2\/pages\/826\/revisions"}],"predecessor-version":[{"id":1627,"href":"https:\/\/goldislandhotel.com.tr\/tr\/wp-json\/wp\/v2\/pages\/826\/revisions\/1627"}],"up":[{"embeddable":true,"href":"https:\/\/goldislandhotel.com.tr\/tr\/wp-json\/wp\/v2\/pages\/94"}],"wp:attachment":[{"href":"https:\/\/goldislandhotel.com.tr\/tr\/wp-json\/wp\/v2\/media?parent=826"}],"curies":[{"name":"wp","href":"https:\/\/api.w.org\/{rel}","templated":true}]}}