{"id":3308,"date":"2025-11-12T18:08:26","date_gmt":"2025-11-12T15:08:26","guid":{"rendered":"https:\/\/goldislandhotel.com.tr\/?page_id=3308"},"modified":"2025-11-13T11:18:18","modified_gmt":"2025-11-13T08:18:18","slug":"engellilerle-ilgili-erisilebilirlik","status":"publish","type":"page","link":"https:\/\/goldislandhotel.com.tr\/tr\/features\/engellilerle-ilgili-erisilebilirlik\/","title":{"rendered":"ER\u0130\u015e\u0130LEB\u0130L\u0130R OLANAKLARIMIZ"},"content":{"rendered":"<p><b>Engelli Oda Say\u0131s\u0131 : 2 Adet<\/b><\/p>\n<p><strong>\u00d6zellikleri<\/strong><\/p>\n<ul>\n<li>Geni\u015f Kap\u0131lar 100 cm<\/li>\n<li>Du\u015f koltu\u011fu ve Tutunma Barlar\u0131<\/li>\n<li>Al\u00e7alt\u0131lm\u0131\u015f Tezgahlar<\/li>\n<li>Eri\u015filebilir G\u00fc\u00e7 \u00c7\u0131k\u0131\u015flar\u0131 ve \u015earj \u0130stasyonlar\u0131<\/li>\n<li>K\u00f6\u015fe Koruma Aparatl\u0131 Mobilyalar<\/li>\n<li>Tekerlekli Sandalye Hareketi<span class=\"Apple-converted-space\">\u00a0 <\/span>i\u00e7in Yeterli Alan<\/li>\n<li>Eri\u015filebilir WC ve du\u015f olanaklar\u0131<\/li>\n<li>Acil Durum Butonlar\u0131 (Du\u015f ve Lavabo alan\u0131)<\/li>\n<li>\u0130\u015fitme Engelli Bireyler i\u00e7in I\u015f\u0131kl\u0131 Uyar\u0131 Aparat\u0131<\/li>\n<li>Eri\u015filebilir Dolap ve Depolama Alanlar\u0131<\/li>\n<\/ul>\n<p><strong>Engellilerle \u0130lgili Genel Alan Eri\u015filebilirli\u011fi<\/strong><\/p>\n<ul>\n<li>T\u00fcm Alanlar Engelli Rampal\u0131 ve Tekerlekli Sandalyeye Uygun<\/li>\n<li>B\u00fcy\u00fck Havuz ve Kapal\u0131 Havuzda Engelli Asans\u00f6r\u00fc Eri\u015fimi Mevcut<\/li>\n<li>Plajda Engelli \u015fezlongu ve Arac\u0131 Mevcut<\/li>\n<li>Tesis Geneli Tekerlekli Sandalyeye Uygun Y\u00fcr\u00fcme Yollar\u0131<\/li>\n<\/ul>\n<p><\/p>","protected":false},"excerpt":{"rendered":"<p>Engelli Oda Say\u0131s\u0131 : 2 Adet \u00d6zellikleri Geni\u015f Kap\u0131lar 100 cm Du\u015f koltu\u011fu ve Tutunma Barlar\u0131 Al\u00e7alt\u0131lm\u0131\u015f Tezgahlar Eri\u015filebilir G\u00fc\u00e7 \u00c7\u0131k\u0131\u015flar\u0131 ve \u015earj \u0130stasyonlar\u0131 K\u00f6\u015fe Koruma Aparatl\u0131 Mobilyalar Tekerlekli Sandalye Hareketi\u00a0 i\u00e7in Yeterli Alan Eri\u015filebilir WC ve du\u015f olanaklar\u0131 Acil Durum Butonlar\u0131 (Du\u015f ve Lavabo alan\u0131) \u0130\u015fitme Engelli Bireyler i\u00e7in I\u015f\u0131kl\u0131 Uyar\u0131 Aparat\u0131 Eri\u015filebilir Dolap ve Depolama Alanlar\u0131 Engellilerle \u0130lgili Genel Alan Eri\u015filebilirli\u011fi T\u00fcm Alanlar&#8230;<\/p>\n<p><a class=\"more-link\" href=\"https:\/\/goldislandhotel.com.tr\/tr\/features\/engellilerle-ilgili-erisilebilirlik\/\">Continue Reading &#8230;<\/a><\/p>\n","protected":false},"author":2,"featured_media":3310,"parent":99,"menu_order":0,"comment_status":"closed","ping_status":"closed","template":"","meta":{"footnotes":""},"class_list":["post-3308","page","type-page","status-publish","has-post-thumbnail","hentry"],"yoast_head":"<!-- This site is optimized with the Yoast SEO plugin v26.3 - https:\/\/yoast.com\/wordpress\/plugins\/seo\/ -->\n<title>ER\u0130\u015e\u0130LEB\u0130L\u0130R OLANAKLARIMIZ | Gold Island Selected Hotel<\/title>\n<meta name=\"robots\" content=\"index, follow, max-snippet:-1, max-image-preview:large, max-video-preview:-1\" \/>\n<link rel=\"canonical\" href=\"https:\/\/goldislandhotel.com.tr\/tr\/features\/engellilerle-ilgili-erisilebilirlik\/\" \/>\n<meta property=\"og:locale\" content=\"tr_TR\" \/>\n<meta property=\"og:type\" content=\"article\" \/>\n<meta property=\"og:title\" content=\"ER\u0130\u015e\u0130LEB\u0130L\u0130R OLANAKLARIMIZ | Gold Island Selected Hotel\" \/>\n<meta property=\"og:description\" content=\"Engelli Oda Say\u0131s\u0131 : 2 Adet \u00d6zellikleri Geni\u015f Kap\u0131lar 100 cm Du\u015f koltu\u011fu ve Tutunma Barlar\u0131 Al\u00e7alt\u0131lm\u0131\u015f Tezgahlar Eri\u015filebilir G\u00fc\u00e7 \u00c7\u0131k\u0131\u015flar\u0131 ve \u015earj \u0130stasyonlar\u0131 K\u00f6\u015fe Koruma Aparatl\u0131 Mobilyalar Tekerlekli Sandalye Hareketi\u00a0 i\u00e7in Yeterli Alan Eri\u015filebilir WC ve du\u015f olanaklar\u0131 Acil Durum Butonlar\u0131 (Du\u015f ve Lavabo alan\u0131) \u0130\u015fitme Engelli Bireyler i\u00e7in I\u015f\u0131kl\u0131 Uyar\u0131 Aparat\u0131 Eri\u015filebilir Dolap ve Depolama Alanlar\u0131 Engellilerle \u0130lgili Genel Alan Eri\u015filebilirli\u011fi T\u00fcm Alanlar...Continue Reading ...\" \/>\n<meta property=\"og:url\" content=\"https:\/\/goldislandhotel.com.tr\/tr\/features\/engellilerle-ilgili-erisilebilirlik\/\" \/>\n<meta property=\"og:site_name\" content=\"Gold Island Selected Hotel\" \/>\n<meta property=\"article:modified_time\" content=\"2025-11-13T08:18:18+00:00\" \/>\n<meta property=\"og:image\" content=\"https:\/\/goldislandhotel.com.tr\/wp-content\/uploads\/2015\/06\/engelliler-2-1.jpg\" \/>\n\t<meta property=\"og:image:width\" content=\"1200\" \/>\n\t<meta property=\"og:image:height\" content=\"844\" \/>\n\t<meta property=\"og:image:type\" content=\"image\/jpeg\" \/>\n<meta name=\"twitter:card\" content=\"summary_large_image\" \/>\n<meta name=\"twitter:label1\" content=\"Tahmini okuma s\u00fcresi\" \/>\n\t<meta name=\"twitter:data1\" content=\"1 dakika\" \/>\n<script type=\"application\/ld+json\" class=\"yoast-schema-graph\">{\"@context\":\"https:\/\/schema.org\",\"@graph\":[{\"@type\":\"WebPage\",\"@id\":\"https:\/\/goldislandhotel.com.tr\/tr\/features\/engellilerle-ilgili-erisilebilirlik\/\",\"url\":\"https:\/\/goldislandhotel.com.tr\/tr\/features\/engellilerle-ilgili-erisilebilirlik\/\",\"name\":\"ER\u0130\u015e\u0130LEB\u0130L\u0130R OLANAKLARIMIZ | Gold Island Selected Hotel\",\"isPartOf\":{\"@id\":\"https:\/\/goldislandhotel.com.tr\/tr\/#website\"},\"primaryImageOfPage\":{\"@id\":\"https:\/\/goldislandhotel.com.tr\/tr\/features\/engellilerle-ilgili-erisilebilirlik\/#primaryimage\"},\"image\":{\"@id\":\"https:\/\/goldislandhotel.com.tr\/features\/engellilerle-ilgili-erisilebilirlik\/#primaryimage\"},\"thumbnailUrl\":\"https:\/\/goldislandhotel.com.tr\/wp-content\/uploads\/2015\/06\/engelliler-2-1.jpg\",\"datePublished\":\"2025-11-12T15:08:26+00:00\",\"dateModified\":\"2025-11-13T08:18:18+00:00\",\"breadcrumb\":{\"@id\":\"https:\/\/goldislandhotel.com.tr\/tr\/features\/engellilerle-ilgili-erisilebilirlik\/#breadcrumb\"},\"inLanguage\":\"tr\",\"potentialAction\":[{\"@type\":\"ReadAction\",\"target\":[[\"https:\/\/goldislandhotel.com.tr\/tr\/features\/engellilerle-ilgili-erisilebilirlik\/\"]]}]},{\"@type\":\"ImageObject\",\"inLanguage\":\"tr\",\"@id\":\"https:\/\/goldislandhotel.com.tr\/tr\/features\/engellilerle-ilgili-erisilebilirlik\/#primaryimage\",\"url\":\"https:\/\/goldislandhotel.com.tr\/wp-content\/uploads\/2015\/06\/engelliler-2-1.jpg\",\"contentUrl\":\"https:\/\/goldislandhotel.com.tr\/wp-content\/uploads\/2015\/06\/engelliler-2-1.jpg\",\"width\":1200,\"height\":844},{\"@type\":\"BreadcrumbList\",\"@id\":\"https:\/\/goldislandhotel.com.tr\/tr\/features\/engellilerle-ilgili-erisilebilirlik\/#breadcrumb\",\"itemListElement\":[{\"@type\":\"ListItem\",\"position\":1,\"name\":\"Home\",\"item\":\"https:\/\/goldislandhotel.com.tr\/tr\/\"},{\"@type\":\"ListItem\",\"position\":2,\"name\":\"Features\",\"item\":\"https:\/\/goldislandhotel.com.tr\/tr\/features\/\"},{\"@type\":\"ListItem\",\"position\":3,\"name\":\"OUR ACCESSIBLE FACILITIES\"}]},{\"@type\":\"WebSite\",\"@id\":\"https:\/\/goldislandhotel.com.tr\/tr\/#website\",\"url\":\"https:\/\/goldislandhotel.com.tr\/tr\/\",\"name\":\"Gold Island Selected Hotel\",\"description\":\"Gold Hotels\",\"potentialAction\":[{\"@type\":\"SearchAction\",\"target\":{\"@type\":\"EntryPoint\",\"urlTemplate\":\"https:\/\/goldislandhotel.com.tr\/tr\/?s={search_term_string}\"},\"query-input\":{\"@type\":\"PropertyValueSpecification\",\"valueRequired\":true,\"valueName\":\"search_term_string\"}}],\"inLanguage\":\"tr\"}]}<\/script>\n<!-- \/ Yoast SEO plugin. -->","yoast_head_json":{"title":"ER\u0130\u015e\u0130LEB\u0130L\u0130R OLANAKLARIMIZ | Gold Island Selected Hotel","robots":{"index":"index","follow":"follow","max-snippet":"max-snippet:-1","max-image-preview":"max-image-preview:large","max-video-preview":"max-video-preview:-1"},"canonical":"https:\/\/goldislandhotel.com.tr\/tr\/features\/engellilerle-ilgili-erisilebilirlik\/","og_locale":"tr_TR","og_type":"article","og_title":"ER\u0130\u015e\u0130LEB\u0130L\u0130R OLANAKLARIMIZ | Gold Island Selected Hotel","og_description":"Engelli Oda Say\u0131s\u0131 : 2 Adet \u00d6zellikleri Geni\u015f Kap\u0131lar 100 cm Du\u015f koltu\u011fu ve Tutunma Barlar\u0131 Al\u00e7alt\u0131lm\u0131\u015f Tezgahlar Eri\u015filebilir G\u00fc\u00e7 \u00c7\u0131k\u0131\u015flar\u0131 ve \u015earj \u0130stasyonlar\u0131 K\u00f6\u015fe Koruma Aparatl\u0131 Mobilyalar Tekerlekli Sandalye Hareketi\u00a0 i\u00e7in Yeterli Alan Eri\u015filebilir WC ve du\u015f olanaklar\u0131 Acil Durum Butonlar\u0131 (Du\u015f ve Lavabo alan\u0131) \u0130\u015fitme Engelli Bireyler i\u00e7in I\u015f\u0131kl\u0131 Uyar\u0131 Aparat\u0131 Eri\u015filebilir Dolap ve Depolama Alanlar\u0131 Engellilerle \u0130lgili Genel Alan Eri\u015filebilirli\u011fi T\u00fcm Alanlar...Continue Reading ...","og_url":"https:\/\/goldislandhotel.com.tr\/tr\/features\/engellilerle-ilgili-erisilebilirlik\/","og_site_name":"Gold Island Selected Hotel","article_modified_time":"2025-11-13T08:18:18+00:00","og_image":[{"width":1200,"height":844,"url":"https:\/\/goldislandhotel.com.tr\/wp-content\/uploads\/2015\/06\/engelliler-2-1.jpg","type":"image\/jpeg"}],"twitter_card":"summary_large_image","twitter_misc":{"Tahmini okuma s\u00fcresi":"1 dakika"},"schema":{"@context":"https:\/\/schema.org","@graph":[{"@type":"WebPage","@id":"https:\/\/goldislandhotel.com.tr\/tr\/features\/engellilerle-ilgili-erisilebilirlik\/","url":"https:\/\/goldislandhotel.com.tr\/tr\/features\/engellilerle-ilgili-erisilebilirlik\/","name":"ER\u0130\u015e\u0130LEB\u0130L\u0130R OLANAKLARIMIZ | Gold Island Selected Hotel","isPartOf":{"@id":"https:\/\/goldislandhotel.com.tr\/tr\/#website"},"primaryImageOfPage":{"@id":"https:\/\/goldislandhotel.com.tr\/tr\/features\/engellilerle-ilgili-erisilebilirlik\/#primaryimage"},"image":{"@id":"https:\/\/goldislandhotel.com.tr\/features\/engellilerle-ilgili-erisilebilirlik\/#primaryimage"},"thumbnailUrl":"https:\/\/goldislandhotel.com.tr\/wp-content\/uploads\/2015\/06\/engelliler-2-1.jpg","datePublished":"2025-11-12T15:08:26+00:00","dateModified":"2025-11-13T08:18:18+00:00","breadcrumb":{"@id":"https:\/\/goldislandhotel.com.tr\/tr\/features\/engellilerle-ilgili-erisilebilirlik\/#breadcrumb"},"inLanguage":"tr","potentialAction":[{"@type":"ReadAction","target":[["https:\/\/goldislandhotel.com.tr\/tr\/features\/engellilerle-ilgili-erisilebilirlik\/"]]}]},{"@type":"ImageObject","inLanguage":"tr","@id":"https:\/\/goldislandhotel.com.tr\/tr\/features\/engellilerle-ilgili-erisilebilirlik\/#primaryimage","url":"https:\/\/goldislandhotel.com.tr\/wp-content\/uploads\/2015\/06\/engelliler-2-1.jpg","contentUrl":"https:\/\/goldislandhotel.com.tr\/wp-content\/uploads\/2015\/06\/engelliler-2-1.jpg","width":1200,"height":844},{"@type":"BreadcrumbList","@id":"https:\/\/goldislandhotel.com.tr\/tr\/features\/engellilerle-ilgili-erisilebilirlik\/#breadcrumb","itemListElement":[{"@type":"ListItem","position":1,"name":"Home","item":"https:\/\/goldislandhotel.com.tr\/tr\/"},{"@type":"ListItem","position":2,"name":"Features","item":"https:\/\/goldislandhotel.com.tr\/tr\/features\/"},{"@type":"ListItem","position":3,"name":"OUR ACCESSIBLE FACILITIES"}]},{"@type":"WebSite","@id":"https:\/\/goldislandhotel.com.tr\/tr\/#website","url":"https:\/\/goldislandhotel.com.tr\/tr\/","name":"Gold Island Selected Hotel","description":"Gold Hotels","potentialAction":[{"@type":"SearchAction","target":{"@type":"EntryPoint","urlTemplate":"https:\/\/goldislandhotel.com.tr\/tr\/?s={search_term_string}"},"query-input":{"@type":"PropertyValueSpecification","valueRequired":true,"valueName":"search_term_string"}}],"inLanguage":"tr"}]}},"_links":{"self":[{"href":"https:\/\/goldislandhotel.com.tr\/tr\/wp-json\/wp\/v2\/pages\/3308","targetHints":{"allow":["GET"]}}],"collection":[{"href":"https:\/\/goldislandhotel.com.tr\/tr\/wp-json\/wp\/v2\/pages"}],"about":[{"href":"https:\/\/goldislandhotel.com.tr\/tr\/wp-json\/wp\/v2\/types\/page"}],"author":[{"embeddable":true,"href":"https:\/\/goldislandhotel.com.tr\/tr\/wp-json\/wp\/v2\/users\/2"}],"replies":[{"embeddable":true,"href":"https:\/\/goldislandhotel.com.tr\/tr\/wp-json\/wp\/v2\/comments?post=3308"}],"version-history":[{"count":9,"href":"https:\/\/goldislandhotel.com.tr\/tr\/wp-json\/wp\/v2\/pages\/3308\/revisions"}],"predecessor-version":[{"id":3324,"href":"https:\/\/goldislandhotel.com.tr\/tr\/wp-json\/wp\/v2\/pages\/3308\/revisions\/3324"}],"up":[{"embeddable":true,"href":"https:\/\/goldislandhotel.com.tr\/tr\/wp-json\/wp\/v2\/pages\/99"}],"wp:featuredmedia":[{"embeddable":true,"href":"https:\/\/goldislandhotel.com.tr\/tr\/wp-json\/wp\/v2\/media\/3310"}],"wp:attachment":[{"href":"https:\/\/goldislandhotel.com.tr\/tr\/wp-json\/wp\/v2\/media?parent=3308"}],"curies":[{"name":"wp","href":"https:\/\/api.w.org\/{rel}","templated":true}]}}