{"id":159,"date":"2015-06-26T07:00:13","date_gmt":"2015-06-26T07:00:13","guid":{"rendered":"http:\/\/ravistheme.com\/pinar\/wp\/?page_id=159"},"modified":"2016-03-21T20:15:48","modified_gmt":"2016-03-21T18:15:48","slug":"media","status":"publish","type":"page","link":"https:\/\/goldislandhotel.com.tr\/tr\/gold-gallery\/media\/","title":{"rendered":"Medya"},"content":{"rendered":"<p><div class=\"title-line \"><div class=\"title-p\"><p>Medya<\/p><\/div><span class=\"subtitle\">SENTIDO Gold Island<\/span><\/div><div class=\"clearfix\"><\/div><div class=\"spacer\"><\/div><\/p>\n<div class=\"col-md-6\"><div class=\"figure-box \"><div class=\"img-container \"><figure><img decoding=\"async\" src=\"\/wp-content\/uploads\/2015\/06\/gallery_header-1024x683.jpg\" alt=\"Foto Set\" \/><a href=\"\/wp-content\/uploads\/2015\/06\/gallery_header.jpg\" rel=\"prettyPhoto\" target=\"\" title=\"Foto Set\"><\/a><figcaption><h4>Foto Set<\/h4><\/figcaption><\/figure><\/div><div class=\"details \"><h4>Y\u00fcksek \u00c7\u00f6z\u00fcn\u00fcrl\u00fck - Foto Set<\/h4><hr class=\"line-before\"><div class=\"dtl-text\"><\/div><hr class=\"line-after\"><p><i class=\"fa fa-download padding-right-10\"><\/i><a href=\"https:\/\/www.dropbox.com\/s\/7am1slv0nc32ril\/SENTIDO_GOLD_ISLAND_HOTEL_PHOTOS.rar?dl=1\">\u0130ndir<\/a><\/p><\/div><\/div><div class=\"clearfix\"><\/div><\/div>\n<div class=\"col-md-6\"><div class=\"figure-box \"><div class=\"img-container \"><figure><img decoding=\"async\" src=\"\/wp-content\/uploads\/2015\/06\/catalog_cover-1024x683.jpg\" alt=\"Katalog\" \/><a href=\"\/wp-content\/uploads\/2015\/06\/catalog_cover.jpg\" rel=\"prettyPhoto\" target=\"\" title=\"Katalog\"><\/a><figcaption><h4>Katalog<\/h4><\/figcaption><\/figure><\/div><div class=\"details \"><h4>Katalog<\/h4><hr class=\"line-before\"><div class=\"dtl-text\"><\/div><hr class=\"line-after\"><p><i class=\"fa fa-download padding-right-10\"><\/i><a href=\"https:\/\/www.dropbox.com\/s\/kavv3ob0bnl4afy\/SENTIDO_GOLD_ISLAND_WK_TR.pdf?dl=1\">\u0130ndir<\/a><\/p><\/div><\/div><div class=\"clearfix\"><\/div><\/div>\n<p><div class=\"clear\"><\/div><div class=\"spacer\"><\/div><\/p>\n<div class=\"title-line \"><div class=\"title-p\"><p>Logo<\/p><\/div><span class=\"subtitle\"><\/span><\/div><div class=\"clearfix\"><\/div>\n<div class=\"col-md-3\"><div class=\"figure-box \"><div class=\"img-container borderless\"><figure><img decoding=\"async\" src=\"\/wp-content\/uploads\/2015\/06\/gold_island-300x120.jpg\" alt=\"\" \/><a href=\"\/wp-content\/uploads\/2015\/06\/gold_island.jpg\" rel=\"prettyPhoto\" target=\"\" title=\"\"><\/a><figcaption><h4><\/h4><\/figcaption><\/figure><\/div><div class=\"details \"><h4>Full Archive<\/h4><hr class=\"line-before\"><div class=\"dtl-text\"><\/div><hr class=\"line-after\"><p><i class=\"fa fa-download padding-right-10\"><\/i><a href=\"https:\/\/www.dropbox.com\/s\/yny3nfyylepnkdk\/SENTIDO%2BGOLD%2BISLAND%2BLOGOTYPE.rar?dl=1\">\u0130ndir<\/a><\/p><\/div><\/div><div class=\"clearfix\"><\/div><\/div>\n<div class=\"col-md-3\"><div class=\"figure-box \"><div class=\"img-container borderless\"><figure><img decoding=\"async\" src=\"\/wp-content\/uploads\/2015\/06\/gold_island-300x120.jpg\" alt=\"\" \/><a href=\"\/wp-content\/uploads\/2015\/06\/gold_island.jpg\" rel=\"prettyPhoto\" target=\"\" title=\"\"><\/a><figcaption><h4><\/h4><\/figcaption><\/figure><\/div><div class=\"details \"><h4>EPS<\/h4><hr class=\"line-before\"><div class=\"dtl-text\"><\/div><hr class=\"line-after\"><p><i class=\"fa fa-download padding-right-10\"><\/i><a href=\"https:\/\/www.dropbox.com\/s\/yv4oxh27aqqe6er\/SENTIDO%2BGOLD%2BISLAND%2BLOGOTYPE.eps?dl=1\">\u0130ndir<\/a><\/p><\/div><\/div><div class=\"clearfix\"><\/div><\/div>\n<div class=\"col-md-3\"><div class=\"figure-box \"><div class=\"img-container borderless\"><figure><img decoding=\"async\" src=\"\/wp-content\/uploads\/2015\/06\/gold_island-300x120.jpg\" alt=\"\" \/><a href=\"\/wp-content\/uploads\/2015\/06\/gold_island.jpg\" rel=\"prettyPhoto\" target=\"\" title=\"\"><\/a><figcaption><h4><\/h4><\/figcaption><\/figure><\/div><div class=\"details \"><h4>PDF<\/h4><hr class=\"line-before\"><div class=\"dtl-text\"><\/div><hr class=\"line-after\"><p><i class=\"fa fa-download padding-right-10\"><\/i><a href=\"https:\/\/www.dropbox.com\/s\/2u61n7c8oqvfzgk\/SENTIDO%2BGOLD%2BISLAND%2BLOGOTYPE.pdf?dl=1\">\u0130ndir<\/a><\/p><\/div><\/div><div class=\"clearfix\"><\/div><\/div>\n<div class=\"col-md-3\"><div class=\"figure-box \"><div class=\"img-container borderless\"><figure><img decoding=\"async\" src=\"\/wp-content\/uploads\/2015\/06\/gold_island-300x120.jpg\" alt=\"\" \/><a href=\"\/wp-content\/uploads\/2015\/06\/gold_island.jpg\" rel=\"prettyPhoto\" target=\"\" title=\"\"><\/a><figcaption><h4><\/h4><\/figcaption><\/figure><\/div><div class=\"details \"><h4>JPG<\/h4><hr class=\"line-before\"><div class=\"dtl-text\"><\/div><hr class=\"line-after\"><p><i class=\"fa fa-download padding-right-10\"><\/i><a href=\"https:\/\/www.dropbox.com\/s\/dm0xjy4wf0nvj4m\/SENTIDO%2BGOLD%2BISLAND%2BLOGOTYPE-01.jpg?dl=1\">\u0130ndir<\/a><\/p><\/div><\/div><div class=\"clearfix\"><\/div><\/div>\n<p><div class=\"clear\"><\/div><div class=\"spacer\"><\/div><\/p>","protected":false},"excerpt":{"rendered":"","protected":false},"author":1,"featured_media":0,"parent":9,"menu_order":0,"comment_status":"open","ping_status":"open","template":"","meta":{"footnotes":""},"class_list":["post-159","page","type-page","status-publish","hentry"],"yoast_head":"<!-- This site is optimized with the Yoast SEO plugin v26.3 - https:\/\/yoast.com\/wordpress\/plugins\/seo\/ -->\n<title>Medya | Gold Island Selected Hotel<\/title>\n<meta name=\"robots\" content=\"index, follow, max-snippet:-1, max-image-preview:large, max-video-preview:-1\" \/>\n<link rel=\"canonical\" href=\"https:\/\/goldislandhotel.com.tr\/tr\/gold-gallery\/media\/\" \/>\n<meta property=\"og:locale\" content=\"tr_TR\" \/>\n<meta property=\"og:type\" content=\"article\" \/>\n<meta property=\"og:title\" content=\"Medya | Gold Island Selected Hotel\" \/>\n<meta property=\"og:url\" content=\"https:\/\/goldislandhotel.com.tr\/tr\/gold-gallery\/media\/\" \/>\n<meta property=\"og:site_name\" content=\"Gold Island Selected Hotel\" \/>\n<meta property=\"article:modified_time\" content=\"2016-03-21T18:15:48+00:00\" \/>\n<meta name=\"twitter:card\" content=\"summary_large_image\" \/>\n<meta name=\"twitter:label1\" content=\"Tahmini okuma s\u00fcresi\" \/>\n\t<meta name=\"twitter:data1\" content=\"7 dakika\" \/>\n<script type=\"application\/ld+json\" class=\"yoast-schema-graph\">{\"@context\":\"https:\/\/schema.org\",\"@graph\":[{\"@type\":\"WebPage\",\"@id\":\"https:\/\/goldislandhotel.com.tr\/tr\/gold-gallery\/media\/\",\"url\":\"https:\/\/goldislandhotel.com.tr\/tr\/gold-gallery\/media\/\",\"name\":\"Medya | Gold Island Selected Hotel\",\"isPartOf\":{\"@id\":\"https:\/\/goldislandhotel.com.tr\/tr\/#website\"},\"datePublished\":\"2015-06-26T07:00:13+00:00\",\"dateModified\":\"2016-03-21T18:15:48+00:00\",\"breadcrumb\":{\"@id\":\"https:\/\/goldislandhotel.com.tr\/tr\/gold-gallery\/media\/#breadcrumb\"},\"inLanguage\":\"tr\",\"potentialAction\":[{\"@type\":\"ReadAction\",\"target\":[[\"https:\/\/goldislandhotel.com.tr\/tr\/gold-gallery\/media\/\"]]}]},{\"@type\":\"BreadcrumbList\",\"@id\":\"https:\/\/goldislandhotel.com.tr\/tr\/gold-gallery\/media\/#breadcrumb\",\"itemListElement\":[{\"@type\":\"ListItem\",\"position\":1,\"name\":\"Home\",\"item\":\"https:\/\/goldislandhotel.com.tr\/tr\/\"},{\"@type\":\"ListItem\",\"position\":2,\"name\":\"Gallery\",\"item\":\"https:\/\/goldislandhotel.com.tr\/tr\/gold-gallery\/\"},{\"@type\":\"ListItem\",\"position\":3,\"name\":\"Media\"}]},{\"@type\":\"WebSite\",\"@id\":\"https:\/\/goldislandhotel.com.tr\/tr\/#website\",\"url\":\"https:\/\/goldislandhotel.com.tr\/tr\/\",\"name\":\"Gold Island Selected Hotel\",\"description\":\"Gold Hotels\",\"potentialAction\":[{\"@type\":\"SearchAction\",\"target\":{\"@type\":\"EntryPoint\",\"urlTemplate\":\"https:\/\/goldislandhotel.com.tr\/tr\/?s={search_term_string}\"},\"query-input\":{\"@type\":\"PropertyValueSpecification\",\"valueRequired\":true,\"valueName\":\"search_term_string\"}}],\"inLanguage\":\"tr\"}]}<\/script>\n<!-- \/ Yoast SEO plugin. -->","yoast_head_json":{"title":"Medya | Gold Island Selected Hotel","robots":{"index":"index","follow":"follow","max-snippet":"max-snippet:-1","max-image-preview":"max-image-preview:large","max-video-preview":"max-video-preview:-1"},"canonical":"https:\/\/goldislandhotel.com.tr\/tr\/gold-gallery\/media\/","og_locale":"tr_TR","og_type":"article","og_title":"Medya | Gold Island Selected Hotel","og_url":"https:\/\/goldislandhotel.com.tr\/tr\/gold-gallery\/media\/","og_site_name":"Gold Island Selected Hotel","article_modified_time":"2016-03-21T18:15:48+00:00","twitter_card":"summary_large_image","twitter_misc":{"Tahmini okuma s\u00fcresi":"7 dakika"},"schema":{"@context":"https:\/\/schema.org","@graph":[{"@type":"WebPage","@id":"https:\/\/goldislandhotel.com.tr\/tr\/gold-gallery\/media\/","url":"https:\/\/goldislandhotel.com.tr\/tr\/gold-gallery\/media\/","name":"Medya | Gold Island Selected Hotel","isPartOf":{"@id":"https:\/\/goldislandhotel.com.tr\/tr\/#website"},"datePublished":"2015-06-26T07:00:13+00:00","dateModified":"2016-03-21T18:15:48+00:00","breadcrumb":{"@id":"https:\/\/goldislandhotel.com.tr\/tr\/gold-gallery\/media\/#breadcrumb"},"inLanguage":"tr","potentialAction":[{"@type":"ReadAction","target":[["https:\/\/goldislandhotel.com.tr\/tr\/gold-gallery\/media\/"]]}]},{"@type":"BreadcrumbList","@id":"https:\/\/goldislandhotel.com.tr\/tr\/gold-gallery\/media\/#breadcrumb","itemListElement":[{"@type":"ListItem","position":1,"name":"Home","item":"https:\/\/goldislandhotel.com.tr\/tr\/"},{"@type":"ListItem","position":2,"name":"Gallery","item":"https:\/\/goldislandhotel.com.tr\/tr\/gold-gallery\/"},{"@type":"ListItem","position":3,"name":"Media"}]},{"@type":"WebSite","@id":"https:\/\/goldislandhotel.com.tr\/tr\/#website","url":"https:\/\/goldislandhotel.com.tr\/tr\/","name":"Gold Island Selected Hotel","description":"Gold Hotels","potentialAction":[{"@type":"SearchAction","target":{"@type":"EntryPoint","urlTemplate":"https:\/\/goldislandhotel.com.tr\/tr\/?s={search_term_string}"},"query-input":{"@type":"PropertyValueSpecification","valueRequired":true,"valueName":"search_term_string"}}],"inLanguage":"tr"}]}},"_links":{"self":[{"href":"https:\/\/goldislandhotel.com.tr\/tr\/wp-json\/wp\/v2\/pages\/159","targetHints":{"allow":["GET"]}}],"collection":[{"href":"https:\/\/goldislandhotel.com.tr\/tr\/wp-json\/wp\/v2\/pages"}],"about":[{"href":"https:\/\/goldislandhotel.com.tr\/tr\/wp-json\/wp\/v2\/types\/page"}],"author":[{"embeddable":true,"href":"https:\/\/goldislandhotel.com.tr\/tr\/wp-json\/wp\/v2\/users\/1"}],"replies":[{"embeddable":true,"href":"https:\/\/goldislandhotel.com.tr\/tr\/wp-json\/wp\/v2\/comments?post=159"}],"version-history":[{"count":9,"href":"https:\/\/goldislandhotel.com.tr\/tr\/wp-json\/wp\/v2\/pages\/159\/revisions"}],"predecessor-version":[{"id":2344,"href":"https:\/\/goldislandhotel.com.tr\/tr\/wp-json\/wp\/v2\/pages\/159\/revisions\/2344"}],"up":[{"embeddable":true,"href":"https:\/\/goldislandhotel.com.tr\/tr\/wp-json\/wp\/v2\/pages\/9"}],"wp:attachment":[{"href":"https:\/\/goldislandhotel.com.tr\/tr\/wp-json\/wp\/v2\/media?parent=159"}],"curies":[{"name":"wp","href":"https:\/\/api.w.org\/{rel}","templated":true}]}}