{"id":125,"date":"2015-06-25T16:35:33","date_gmt":"2015-06-25T16:35:33","guid":{"rendered":"http:\/\/ravistheme.com\/pinar\/wp\/?page_id=125"},"modified":"2024-08-26T12:04:52","modified_gmt":"2024-08-26T09:04:52","slug":"quality-policy","status":"publish","type":"page","link":"https:\/\/goldislandhotel.com.tr\/tr\/about-us\/quality-policy\/","title":{"rendered":"Kalite Politikas\u0131"},"content":{"rendered":"<p><div class=\"title-line big-title\"><div class=\"title-p\"><p>KAL\u0130TE Y\u00d6NET\u0130M S\u0130STEMLER\u0130 POL\u0130T\u0130KALARI<\/p><\/div><span class=\"subtitle\"><\/span><\/div><div class=\"clearfix\"><\/div><\/p>\n<p>GOLD Hotels sahip oldu\u011fu Kalite, G\u0131da G\u00fcvenli\u011fi, Misafir Memnuniyeti, \u0130\u015f Sa\u011fl\u0131\u011f\u0131 ve G\u00fcvenli\u011fi ve \u00c7evre Y\u00f6netim sistemleri gerekliliklerini etkin olarak uygulayan ve s\u00fcrekli iyile\u015ftirme yakla\u015f\u0131m\u0131n\u0131 benimsemi\u015f uzman kadrolar\u0131yla yasal \u015fartlar\u0131 temel alarak ve t\u00fcm payda\u015flar\u0131n\u0131n \u00e7\u0131karlar\u0131n\u0131 koruyarak, sekt\u00f6rde fark yaratan bir kurulu\u015f olmay\u0131 ama\u00e7lamaktad\u0131r.<\/p>\n<p>KAL\u0130TE, \u00c7EVRE, GIDA G\u00dcVENL\u0130\u011e\u0130, \u0130\u015e SA\u011eLI\u011eI VE G\u00dcVENL\u0130\u011e\u0130,\u00a0M\u0130SAF\u0130R MEMNUN\u0130YET\u0130 Y\u00d6NET\u0130M S\u0130STEMLER\u0130 ORTAK POL\u0130T\u0130KASI<\/p>\n<p><strong>Misafir Memnuniyeti ve G\u0131da G\u00fcvenli\u011finin s\u00fcreklili\u011fini sa\u011flamak amac\u0131yla;<\/strong><\/p>\n<ul class=\"padding-left\">\n<li>Misafirlerimizin beklenti ve ihtiya\u00e7lar\u0131n\u0131 \u00f6nceden tespit ederek maksimum seviyede memnuniyet sa\u011flamay\u0131<\/li>\n<li>Misafirlerinin, \u015fik\u00e2yetlerini istedikleri an bize ula\u015ft\u0131rabilmelerini sa\u011flamay\u0131 ve haklar\u0131n\u0131 korumay\u0131<\/li>\n<li>Hammaddeden ba\u015flayarak sunuma kadar ge\u00e7en t\u00fcm s\u00fcre\u00e7lerde,\u00a0hijyenik ortam ko\u015fullar\u0131nda g\u00fcvenilir g\u0131da \u00fcretmeyi<\/li>\n<li>Sekt\u00f6r\u00fcm\u00fczle ilgili yasal mevzuat ve gerekliliklere uymay\u0131 taah\u00fct eder.<\/li>\n<\/ul>\n<p><strong>\u00c7evre y\u00f6netiminin s\u00fcrd\u00fcrebilirli\u011fini sa\u011flamak amac\u0131yla;<\/strong><\/p>\n<ul class=\"padding-left\">\n<li>At\u0131klar\u0131 kayna\u011f\u0131nda azaltarak m\u00fcmk\u00fcn oldu\u011funca geri kazanmaya \u00e7al\u0131\u015fmay\u0131,<\/li>\n<li>Gelecek ku\u015faklara ya\u015fanabilir bir \u00e7evre b\u0131rakmak i\u00e7in \u00e7evreci projelere katk\u0131da bulunmay\u0131,<\/li>\n<li>Hammadde, Enerji ve Do\u011fal kaynaklar\u0131 verimli bir \u015fekilde kullanarak israf\u0131 azaltmay\u0131,<\/li>\n<li>Yaban hayat\u0131 ve biyo\u00e7e\u015fitlili\u011fe \u00f6nem vererek ekolojik dengeyi korumay\u0131<\/li>\n<li>\u00c7al\u0131\u015fanlar\u0131n\u0131, m\u00fc\u015fterilerini, tedarik\u00e7ilerini ve yerel toplumun \u00e7evre bilincini y\u00fckseltmeyi te\u015fvik eder.<\/li>\n<\/ul>\n<p><strong>\u00c7al\u0131\u015fan ve Yerel Ili\u015fkilerinin S\u00fcreklili\u011fini Sa\u011flamak Amac\u0131yla;<\/strong><\/p>\n<ul class=\"padding-left\">\n<li>\u00c7al\u0131\u015fanlar\u0131m\u0131za g\u00fcvenli ve uygun standartta \u00e7al\u0131\u015fma alanlar\u0131 sa\u011flamay\u0131<\/li>\n<li>Cinsiyet, etnik k\u00f6ken g\u00f6zetmeksizin \u00e7al\u0131\u015fanlar\u0131m\u0131z\u0131 e\u015fit haklardan yararland\u0131rmay\u0131,<\/li>\n<li>M\u00fcmk\u00fcn oldu\u011funca yerel \u00fcr\u00fcn ve hizmet sat\u0131n almay\u0131<\/li>\n<li>Yerel topluluklar ve hay\u0131r kurumlar\u0131 ile i\u015fbirli\u011fi i\u00e7inde \u00e7al\u0131\u015farak yard\u0131mda bulunmay\u0131,\u00a0yerel k\u00fclt\u00fcr\u00fcn\u00fc geli\u015fimine katk\u0131da bulunmay\u0131<\/li>\n<li>\u0130nsan ve \u00c7ocuk haklar\u0131na sayg\u0131 duyan bir kurulu\u015f olarak, \u00e7ocuklar\u0131n t\u00fcm ihmal,\u00a0s\u00f6m\u00fcr\u00fc t\u00fcrlerine kar\u015f\u0131 korunmas\u0131n\u0131 g\u00fcvence alt\u0131na almay\u0131<\/li>\n<li>Ziyaret\u00e7ilerimizin, ta\u015feronlar\u0131n, \u00e7evremizin; refah, sa\u011fl\u0131k ve g\u00fcvenlik ihtiya\u00e7lar\u0131n\u0131\u00a0m\u00fcmk\u00fcn olan en \u00fcst d\u00fczeyde kar\u015f\u0131layabilmeyi taahh\u00fct eder.<\/li>\n<\/ul>\n<a href=\"https:\/\/goldislandhotel.com.tr\/wp-content\/uploads\/2024\/08\/\u00c7OCUK_KORUMA_POL\u0130T\u0130KASI_GOLD-ISLAND.pdf\" class=\"pdfemb-viewer\" style=\"\" data-width=\"max\" data-height=\"max\" data-toolbar=\"bottom\" data-toolbar-fixed=\"off\">\u00c7OCUK_KORUMA_POL\u0130T\u0130KASI_GOLD ISLAND<\/a>\n<a href=\"https:\/\/goldislandhotel.com.tr\/wp-content\/uploads\/2024\/08\/G\u0130ZL\u0130L\u0130K_POL\u0130T\u0130KASI_GOLD-ISLAND.pdf\" class=\"pdfemb-viewer\" style=\"\" data-width=\"max\" data-height=\"max\" data-toolbar=\"bottom\" data-toolbar-fixed=\"off\">G\u0130ZL\u0130L\u0130K_POL\u0130T\u0130KASI_GOLD ISLAND<\/a>\n<p><a href=\"https:\/\/goldislandhotel.com.tr\/wp-content\/uploads\/2024\/08\/KAL\u0130TE_POL\u0130T\u0130KASI_GOLD_ISLAND.pdf\" class=\"pdfemb-viewer\" style=\"\" data-width=\"max\" data-height=\"max\" data-toolbar=\"bottom\" data-toolbar-fixed=\"off\">KAL\u0130TE_POL\u0130T\u0130KASI_GOLD_ISLAND<\/a><\/p>","protected":false},"excerpt":{"rendered":"<p>GOLD Hotels sahip oldu\u011fu Kalite, G\u0131da G\u00fcvenli\u011fi, Misafir Memnuniyeti, \u0130\u015f Sa\u011fl\u0131\u011f\u0131 ve G\u00fcvenli\u011fi ve \u00c7evre Y\u00f6netim sistemleri gerekliliklerini etkin olarak uygulayan ve s\u00fcrekli iyile\u015ftirme yakla\u015f\u0131m\u0131n\u0131 benimsemi\u015f uzman kadrolar\u0131yla yasal \u015fartlar\u0131 temel alarak ve t\u00fcm payda\u015flar\u0131n\u0131n \u00e7\u0131karlar\u0131n\u0131 koruyarak, sekt\u00f6rde fark yaratan bir kurulu\u015f olmay\u0131 ama\u00e7lamaktad\u0131r. KAL\u0130TE, \u00c7EVRE, GIDA G\u00dcVENL\u0130\u011e\u0130, \u0130\u015e SA\u011eLI\u011eI VE G\u00dcVENL\u0130\u011e\u0130,\u00a0M\u0130SAF\u0130R MEMNUN\u0130YET\u0130 Y\u00d6NET\u0130M S\u0130STEMLER\u0130 ORTAK POL\u0130T\u0130KASI Misafir Memnuniyeti ve G\u0131da G\u00fcvenli\u011finin s\u00fcreklili\u011fini sa\u011flamak amac\u0131yla;&#8230;<\/p>\n<p><a class=\"more-link\" href=\"https:\/\/goldislandhotel.com.tr\/tr\/about-us\/quality-policy\/\">Continue Reading &#8230;<\/a><\/p>\n","protected":false},"author":1,"featured_media":0,"parent":96,"menu_order":0,"comment_status":"open","ping_status":"open","template":"","meta":{"footnotes":""},"class_list":["post-125","page","type-page","status-publish","hentry"],"yoast_head":"<!-- This site is optimized with the Yoast SEO plugin v26.3 - https:\/\/yoast.com\/wordpress\/plugins\/seo\/ -->\n<title>Kalite Politikas\u0131 | Gold Island Selected Hotel<\/title>\n<meta name=\"robots\" content=\"index, follow, max-snippet:-1, max-image-preview:large, max-video-preview:-1\" \/>\n<link rel=\"canonical\" href=\"https:\/\/goldislandhotel.com.tr\/tr\/about-us\/quality-policy\/\" \/>\n<meta property=\"og:locale\" content=\"tr_TR\" \/>\n<meta property=\"og:type\" content=\"article\" \/>\n<meta property=\"og:title\" content=\"Kalite Politikas\u0131 | Gold Island Selected Hotel\" \/>\n<meta property=\"og:description\" content=\"GOLD Hotels sahip oldu\u011fu Kalite, G\u0131da G\u00fcvenli\u011fi, Misafir Memnuniyeti, \u0130\u015f Sa\u011fl\u0131\u011f\u0131 ve G\u00fcvenli\u011fi ve \u00c7evre Y\u00f6netim sistemleri gerekliliklerini etkin olarak uygulayan ve s\u00fcrekli iyile\u015ftirme yakla\u015f\u0131m\u0131n\u0131 benimsemi\u015f uzman kadrolar\u0131yla yasal \u015fartlar\u0131 temel alarak ve t\u00fcm payda\u015flar\u0131n\u0131n \u00e7\u0131karlar\u0131n\u0131 koruyarak, sekt\u00f6rde fark yaratan bir kurulu\u015f olmay\u0131 ama\u00e7lamaktad\u0131r. KAL\u0130TE, \u00c7EVRE, GIDA G\u00dcVENL\u0130\u011e\u0130, \u0130\u015e SA\u011eLI\u011eI VE G\u00dcVENL\u0130\u011e\u0130,\u00a0M\u0130SAF\u0130R MEMNUN\u0130YET\u0130 Y\u00d6NET\u0130M S\u0130STEMLER\u0130 ORTAK POL\u0130T\u0130KASI Misafir Memnuniyeti ve G\u0131da G\u00fcvenli\u011finin s\u00fcreklili\u011fini sa\u011flamak amac\u0131yla;...Continue Reading ...\" \/>\n<meta property=\"og:url\" content=\"https:\/\/goldislandhotel.com.tr\/tr\/about-us\/quality-policy\/\" \/>\n<meta property=\"og:site_name\" content=\"Gold Island Selected Hotel\" \/>\n<meta property=\"article:modified_time\" content=\"2024-08-26T09:04:52+00:00\" \/>\n<meta name=\"twitter:card\" content=\"summary_large_image\" \/>\n<meta name=\"twitter:label1\" content=\"Tahmini okuma s\u00fcresi\" \/>\n\t<meta name=\"twitter:data1\" content=\"7 dakika\" \/>\n<script type=\"application\/ld+json\" class=\"yoast-schema-graph\">{\"@context\":\"https:\/\/schema.org\",\"@graph\":[{\"@type\":\"WebPage\",\"@id\":\"https:\/\/goldislandhotel.com.tr\/tr\/about-us\/quality-policy\/\",\"url\":\"https:\/\/goldislandhotel.com.tr\/tr\/about-us\/quality-policy\/\",\"name\":\"Kalite Politikas\u0131 | Gold Island Selected Hotel\",\"isPartOf\":{\"@id\":\"https:\/\/goldislandhotel.com.tr\/tr\/#website\"},\"datePublished\":\"2015-06-25T16:35:33+00:00\",\"dateModified\":\"2024-08-26T09:04:52+00:00\",\"breadcrumb\":{\"@id\":\"https:\/\/goldislandhotel.com.tr\/tr\/about-us\/quality-policy\/#breadcrumb\"},\"inLanguage\":\"tr\",\"potentialAction\":[{\"@type\":\"ReadAction\",\"target\":[[\"https:\/\/goldislandhotel.com.tr\/tr\/about-us\/quality-policy\/\"]]}]},{\"@type\":\"BreadcrumbList\",\"@id\":\"https:\/\/goldislandhotel.com.tr\/tr\/about-us\/quality-policy\/#breadcrumb\",\"itemListElement\":[{\"@type\":\"ListItem\",\"position\":1,\"name\":\"Home\",\"item\":\"https:\/\/goldislandhotel.com.tr\/tr\/\"},{\"@type\":\"ListItem\",\"position\":2,\"name\":\"About us\",\"item\":\"https:\/\/goldislandhotel.com.tr\/tr\/about-us\/\"},{\"@type\":\"ListItem\",\"position\":3,\"name\":\"Quality Policy\"}]},{\"@type\":\"WebSite\",\"@id\":\"https:\/\/goldislandhotel.com.tr\/tr\/#website\",\"url\":\"https:\/\/goldislandhotel.com.tr\/tr\/\",\"name\":\"Gold Island Selected Hotel\",\"description\":\"Gold Hotels\",\"potentialAction\":[{\"@type\":\"SearchAction\",\"target\":{\"@type\":\"EntryPoint\",\"urlTemplate\":\"https:\/\/goldislandhotel.com.tr\/tr\/?s={search_term_string}\"},\"query-input\":{\"@type\":\"PropertyValueSpecification\",\"valueRequired\":true,\"valueName\":\"search_term_string\"}}],\"inLanguage\":\"tr\"}]}<\/script>\n<!-- \/ Yoast SEO plugin. -->","yoast_head_json":{"title":"Kalite Politikas\u0131 | Gold Island Selected Hotel","robots":{"index":"index","follow":"follow","max-snippet":"max-snippet:-1","max-image-preview":"max-image-preview:large","max-video-preview":"max-video-preview:-1"},"canonical":"https:\/\/goldislandhotel.com.tr\/tr\/about-us\/quality-policy\/","og_locale":"tr_TR","og_type":"article","og_title":"Kalite Politikas\u0131 | Gold Island Selected Hotel","og_description":"GOLD Hotels sahip oldu\u011fu Kalite, G\u0131da G\u00fcvenli\u011fi, Misafir Memnuniyeti, \u0130\u015f Sa\u011fl\u0131\u011f\u0131 ve G\u00fcvenli\u011fi ve \u00c7evre Y\u00f6netim sistemleri gerekliliklerini etkin olarak uygulayan ve s\u00fcrekli iyile\u015ftirme yakla\u015f\u0131m\u0131n\u0131 benimsemi\u015f uzman kadrolar\u0131yla yasal \u015fartlar\u0131 temel alarak ve t\u00fcm payda\u015flar\u0131n\u0131n \u00e7\u0131karlar\u0131n\u0131 koruyarak, sekt\u00f6rde fark yaratan bir kurulu\u015f olmay\u0131 ama\u00e7lamaktad\u0131r. KAL\u0130TE, \u00c7EVRE, GIDA G\u00dcVENL\u0130\u011e\u0130, \u0130\u015e SA\u011eLI\u011eI VE G\u00dcVENL\u0130\u011e\u0130,\u00a0M\u0130SAF\u0130R MEMNUN\u0130YET\u0130 Y\u00d6NET\u0130M S\u0130STEMLER\u0130 ORTAK POL\u0130T\u0130KASI Misafir Memnuniyeti ve G\u0131da G\u00fcvenli\u011finin s\u00fcreklili\u011fini sa\u011flamak amac\u0131yla;...Continue Reading ...","og_url":"https:\/\/goldislandhotel.com.tr\/tr\/about-us\/quality-policy\/","og_site_name":"Gold Island Selected Hotel","article_modified_time":"2024-08-26T09:04:52+00:00","twitter_card":"summary_large_image","twitter_misc":{"Tahmini okuma s\u00fcresi":"7 dakika"},"schema":{"@context":"https:\/\/schema.org","@graph":[{"@type":"WebPage","@id":"https:\/\/goldislandhotel.com.tr\/tr\/about-us\/quality-policy\/","url":"https:\/\/goldislandhotel.com.tr\/tr\/about-us\/quality-policy\/","name":"Kalite Politikas\u0131 | Gold Island Selected Hotel","isPartOf":{"@id":"https:\/\/goldislandhotel.com.tr\/tr\/#website"},"datePublished":"2015-06-25T16:35:33+00:00","dateModified":"2024-08-26T09:04:52+00:00","breadcrumb":{"@id":"https:\/\/goldislandhotel.com.tr\/tr\/about-us\/quality-policy\/#breadcrumb"},"inLanguage":"tr","potentialAction":[{"@type":"ReadAction","target":[["https:\/\/goldislandhotel.com.tr\/tr\/about-us\/quality-policy\/"]]}]},{"@type":"BreadcrumbList","@id":"https:\/\/goldislandhotel.com.tr\/tr\/about-us\/quality-policy\/#breadcrumb","itemListElement":[{"@type":"ListItem","position":1,"name":"Home","item":"https:\/\/goldislandhotel.com.tr\/tr\/"},{"@type":"ListItem","position":2,"name":"About us","item":"https:\/\/goldislandhotel.com.tr\/tr\/about-us\/"},{"@type":"ListItem","position":3,"name":"Quality Policy"}]},{"@type":"WebSite","@id":"https:\/\/goldislandhotel.com.tr\/tr\/#website","url":"https:\/\/goldislandhotel.com.tr\/tr\/","name":"Gold Island Selected Hotel","description":"Gold Hotels","potentialAction":[{"@type":"SearchAction","target":{"@type":"EntryPoint","urlTemplate":"https:\/\/goldislandhotel.com.tr\/tr\/?s={search_term_string}"},"query-input":{"@type":"PropertyValueSpecification","valueRequired":true,"valueName":"search_term_string"}}],"inLanguage":"tr"}]}},"_links":{"self":[{"href":"https:\/\/goldislandhotel.com.tr\/tr\/wp-json\/wp\/v2\/pages\/125","targetHints":{"allow":["GET"]}}],"collection":[{"href":"https:\/\/goldislandhotel.com.tr\/tr\/wp-json\/wp\/v2\/pages"}],"about":[{"href":"https:\/\/goldislandhotel.com.tr\/tr\/wp-json\/wp\/v2\/types\/page"}],"author":[{"embeddable":true,"href":"https:\/\/goldislandhotel.com.tr\/tr\/wp-json\/wp\/v2\/users\/1"}],"replies":[{"embeddable":true,"href":"https:\/\/goldislandhotel.com.tr\/tr\/wp-json\/wp\/v2\/comments?post=125"}],"version-history":[{"count":8,"href":"https:\/\/goldislandhotel.com.tr\/tr\/wp-json\/wp\/v2\/pages\/125\/revisions"}],"predecessor-version":[{"id":3231,"href":"https:\/\/goldislandhotel.com.tr\/tr\/wp-json\/wp\/v2\/pages\/125\/revisions\/3231"}],"up":[{"embeddable":true,"href":"https:\/\/goldislandhotel.com.tr\/tr\/wp-json\/wp\/v2\/pages\/96"}],"wp:attachment":[{"href":"https:\/\/goldislandhotel.com.tr\/tr\/wp-json\/wp\/v2\/media?parent=125"}],"curies":[{"name":"wp","href":"https:\/\/api.w.org\/{rel}","templated":true}]}}