{"id":123,"date":"2015-06-25T16:34:43","date_gmt":"2015-06-25T16:34:43","guid":{"rendered":"http:\/\/ravistheme.com\/pinar\/wp\/?page_id=123"},"modified":"2017-04-11T12:38:32","modified_gmt":"2017-04-11T09:38:32","slug":"pool-beach","status":"publish","type":"page","link":"https:\/\/goldislandhotel.com.tr\/tr\/features\/pool-beach\/","title":{"rendered":"Havuz &#038; Plaj"},"content":{"rendered":"<p><\/p>\n<blockquote><p>Zinde kal\u0131n, Rahatlay\u0131n<\/p><\/blockquote>\n<p>Tatildeyken de sa\u011fl\u0131kl\u0131 ve formda kalabilirsiniz. Sakin koyunda g\u00fcne\u015fle kendinizi \u015f\u0131mart\u0131p plaj\u0131n durgun sular\u0131yla serinleyerek, Plaj\u0131n yan\u0131ba\u015f\u0131ndaki Aquparkta kendinizi denize dalar gibi hissedeceksiniz. Y\u00fczme havuzunda jakuzi keyfi yapabilir yada animasyon ekibimizin havuz oyunlar\u0131yla keyifli zaman ge\u00e7irebilirsiniz. G\u00fcne ba\u015flamak veya bitirmek i\u00e7in tenis kortu, basketbol sahas\u0131, plaj voleybolu veya fitnes salonundan size en uygun aktivite program\u0131n\u0131 se\u00e7ebilirsiniz.<\/p>","protected":false},"excerpt":{"rendered":"<p>Zinde kal\u0131n, Rahatlay\u0131n Tatildeyken de sa\u011fl\u0131kl\u0131 ve formda kalabilirsiniz. Sakin koyunda g\u00fcne\u015fle kendinizi \u015f\u0131mart\u0131p plaj\u0131n durgun sular\u0131yla serinleyerek, Plaj\u0131n yan\u0131ba\u015f\u0131ndaki Aquparkta kendinizi denize dalar gibi hissedeceksiniz. Y\u00fczme havuzunda jakuzi keyfi yapabilir yada animasyon ekibimizin havuz oyunlar\u0131yla keyifli zaman ge\u00e7irebilirsiniz. G\u00fcne ba\u015flamak veya bitirmek i\u00e7in tenis kortu, basketbol sahas\u0131, plaj voleybolu veya fitnes salonundan size en uygun aktivite program\u0131n\u0131 se\u00e7ebilirsiniz.<\/p>\n","protected":false},"author":1,"featured_media":2932,"parent":99,"menu_order":0,"comment_status":"open","ping_status":"open","template":"","meta":{"footnotes":""},"class_list":["post-123","page","type-page","status-publish","has-post-thumbnail","hentry"],"yoast_head":"<!-- This site is optimized with the Yoast SEO plugin v26.3 - https:\/\/yoast.com\/wordpress\/plugins\/seo\/ -->\n<title>Havuz &amp; Plaj | Gold Island Selected Hotel<\/title>\n<meta name=\"robots\" content=\"index, follow, max-snippet:-1, max-image-preview:large, max-video-preview:-1\" \/>\n<link rel=\"canonical\" href=\"https:\/\/goldislandhotel.com.tr\/tr\/features\/pool-beach\/\" \/>\n<meta property=\"og:locale\" content=\"tr_TR\" \/>\n<meta property=\"og:type\" content=\"article\" \/>\n<meta property=\"og:title\" content=\"Havuz &amp; Plaj | Gold Island Selected Hotel\" \/>\n<meta property=\"og:description\" content=\"Zinde kal\u0131n, Rahatlay\u0131n Tatildeyken de sa\u011fl\u0131kl\u0131 ve formda kalabilirsiniz. Sakin koyunda g\u00fcne\u015fle kendinizi \u015f\u0131mart\u0131p plaj\u0131n durgun sular\u0131yla serinleyerek, Plaj\u0131n yan\u0131ba\u015f\u0131ndaki Aquparkta kendinizi denize dalar gibi hissedeceksiniz. Y\u00fczme havuzunda jakuzi keyfi yapabilir yada animasyon ekibimizin havuz oyunlar\u0131yla keyifli zaman ge\u00e7irebilirsiniz. G\u00fcne ba\u015flamak veya bitirmek i\u00e7in tenis kortu, basketbol sahas\u0131, plaj voleybolu veya fitnes salonundan size en uygun aktivite program\u0131n\u0131 se\u00e7ebilirsiniz.\" \/>\n<meta property=\"og:url\" content=\"https:\/\/goldislandhotel.com.tr\/tr\/features\/pool-beach\/\" \/>\n<meta property=\"og:site_name\" content=\"Gold Island Selected Hotel\" \/>\n<meta property=\"article:modified_time\" content=\"2017-04-11T09:38:32+00:00\" \/>\n<meta property=\"og:image\" content=\"https:\/\/goldislandhotel.com.tr\/wp-content\/uploads\/2016\/07\/HAVUZ-3.jpg\" \/>\n\t<meta property=\"og:image:width\" content=\"1100\" \/>\n\t<meta property=\"og:image:height\" content=\"700\" \/>\n\t<meta property=\"og:image:type\" content=\"image\/jpeg\" \/>\n<meta name=\"twitter:card\" content=\"summary_large_image\" \/>\n<meta name=\"twitter:label1\" content=\"Tahmini okuma s\u00fcresi\" \/>\n\t<meta name=\"twitter:data1\" content=\"1 dakika\" \/>\n<script type=\"application\/ld+json\" class=\"yoast-schema-graph\">{\"@context\":\"https:\/\/schema.org\",\"@graph\":[{\"@type\":\"WebPage\",\"@id\":\"https:\/\/goldislandhotel.com.tr\/tr\/features\/pool-beach\/\",\"url\":\"https:\/\/goldislandhotel.com.tr\/tr\/features\/pool-beach\/\",\"name\":\"Havuz & Plaj | Gold Island Selected Hotel\",\"isPartOf\":{\"@id\":\"https:\/\/goldislandhotel.com.tr\/tr\/#website\"},\"primaryImageOfPage\":{\"@id\":\"https:\/\/goldislandhotel.com.tr\/tr\/features\/pool-beach\/#primaryimage\"},\"image\":{\"@id\":\"https:\/\/goldislandhotel.com.tr\/features\/pool-beach\/#primaryimage\"},\"thumbnailUrl\":\"https:\/\/goldislandhotel.com.tr\/wp-content\/uploads\/2016\/07\/HAVUZ-3.jpg\",\"datePublished\":\"2015-06-25T16:34:43+00:00\",\"dateModified\":\"2017-04-11T09:38:32+00:00\",\"breadcrumb\":{\"@id\":\"https:\/\/goldislandhotel.com.tr\/tr\/features\/pool-beach\/#breadcrumb\"},\"inLanguage\":\"tr\",\"potentialAction\":[{\"@type\":\"ReadAction\",\"target\":[[\"https:\/\/goldislandhotel.com.tr\/tr\/features\/pool-beach\/\"]]}]},{\"@type\":\"ImageObject\",\"inLanguage\":\"tr\",\"@id\":\"https:\/\/goldislandhotel.com.tr\/tr\/features\/pool-beach\/#primaryimage\",\"url\":\"https:\/\/goldislandhotel.com.tr\/wp-content\/uploads\/2016\/07\/HAVUZ-3.jpg\",\"contentUrl\":\"https:\/\/goldislandhotel.com.tr\/wp-content\/uploads\/2016\/07\/HAVUZ-3.jpg\",\"width\":1100,\"height\":700},{\"@type\":\"BreadcrumbList\",\"@id\":\"https:\/\/goldislandhotel.com.tr\/tr\/features\/pool-beach\/#breadcrumb\",\"itemListElement\":[{\"@type\":\"ListItem\",\"position\":1,\"name\":\"Home\",\"item\":\"https:\/\/goldislandhotel.com.tr\/tr\/\"},{\"@type\":\"ListItem\",\"position\":2,\"name\":\"Features\",\"item\":\"https:\/\/goldislandhotel.com.tr\/tr\/features\/\"},{\"@type\":\"ListItem\",\"position\":3,\"name\":\"Pool &#038; Beach\"}]},{\"@type\":\"WebSite\",\"@id\":\"https:\/\/goldislandhotel.com.tr\/tr\/#website\",\"url\":\"https:\/\/goldislandhotel.com.tr\/tr\/\",\"name\":\"Gold Island Selected Hotel\",\"description\":\"Gold Hotels\",\"potentialAction\":[{\"@type\":\"SearchAction\",\"target\":{\"@type\":\"EntryPoint\",\"urlTemplate\":\"https:\/\/goldislandhotel.com.tr\/tr\/?s={search_term_string}\"},\"query-input\":{\"@type\":\"PropertyValueSpecification\",\"valueRequired\":true,\"valueName\":\"search_term_string\"}}],\"inLanguage\":\"tr\"}]}<\/script>\n<!-- \/ Yoast SEO plugin. -->","yoast_head_json":{"title":"Havuz & Plaj | Gold Island Selected Hotel","robots":{"index":"index","follow":"follow","max-snippet":"max-snippet:-1","max-image-preview":"max-image-preview:large","max-video-preview":"max-video-preview:-1"},"canonical":"https:\/\/goldislandhotel.com.tr\/tr\/features\/pool-beach\/","og_locale":"tr_TR","og_type":"article","og_title":"Havuz & Plaj | Gold Island Selected Hotel","og_description":"Zinde kal\u0131n, Rahatlay\u0131n Tatildeyken de sa\u011fl\u0131kl\u0131 ve formda kalabilirsiniz. Sakin koyunda g\u00fcne\u015fle kendinizi \u015f\u0131mart\u0131p plaj\u0131n durgun sular\u0131yla serinleyerek, Plaj\u0131n yan\u0131ba\u015f\u0131ndaki Aquparkta kendinizi denize dalar gibi hissedeceksiniz. Y\u00fczme havuzunda jakuzi keyfi yapabilir yada animasyon ekibimizin havuz oyunlar\u0131yla keyifli zaman ge\u00e7irebilirsiniz. G\u00fcne ba\u015flamak veya bitirmek i\u00e7in tenis kortu, basketbol sahas\u0131, plaj voleybolu veya fitnes salonundan size en uygun aktivite program\u0131n\u0131 se\u00e7ebilirsiniz.","og_url":"https:\/\/goldislandhotel.com.tr\/tr\/features\/pool-beach\/","og_site_name":"Gold Island Selected Hotel","article_modified_time":"2017-04-11T09:38:32+00:00","og_image":[{"width":1100,"height":700,"url":"https:\/\/goldislandhotel.com.tr\/wp-content\/uploads\/2016\/07\/HAVUZ-3.jpg","type":"image\/jpeg"}],"twitter_card":"summary_large_image","twitter_misc":{"Tahmini okuma s\u00fcresi":"1 dakika"},"schema":{"@context":"https:\/\/schema.org","@graph":[{"@type":"WebPage","@id":"https:\/\/goldislandhotel.com.tr\/tr\/features\/pool-beach\/","url":"https:\/\/goldislandhotel.com.tr\/tr\/features\/pool-beach\/","name":"Havuz & Plaj | Gold Island Selected Hotel","isPartOf":{"@id":"https:\/\/goldislandhotel.com.tr\/tr\/#website"},"primaryImageOfPage":{"@id":"https:\/\/goldislandhotel.com.tr\/tr\/features\/pool-beach\/#primaryimage"},"image":{"@id":"https:\/\/goldislandhotel.com.tr\/features\/pool-beach\/#primaryimage"},"thumbnailUrl":"https:\/\/goldislandhotel.com.tr\/wp-content\/uploads\/2016\/07\/HAVUZ-3.jpg","datePublished":"2015-06-25T16:34:43+00:00","dateModified":"2017-04-11T09:38:32+00:00","breadcrumb":{"@id":"https:\/\/goldislandhotel.com.tr\/tr\/features\/pool-beach\/#breadcrumb"},"inLanguage":"tr","potentialAction":[{"@type":"ReadAction","target":[["https:\/\/goldislandhotel.com.tr\/tr\/features\/pool-beach\/"]]}]},{"@type":"ImageObject","inLanguage":"tr","@id":"https:\/\/goldislandhotel.com.tr\/tr\/features\/pool-beach\/#primaryimage","url":"https:\/\/goldislandhotel.com.tr\/wp-content\/uploads\/2016\/07\/HAVUZ-3.jpg","contentUrl":"https:\/\/goldislandhotel.com.tr\/wp-content\/uploads\/2016\/07\/HAVUZ-3.jpg","width":1100,"height":700},{"@type":"BreadcrumbList","@id":"https:\/\/goldislandhotel.com.tr\/tr\/features\/pool-beach\/#breadcrumb","itemListElement":[{"@type":"ListItem","position":1,"name":"Home","item":"https:\/\/goldislandhotel.com.tr\/tr\/"},{"@type":"ListItem","position":2,"name":"Features","item":"https:\/\/goldislandhotel.com.tr\/tr\/features\/"},{"@type":"ListItem","position":3,"name":"Pool &#038; Beach"}]},{"@type":"WebSite","@id":"https:\/\/goldislandhotel.com.tr\/tr\/#website","url":"https:\/\/goldislandhotel.com.tr\/tr\/","name":"Gold Island Selected Hotel","description":"Gold Hotels","potentialAction":[{"@type":"SearchAction","target":{"@type":"EntryPoint","urlTemplate":"https:\/\/goldislandhotel.com.tr\/tr\/?s={search_term_string}"},"query-input":{"@type":"PropertyValueSpecification","valueRequired":true,"valueName":"search_term_string"}}],"inLanguage":"tr"}]}},"_links":{"self":[{"href":"https:\/\/goldislandhotel.com.tr\/tr\/wp-json\/wp\/v2\/pages\/123","targetHints":{"allow":["GET"]}}],"collection":[{"href":"https:\/\/goldislandhotel.com.tr\/tr\/wp-json\/wp\/v2\/pages"}],"about":[{"href":"https:\/\/goldislandhotel.com.tr\/tr\/wp-json\/wp\/v2\/types\/page"}],"author":[{"embeddable":true,"href":"https:\/\/goldislandhotel.com.tr\/tr\/wp-json\/wp\/v2\/users\/1"}],"replies":[{"embeddable":true,"href":"https:\/\/goldislandhotel.com.tr\/tr\/wp-json\/wp\/v2\/comments?post=123"}],"version-history":[{"count":9,"href":"https:\/\/goldislandhotel.com.tr\/tr\/wp-json\/wp\/v2\/pages\/123\/revisions"}],"predecessor-version":[{"id":2998,"href":"https:\/\/goldislandhotel.com.tr\/tr\/wp-json\/wp\/v2\/pages\/123\/revisions\/2998"}],"up":[{"embeddable":true,"href":"https:\/\/goldislandhotel.com.tr\/tr\/wp-json\/wp\/v2\/pages\/99"}],"wp:featuredmedia":[{"embeddable":true,"href":"https:\/\/goldislandhotel.com.tr\/tr\/wp-json\/wp\/v2\/media\/2932"}],"wp:attachment":[{"href":"https:\/\/goldislandhotel.com.tr\/tr\/wp-json\/wp\/v2\/media?parent=123"}],"curies":[{"name":"wp","href":"https:\/\/api.w.org\/{rel}","templated":true}]}}