{"id":121,"date":"2015-06-25T16:34:18","date_gmt":"2015-06-25T16:34:18","guid":{"rendered":"http:\/\/ravistheme.com\/pinar\/wp\/?page_id=121"},"modified":"2016-01-25T23:09:59","modified_gmt":"2016-01-25T21:09:59","slug":"guest-satisfaction","status":"publish","type":"page","link":"https:\/\/goldislandhotel.com.tr\/tr\/contact\/guest-satisfaction\/","title":{"rendered":"Misafir Memnuniyeti"},"content":{"rendered":"<p>De\u011ferli Misafirlerimiz,<\/p>\n<p>Gold Hotels ailesi olarak sizlerden gelen t\u00fcm yorumlar\u0131n bizim i\u00e7in de\u011ferli oldu\u011funu bilmenizi isteriz.<\/p>\n<ul>\n<li>Bizlere bildirmi\u015f oldu\u011funuz t\u00fcm be\u011feni, \u00f6neri ve \u015fikayetleriniz ISO 10002 Misafir \u015eikayetleri Y\u00f6netimi Sistemi gereklilikleri ile titizlikle incelenmektedir.<\/li>\n<li>\u0130ncelenen bildirimler hakk\u0131nda taraf\u0131n\u0131za geri d\u00f6n\u00fc\u015f yap\u0131lmaktad\u0131r.<\/li>\n<li>T\u00fcm bildirimlere en k\u0131sa zamanda cevap vererek, \u00f6nyarg\u0131s\u0131z ve adil bir \u015fekilde de\u011ferlendirme yap\u0131lmaktad\u0131r.<\/li>\n<li>Misafir haklar\u0131n\u0131 her zaman koruyan anlay\u0131\u015f\u0131m\u0131z ve gizlilik ilkesini esas alan anlay\u0131\u015f\u0131m\u0131z ile daha iyi hizmet vermeyi ama\u00e7lad\u0131\u011f\u0131m\u0131z\u0131 bilmenizi isteriz.<\/li>\n<\/ul>\n<p>Sayg\u0131lar\u0131m\u0131zla<\/p>\n<p>Gold Hotels Y\u00f6netimi<br \/>\n<div class=\"title-line \"><div class=\"title-p\"><p>\u0130leti\u015fim Formu<\/p><\/div><span class=\"subtitle\">pr@goldhotels.com.tr<\/span><\/div><div class=\"clearfix\"><\/div><\/p>\n\n<div class=\"wpcf7 no-js\" id=\"wpcf7-f1564-o1\" lang=\"tr-TR\" dir=\"ltr\" data-wpcf7-id=\"1564\">\n<div class=\"screen-reader-response\"><p role=\"status\" aria-live=\"polite\" aria-atomic=\"true\"><\/p> <ul><\/ul><\/div>\n<form action=\"\/tr\/wp-json\/wp\/v2\/pages\/121#wpcf7-f1564-o1\" method=\"post\" class=\"wpcf7-form init\" aria-label=\"\u0130leti\u015fim Formu\" novalidate=\"novalidate\" data-status=\"init\">\n<fieldset class=\"hidden-fields-container\"><input type=\"hidden\" name=\"_wpcf7\" value=\"1564\" \/><input type=\"hidden\" name=\"_wpcf7_version\" value=\"6.1.3\" \/><input type=\"hidden\" name=\"_wpcf7_locale\" value=\"tr_TR\" \/><input type=\"hidden\" name=\"_wpcf7_unit_tag\" value=\"wpcf7-f1564-o1\" \/><input type=\"hidden\" name=\"_wpcf7_container_post\" value=\"0\" \/><input type=\"hidden\" name=\"_wpcf7_posted_data_hash\" value=\"\" \/><input type=\"hidden\" name=\"_wpcf7_recaptcha_response\" value=\"\" \/>\n<\/fieldset>\n<div class=\"contact-page-container\" style=\"margin-top:30px\">\n\t<div class=\"contact-form-container\">\n\t\t<div class=\"contact-form-box\">\n\t\t\t<div class=\"col-md-12\">\n\t\t\t\t<p><span class=\"wpcf7-form-control-wrap\" data-name=\"your-name\"><input size=\"40\" maxlength=\"400\" class=\"wpcf7-form-control wpcf7-text wpcf7-validates-as-required\" aria-required=\"true\" aria-invalid=\"false\" placeholder=\"Ad Soyad\" value=\"\" type=\"text\" name=\"your-name\" \/><\/span>\n\t\t\t\t<\/p>\n\t\t\t<\/div>\n\t\t\t<div class=\"col-md-6\">\n\t\t\t\t<p><span class=\"wpcf7-form-control-wrap\" data-name=\"your-email\"><input size=\"40\" maxlength=\"400\" class=\"wpcf7-form-control wpcf7-email wpcf7-validates-as-required wpcf7-text wpcf7-validates-as-email\" aria-required=\"true\" aria-invalid=\"false\" placeholder=\"Email\" value=\"\" type=\"email\" name=\"your-email\" \/><\/span>\n\t\t\t\t<\/p>\n\t\t\t<\/div>\n\t\t\t<div class=\"col-md-6\">\n\t\t\t\t<p><span class=\"wpcf7-form-control-wrap\" data-name=\"your-phone\"><input size=\"40\" maxlength=\"400\" class=\"wpcf7-form-control wpcf7-tel wpcf7-validates-as-required wpcf7-text wpcf7-validates-as-tel\" aria-required=\"true\" aria-invalid=\"false\" placeholder=\"Telefon\" value=\"\" type=\"tel\" name=\"your-phone\" \/><\/span>\n\t\t\t\t<\/p>\n\t\t\t<\/div>\n\t\t\t<div class=\"col-md-12\">\n\t\t\t\t<p><span class=\"wpcf7-form-control-wrap\" data-name=\"your-address\"><input size=\"40\" maxlength=\"400\" class=\"wpcf7-form-control wpcf7-text\" aria-invalid=\"false\" placeholder=\"Adres\" value=\"\" type=\"text\" name=\"your-address\" \/><\/span>\n\t\t\t\t<\/p>\n\t\t\t<\/div>\n\t\t\t<div class=\"col-md-6\">\n\t\t\t\t<p><span class=\"wpcf7-form-control-wrap\" data-name=\"your-city\"><input size=\"40\" maxlength=\"400\" class=\"wpcf7-form-control wpcf7-text\" aria-invalid=\"false\" placeholder=\"\u015eehir\" value=\"\" type=\"text\" name=\"your-city\" \/><\/span>\n\t\t\t\t<\/p>\n\t\t\t<\/div>\n\t\t\t<div class=\"col-md-6\">\n\t\t\t\t<p><span class=\"wpcf7-form-control-wrap\" data-name=\"your-country\"><input size=\"40\" maxlength=\"400\" class=\"wpcf7-form-control wpcf7-text\" aria-invalid=\"false\" placeholder=\"\u00dclke\" value=\"\" type=\"text\" name=\"your-country\" \/><\/span>\n\t\t\t\t<\/p>\n\t\t\t<\/div>\n\t\t\t<div class=\"col-md-12\">\n\t\t\t\t<p><span class=\"wpcf7-form-control-wrap\" data-name=\"your-message\"><textarea cols=\"40\" rows=\"10\" maxlength=\"2000\" class=\"wpcf7-form-control wpcf7-textarea wpcf7-validates-as-required\" aria-required=\"true\" aria-invalid=\"false\" placeholder=\"Mesaj\u0131n\u0131z\" name=\"your-message\"><\/textarea><\/span>\n\t\t\t\t<\/p>\n\t\t\t<\/div>\n\t\t\t<div class=\"col-md-6\">\n\t\t\t\n\t\t\t<\/div>\n\t\t\t<div class=\"col-md-6\">\n\t\t\t\t<p><input class=\"wpcf7-form-control wpcf7-submit has-spinner btn btn-default btn-contact\" type=\"submit\" value=\"G\u00f6nder\" \/>\n\t\t\t\t<\/p>\n\t\t\t<\/div>\n\t\t\t<div class=\"clearfix\">\n\t\t\t<\/div>\n\t\t<\/div>\n\t<\/div>\n<\/div><div class=\"wpcf7-response-output\" aria-hidden=\"true\"><\/div>\n<\/form>\n<\/div>\n\n<div class=\"clear\"><\/div>\n<p><div class=\"portal-icons-box contact-portal\" id=\"contact-gold-portal\"><ul class=\"list-inline list-unstyled portal-icons\"><li><a target=\"_blank\" href=\"http:\/\/www.tripadvisor.com.tr\/Hotel_Review-g297961-d2274745-Reviews-SENTIDO_Gold_Island_Hotel-Alanya_Turkish_Mediterranean_Coast.html\" class=\"portal-icon\"><img decoding=\"async\" src=\"https:\/\/goldislandhotel.com.tr\/wp-content\/uploads\/2016\/01\/tripadvisor.png\"><\/a><\/li><li><a target=\"_blank\" href=\"http:\/\/www.zoover.com.tr\/turkiye\/foldkozi-tenger\/incekum-avsallar-alanya\/sentido-gold-island\/otel\" class=\"portal-icon\"><img decoding=\"async\" src=\"https:\/\/goldislandhotel.com.tr\/wp-content\/uploads\/2016\/01\/zoover.png\"><\/a><\/li><li><a target=\"_blank\" href=\"https:\/\/www.holidaycheck.de\/hi\/sentido-gold-island\/a1e00212-2889-3eb8-ac4e-23b93b620d75?q=SENTIDO+Gold+Island+%2F+Avsallar+%28Hotel%29\" class=\"portal-icon\"><img decoding=\"async\" src=\"https:\/\/goldislandhotel.com.tr\/wp-content\/uploads\/2016\/01\/holidaycheck.png\"><\/a><\/li><li><a target=\"_blank\" href=\"http:\/\/tophotels.org\/main\/hotel\/al63463\" class=\"portal-icon\"><img decoding=\"async\" src=\"https:\/\/goldislandhotel.com.tr\/wp-content\/uploads\/2016\/01\/tophotel.png\"><\/a><\/li><\/ul><\/div><\/p>","protected":false},"excerpt":{"rendered":"<p>De\u011ferli Misafirlerimiz, Gold Hotels ailesi olarak sizlerden gelen t\u00fcm yorumlar\u0131n bizim i\u00e7in de\u011ferli oldu\u011funu bilmenizi isteriz. Bizlere bildirmi\u015f oldu\u011funuz t\u00fcm be\u011feni, \u00f6neri ve \u015fikayetleriniz ISO 10002 Misafir \u015eikayetleri Y\u00f6netimi Sistemi gereklilikleri ile titizlikle incelenmektedir. \u0130ncelenen bildirimler hakk\u0131nda taraf\u0131n\u0131za geri d\u00f6n\u00fc\u015f yap\u0131lmaktad\u0131r. T\u00fcm bildirimlere en k\u0131sa zamanda cevap vererek, \u00f6nyarg\u0131s\u0131z ve adil bir \u015fekilde de\u011ferlendirme yap\u0131lmaktad\u0131r. Misafir haklar\u0131n\u0131 her zaman koruyan anlay\u0131\u015f\u0131m\u0131z ve gizlilik ilkesini esas&#8230;<\/p>\n<p><a class=\"more-link\" href=\"https:\/\/goldislandhotel.com.tr\/tr\/contact\/guest-satisfaction\/\">Continue Reading &#8230;<\/a><\/p>\n","protected":false},"author":1,"featured_media":0,"parent":103,"menu_order":0,"comment_status":"open","ping_status":"open","template":"","meta":{"footnotes":""},"class_list":["post-121","page","type-page","status-publish","hentry"],"yoast_head":"<!-- This site is optimized with the Yoast SEO plugin v26.3 - https:\/\/yoast.com\/wordpress\/plugins\/seo\/ -->\n<title>Misafir Memnuniyeti | Gold Island Selected Hotel<\/title>\n<meta name=\"robots\" content=\"index, follow, max-snippet:-1, max-image-preview:large, max-video-preview:-1\" \/>\n<link rel=\"canonical\" href=\"https:\/\/goldislandhotel.com.tr\/tr\/contact\/guest-satisfaction\/\" \/>\n<meta property=\"og:locale\" content=\"tr_TR\" \/>\n<meta property=\"og:type\" content=\"article\" \/>\n<meta property=\"og:title\" content=\"Misafir Memnuniyeti | Gold Island Selected Hotel\" \/>\n<meta property=\"og:description\" content=\"De\u011ferli Misafirlerimiz, Gold Hotels ailesi olarak sizlerden gelen t\u00fcm yorumlar\u0131n bizim i\u00e7in de\u011ferli oldu\u011funu bilmenizi isteriz. Bizlere bildirmi\u015f oldu\u011funuz t\u00fcm be\u011feni, \u00f6neri ve \u015fikayetleriniz ISO 10002 Misafir \u015eikayetleri Y\u00f6netimi Sistemi gereklilikleri ile titizlikle incelenmektedir. \u0130ncelenen bildirimler hakk\u0131nda taraf\u0131n\u0131za geri d\u00f6n\u00fc\u015f yap\u0131lmaktad\u0131r. T\u00fcm bildirimlere en k\u0131sa zamanda cevap vererek, \u00f6nyarg\u0131s\u0131z ve adil bir \u015fekilde de\u011ferlendirme yap\u0131lmaktad\u0131r. Misafir haklar\u0131n\u0131 her zaman koruyan anlay\u0131\u015f\u0131m\u0131z ve gizlilik ilkesini esas...Continue Reading ...\" \/>\n<meta property=\"og:url\" content=\"https:\/\/goldislandhotel.com.tr\/tr\/contact\/guest-satisfaction\/\" \/>\n<meta property=\"og:site_name\" content=\"Gold Island Selected Hotel\" \/>\n<meta property=\"article:modified_time\" content=\"2016-01-25T21:09:59+00:00\" \/>\n<meta name=\"twitter:card\" content=\"summary_large_image\" \/>\n<meta name=\"twitter:label1\" content=\"Tahmini okuma s\u00fcresi\" \/>\n\t<meta name=\"twitter:data1\" content=\"2 dakika\" \/>\n<script type=\"application\/ld+json\" class=\"yoast-schema-graph\">{\"@context\":\"https:\/\/schema.org\",\"@graph\":[{\"@type\":\"WebPage\",\"@id\":\"https:\/\/goldislandhotel.com.tr\/tr\/contact\/guest-satisfaction\/\",\"url\":\"https:\/\/goldislandhotel.com.tr\/tr\/contact\/guest-satisfaction\/\",\"name\":\"Misafir Memnuniyeti | Gold Island Selected Hotel\",\"isPartOf\":{\"@id\":\"https:\/\/goldislandhotel.com.tr\/tr\/#website\"},\"datePublished\":\"2015-06-25T16:34:18+00:00\",\"dateModified\":\"2016-01-25T21:09:59+00:00\",\"breadcrumb\":{\"@id\":\"https:\/\/goldislandhotel.com.tr\/tr\/contact\/guest-satisfaction\/#breadcrumb\"},\"inLanguage\":\"tr\",\"potentialAction\":[{\"@type\":\"ReadAction\",\"target\":[[\"https:\/\/goldislandhotel.com.tr\/tr\/contact\/guest-satisfaction\/\"]]}]},{\"@type\":\"BreadcrumbList\",\"@id\":\"https:\/\/goldislandhotel.com.tr\/tr\/contact\/guest-satisfaction\/#breadcrumb\",\"itemListElement\":[{\"@type\":\"ListItem\",\"position\":1,\"name\":\"Home\",\"item\":\"https:\/\/goldislandhotel.com.tr\/tr\/\"},{\"@type\":\"ListItem\",\"position\":2,\"name\":\"Contact us\",\"item\":\"https:\/\/goldislandhotel.com.tr\/tr\/contact\/\"},{\"@type\":\"ListItem\",\"position\":3,\"name\":\"Guest Satisfaction\"}]},{\"@type\":\"WebSite\",\"@id\":\"https:\/\/goldislandhotel.com.tr\/tr\/#website\",\"url\":\"https:\/\/goldislandhotel.com.tr\/tr\/\",\"name\":\"Gold Island Selected Hotel\",\"description\":\"Gold Hotels\",\"potentialAction\":[{\"@type\":\"SearchAction\",\"target\":{\"@type\":\"EntryPoint\",\"urlTemplate\":\"https:\/\/goldislandhotel.com.tr\/tr\/?s={search_term_string}\"},\"query-input\":{\"@type\":\"PropertyValueSpecification\",\"valueRequired\":true,\"valueName\":\"search_term_string\"}}],\"inLanguage\":\"tr\"}]}<\/script>\n<!-- \/ Yoast SEO plugin. -->","yoast_head_json":{"title":"Misafir Memnuniyeti | Gold Island Selected Hotel","robots":{"index":"index","follow":"follow","max-snippet":"max-snippet:-1","max-image-preview":"max-image-preview:large","max-video-preview":"max-video-preview:-1"},"canonical":"https:\/\/goldislandhotel.com.tr\/tr\/contact\/guest-satisfaction\/","og_locale":"tr_TR","og_type":"article","og_title":"Misafir Memnuniyeti | Gold Island Selected Hotel","og_description":"De\u011ferli Misafirlerimiz, Gold Hotels ailesi olarak sizlerden gelen t\u00fcm yorumlar\u0131n bizim i\u00e7in de\u011ferli oldu\u011funu bilmenizi isteriz. Bizlere bildirmi\u015f oldu\u011funuz t\u00fcm be\u011feni, \u00f6neri ve \u015fikayetleriniz ISO 10002 Misafir \u015eikayetleri Y\u00f6netimi Sistemi gereklilikleri ile titizlikle incelenmektedir. \u0130ncelenen bildirimler hakk\u0131nda taraf\u0131n\u0131za geri d\u00f6n\u00fc\u015f yap\u0131lmaktad\u0131r. T\u00fcm bildirimlere en k\u0131sa zamanda cevap vererek, \u00f6nyarg\u0131s\u0131z ve adil bir \u015fekilde de\u011ferlendirme yap\u0131lmaktad\u0131r. Misafir haklar\u0131n\u0131 her zaman koruyan anlay\u0131\u015f\u0131m\u0131z ve gizlilik ilkesini esas...Continue Reading ...","og_url":"https:\/\/goldislandhotel.com.tr\/tr\/contact\/guest-satisfaction\/","og_site_name":"Gold Island Selected Hotel","article_modified_time":"2016-01-25T21:09:59+00:00","twitter_card":"summary_large_image","twitter_misc":{"Tahmini okuma s\u00fcresi":"2 dakika"},"schema":{"@context":"https:\/\/schema.org","@graph":[{"@type":"WebPage","@id":"https:\/\/goldislandhotel.com.tr\/tr\/contact\/guest-satisfaction\/","url":"https:\/\/goldislandhotel.com.tr\/tr\/contact\/guest-satisfaction\/","name":"Misafir Memnuniyeti | Gold Island Selected Hotel","isPartOf":{"@id":"https:\/\/goldislandhotel.com.tr\/tr\/#website"},"datePublished":"2015-06-25T16:34:18+00:00","dateModified":"2016-01-25T21:09:59+00:00","breadcrumb":{"@id":"https:\/\/goldislandhotel.com.tr\/tr\/contact\/guest-satisfaction\/#breadcrumb"},"inLanguage":"tr","potentialAction":[{"@type":"ReadAction","target":[["https:\/\/goldislandhotel.com.tr\/tr\/contact\/guest-satisfaction\/"]]}]},{"@type":"BreadcrumbList","@id":"https:\/\/goldislandhotel.com.tr\/tr\/contact\/guest-satisfaction\/#breadcrumb","itemListElement":[{"@type":"ListItem","position":1,"name":"Home","item":"https:\/\/goldislandhotel.com.tr\/tr\/"},{"@type":"ListItem","position":2,"name":"Contact us","item":"https:\/\/goldislandhotel.com.tr\/tr\/contact\/"},{"@type":"ListItem","position":3,"name":"Guest Satisfaction"}]},{"@type":"WebSite","@id":"https:\/\/goldislandhotel.com.tr\/tr\/#website","url":"https:\/\/goldislandhotel.com.tr\/tr\/","name":"Gold Island Selected Hotel","description":"Gold Hotels","potentialAction":[{"@type":"SearchAction","target":{"@type":"EntryPoint","urlTemplate":"https:\/\/goldislandhotel.com.tr\/tr\/?s={search_term_string}"},"query-input":{"@type":"PropertyValueSpecification","valueRequired":true,"valueName":"search_term_string"}}],"inLanguage":"tr"}]}},"_links":{"self":[{"href":"https:\/\/goldislandhotel.com.tr\/tr\/wp-json\/wp\/v2\/pages\/121","targetHints":{"allow":["GET"]}}],"collection":[{"href":"https:\/\/goldislandhotel.com.tr\/tr\/wp-json\/wp\/v2\/pages"}],"about":[{"href":"https:\/\/goldislandhotel.com.tr\/tr\/wp-json\/wp\/v2\/types\/page"}],"author":[{"embeddable":true,"href":"https:\/\/goldislandhotel.com.tr\/tr\/wp-json\/wp\/v2\/users\/1"}],"replies":[{"embeddable":true,"href":"https:\/\/goldislandhotel.com.tr\/tr\/wp-json\/wp\/v2\/comments?post=121"}],"version-history":[{"count":9,"href":"https:\/\/goldislandhotel.com.tr\/tr\/wp-json\/wp\/v2\/pages\/121\/revisions"}],"predecessor-version":[{"id":2211,"href":"https:\/\/goldislandhotel.com.tr\/tr\/wp-json\/wp\/v2\/pages\/121\/revisions\/2211"}],"up":[{"embeddable":true,"href":"https:\/\/goldislandhotel.com.tr\/tr\/wp-json\/wp\/v2\/pages\/103"}],"wp:attachment":[{"href":"https:\/\/goldislandhotel.com.tr\/tr\/wp-json\/wp\/v2\/media?parent=121"}],"curies":[{"name":"wp","href":"https:\/\/api.w.org\/{rel}","templated":true}]}}