{"id":119,"date":"2015-06-25T16:33:36","date_gmt":"2015-06-25T16:33:36","guid":{"rendered":"http:\/\/ravistheme.com\/pinar\/wp\/?page_id=119"},"modified":"2016-08-01T15:43:45","modified_gmt":"2016-08-01T12:43:45","slug":"rooms-goldisland","status":"publish","type":"page","link":"https:\/\/goldislandhotel.com.tr\/tr\/rooms-goldisland\/","title":{"rendered":"Odalar"},"content":{"rendered":"<p><div class=\"heading-box heading-box-less\"><h2>Konaklama<\/h2><div class=\"subtitle\">Konforu hissedin...<\/div><\/div><\/p>\n<p>Odalar\u0131n konforunu vazge\u00e7ilmez hale getiren muhte\u015fem manzaras\u0131 ve \u00f6zel dizayn balkonunda kendinizi daima Akdeniz\u2019de hissedeceksiniz. Konaklama se\u00e7eneklerimiz aras\u0131nda \u0131sland odalar\u0131m\u0131z ise denize s\u0131f\u0131r konumu, kendine ait bah\u00e7esi ve \u015fezlongu ile sizlere kendinizi denizin i\u00e7inde hissettirecek.<\/p>\n<p><strong>Oda \u00f6zellikleri<\/strong>: T\u00fcm odalar\u0131m\u0131z son derece modern mobilyalar ve ekipmanlar ile d\u00f6\u015fenmi\u015ftir. Y\u00fcksek kaliteli yatak, du\u015f, elektronik anahtar y\u00fcksek h\u0131zda internet eri\u015fimi, uydu ba\u011flant\u0131l\u0131 37 &#8220;LCD Televizyon, telefon, kasa, klima, 24 saat oda servisi, mini bar sa\u00e7 kurutma makinesi, \u00e7al\u0131\u015fma masas\u0131 ve sandalye, s\u0131cak i\u00e7ecek \u00fcnitesi ile donat\u0131lm\u0131\u015ft\u0131r. B\u00fct\u00fcn odalar\u0131m\u0131z deniz manzaral\u0131d\u0131r.<\/p>","protected":false},"excerpt":{"rendered":"<p>Odalar\u0131n konforunu vazge\u00e7ilmez hale getiren muhte\u015fem manzaras\u0131 ve \u00f6zel dizayn balkonunda kendinizi daima Akdeniz\u2019de hissedeceksiniz. Konaklama se\u00e7eneklerimiz aras\u0131nda \u0131sland odalar\u0131m\u0131z ise denize s\u0131f\u0131r konumu, kendine ait bah\u00e7esi ve \u015fezlongu ile sizlere kendinizi denizin i\u00e7inde hissettirecek. Oda \u00f6zellikleri: T\u00fcm odalar\u0131m\u0131z son derece modern mobilyalar ve ekipmanlar ile d\u00f6\u015fenmi\u015ftir. Y\u00fcksek kaliteli yatak, du\u015f, elektronik anahtar y\u00fcksek h\u0131zda internet eri\u015fimi, uydu ba\u011flant\u0131l\u0131 37 &#8220;LCD Televizyon, telefon, kasa, klima,&#8230;<\/p>\n<p><a class=\"more-link\" href=\"https:\/\/goldislandhotel.com.tr\/tr\/rooms-goldisland\/\">Continue Reading &#8230;<\/a><\/p>\n","protected":false},"author":1,"featured_media":0,"parent":0,"menu_order":0,"comment_status":"open","ping_status":"open","template":"templates\/room-masonry.php","meta":{"footnotes":""},"class_list":["post-119","page","type-page","status-publish","hentry"],"yoast_head":"<!-- This site is optimized with the Yoast SEO plugin v26.3 - https:\/\/yoast.com\/wordpress\/plugins\/seo\/ -->\n<title>Odalar | Gold Island Selected Hotel<\/title>\n<meta name=\"robots\" content=\"index, follow, max-snippet:-1, max-image-preview:large, max-video-preview:-1\" \/>\n<link rel=\"canonical\" href=\"https:\/\/goldislandhotel.com.tr\/tr\/rooms-goldisland\/\" \/>\n<meta property=\"og:locale\" content=\"tr_TR\" \/>\n<meta property=\"og:type\" content=\"article\" \/>\n<meta property=\"og:title\" content=\"Odalar | Gold Island Selected Hotel\" \/>\n<meta property=\"og:description\" content=\"Odalar\u0131n konforunu vazge\u00e7ilmez hale getiren muhte\u015fem manzaras\u0131 ve \u00f6zel dizayn balkonunda kendinizi daima Akdeniz\u2019de hissedeceksiniz. Konaklama se\u00e7eneklerimiz aras\u0131nda \u0131sland odalar\u0131m\u0131z ise denize s\u0131f\u0131r konumu, kendine ait bah\u00e7esi ve \u015fezlongu ile sizlere kendinizi denizin i\u00e7inde hissettirecek. Oda \u00f6zellikleri: T\u00fcm odalar\u0131m\u0131z son derece modern mobilyalar ve ekipmanlar ile d\u00f6\u015fenmi\u015ftir. Y\u00fcksek kaliteli yatak, du\u015f, elektronik anahtar y\u00fcksek h\u0131zda internet eri\u015fimi, uydu ba\u011flant\u0131l\u0131 37 &#8220;LCD Televizyon, telefon, kasa, klima,...Continue Reading ...\" \/>\n<meta property=\"og:url\" content=\"https:\/\/goldislandhotel.com.tr\/tr\/rooms-goldisland\/\" \/>\n<meta property=\"og:site_name\" content=\"Gold Island Selected Hotel\" \/>\n<meta property=\"article:modified_time\" content=\"2016-08-01T12:43:45+00:00\" \/>\n<meta name=\"twitter:card\" content=\"summary_large_image\" \/>\n<meta name=\"twitter:label1\" content=\"Tahmini okuma s\u00fcresi\" \/>\n\t<meta name=\"twitter:data1\" content=\"1 dakika\" \/>\n<script type=\"application\/ld+json\" class=\"yoast-schema-graph\">{\"@context\":\"https:\/\/schema.org\",\"@graph\":[{\"@type\":\"WebPage\",\"@id\":\"https:\/\/goldislandhotel.com.tr\/tr\/rooms-goldisland\/\",\"url\":\"https:\/\/goldislandhotel.com.tr\/tr\/rooms-goldisland\/\",\"name\":\"Odalar | Gold Island Selected Hotel\",\"isPartOf\":{\"@id\":\"https:\/\/goldislandhotel.com.tr\/tr\/#website\"},\"datePublished\":\"2015-06-25T16:33:36+00:00\",\"dateModified\":\"2016-08-01T12:43:45+00:00\",\"breadcrumb\":{\"@id\":\"https:\/\/goldislandhotel.com.tr\/tr\/rooms-goldisland\/#breadcrumb\"},\"inLanguage\":\"tr\",\"potentialAction\":[{\"@type\":\"ReadAction\",\"target\":[[\"https:\/\/goldislandhotel.com.tr\/tr\/rooms-goldisland\/\"]]}]},{\"@type\":\"BreadcrumbList\",\"@id\":\"https:\/\/goldislandhotel.com.tr\/tr\/rooms-goldisland\/#breadcrumb\",\"itemListElement\":[{\"@type\":\"ListItem\",\"position\":1,\"name\":\"Home\",\"item\":\"https:\/\/goldislandhotel.com.tr\/tr\/\"},{\"@type\":\"ListItem\",\"position\":2,\"name\":\"Rooms\"}]},{\"@type\":\"WebSite\",\"@id\":\"https:\/\/goldislandhotel.com.tr\/tr\/#website\",\"url\":\"https:\/\/goldislandhotel.com.tr\/tr\/\",\"name\":\"Gold Island Selected Hotel\",\"description\":\"Gold Hotels\",\"potentialAction\":[{\"@type\":\"SearchAction\",\"target\":{\"@type\":\"EntryPoint\",\"urlTemplate\":\"https:\/\/goldislandhotel.com.tr\/tr\/?s={search_term_string}\"},\"query-input\":{\"@type\":\"PropertyValueSpecification\",\"valueRequired\":true,\"valueName\":\"search_term_string\"}}],\"inLanguage\":\"tr\"}]}<\/script>\n<!-- \/ Yoast SEO plugin. -->","yoast_head_json":{"title":"Odalar | Gold Island Selected Hotel","robots":{"index":"index","follow":"follow","max-snippet":"max-snippet:-1","max-image-preview":"max-image-preview:large","max-video-preview":"max-video-preview:-1"},"canonical":"https:\/\/goldislandhotel.com.tr\/tr\/rooms-goldisland\/","og_locale":"tr_TR","og_type":"article","og_title":"Odalar | Gold Island Selected Hotel","og_description":"Odalar\u0131n konforunu vazge\u00e7ilmez hale getiren muhte\u015fem manzaras\u0131 ve \u00f6zel dizayn balkonunda kendinizi daima Akdeniz\u2019de hissedeceksiniz. Konaklama se\u00e7eneklerimiz aras\u0131nda \u0131sland odalar\u0131m\u0131z ise denize s\u0131f\u0131r konumu, kendine ait bah\u00e7esi ve \u015fezlongu ile sizlere kendinizi denizin i\u00e7inde hissettirecek. Oda \u00f6zellikleri: T\u00fcm odalar\u0131m\u0131z son derece modern mobilyalar ve ekipmanlar ile d\u00f6\u015fenmi\u015ftir. Y\u00fcksek kaliteli yatak, du\u015f, elektronik anahtar y\u00fcksek h\u0131zda internet eri\u015fimi, uydu ba\u011flant\u0131l\u0131 37 &#8220;LCD Televizyon, telefon, kasa, klima,...Continue Reading ...","og_url":"https:\/\/goldislandhotel.com.tr\/tr\/rooms-goldisland\/","og_site_name":"Gold Island Selected Hotel","article_modified_time":"2016-08-01T12:43:45+00:00","twitter_card":"summary_large_image","twitter_misc":{"Tahmini okuma s\u00fcresi":"1 dakika"},"schema":{"@context":"https:\/\/schema.org","@graph":[{"@type":"WebPage","@id":"https:\/\/goldislandhotel.com.tr\/tr\/rooms-goldisland\/","url":"https:\/\/goldislandhotel.com.tr\/tr\/rooms-goldisland\/","name":"Odalar | Gold Island Selected Hotel","isPartOf":{"@id":"https:\/\/goldislandhotel.com.tr\/tr\/#website"},"datePublished":"2015-06-25T16:33:36+00:00","dateModified":"2016-08-01T12:43:45+00:00","breadcrumb":{"@id":"https:\/\/goldislandhotel.com.tr\/tr\/rooms-goldisland\/#breadcrumb"},"inLanguage":"tr","potentialAction":[{"@type":"ReadAction","target":[["https:\/\/goldislandhotel.com.tr\/tr\/rooms-goldisland\/"]]}]},{"@type":"BreadcrumbList","@id":"https:\/\/goldislandhotel.com.tr\/tr\/rooms-goldisland\/#breadcrumb","itemListElement":[{"@type":"ListItem","position":1,"name":"Home","item":"https:\/\/goldislandhotel.com.tr\/tr\/"},{"@type":"ListItem","position":2,"name":"Rooms"}]},{"@type":"WebSite","@id":"https:\/\/goldislandhotel.com.tr\/tr\/#website","url":"https:\/\/goldislandhotel.com.tr\/tr\/","name":"Gold Island Selected Hotel","description":"Gold Hotels","potentialAction":[{"@type":"SearchAction","target":{"@type":"EntryPoint","urlTemplate":"https:\/\/goldislandhotel.com.tr\/tr\/?s={search_term_string}"},"query-input":{"@type":"PropertyValueSpecification","valueRequired":true,"valueName":"search_term_string"}}],"inLanguage":"tr"}]}},"_links":{"self":[{"href":"https:\/\/goldislandhotel.com.tr\/tr\/wp-json\/wp\/v2\/pages\/119","targetHints":{"allow":["GET"]}}],"collection":[{"href":"https:\/\/goldislandhotel.com.tr\/tr\/wp-json\/wp\/v2\/pages"}],"about":[{"href":"https:\/\/goldislandhotel.com.tr\/tr\/wp-json\/wp\/v2\/types\/page"}],"author":[{"embeddable":true,"href":"https:\/\/goldislandhotel.com.tr\/tr\/wp-json\/wp\/v2\/users\/1"}],"replies":[{"embeddable":true,"href":"https:\/\/goldislandhotel.com.tr\/tr\/wp-json\/wp\/v2\/comments?post=119"}],"version-history":[{"count":9,"href":"https:\/\/goldislandhotel.com.tr\/tr\/wp-json\/wp\/v2\/pages\/119\/revisions"}],"predecessor-version":[{"id":2121,"href":"https:\/\/goldislandhotel.com.tr\/tr\/wp-json\/wp\/v2\/pages\/119\/revisions\/2121"}],"wp:attachment":[{"href":"https:\/\/goldislandhotel.com.tr\/tr\/wp-json\/wp\/v2\/media?parent=119"}],"curies":[{"name":"wp","href":"https:\/\/api.w.org\/{rel}","templated":true}]}}