{"id":1112,"date":"2016-01-12T12:22:26","date_gmt":"2016-01-12T10:22:26","guid":{"rendered":"http:\/\/www.goldislandhotel.com.tr\/?page_id=1112"},"modified":"2022-08-22T10:58:39","modified_gmt":"2022-08-22T07:58:39","slug":"activities","status":"publish","type":"page","link":"https:\/\/goldislandhotel.com.tr\/tr\/features\/activities\/","title":{"rendered":"Aktiviteler"},"content":{"rendered":"<p><\/p>\n<blockquote><p>Animasyon ve E\u011flence&#8230;<\/p><\/blockquote>\n<p>Profesyonel animasyon ekibimizin g\u00fcnd\u00fcz ve gece programlar\u0131yla e\u011flencenin doru\u011funa ula\u015fabilirsiniz. G\u00fcnbat\u0131m\u0131nda Blue barda kokteylinizi yudumlarken \u015fa\u015f\u0131rmay\u0131n kendinizi inan\u0131lmaz bir atmosfer i\u00e7inde bulacaks\u0131n\u0131z. Ak\u015fam Aktiviteleriniz i\u00e7in ise sizlere Lobby Bar, Havuz Bar, gece kl\u00fcb\u00fc ve disco barda e\u011flenceli bir ak\u015fam \u00f6nerebiliriz!<\/p>","protected":false},"excerpt":{"rendered":"<p>Animasyon ve E\u011flence&#8230; Profesyonel animasyon ekibimizin g\u00fcnd\u00fcz ve gece programlar\u0131yla e\u011flencenin doru\u011funa ula\u015fabilirsiniz. G\u00fcnbat\u0131m\u0131nda Blue barda kokteylinizi yudumlarken \u015fa\u015f\u0131rmay\u0131n kendinizi inan\u0131lmaz bir atmosfer i\u00e7inde bulacaks\u0131n\u0131z. Ak\u015fam Aktiviteleriniz i\u00e7in ise sizlere Lobby Bar, Havuz Bar, gece kl\u00fcb\u00fc ve disco barda e\u011flenceli bir ak\u015fam \u00f6nerebiliriz!<\/p>\n","protected":false},"author":1,"featured_media":2993,"parent":99,"menu_order":0,"comment_status":"closed","ping_status":"closed","template":"","meta":{"footnotes":""},"class_list":["post-1112","page","type-page","status-publish","has-post-thumbnail","hentry"],"yoast_head":"<!-- This site is optimized with the Yoast SEO plugin v26.3 - https:\/\/yoast.com\/wordpress\/plugins\/seo\/ -->\n<title>Aktiviteler | Gold Island Selected Hotel<\/title>\n<meta name=\"robots\" content=\"index, follow, max-snippet:-1, max-image-preview:large, max-video-preview:-1\" \/>\n<link rel=\"canonical\" href=\"https:\/\/goldislandhotel.com.tr\/tr\/features\/activities\/\" \/>\n<meta property=\"og:locale\" content=\"tr_TR\" \/>\n<meta property=\"og:type\" content=\"article\" \/>\n<meta property=\"og:title\" content=\"Aktiviteler | Gold Island Selected Hotel\" \/>\n<meta property=\"og:description\" content=\"Animasyon ve E\u011flence&#8230; Profesyonel animasyon ekibimizin g\u00fcnd\u00fcz ve gece programlar\u0131yla e\u011flencenin doru\u011funa ula\u015fabilirsiniz. G\u00fcnbat\u0131m\u0131nda Blue barda kokteylinizi yudumlarken \u015fa\u015f\u0131rmay\u0131n kendinizi inan\u0131lmaz bir atmosfer i\u00e7inde bulacaks\u0131n\u0131z. Ak\u015fam Aktiviteleriniz i\u00e7in ise sizlere Lobby Bar, Havuz Bar, gece kl\u00fcb\u00fc ve disco barda e\u011flenceli bir ak\u015fam \u00f6nerebiliriz!\" \/>\n<meta property=\"og:url\" content=\"https:\/\/goldislandhotel.com.tr\/tr\/features\/activities\/\" \/>\n<meta property=\"og:site_name\" content=\"Gold Island Selected Hotel\" \/>\n<meta property=\"article:modified_time\" content=\"2022-08-22T07:58:39+00:00\" \/>\n<meta property=\"og:image\" content=\"https:\/\/goldislandhotel.com.tr\/wp-content\/uploads\/2015\/06\/fitness_goldisland_hotel-1280-x-853.jpg\" \/>\n\t<meta property=\"og:image:width\" content=\"1280\" \/>\n\t<meta property=\"og:image:height\" content=\"853\" \/>\n\t<meta property=\"og:image:type\" content=\"image\/jpeg\" \/>\n<meta name=\"twitter:card\" content=\"summary_large_image\" \/>\n<meta name=\"twitter:label1\" content=\"Tahmini okuma s\u00fcresi\" \/>\n\t<meta name=\"twitter:data1\" content=\"1 dakika\" \/>\n<script type=\"application\/ld+json\" class=\"yoast-schema-graph\">{\"@context\":\"https:\/\/schema.org\",\"@graph\":[{\"@type\":\"WebPage\",\"@id\":\"https:\/\/goldislandhotel.com.tr\/tr\/features\/activities\/\",\"url\":\"https:\/\/goldislandhotel.com.tr\/tr\/features\/activities\/\",\"name\":\"Aktiviteler | Gold Island Selected Hotel\",\"isPartOf\":{\"@id\":\"https:\/\/goldislandhotel.com.tr\/tr\/#website\"},\"primaryImageOfPage\":{\"@id\":\"https:\/\/goldislandhotel.com.tr\/tr\/features\/activities\/#primaryimage\"},\"image\":{\"@id\":\"https:\/\/goldislandhotel.com.tr\/features\/activities\/#primaryimage\"},\"thumbnailUrl\":\"https:\/\/goldislandhotel.com.tr\/wp-content\/uploads\/2015\/06\/fitness_goldisland_hotel-1280-x-853.jpg\",\"datePublished\":\"2016-01-12T10:22:26+00:00\",\"dateModified\":\"2022-08-22T07:58:39+00:00\",\"breadcrumb\":{\"@id\":\"https:\/\/goldislandhotel.com.tr\/tr\/features\/activities\/#breadcrumb\"},\"inLanguage\":\"tr\",\"potentialAction\":[{\"@type\":\"ReadAction\",\"target\":[[\"https:\/\/goldislandhotel.com.tr\/tr\/features\/activities\/\"]]}]},{\"@type\":\"ImageObject\",\"inLanguage\":\"tr\",\"@id\":\"https:\/\/goldislandhotel.com.tr\/tr\/features\/activities\/#primaryimage\",\"url\":\"https:\/\/goldislandhotel.com.tr\/wp-content\/uploads\/2015\/06\/fitness_goldisland_hotel-1280-x-853.jpg\",\"contentUrl\":\"https:\/\/goldislandhotel.com.tr\/wp-content\/uploads\/2015\/06\/fitness_goldisland_hotel-1280-x-853.jpg\",\"width\":1280,\"height\":853},{\"@type\":\"BreadcrumbList\",\"@id\":\"https:\/\/goldislandhotel.com.tr\/tr\/features\/activities\/#breadcrumb\",\"itemListElement\":[{\"@type\":\"ListItem\",\"position\":1,\"name\":\"Home\",\"item\":\"https:\/\/goldislandhotel.com.tr\/tr\/\"},{\"@type\":\"ListItem\",\"position\":2,\"name\":\"Features\",\"item\":\"https:\/\/goldislandhotel.com.tr\/tr\/features\/\"},{\"@type\":\"ListItem\",\"position\":3,\"name\":\"Activities\"}]},{\"@type\":\"WebSite\",\"@id\":\"https:\/\/goldislandhotel.com.tr\/tr\/#website\",\"url\":\"https:\/\/goldislandhotel.com.tr\/tr\/\",\"name\":\"Gold Island Selected Hotel\",\"description\":\"Gold Hotels\",\"potentialAction\":[{\"@type\":\"SearchAction\",\"target\":{\"@type\":\"EntryPoint\",\"urlTemplate\":\"https:\/\/goldislandhotel.com.tr\/tr\/?s={search_term_string}\"},\"query-input\":{\"@type\":\"PropertyValueSpecification\",\"valueRequired\":true,\"valueName\":\"search_term_string\"}}],\"inLanguage\":\"tr\"}]}<\/script>\n<!-- \/ Yoast SEO plugin. -->","yoast_head_json":{"title":"Aktiviteler | Gold Island Selected Hotel","robots":{"index":"index","follow":"follow","max-snippet":"max-snippet:-1","max-image-preview":"max-image-preview:large","max-video-preview":"max-video-preview:-1"},"canonical":"https:\/\/goldislandhotel.com.tr\/tr\/features\/activities\/","og_locale":"tr_TR","og_type":"article","og_title":"Aktiviteler | Gold Island Selected Hotel","og_description":"Animasyon ve E\u011flence&#8230; Profesyonel animasyon ekibimizin g\u00fcnd\u00fcz ve gece programlar\u0131yla e\u011flencenin doru\u011funa ula\u015fabilirsiniz. G\u00fcnbat\u0131m\u0131nda Blue barda kokteylinizi yudumlarken \u015fa\u015f\u0131rmay\u0131n kendinizi inan\u0131lmaz bir atmosfer i\u00e7inde bulacaks\u0131n\u0131z. Ak\u015fam Aktiviteleriniz i\u00e7in ise sizlere Lobby Bar, Havuz Bar, gece kl\u00fcb\u00fc ve disco barda e\u011flenceli bir ak\u015fam \u00f6nerebiliriz!","og_url":"https:\/\/goldislandhotel.com.tr\/tr\/features\/activities\/","og_site_name":"Gold Island Selected Hotel","article_modified_time":"2022-08-22T07:58:39+00:00","og_image":[{"width":1280,"height":853,"url":"https:\/\/goldislandhotel.com.tr\/wp-content\/uploads\/2015\/06\/fitness_goldisland_hotel-1280-x-853.jpg","type":"image\/jpeg"}],"twitter_card":"summary_large_image","twitter_misc":{"Tahmini okuma s\u00fcresi":"1 dakika"},"schema":{"@context":"https:\/\/schema.org","@graph":[{"@type":"WebPage","@id":"https:\/\/goldislandhotel.com.tr\/tr\/features\/activities\/","url":"https:\/\/goldislandhotel.com.tr\/tr\/features\/activities\/","name":"Aktiviteler | Gold Island Selected Hotel","isPartOf":{"@id":"https:\/\/goldislandhotel.com.tr\/tr\/#website"},"primaryImageOfPage":{"@id":"https:\/\/goldislandhotel.com.tr\/tr\/features\/activities\/#primaryimage"},"image":{"@id":"https:\/\/goldislandhotel.com.tr\/features\/activities\/#primaryimage"},"thumbnailUrl":"https:\/\/goldislandhotel.com.tr\/wp-content\/uploads\/2015\/06\/fitness_goldisland_hotel-1280-x-853.jpg","datePublished":"2016-01-12T10:22:26+00:00","dateModified":"2022-08-22T07:58:39+00:00","breadcrumb":{"@id":"https:\/\/goldislandhotel.com.tr\/tr\/features\/activities\/#breadcrumb"},"inLanguage":"tr","potentialAction":[{"@type":"ReadAction","target":[["https:\/\/goldislandhotel.com.tr\/tr\/features\/activities\/"]]}]},{"@type":"ImageObject","inLanguage":"tr","@id":"https:\/\/goldislandhotel.com.tr\/tr\/features\/activities\/#primaryimage","url":"https:\/\/goldislandhotel.com.tr\/wp-content\/uploads\/2015\/06\/fitness_goldisland_hotel-1280-x-853.jpg","contentUrl":"https:\/\/goldislandhotel.com.tr\/wp-content\/uploads\/2015\/06\/fitness_goldisland_hotel-1280-x-853.jpg","width":1280,"height":853},{"@type":"BreadcrumbList","@id":"https:\/\/goldislandhotel.com.tr\/tr\/features\/activities\/#breadcrumb","itemListElement":[{"@type":"ListItem","position":1,"name":"Home","item":"https:\/\/goldislandhotel.com.tr\/tr\/"},{"@type":"ListItem","position":2,"name":"Features","item":"https:\/\/goldislandhotel.com.tr\/tr\/features\/"},{"@type":"ListItem","position":3,"name":"Activities"}]},{"@type":"WebSite","@id":"https:\/\/goldislandhotel.com.tr\/tr\/#website","url":"https:\/\/goldislandhotel.com.tr\/tr\/","name":"Gold Island Selected Hotel","description":"Gold Hotels","potentialAction":[{"@type":"SearchAction","target":{"@type":"EntryPoint","urlTemplate":"https:\/\/goldislandhotel.com.tr\/tr\/?s={search_term_string}"},"query-input":{"@type":"PropertyValueSpecification","valueRequired":true,"valueName":"search_term_string"}}],"inLanguage":"tr"}]}},"_links":{"self":[{"href":"https:\/\/goldislandhotel.com.tr\/tr\/wp-json\/wp\/v2\/pages\/1112","targetHints":{"allow":["GET"]}}],"collection":[{"href":"https:\/\/goldislandhotel.com.tr\/tr\/wp-json\/wp\/v2\/pages"}],"about":[{"href":"https:\/\/goldislandhotel.com.tr\/tr\/wp-json\/wp\/v2\/types\/page"}],"author":[{"embeddable":true,"href":"https:\/\/goldislandhotel.com.tr\/tr\/wp-json\/wp\/v2\/users\/1"}],"replies":[{"embeddable":true,"href":"https:\/\/goldislandhotel.com.tr\/tr\/wp-json\/wp\/v2\/comments?post=1112"}],"version-history":[{"count":9,"href":"https:\/\/goldislandhotel.com.tr\/tr\/wp-json\/wp\/v2\/pages\/1112\/revisions"}],"predecessor-version":[{"id":3197,"href":"https:\/\/goldislandhotel.com.tr\/tr\/wp-json\/wp\/v2\/pages\/1112\/revisions\/3197"}],"up":[{"embeddable":true,"href":"https:\/\/goldislandhotel.com.tr\/tr\/wp-json\/wp\/v2\/pages\/99"}],"wp:featuredmedia":[{"embeddable":true,"href":"https:\/\/goldislandhotel.com.tr\/tr\/wp-json\/wp\/v2\/media\/2993"}],"wp:attachment":[{"href":"https:\/\/goldislandhotel.com.tr\/tr\/wp-json\/wp\/v2\/media?parent=1112"}],"curies":[{"name":"wp","href":"https:\/\/api.w.org\/{rel}","templated":true}]}}