{"id":1089,"date":"2016-01-12T11:32:12","date_gmt":"2016-01-12T09:32:12","guid":{"rendered":"http:\/\/www.goldislandhotel.com.tr\/pinar-gallery\/"},"modified":"2025-04-15T12:21:32","modified_gmt":"2025-04-15T09:21:32","slug":"services-facilities","status":"publish","type":"page","link":"https:\/\/goldislandhotel.com.tr\/tr\/features\/services-facilities\/","title":{"rendered":"Servis &#038; Hizmetlerimiz"},"content":{"rendered":"<p><\/p>\n<p class=\"\" data-start=\"93\" data-end=\"106\"><strong>Servis &amp; Hizmetlerimiz<\/strong><\/p>\n<ul data-start=\"108\" data-end=\"502\">\n<li data-start=\"108\" data-end=\"136\">Kar\u015f\u0131lama<\/li>\n<li class=\"\" data-start=\"108\" data-end=\"136\">\n<p class=\"\" data-start=\"110\" data-end=\"136\">Ge\u00e7 kahvalt\u0131 alternatifi<\/p>\n<\/li>\n<li class=\"\" data-start=\"137\" data-end=\"166\">\n<p class=\"\" data-start=\"139\" data-end=\"166\">G\u00fcnl\u00fck otel bilgilendirme<\/p>\n<\/li>\n<li class=\"\" data-start=\"167\" data-end=\"220\">\n<p class=\"\" data-start=\"169\" data-end=\"220\">Kapsaml\u0131 spor, e\u011flence ve sa\u011fl\u0131kl\u0131 ya\u015fam program\u0131<\/p>\n<\/li>\n<li class=\"\" data-start=\"221\" data-end=\"257\">\n<p class=\"\" data-start=\"223\" data-end=\"257\">Uluslararas\u0131 a\u00e7\u0131k b\u00fcfe restorant<\/p>\n<\/li>\n<li class=\"\" data-start=\"258\" data-end=\"326\">\n<p class=\"\" data-start=\"260\" data-end=\"326\">Taze, mevsimsel lezzetlerin haz\u0131rland\u0131\u011f\u0131 \u00e0-la-carte restorantlar<\/p>\n<\/li>\n<li class=\"\" data-start=\"327\" data-end=\"395\">\n<p class=\"\" data-start=\"329\" data-end=\"395\">Tatiliniz boyunca \u00e7evrimi\u00e7i olaca\u011f\u0131n\u0131z \u00fccretsiz Wi-Fi ba\u011flant\u0131s\u0131<\/p>\n<\/li>\n<li class=\"\" data-start=\"396\" data-end=\"468\">\n<p class=\"\" data-start=\"398\" data-end=\"468\">Rahat ve sakinle\u015ftirici dokusu ile g\u00fcn\u00fc bitirebilece\u011finiz barlar\u0131m\u0131z<\/p>\n<\/li>\n<li class=\"\" data-start=\"469\" data-end=\"502\">\n<p class=\"\" data-start=\"471\" data-end=\"502\">T\u00fcm odalar deniz manzaral\u0131d\u0131r<\/p>\n<\/li>\n<\/ul>\n<p><\/p>","protected":false},"excerpt":{"rendered":"<p>Servis &amp; Hizmetlerimiz Kar\u015f\u0131lama Ge\u00e7 kahvalt\u0131 alternatifi G\u00fcnl\u00fck otel bilgilendirme Kapsaml\u0131 spor, e\u011flence ve sa\u011fl\u0131kl\u0131 ya\u015fam program\u0131 Uluslararas\u0131 a\u00e7\u0131k b\u00fcfe restorant Taze, mevsimsel lezzetlerin haz\u0131rland\u0131\u011f\u0131 \u00e0-la-carte restorantlar Tatiliniz boyunca \u00e7evrimi\u00e7i olaca\u011f\u0131n\u0131z \u00fccretsiz Wi-Fi ba\u011flant\u0131s\u0131 Rahat ve sakinle\u015ftirici dokusu ile g\u00fcn\u00fc bitirebilece\u011finiz barlar\u0131m\u0131z T\u00fcm odalar deniz manzaral\u0131d\u0131r<\/p>\n","protected":false},"author":1,"featured_media":3002,"parent":99,"menu_order":0,"comment_status":"closed","ping_status":"closed","template":"","meta":{"footnotes":""},"class_list":["post-1089","page","type-page","status-publish","has-post-thumbnail","hentry"],"yoast_head":"<!-- This site is optimized with the Yoast SEO plugin v26.3 - https:\/\/yoast.com\/wordpress\/plugins\/seo\/ -->\n<title>Servis &amp; Hizmetlerimiz | Gold Island Selected Hotel<\/title>\n<meta name=\"robots\" content=\"index, follow, max-snippet:-1, max-image-preview:large, max-video-preview:-1\" \/>\n<link rel=\"canonical\" href=\"https:\/\/goldislandhotel.com.tr\/tr\/features\/services-facilities\/\" \/>\n<meta property=\"og:locale\" content=\"tr_TR\" \/>\n<meta property=\"og:type\" content=\"article\" \/>\n<meta property=\"og:title\" content=\"Servis &amp; Hizmetlerimiz | Gold Island Selected Hotel\" \/>\n<meta property=\"og:description\" content=\"Servis &amp; Hizmetlerimiz Kar\u015f\u0131lama Ge\u00e7 kahvalt\u0131 alternatifi G\u00fcnl\u00fck otel bilgilendirme Kapsaml\u0131 spor, e\u011flence ve sa\u011fl\u0131kl\u0131 ya\u015fam program\u0131 Uluslararas\u0131 a\u00e7\u0131k b\u00fcfe restorant Taze, mevsimsel lezzetlerin haz\u0131rland\u0131\u011f\u0131 \u00e0-la-carte restorantlar Tatiliniz boyunca \u00e7evrimi\u00e7i olaca\u011f\u0131n\u0131z \u00fccretsiz Wi-Fi ba\u011flant\u0131s\u0131 Rahat ve sakinle\u015ftirici dokusu ile g\u00fcn\u00fc bitirebilece\u011finiz barlar\u0131m\u0131z T\u00fcm odalar deniz manzaral\u0131d\u0131r\" \/>\n<meta property=\"og:url\" content=\"https:\/\/goldislandhotel.com.tr\/tr\/features\/services-facilities\/\" \/>\n<meta property=\"og:site_name\" content=\"Gold Island Selected Hotel\" \/>\n<meta property=\"article:modified_time\" content=\"2025-04-15T09:21:32+00:00\" \/>\n<meta property=\"og:image\" content=\"https:\/\/goldislandhotel.com.tr\/wp-content\/uploads\/2016\/01\/sentido.hotel_.concierge.jpg\" \/>\n\t<meta property=\"og:image:width\" content=\"640\" \/>\n\t<meta property=\"og:image:height\" content=\"360\" \/>\n\t<meta property=\"og:image:type\" content=\"image\/jpeg\" \/>\n<meta name=\"twitter:card\" content=\"summary_large_image\" \/>\n<meta name=\"twitter:label1\" content=\"Tahmini okuma s\u00fcresi\" \/>\n\t<meta name=\"twitter:data1\" content=\"1 dakika\" \/>\n<script type=\"application\/ld+json\" class=\"yoast-schema-graph\">{\"@context\":\"https:\/\/schema.org\",\"@graph\":[{\"@type\":\"WebPage\",\"@id\":\"https:\/\/goldislandhotel.com.tr\/tr\/features\/services-facilities\/\",\"url\":\"https:\/\/goldislandhotel.com.tr\/tr\/features\/services-facilities\/\",\"name\":\"Servis & Hizmetlerimiz | Gold Island Selected Hotel\",\"isPartOf\":{\"@id\":\"https:\/\/goldislandhotel.com.tr\/tr\/#website\"},\"primaryImageOfPage\":{\"@id\":\"https:\/\/goldislandhotel.com.tr\/tr\/features\/services-facilities\/#primaryimage\"},\"image\":{\"@id\":\"https:\/\/goldislandhotel.com.tr\/features\/services-facilities\/#primaryimage\"},\"thumbnailUrl\":\"https:\/\/goldislandhotel.com.tr\/wp-content\/uploads\/2016\/01\/sentido.hotel_.concierge.jpg\",\"datePublished\":\"2016-01-12T09:32:12+00:00\",\"dateModified\":\"2025-04-15T09:21:32+00:00\",\"breadcrumb\":{\"@id\":\"https:\/\/goldislandhotel.com.tr\/tr\/features\/services-facilities\/#breadcrumb\"},\"inLanguage\":\"tr\",\"potentialAction\":[{\"@type\":\"ReadAction\",\"target\":[[\"https:\/\/goldislandhotel.com.tr\/tr\/features\/services-facilities\/\"]]}]},{\"@type\":\"ImageObject\",\"inLanguage\":\"tr\",\"@id\":\"https:\/\/goldislandhotel.com.tr\/tr\/features\/services-facilities\/#primaryimage\",\"url\":\"https:\/\/goldislandhotel.com.tr\/wp-content\/uploads\/2016\/01\/sentido.hotel_.concierge.jpg\",\"contentUrl\":\"https:\/\/goldislandhotel.com.tr\/wp-content\/uploads\/2016\/01\/sentido.hotel_.concierge.jpg\",\"width\":640,\"height\":360},{\"@type\":\"BreadcrumbList\",\"@id\":\"https:\/\/goldislandhotel.com.tr\/tr\/features\/services-facilities\/#breadcrumb\",\"itemListElement\":[{\"@type\":\"ListItem\",\"position\":1,\"name\":\"Home\",\"item\":\"https:\/\/goldislandhotel.com.tr\/tr\/\"},{\"@type\":\"ListItem\",\"position\":2,\"name\":\"Features\",\"item\":\"https:\/\/goldislandhotel.com.tr\/tr\/features\/\"},{\"@type\":\"ListItem\",\"position\":3,\"name\":\"Services &#038; Facilities\"}]},{\"@type\":\"WebSite\",\"@id\":\"https:\/\/goldislandhotel.com.tr\/tr\/#website\",\"url\":\"https:\/\/goldislandhotel.com.tr\/tr\/\",\"name\":\"Gold Island Selected Hotel\",\"description\":\"Gold Hotels\",\"potentialAction\":[{\"@type\":\"SearchAction\",\"target\":{\"@type\":\"EntryPoint\",\"urlTemplate\":\"https:\/\/goldislandhotel.com.tr\/tr\/?s={search_term_string}\"},\"query-input\":{\"@type\":\"PropertyValueSpecification\",\"valueRequired\":true,\"valueName\":\"search_term_string\"}}],\"inLanguage\":\"tr\"}]}<\/script>\n<!-- \/ Yoast SEO plugin. -->","yoast_head_json":{"title":"Servis & Hizmetlerimiz | Gold Island Selected Hotel","robots":{"index":"index","follow":"follow","max-snippet":"max-snippet:-1","max-image-preview":"max-image-preview:large","max-video-preview":"max-video-preview:-1"},"canonical":"https:\/\/goldislandhotel.com.tr\/tr\/features\/services-facilities\/","og_locale":"tr_TR","og_type":"article","og_title":"Servis & Hizmetlerimiz | Gold Island Selected Hotel","og_description":"Servis &amp; Hizmetlerimiz Kar\u015f\u0131lama Ge\u00e7 kahvalt\u0131 alternatifi G\u00fcnl\u00fck otel bilgilendirme Kapsaml\u0131 spor, e\u011flence ve sa\u011fl\u0131kl\u0131 ya\u015fam program\u0131 Uluslararas\u0131 a\u00e7\u0131k b\u00fcfe restorant Taze, mevsimsel lezzetlerin haz\u0131rland\u0131\u011f\u0131 \u00e0-la-carte restorantlar Tatiliniz boyunca \u00e7evrimi\u00e7i olaca\u011f\u0131n\u0131z \u00fccretsiz Wi-Fi ba\u011flant\u0131s\u0131 Rahat ve sakinle\u015ftirici dokusu ile g\u00fcn\u00fc bitirebilece\u011finiz barlar\u0131m\u0131z T\u00fcm odalar deniz manzaral\u0131d\u0131r","og_url":"https:\/\/goldislandhotel.com.tr\/tr\/features\/services-facilities\/","og_site_name":"Gold Island Selected Hotel","article_modified_time":"2025-04-15T09:21:32+00:00","og_image":[{"width":640,"height":360,"url":"https:\/\/goldislandhotel.com.tr\/wp-content\/uploads\/2016\/01\/sentido.hotel_.concierge.jpg","type":"image\/jpeg"}],"twitter_card":"summary_large_image","twitter_misc":{"Tahmini okuma s\u00fcresi":"1 dakika"},"schema":{"@context":"https:\/\/schema.org","@graph":[{"@type":"WebPage","@id":"https:\/\/goldislandhotel.com.tr\/tr\/features\/services-facilities\/","url":"https:\/\/goldislandhotel.com.tr\/tr\/features\/services-facilities\/","name":"Servis & Hizmetlerimiz | Gold Island Selected Hotel","isPartOf":{"@id":"https:\/\/goldislandhotel.com.tr\/tr\/#website"},"primaryImageOfPage":{"@id":"https:\/\/goldislandhotel.com.tr\/tr\/features\/services-facilities\/#primaryimage"},"image":{"@id":"https:\/\/goldislandhotel.com.tr\/features\/services-facilities\/#primaryimage"},"thumbnailUrl":"https:\/\/goldislandhotel.com.tr\/wp-content\/uploads\/2016\/01\/sentido.hotel_.concierge.jpg","datePublished":"2016-01-12T09:32:12+00:00","dateModified":"2025-04-15T09:21:32+00:00","breadcrumb":{"@id":"https:\/\/goldislandhotel.com.tr\/tr\/features\/services-facilities\/#breadcrumb"},"inLanguage":"tr","potentialAction":[{"@type":"ReadAction","target":[["https:\/\/goldislandhotel.com.tr\/tr\/features\/services-facilities\/"]]}]},{"@type":"ImageObject","inLanguage":"tr","@id":"https:\/\/goldislandhotel.com.tr\/tr\/features\/services-facilities\/#primaryimage","url":"https:\/\/goldislandhotel.com.tr\/wp-content\/uploads\/2016\/01\/sentido.hotel_.concierge.jpg","contentUrl":"https:\/\/goldislandhotel.com.tr\/wp-content\/uploads\/2016\/01\/sentido.hotel_.concierge.jpg","width":640,"height":360},{"@type":"BreadcrumbList","@id":"https:\/\/goldislandhotel.com.tr\/tr\/features\/services-facilities\/#breadcrumb","itemListElement":[{"@type":"ListItem","position":1,"name":"Home","item":"https:\/\/goldislandhotel.com.tr\/tr\/"},{"@type":"ListItem","position":2,"name":"Features","item":"https:\/\/goldislandhotel.com.tr\/tr\/features\/"},{"@type":"ListItem","position":3,"name":"Services &#038; Facilities"}]},{"@type":"WebSite","@id":"https:\/\/goldislandhotel.com.tr\/tr\/#website","url":"https:\/\/goldislandhotel.com.tr\/tr\/","name":"Gold Island Selected Hotel","description":"Gold Hotels","potentialAction":[{"@type":"SearchAction","target":{"@type":"EntryPoint","urlTemplate":"https:\/\/goldislandhotel.com.tr\/tr\/?s={search_term_string}"},"query-input":{"@type":"PropertyValueSpecification","valueRequired":true,"valueName":"search_term_string"}}],"inLanguage":"tr"}]}},"_links":{"self":[{"href":"https:\/\/goldislandhotel.com.tr\/tr\/wp-json\/wp\/v2\/pages\/1089","targetHints":{"allow":["GET"]}}],"collection":[{"href":"https:\/\/goldislandhotel.com.tr\/tr\/wp-json\/wp\/v2\/pages"}],"about":[{"href":"https:\/\/goldislandhotel.com.tr\/tr\/wp-json\/wp\/v2\/types\/page"}],"author":[{"embeddable":true,"href":"https:\/\/goldislandhotel.com.tr\/tr\/wp-json\/wp\/v2\/users\/1"}],"replies":[{"embeddable":true,"href":"https:\/\/goldislandhotel.com.tr\/tr\/wp-json\/wp\/v2\/comments?post=1089"}],"version-history":[{"count":9,"href":"https:\/\/goldislandhotel.com.tr\/tr\/wp-json\/wp\/v2\/pages\/1089\/revisions"}],"predecessor-version":[{"id":3255,"href":"https:\/\/goldislandhotel.com.tr\/tr\/wp-json\/wp\/v2\/pages\/1089\/revisions\/3255"}],"up":[{"embeddable":true,"href":"https:\/\/goldislandhotel.com.tr\/tr\/wp-json\/wp\/v2\/pages\/99"}],"wp:featuredmedia":[{"embeddable":true,"href":"https:\/\/goldislandhotel.com.tr\/tr\/wp-json\/wp\/v2\/media\/3002"}],"wp:attachment":[{"href":"https:\/\/goldislandhotel.com.tr\/tr\/wp-json\/wp\/v2\/media?parent=1089"}],"curies":[{"name":"wp","href":"https:\/\/api.w.org\/{rel}","templated":true}]}}