{"id":107,"date":"2015-06-25T16:32:01","date_gmt":"2015-06-25T16:32:01","guid":{"rendered":"http:\/\/ravistheme.com\/pinar\/wp\/?page_id=107"},"modified":"2017-10-27T16:10:34","modified_gmt":"2017-10-27T13:10:34","slug":"certificate-and-awards","status":"publish","type":"page","link":"https:\/\/goldislandhotel.com.tr\/tr\/about-us\/certificate-and-awards\/","title":{"rendered":"Belge ve \u00d6d\u00fcllerimiz"},"content":{"rendered":"<p><div class=\"title-line big-title\"><div class=\"title-p\"><p>Belge ve \u00d6d\u00fcllerimiz<\/p><\/div><span class=\"subtitle\">Gold Island<\/span><\/div><div class=\"clearfix\"><\/div><\/p>\n<p>&nbsp;<\/p>\n    <div class=\"gallery box\">\n            <div style=\"margin: 10px 4px; float:left;\">\n            <div class=\"pic_hover\">\n                <a href=\"https:\/\/goldislandhotel.com.tr\/wp-content\/uploads\/2015\/06\/travelife_gold.jpg\" rel=\"prettyPhoto[goldcity]\">\n                    <!--<span class=\"overlay\"><\/span>-->                    <img decoding=\"async\" style=\"width:auto;height:76px;\" src=\"https:\/\/goldislandhotel.com.tr\/wp-content\/uploads\/2015\/06\/travelife_gold-300x162.jpg\" alt=\"Travellife Gold\" \/>\n                <\/a>\n            <\/div>\n        <\/div>\n            <div style=\"margin: 10px 4px; float:left;\">\n            <div class=\"pic_hover\">\n                <a href=\"https:\/\/goldislandhotel.com.tr\/wp-content\/uploads\/2015\/06\/blue_flag.jpg\" rel=\"prettyPhoto[goldcity]\">\n                    <!--<span class=\"overlay\"><\/span>-->                    <img decoding=\"async\" style=\"width:auto;height:76px;\" src=\"https:\/\/goldislandhotel.com.tr\/wp-content\/uploads\/2015\/06\/blue_flag.jpg\" alt=\"Blue Flag\" \/>\n                <\/a>\n            <\/div>\n        <\/div>\n            <div style=\"margin: 10px 4px; float:left;\">\n            <div class=\"pic_hover\">\n                <a href=\"https:\/\/goldislandhotel.com.tr\/wp-content\/uploads\/2015\/06\/skael.jpg\" rel=\"prettyPhoto[goldcity]\">\n                    <!--<span class=\"overlay\"><\/span>-->                    <img decoding=\"async\" style=\"width:auto;height:76px;\" src=\"https:\/\/goldislandhotel.com.tr\/wp-content\/uploads\/2015\/06\/skael.jpg\" alt=\"Sk\u00e5l\" \/>\n                <\/a>\n            <\/div>\n        <\/div>\n        <\/div>\n    <div class=\"clear\"><\/div>\n    \n<div class=\"spacer\"><\/div>\n<hr \/>\n<p><i class=\"fa fa-bookmark padding-right-10\"><\/i><a href=\"http:\/\/www.goldislandhotel.com.tr\/tr\/about-us\/quality-policy\/\">Kalite Politikas\u0131<\/a><\/p>","protected":false},"excerpt":{"rendered":"<p>&nbsp; Kalite Politikas\u0131<\/p>\n","protected":false},"author":1,"featured_media":0,"parent":96,"menu_order":0,"comment_status":"open","ping_status":"open","template":"","meta":{"footnotes":""},"class_list":["post-107","page","type-page","status-publish","hentry"],"yoast_head":"<!-- This site is optimized with the Yoast SEO plugin v26.3 - https:\/\/yoast.com\/wordpress\/plugins\/seo\/ -->\n<title>Belge ve \u00d6d\u00fcllerimiz | Gold Island Selected Hotel<\/title>\n<meta name=\"robots\" content=\"index, follow, max-snippet:-1, max-image-preview:large, max-video-preview:-1\" \/>\n<link rel=\"canonical\" href=\"https:\/\/goldislandhotel.com.tr\/tr\/about-us\/certificate-and-awards\/\" \/>\n<meta property=\"og:locale\" content=\"tr_TR\" \/>\n<meta property=\"og:type\" content=\"article\" \/>\n<meta property=\"og:title\" content=\"Belge ve \u00d6d\u00fcllerimiz | Gold Island Selected Hotel\" \/>\n<meta property=\"og:description\" content=\"&nbsp; Kalite Politikas\u0131\" \/>\n<meta property=\"og:url\" content=\"https:\/\/goldislandhotel.com.tr\/tr\/about-us\/certificate-and-awards\/\" \/>\n<meta property=\"og:site_name\" content=\"Gold Island Selected Hotel\" \/>\n<meta property=\"article:modified_time\" content=\"2017-10-27T13:10:34+00:00\" \/>\n<meta name=\"twitter:card\" content=\"summary_large_image\" \/>\n<meta name=\"twitter:label1\" content=\"Tahmini okuma s\u00fcresi\" \/>\n\t<meta name=\"twitter:data1\" content=\"1 dakika\" \/>\n<script type=\"application\/ld+json\" class=\"yoast-schema-graph\">{\"@context\":\"https:\/\/schema.org\",\"@graph\":[{\"@type\":\"WebPage\",\"@id\":\"https:\/\/goldislandhotel.com.tr\/tr\/about-us\/certificate-and-awards\/\",\"url\":\"https:\/\/goldislandhotel.com.tr\/tr\/about-us\/certificate-and-awards\/\",\"name\":\"Belge ve \u00d6d\u00fcllerimiz | Gold Island Selected Hotel\",\"isPartOf\":{\"@id\":\"https:\/\/goldislandhotel.com.tr\/tr\/#website\"},\"datePublished\":\"2015-06-25T16:32:01+00:00\",\"dateModified\":\"2017-10-27T13:10:34+00:00\",\"breadcrumb\":{\"@id\":\"https:\/\/goldislandhotel.com.tr\/tr\/about-us\/certificate-and-awards\/#breadcrumb\"},\"inLanguage\":\"tr\",\"potentialAction\":[{\"@type\":\"ReadAction\",\"target\":[[\"https:\/\/goldislandhotel.com.tr\/tr\/about-us\/certificate-and-awards\/\"]]}]},{\"@type\":\"BreadcrumbList\",\"@id\":\"https:\/\/goldislandhotel.com.tr\/tr\/about-us\/certificate-and-awards\/#breadcrumb\",\"itemListElement\":[{\"@type\":\"ListItem\",\"position\":1,\"name\":\"Home\",\"item\":\"https:\/\/goldislandhotel.com.tr\/tr\/\"},{\"@type\":\"ListItem\",\"position\":2,\"name\":\"About us\",\"item\":\"https:\/\/goldislandhotel.com.tr\/tr\/about-us\/\"},{\"@type\":\"ListItem\",\"position\":3,\"name\":\"Certificate and Awards\"}]},{\"@type\":\"WebSite\",\"@id\":\"https:\/\/goldislandhotel.com.tr\/tr\/#website\",\"url\":\"https:\/\/goldislandhotel.com.tr\/tr\/\",\"name\":\"Gold Island Selected Hotel\",\"description\":\"Gold Hotels\",\"potentialAction\":[{\"@type\":\"SearchAction\",\"target\":{\"@type\":\"EntryPoint\",\"urlTemplate\":\"https:\/\/goldislandhotel.com.tr\/tr\/?s={search_term_string}\"},\"query-input\":{\"@type\":\"PropertyValueSpecification\",\"valueRequired\":true,\"valueName\":\"search_term_string\"}}],\"inLanguage\":\"tr\"}]}<\/script>\n<!-- \/ Yoast SEO plugin. -->","yoast_head_json":{"title":"Belge ve \u00d6d\u00fcllerimiz | Gold Island Selected Hotel","robots":{"index":"index","follow":"follow","max-snippet":"max-snippet:-1","max-image-preview":"max-image-preview:large","max-video-preview":"max-video-preview:-1"},"canonical":"https:\/\/goldislandhotel.com.tr\/tr\/about-us\/certificate-and-awards\/","og_locale":"tr_TR","og_type":"article","og_title":"Belge ve \u00d6d\u00fcllerimiz | Gold Island Selected Hotel","og_description":"&nbsp; Kalite Politikas\u0131","og_url":"https:\/\/goldislandhotel.com.tr\/tr\/about-us\/certificate-and-awards\/","og_site_name":"Gold Island Selected Hotel","article_modified_time":"2017-10-27T13:10:34+00:00","twitter_card":"summary_large_image","twitter_misc":{"Tahmini okuma s\u00fcresi":"1 dakika"},"schema":{"@context":"https:\/\/schema.org","@graph":[{"@type":"WebPage","@id":"https:\/\/goldislandhotel.com.tr\/tr\/about-us\/certificate-and-awards\/","url":"https:\/\/goldislandhotel.com.tr\/tr\/about-us\/certificate-and-awards\/","name":"Belge ve \u00d6d\u00fcllerimiz | Gold Island Selected Hotel","isPartOf":{"@id":"https:\/\/goldislandhotel.com.tr\/tr\/#website"},"datePublished":"2015-06-25T16:32:01+00:00","dateModified":"2017-10-27T13:10:34+00:00","breadcrumb":{"@id":"https:\/\/goldislandhotel.com.tr\/tr\/about-us\/certificate-and-awards\/#breadcrumb"},"inLanguage":"tr","potentialAction":[{"@type":"ReadAction","target":[["https:\/\/goldislandhotel.com.tr\/tr\/about-us\/certificate-and-awards\/"]]}]},{"@type":"BreadcrumbList","@id":"https:\/\/goldislandhotel.com.tr\/tr\/about-us\/certificate-and-awards\/#breadcrumb","itemListElement":[{"@type":"ListItem","position":1,"name":"Home","item":"https:\/\/goldislandhotel.com.tr\/tr\/"},{"@type":"ListItem","position":2,"name":"About us","item":"https:\/\/goldislandhotel.com.tr\/tr\/about-us\/"},{"@type":"ListItem","position":3,"name":"Certificate and Awards"}]},{"@type":"WebSite","@id":"https:\/\/goldislandhotel.com.tr\/tr\/#website","url":"https:\/\/goldislandhotel.com.tr\/tr\/","name":"Gold Island Selected Hotel","description":"Gold Hotels","potentialAction":[{"@type":"SearchAction","target":{"@type":"EntryPoint","urlTemplate":"https:\/\/goldislandhotel.com.tr\/tr\/?s={search_term_string}"},"query-input":{"@type":"PropertyValueSpecification","valueRequired":true,"valueName":"search_term_string"}}],"inLanguage":"tr"}]}},"_links":{"self":[{"href":"https:\/\/goldislandhotel.com.tr\/tr\/wp-json\/wp\/v2\/pages\/107","targetHints":{"allow":["GET"]}}],"collection":[{"href":"https:\/\/goldislandhotel.com.tr\/tr\/wp-json\/wp\/v2\/pages"}],"about":[{"href":"https:\/\/goldislandhotel.com.tr\/tr\/wp-json\/wp\/v2\/types\/page"}],"author":[{"embeddable":true,"href":"https:\/\/goldislandhotel.com.tr\/tr\/wp-json\/wp\/v2\/users\/1"}],"replies":[{"embeddable":true,"href":"https:\/\/goldislandhotel.com.tr\/tr\/wp-json\/wp\/v2\/comments?post=107"}],"version-history":[{"count":9,"href":"https:\/\/goldislandhotel.com.tr\/tr\/wp-json\/wp\/v2\/pages\/107\/revisions"}],"predecessor-version":[{"id":3018,"href":"https:\/\/goldislandhotel.com.tr\/tr\/wp-json\/wp\/v2\/pages\/107\/revisions\/3018"}],"up":[{"embeddable":true,"href":"https:\/\/goldislandhotel.com.tr\/tr\/wp-json\/wp\/v2\/pages\/96"}],"wp:attachment":[{"href":"https:\/\/goldislandhotel.com.tr\/tr\/wp-json\/wp\/v2\/media?parent=107"}],"curies":[{"name":"wp","href":"https:\/\/api.w.org\/{rel}","templated":true}]}}