{"id":105,"date":"2015-06-25T14:21:31","date_gmt":"2015-06-25T14:21:31","guid":{"rendered":"http:\/\/ravistheme.com\/pinar\/wp\/?page_id=105"},"modified":"2020-06-17T12:13:25","modified_gmt":"2020-06-17T09:13:25","slug":"restaurants-bars","status":"publish","type":"page","link":"https:\/\/goldislandhotel.com.tr\/tr\/features\/restaurants-bars\/","title":{"rendered":"Restaurant ve Barlar"},"content":{"rendered":"<p><\/p>\n<blockquote><p>Harika Lezzetler, S\u0131cak ve Konforlu Ortam&#8230;<\/p><\/blockquote>\n<p>Her zevke uygun farkl\u0131 lezzetlerinde tad\u0131labilece\u011fi a\u00e7\u0131k b\u00fcfe restoran\u0131m\u0131zda sizlere lezzetin yan\u0131nda sa\u011fl\u0131\u011f\u0131 da sunuyoruz&#8230;<\/p>\n<p>Kapal\u0131 ve a\u00e7\u0131k alanlar\u0131nda zengin men\u00fcs\u00fc ve ak\u015fam yemeklerinde usta ah\u00e7\u0131lar\u0131m\u0131z\u0131n yemek \u015fovlar\u0131yla hem lezzetli hemde keyifli bir atmosfer sizleri bekliyor.<\/p>\n<p>Ayr\u0131ca konuklar\u0131m\u0131z\u0131n kendi se\u00e7imlerini yapabilecekleri \u00e0-la carte restoran\u0131m\u0131z mevcuttur. Aperatifler ve snack \u2018ler i\u00e7in pastanemizi veya Havuz &amp; Snack Bar, Vitamin Bar veya Lobby Lounge ve Bar\u2018\u0131 se\u00e7ebilirsiniz.<br \/>\n<div class=\"spacer\"><\/div><\/p>","protected":false},"excerpt":{"rendered":"<p>Harika Lezzetler, S\u0131cak ve Konforlu Ortam&#8230; Her zevke uygun farkl\u0131 lezzetlerinde tad\u0131labilece\u011fi a\u00e7\u0131k b\u00fcfe restoran\u0131m\u0131zda sizlere lezzetin yan\u0131nda sa\u011fl\u0131\u011f\u0131 da sunuyoruz&#8230; Kapal\u0131 ve a\u00e7\u0131k alanlar\u0131nda zengin men\u00fcs\u00fc ve ak\u015fam yemeklerinde usta ah\u00e7\u0131lar\u0131m\u0131z\u0131n yemek \u015fovlar\u0131yla hem lezzetli hemde keyifli bir atmosfer sizleri bekliyor. Ayr\u0131ca konuklar\u0131m\u0131z\u0131n kendi se\u00e7imlerini yapabilecekleri \u00e0-la carte restoran\u0131m\u0131z mevcuttur. Aperatifler ve snack \u2018ler i\u00e7in pastanemizi veya Havuz &amp; Snack Bar, Vitamin Bar veya&#8230;<\/p>\n<p><a class=\"more-link\" href=\"https:\/\/goldislandhotel.com.tr\/tr\/features\/restaurants-bars\/\">Continue Reading &#8230;<\/a><\/p>\n","protected":false},"author":1,"featured_media":2831,"parent":99,"menu_order":0,"comment_status":"open","ping_status":"open","template":"","meta":{"footnotes":""},"class_list":["post-105","page","type-page","status-publish","has-post-thumbnail","hentry"],"yoast_head":"<!-- This site is optimized with the Yoast SEO plugin v26.3 - https:\/\/yoast.com\/wordpress\/plugins\/seo\/ -->\n<title>Restaurant ve Barlar | Gold Island Selected Hotel<\/title>\n<meta name=\"robots\" content=\"index, follow, max-snippet:-1, max-image-preview:large, max-video-preview:-1\" \/>\n<link rel=\"canonical\" href=\"https:\/\/goldislandhotel.com.tr\/tr\/features\/restaurants-bars\/\" \/>\n<meta property=\"og:locale\" content=\"tr_TR\" \/>\n<meta property=\"og:type\" content=\"article\" \/>\n<meta property=\"og:title\" content=\"Restaurant ve Barlar | Gold Island Selected Hotel\" \/>\n<meta property=\"og:description\" content=\"Harika Lezzetler, S\u0131cak ve Konforlu Ortam&#8230; Her zevke uygun farkl\u0131 lezzetlerinde tad\u0131labilece\u011fi a\u00e7\u0131k b\u00fcfe restoran\u0131m\u0131zda sizlere lezzetin yan\u0131nda sa\u011fl\u0131\u011f\u0131 da sunuyoruz&#8230; Kapal\u0131 ve a\u00e7\u0131k alanlar\u0131nda zengin men\u00fcs\u00fc ve ak\u015fam yemeklerinde usta ah\u00e7\u0131lar\u0131m\u0131z\u0131n yemek \u015fovlar\u0131yla hem lezzetli hemde keyifli bir atmosfer sizleri bekliyor. Ayr\u0131ca konuklar\u0131m\u0131z\u0131n kendi se\u00e7imlerini yapabilecekleri \u00e0-la carte restoran\u0131m\u0131z mevcuttur. Aperatifler ve snack \u2018ler i\u00e7in pastanemizi veya Havuz &amp; Snack Bar, Vitamin Bar veya...Continue Reading ...\" \/>\n<meta property=\"og:url\" content=\"https:\/\/goldislandhotel.com.tr\/tr\/features\/restaurants-bars\/\" \/>\n<meta property=\"og:site_name\" content=\"Gold Island Selected Hotel\" \/>\n<meta property=\"article:modified_time\" content=\"2020-06-17T09:13:25+00:00\" \/>\n<meta property=\"og:image\" content=\"https:\/\/goldislandhotel.com.tr\/wp-content\/uploads\/2016\/01\/goldenpearl-5.jpg\" \/>\n\t<meta property=\"og:image:width\" content=\"1100\" \/>\n\t<meta property=\"og:image:height\" content=\"700\" \/>\n\t<meta property=\"og:image:type\" content=\"image\/jpeg\" \/>\n<meta name=\"twitter:card\" content=\"summary_large_image\" \/>\n<meta name=\"twitter:label1\" content=\"Tahmini okuma s\u00fcresi\" \/>\n\t<meta name=\"twitter:data1\" content=\"2 dakika\" \/>\n<script type=\"application\/ld+json\" class=\"yoast-schema-graph\">{\"@context\":\"https:\/\/schema.org\",\"@graph\":[{\"@type\":\"WebPage\",\"@id\":\"https:\/\/goldislandhotel.com.tr\/tr\/features\/restaurants-bars\/\",\"url\":\"https:\/\/goldislandhotel.com.tr\/tr\/features\/restaurants-bars\/\",\"name\":\"Restaurant ve Barlar | Gold Island Selected Hotel\",\"isPartOf\":{\"@id\":\"https:\/\/goldislandhotel.com.tr\/tr\/#website\"},\"primaryImageOfPage\":{\"@id\":\"https:\/\/goldislandhotel.com.tr\/tr\/features\/restaurants-bars\/#primaryimage\"},\"image\":{\"@id\":\"https:\/\/goldislandhotel.com.tr\/features\/restaurants-bars\/#primaryimage\"},\"thumbnailUrl\":\"https:\/\/goldislandhotel.com.tr\/wp-content\/uploads\/2016\/01\/goldenpearl-5.jpg\",\"datePublished\":\"2015-06-25T14:21:31+00:00\",\"dateModified\":\"2020-06-17T09:13:25+00:00\",\"breadcrumb\":{\"@id\":\"https:\/\/goldislandhotel.com.tr\/tr\/features\/restaurants-bars\/#breadcrumb\"},\"inLanguage\":\"tr\",\"potentialAction\":[{\"@type\":\"ReadAction\",\"target\":[[\"https:\/\/goldislandhotel.com.tr\/tr\/features\/restaurants-bars\/\"]]}]},{\"@type\":\"ImageObject\",\"inLanguage\":\"tr\",\"@id\":\"https:\/\/goldislandhotel.com.tr\/tr\/features\/restaurants-bars\/#primaryimage\",\"url\":\"https:\/\/goldislandhotel.com.tr\/wp-content\/uploads\/2016\/01\/goldenpearl-5.jpg\",\"contentUrl\":\"https:\/\/goldislandhotel.com.tr\/wp-content\/uploads\/2016\/01\/goldenpearl-5.jpg\",\"width\":1100,\"height\":700},{\"@type\":\"BreadcrumbList\",\"@id\":\"https:\/\/goldislandhotel.com.tr\/tr\/features\/restaurants-bars\/#breadcrumb\",\"itemListElement\":[{\"@type\":\"ListItem\",\"position\":1,\"name\":\"Home\",\"item\":\"https:\/\/goldislandhotel.com.tr\/tr\/\"},{\"@type\":\"ListItem\",\"position\":2,\"name\":\"Features\",\"item\":\"https:\/\/goldislandhotel.com.tr\/tr\/features\/\"},{\"@type\":\"ListItem\",\"position\":3,\"name\":\"Restaurants &#038; Bars\"}]},{\"@type\":\"WebSite\",\"@id\":\"https:\/\/goldislandhotel.com.tr\/tr\/#website\",\"url\":\"https:\/\/goldislandhotel.com.tr\/tr\/\",\"name\":\"Gold Island Selected Hotel\",\"description\":\"Gold Hotels\",\"potentialAction\":[{\"@type\":\"SearchAction\",\"target\":{\"@type\":\"EntryPoint\",\"urlTemplate\":\"https:\/\/goldislandhotel.com.tr\/tr\/?s={search_term_string}\"},\"query-input\":{\"@type\":\"PropertyValueSpecification\",\"valueRequired\":true,\"valueName\":\"search_term_string\"}}],\"inLanguage\":\"tr\"}]}<\/script>\n<!-- \/ Yoast SEO plugin. -->","yoast_head_json":{"title":"Restaurant ve Barlar | Gold Island Selected Hotel","robots":{"index":"index","follow":"follow","max-snippet":"max-snippet:-1","max-image-preview":"max-image-preview:large","max-video-preview":"max-video-preview:-1"},"canonical":"https:\/\/goldislandhotel.com.tr\/tr\/features\/restaurants-bars\/","og_locale":"tr_TR","og_type":"article","og_title":"Restaurant ve Barlar | Gold Island Selected Hotel","og_description":"Harika Lezzetler, S\u0131cak ve Konforlu Ortam&#8230; Her zevke uygun farkl\u0131 lezzetlerinde tad\u0131labilece\u011fi a\u00e7\u0131k b\u00fcfe restoran\u0131m\u0131zda sizlere lezzetin yan\u0131nda sa\u011fl\u0131\u011f\u0131 da sunuyoruz&#8230; Kapal\u0131 ve a\u00e7\u0131k alanlar\u0131nda zengin men\u00fcs\u00fc ve ak\u015fam yemeklerinde usta ah\u00e7\u0131lar\u0131m\u0131z\u0131n yemek \u015fovlar\u0131yla hem lezzetli hemde keyifli bir atmosfer sizleri bekliyor. Ayr\u0131ca konuklar\u0131m\u0131z\u0131n kendi se\u00e7imlerini yapabilecekleri \u00e0-la carte restoran\u0131m\u0131z mevcuttur. Aperatifler ve snack \u2018ler i\u00e7in pastanemizi veya Havuz &amp; Snack Bar, Vitamin Bar veya...Continue Reading ...","og_url":"https:\/\/goldislandhotel.com.tr\/tr\/features\/restaurants-bars\/","og_site_name":"Gold Island Selected Hotel","article_modified_time":"2020-06-17T09:13:25+00:00","og_image":[{"width":1100,"height":700,"url":"https:\/\/goldislandhotel.com.tr\/wp-content\/uploads\/2016\/01\/goldenpearl-5.jpg","type":"image\/jpeg"}],"twitter_card":"summary_large_image","twitter_misc":{"Tahmini okuma s\u00fcresi":"2 dakika"},"schema":{"@context":"https:\/\/schema.org","@graph":[{"@type":"WebPage","@id":"https:\/\/goldislandhotel.com.tr\/tr\/features\/restaurants-bars\/","url":"https:\/\/goldislandhotel.com.tr\/tr\/features\/restaurants-bars\/","name":"Restaurant ve Barlar | Gold Island Selected Hotel","isPartOf":{"@id":"https:\/\/goldislandhotel.com.tr\/tr\/#website"},"primaryImageOfPage":{"@id":"https:\/\/goldislandhotel.com.tr\/tr\/features\/restaurants-bars\/#primaryimage"},"image":{"@id":"https:\/\/goldislandhotel.com.tr\/features\/restaurants-bars\/#primaryimage"},"thumbnailUrl":"https:\/\/goldislandhotel.com.tr\/wp-content\/uploads\/2016\/01\/goldenpearl-5.jpg","datePublished":"2015-06-25T14:21:31+00:00","dateModified":"2020-06-17T09:13:25+00:00","breadcrumb":{"@id":"https:\/\/goldislandhotel.com.tr\/tr\/features\/restaurants-bars\/#breadcrumb"},"inLanguage":"tr","potentialAction":[{"@type":"ReadAction","target":[["https:\/\/goldislandhotel.com.tr\/tr\/features\/restaurants-bars\/"]]}]},{"@type":"ImageObject","inLanguage":"tr","@id":"https:\/\/goldislandhotel.com.tr\/tr\/features\/restaurants-bars\/#primaryimage","url":"https:\/\/goldislandhotel.com.tr\/wp-content\/uploads\/2016\/01\/goldenpearl-5.jpg","contentUrl":"https:\/\/goldislandhotel.com.tr\/wp-content\/uploads\/2016\/01\/goldenpearl-5.jpg","width":1100,"height":700},{"@type":"BreadcrumbList","@id":"https:\/\/goldislandhotel.com.tr\/tr\/features\/restaurants-bars\/#breadcrumb","itemListElement":[{"@type":"ListItem","position":1,"name":"Home","item":"https:\/\/goldislandhotel.com.tr\/tr\/"},{"@type":"ListItem","position":2,"name":"Features","item":"https:\/\/goldislandhotel.com.tr\/tr\/features\/"},{"@type":"ListItem","position":3,"name":"Restaurants &#038; Bars"}]},{"@type":"WebSite","@id":"https:\/\/goldislandhotel.com.tr\/tr\/#website","url":"https:\/\/goldislandhotel.com.tr\/tr\/","name":"Gold Island Selected Hotel","description":"Gold Hotels","potentialAction":[{"@type":"SearchAction","target":{"@type":"EntryPoint","urlTemplate":"https:\/\/goldislandhotel.com.tr\/tr\/?s={search_term_string}"},"query-input":{"@type":"PropertyValueSpecification","valueRequired":true,"valueName":"search_term_string"}}],"inLanguage":"tr"}]}},"_links":{"self":[{"href":"https:\/\/goldislandhotel.com.tr\/tr\/wp-json\/wp\/v2\/pages\/105","targetHints":{"allow":["GET"]}}],"collection":[{"href":"https:\/\/goldislandhotel.com.tr\/tr\/wp-json\/wp\/v2\/pages"}],"about":[{"href":"https:\/\/goldislandhotel.com.tr\/tr\/wp-json\/wp\/v2\/types\/page"}],"author":[{"embeddable":true,"href":"https:\/\/goldislandhotel.com.tr\/tr\/wp-json\/wp\/v2\/users\/1"}],"replies":[{"embeddable":true,"href":"https:\/\/goldislandhotel.com.tr\/tr\/wp-json\/wp\/v2\/comments?post=105"}],"version-history":[{"count":9,"href":"https:\/\/goldislandhotel.com.tr\/tr\/wp-json\/wp\/v2\/pages\/105\/revisions"}],"predecessor-version":[{"id":3144,"href":"https:\/\/goldislandhotel.com.tr\/tr\/wp-json\/wp\/v2\/pages\/105\/revisions\/3144"}],"up":[{"embeddable":true,"href":"https:\/\/goldislandhotel.com.tr\/tr\/wp-json\/wp\/v2\/pages\/99"}],"wp:featuredmedia":[{"embeddable":true,"href":"https:\/\/goldislandhotel.com.tr\/tr\/wp-json\/wp\/v2\/media\/2831"}],"wp:attachment":[{"href":"https:\/\/goldislandhotel.com.tr\/tr\/wp-json\/wp\/v2\/media?parent=105"}],"curies":[{"name":"wp","href":"https:\/\/api.w.org\/{rel}","templated":true}]}}