{"id":103,"date":"2015-06-25T14:14:51","date_gmt":"2015-06-25T14:14:51","guid":{"rendered":"http:\/\/ravistheme.com\/pinar\/wp\/?page_id=103"},"modified":"2017-10-27T16:07:51","modified_gmt":"2017-10-27T13:07:51","slug":"contact","status":"publish","type":"page","link":"https:\/\/goldislandhotel.com.tr\/tr\/contact\/","title":{"rendered":"Bize Ula\u015f\u0131n"},"content":{"rendered":"<p>Gold Island Akdeniz\u2019 in Alanya T\u00fcrkler il\u00e7esinin en g\u00fczel koyundad\u0131r.<\/p>\n<p>Alt\u0131n kumlu zengin plajlar\u0131n\u0131n yan\u0131 s\u0131ra yerel k\u00fclt\u00fcr\u00fc ve tarihi ile tatilinizi zenginle\u015ftirebilir, yak\u0131n bir mesafe i\u00e7erisinde bulunan Alanya kalesi, Arkeoloji m\u00fczesi ve yerel al\u0131\u015fveri\u015f alanlar\u0131n\u0131 ziyaret edebilirsiniz.<\/p>\n<p>Tesisimiz;<br \/>\nEn yak\u0131n yerle\u015fim yeri Avsallar&#8217;a 2 km,<br \/>\nAlanya\u2019ya 20 km,<br \/>\nAntalya Havaliman\u0131&#8217;na 98 km<br \/>\nAlanya Gazipa\u015fa Havaliman\u0131na 64 km uzakl\u0131ktad\u0131r.<\/p>\n<p><div class=\"spacer\"><\/div><div class=\"title-line \"><div class=\"title-p\"><p>Bize Ula\u015f\u0131n<\/p><\/div><span class=\"subtitle\"><\/span><\/div><div class=\"clearfix\"><\/div><\/p>\n<p>G\u00f6r\u00fc\u015fleriniz ve fikirleriniz bizim i\u00e7in her zaman \u00e7ok \u00f6nemli.<\/p>\n<p>Yan taraftaki telefon numaras\u0131ndan veya e-posta adresinden bize her zaman ula\u015fabilirsiniz.<\/p>\n<p>&nbsp;<\/p>\n\n<div class=\"wpcf7 no-js\" id=\"wpcf7-f1540-o1\" lang=\"tr-TR\" dir=\"ltr\" data-wpcf7-id=\"1540\">\n<div class=\"screen-reader-response\"><p role=\"status\" aria-live=\"polite\" aria-atomic=\"true\"><\/p> <ul><\/ul><\/div>\n<form action=\"\/tr\/wp-json\/wp\/v2\/pages\/103#wpcf7-f1540-o1\" method=\"post\" class=\"wpcf7-form init\" aria-label=\"\u0130leti\u015fim Formu\" novalidate=\"novalidate\" data-status=\"init\">\n<fieldset class=\"hidden-fields-container\"><input type=\"hidden\" name=\"_wpcf7\" value=\"1540\" \/><input type=\"hidden\" name=\"_wpcf7_version\" value=\"6.1.3\" \/><input type=\"hidden\" name=\"_wpcf7_locale\" value=\"tr_TR\" \/><input type=\"hidden\" name=\"_wpcf7_unit_tag\" value=\"wpcf7-f1540-o1\" \/><input type=\"hidden\" name=\"_wpcf7_container_post\" value=\"0\" \/><input type=\"hidden\" name=\"_wpcf7_posted_data_hash\" value=\"\" \/><input type=\"hidden\" name=\"_wpcf7_recaptcha_response\" value=\"\" \/>\n<\/fieldset>\n<div class=\"col-md-6\">\n\t<p><span class=\"wpcf7-form-control-wrap\" data-name=\"your-name\"><input size=\"40\" maxlength=\"400\" class=\"wpcf7-form-control wpcf7-text wpcf7-validates-as-required\" aria-required=\"true\" aria-invalid=\"false\" placeholder=\"Ad\u0131n\u0131z:\" value=\"\" type=\"text\" name=\"your-name\" \/><\/span><br \/>\n<span class=\"wpcf7-form-control-wrap\" data-name=\"your-email\"><input size=\"40\" maxlength=\"400\" class=\"wpcf7-form-control wpcf7-email wpcf7-validates-as-required wpcf7-text wpcf7-validates-as-email\" aria-required=\"true\" aria-invalid=\"false\" placeholder=\"Email:\" value=\"\" type=\"email\" name=\"your-email\" \/><\/span><br \/>\n<span class=\"wpcf7-form-control-wrap\" data-name=\"your-phone\"><input size=\"40\" maxlength=\"400\" class=\"wpcf7-form-control wpcf7-text\" aria-invalid=\"false\" placeholder=\"Telefon:\" value=\"\" type=\"text\" name=\"your-phone\" \/><\/span><br \/>\n\t\n\t<\/p>\n<\/div>\n<div class=\"col-md-6\">\n\t<p><span class=\"wpcf7-form-control-wrap\" data-name=\"your-message\"><textarea cols=\"40\" rows=\"10\" maxlength=\"2000\" class=\"wpcf7-form-control wpcf7-textarea wpcf7-validates-as-required\" aria-required=\"true\" aria-invalid=\"false\" placeholder=\"Mesaj\u0131n\u0131z:\" name=\"your-message\"><\/textarea><\/span><br \/>\n<input class=\"wpcf7-form-control wpcf7-submit has-spinner btn btn-default btn-contact\" type=\"submit\" value=\"G\u00f6nder\" \/>\n\t<\/p>\n<\/div>\n<div class=\"clearfix\">\n<\/div><div class=\"wpcf7-response-output\" aria-hidden=\"true\"><\/div>\n<\/form>\n<\/div>\n\n<div class=\"clear\"><\/div>\n<p><div class=\"portal-icons-box contact-portal\" id=\"contact-gold-portal\"><ul class=\"list-inline list-unstyled portal-icons\"><li><a target=\"_blank\" href=\"http:\/\/www.tripadvisor.com.tr\/Hotel_Review-g297961-d2274745-Reviews-SENTIDO_Gold_Island_Hotel-Alanya_Turkish_Mediterranean_Coast.html\" class=\"portal-icon\"><img decoding=\"async\" src=\"https:\/\/goldislandhotel.com.tr\/wp-content\/uploads\/2016\/01\/tripadvisor.png\"><\/a><\/li><li><a target=\"_blank\" href=\"http:\/\/www.zoover.com.tr\/turkiye\/foldkozi-tenger\/incekum-avsallar-alanya\/sentido-gold-island\/otel\" class=\"portal-icon\"><img decoding=\"async\" src=\"https:\/\/goldislandhotel.com.tr\/wp-content\/uploads\/2016\/01\/zoover.png\"><\/a><\/li><li><a target=\"_blank\" href=\"https:\/\/www.holidaycheck.de\/hi\/sentido-gold-island\/a1e00212-2889-3eb8-ac4e-23b93b620d75?q=SENTIDO+Gold+Island+%2F+Avsallar+%28Hotel%29\" class=\"portal-icon\"><img decoding=\"async\" src=\"https:\/\/goldislandhotel.com.tr\/wp-content\/uploads\/2016\/01\/holidaycheck.png\"><\/a><\/li><li><a target=\"_blank\" href=\"http:\/\/tophotels.org\/main\/hotel\/al63463\" class=\"portal-icon\"><img decoding=\"async\" src=\"https:\/\/goldislandhotel.com.tr\/wp-content\/uploads\/2016\/01\/tophotel.png\"><\/a><\/li><\/ul><\/div><\/p>","protected":false},"excerpt":{"rendered":"<p>Gold Island Akdeniz\u2019 in Alanya T\u00fcrkler il\u00e7esinin en g\u00fczel koyundad\u0131r. Alt\u0131n kumlu zengin plajlar\u0131n\u0131n yan\u0131 s\u0131ra yerel k\u00fclt\u00fcr\u00fc ve tarihi ile tatilinizi zenginle\u015ftirebilir, yak\u0131n bir mesafe i\u00e7erisinde bulunan Alanya kalesi, Arkeoloji m\u00fczesi ve yerel al\u0131\u015fveri\u015f alanlar\u0131n\u0131 ziyaret edebilirsiniz. Tesisimiz; En yak\u0131n yerle\u015fim yeri Avsallar&#8217;a 2 km, Alanya\u2019ya 20 km, Antalya Havaliman\u0131&#8217;na 98 km Alanya Gazipa\u015fa Havaliman\u0131na 64 km uzakl\u0131ktad\u0131r. G\u00f6r\u00fc\u015fleriniz ve fikirleriniz bizim i\u00e7in her&#8230;<\/p>\n<p><a class=\"more-link\" href=\"https:\/\/goldislandhotel.com.tr\/tr\/contact\/\">Continue Reading &#8230;<\/a><\/p>\n","protected":false},"author":1,"featured_media":0,"parent":0,"menu_order":0,"comment_status":"open","ping_status":"open","template":"templates\/contact-alt.php","meta":{"footnotes":""},"class_list":["post-103","page","type-page","status-publish","hentry"],"yoast_head":"<!-- This site is optimized with the Yoast SEO plugin v26.3 - https:\/\/yoast.com\/wordpress\/plugins\/seo\/ -->\n<title>Bize Ula\u015f\u0131n | Gold Island Selected Hotel<\/title>\n<meta name=\"robots\" content=\"index, follow, max-snippet:-1, max-image-preview:large, max-video-preview:-1\" \/>\n<link rel=\"canonical\" href=\"https:\/\/goldislandhotel.com.tr\/tr\/contact\/\" \/>\n<meta property=\"og:locale\" content=\"tr_TR\" \/>\n<meta property=\"og:type\" content=\"article\" \/>\n<meta property=\"og:title\" content=\"Bize Ula\u015f\u0131n | Gold Island Selected Hotel\" \/>\n<meta property=\"og:description\" content=\"Gold Island Akdeniz\u2019 in Alanya T\u00fcrkler il\u00e7esinin en g\u00fczel koyundad\u0131r. Alt\u0131n kumlu zengin plajlar\u0131n\u0131n yan\u0131 s\u0131ra yerel k\u00fclt\u00fcr\u00fc ve tarihi ile tatilinizi zenginle\u015ftirebilir, yak\u0131n bir mesafe i\u00e7erisinde bulunan Alanya kalesi, Arkeoloji m\u00fczesi ve yerel al\u0131\u015fveri\u015f alanlar\u0131n\u0131 ziyaret edebilirsiniz. Tesisimiz; En yak\u0131n yerle\u015fim yeri Avsallar&#8217;a 2 km, Alanya\u2019ya 20 km, Antalya Havaliman\u0131&#8217;na 98 km Alanya Gazipa\u015fa Havaliman\u0131na 64 km uzakl\u0131ktad\u0131r. G\u00f6r\u00fc\u015fleriniz ve fikirleriniz bizim i\u00e7in her...Continue Reading ...\" \/>\n<meta property=\"og:url\" content=\"https:\/\/goldislandhotel.com.tr\/tr\/contact\/\" \/>\n<meta property=\"og:site_name\" content=\"Gold Island Selected Hotel\" \/>\n<meta property=\"article:modified_time\" content=\"2017-10-27T13:07:51+00:00\" \/>\n<meta name=\"twitter:card\" content=\"summary_large_image\" \/>\n<meta name=\"twitter:label1\" content=\"Tahmini okuma s\u00fcresi\" \/>\n\t<meta name=\"twitter:data1\" content=\"2 dakika\" \/>\n<script type=\"application\/ld+json\" class=\"yoast-schema-graph\">{\"@context\":\"https:\/\/schema.org\",\"@graph\":[{\"@type\":\"WebPage\",\"@id\":\"https:\/\/goldislandhotel.com.tr\/tr\/contact\/\",\"url\":\"https:\/\/goldislandhotel.com.tr\/tr\/contact\/\",\"name\":\"Bize Ula\u015f\u0131n | Gold Island Selected Hotel\",\"isPartOf\":{\"@id\":\"https:\/\/goldislandhotel.com.tr\/tr\/#website\"},\"datePublished\":\"2015-06-25T14:14:51+00:00\",\"dateModified\":\"2017-10-27T13:07:51+00:00\",\"breadcrumb\":{\"@id\":\"https:\/\/goldislandhotel.com.tr\/tr\/contact\/#breadcrumb\"},\"inLanguage\":\"tr\",\"potentialAction\":[{\"@type\":\"ReadAction\",\"target\":[[\"https:\/\/goldislandhotel.com.tr\/tr\/contact\/\"]]}]},{\"@type\":\"BreadcrumbList\",\"@id\":\"https:\/\/goldislandhotel.com.tr\/tr\/contact\/#breadcrumb\",\"itemListElement\":[{\"@type\":\"ListItem\",\"position\":1,\"name\":\"Home\",\"item\":\"https:\/\/goldislandhotel.com.tr\/tr\/\"},{\"@type\":\"ListItem\",\"position\":2,\"name\":\"Contact us\"}]},{\"@type\":\"WebSite\",\"@id\":\"https:\/\/goldislandhotel.com.tr\/tr\/#website\",\"url\":\"https:\/\/goldislandhotel.com.tr\/tr\/\",\"name\":\"Gold Island Selected Hotel\",\"description\":\"Gold Hotels\",\"potentialAction\":[{\"@type\":\"SearchAction\",\"target\":{\"@type\":\"EntryPoint\",\"urlTemplate\":\"https:\/\/goldislandhotel.com.tr\/tr\/?s={search_term_string}\"},\"query-input\":{\"@type\":\"PropertyValueSpecification\",\"valueRequired\":true,\"valueName\":\"search_term_string\"}}],\"inLanguage\":\"tr\"}]}<\/script>\n<!-- \/ Yoast SEO plugin. -->","yoast_head_json":{"title":"Bize Ula\u015f\u0131n | Gold Island Selected Hotel","robots":{"index":"index","follow":"follow","max-snippet":"max-snippet:-1","max-image-preview":"max-image-preview:large","max-video-preview":"max-video-preview:-1"},"canonical":"https:\/\/goldislandhotel.com.tr\/tr\/contact\/","og_locale":"tr_TR","og_type":"article","og_title":"Bize Ula\u015f\u0131n | Gold Island Selected Hotel","og_description":"Gold Island Akdeniz\u2019 in Alanya T\u00fcrkler il\u00e7esinin en g\u00fczel koyundad\u0131r. Alt\u0131n kumlu zengin plajlar\u0131n\u0131n yan\u0131 s\u0131ra yerel k\u00fclt\u00fcr\u00fc ve tarihi ile tatilinizi zenginle\u015ftirebilir, yak\u0131n bir mesafe i\u00e7erisinde bulunan Alanya kalesi, Arkeoloji m\u00fczesi ve yerel al\u0131\u015fveri\u015f alanlar\u0131n\u0131 ziyaret edebilirsiniz. Tesisimiz; En yak\u0131n yerle\u015fim yeri Avsallar&#8217;a 2 km, Alanya\u2019ya 20 km, Antalya Havaliman\u0131&#8217;na 98 km Alanya Gazipa\u015fa Havaliman\u0131na 64 km uzakl\u0131ktad\u0131r. G\u00f6r\u00fc\u015fleriniz ve fikirleriniz bizim i\u00e7in her...Continue Reading ...","og_url":"https:\/\/goldislandhotel.com.tr\/tr\/contact\/","og_site_name":"Gold Island Selected Hotel","article_modified_time":"2017-10-27T13:07:51+00:00","twitter_card":"summary_large_image","twitter_misc":{"Tahmini okuma s\u00fcresi":"2 dakika"},"schema":{"@context":"https:\/\/schema.org","@graph":[{"@type":"WebPage","@id":"https:\/\/goldislandhotel.com.tr\/tr\/contact\/","url":"https:\/\/goldislandhotel.com.tr\/tr\/contact\/","name":"Bize Ula\u015f\u0131n | Gold Island Selected Hotel","isPartOf":{"@id":"https:\/\/goldislandhotel.com.tr\/tr\/#website"},"datePublished":"2015-06-25T14:14:51+00:00","dateModified":"2017-10-27T13:07:51+00:00","breadcrumb":{"@id":"https:\/\/goldislandhotel.com.tr\/tr\/contact\/#breadcrumb"},"inLanguage":"tr","potentialAction":[{"@type":"ReadAction","target":[["https:\/\/goldislandhotel.com.tr\/tr\/contact\/"]]}]},{"@type":"BreadcrumbList","@id":"https:\/\/goldislandhotel.com.tr\/tr\/contact\/#breadcrumb","itemListElement":[{"@type":"ListItem","position":1,"name":"Home","item":"https:\/\/goldislandhotel.com.tr\/tr\/"},{"@type":"ListItem","position":2,"name":"Contact us"}]},{"@type":"WebSite","@id":"https:\/\/goldislandhotel.com.tr\/tr\/#website","url":"https:\/\/goldislandhotel.com.tr\/tr\/","name":"Gold Island Selected Hotel","description":"Gold Hotels","potentialAction":[{"@type":"SearchAction","target":{"@type":"EntryPoint","urlTemplate":"https:\/\/goldislandhotel.com.tr\/tr\/?s={search_term_string}"},"query-input":{"@type":"PropertyValueSpecification","valueRequired":true,"valueName":"search_term_string"}}],"inLanguage":"tr"}]}},"_links":{"self":[{"href":"https:\/\/goldislandhotel.com.tr\/tr\/wp-json\/wp\/v2\/pages\/103","targetHints":{"allow":["GET"]}}],"collection":[{"href":"https:\/\/goldislandhotel.com.tr\/tr\/wp-json\/wp\/v2\/pages"}],"about":[{"href":"https:\/\/goldislandhotel.com.tr\/tr\/wp-json\/wp\/v2\/types\/page"}],"author":[{"embeddable":true,"href":"https:\/\/goldislandhotel.com.tr\/tr\/wp-json\/wp\/v2\/users\/1"}],"replies":[{"embeddable":true,"href":"https:\/\/goldislandhotel.com.tr\/tr\/wp-json\/wp\/v2\/comments?post=103"}],"version-history":[{"count":9,"href":"https:\/\/goldislandhotel.com.tr\/tr\/wp-json\/wp\/v2\/pages\/103\/revisions"}],"predecessor-version":[{"id":3017,"href":"https:\/\/goldislandhotel.com.tr\/tr\/wp-json\/wp\/v2\/pages\/103\/revisions\/3017"}],"wp:attachment":[{"href":"https:\/\/goldislandhotel.com.tr\/tr\/wp-json\/wp\/v2\/media?parent=103"}],"curies":[{"name":"wp","href":"https:\/\/api.w.org\/{rel}","templated":true}]}}