{"id":1020,"date":"2015-12-31T13:13:49","date_gmt":"2015-12-31T11:13:49","guid":{"rendered":"http:\/\/leartes.pw\/?page_id=1020"},"modified":"2016-01-18T11:35:28","modified_gmt":"2016-01-18T09:35:28","slug":"how-to-get-here","status":"publish","type":"page","link":"https:\/\/goldislandhotel.com.tr\/tr\/news-blog\/alanya-city-guide\/how-to-get-here\/","title":{"rendered":"Ula\u015f\u0131m"},"content":{"rendered":"<p><\/p>\n<blockquote><p>Ba\u011fl\u0131 oldu\u011fu Antalya ilinin merkezine 120 kilometre uzakl\u0131ktaki Alanya, Akdeniz k\u0131y\u0131s\u0131nda olman\u0131n t\u00fcm avantajlar\u0131na sahiptir.<\/p><\/blockquote>\n<p>Ba\u011fl\u0131 oldu\u011fu Antalya ilinin merkezine 120 kilometre uzakl\u0131ktaki Alanya, Akdeniz k\u0131y\u0131s\u0131nda olman\u0131n t\u00fcm avantajlar\u0131na sahiptir. Kente havadan, karadan ve denizden ula\u015f\u0131m m\u00fcmk\u00fcnd\u00fcr.<\/p>\n<p>Kent i\u00e7inde ise neredeyse 24 saat \u00e7al\u0131\u015fan toplu ta\u015f\u0131ma sistemi ve taksiler emrinizdedir. Alanya&#8217;n\u0131n belirli noktalar\u0131na yerle\u015ftirilmi\u015f bisiklet otomatlar\u0131 ise T\u00fcrkiye&#8217;de tektir.<\/p>\n<h3>Havadan Ula\u015f\u0131m<\/h3>\n<p>Ula\u015f\u0131m i\u00e7in havayolunu kullananlar\u0131n iki alternatifi yakla\u015f\u0131k 120 kilometre Bat\u0131&#8217;daki Antalya Havaliman\u0131 ve 40 kilometre Do\u011fu&#8217;daki Gazipa\u015fa Havalimanlar\u0131&#8217;d\u0131r. Havaalan\u0131ndan tesise ula\u015f\u0131m, paket turlar\u0131n hemen hemen tamam\u0131na dahildir. Otellerin anla\u015fmal\u0131 ara\u00e7lar\u0131 sizi havaalan\u0131n\u0131nda kap\u0131s\u0131ndan, konaklayaca\u011f\u0131n\u0131z tesise kadar b\u0131rak\u0131r. Yurti\u00e7i seferler d\u00fczenleyen baz\u0131 havayolu \u015firketleri ise u\u00e7u\u015f saatlerine ba\u011fl\u0131 olarak Alanya&#8217;ya servis kald\u0131rmaktad\u0131r.<\/p>\n<ul>\n<li><a href=\"http:\/\/www.aytport.com\/\" target=\"_blank\">http:\/\/www.aytport.com\/<\/a><\/li>\n<li><a href=\"http:\/\/www.gzpairport.com\/\" target=\"_blank\">http:\/\/www.gzpairport.com\/<\/a><\/li>\n<\/ul>\n<p>Havaalan\u0131ndan kendi imkanlar\u0131yla Alanya&#8217;ya gelmek isteyenler \u00f6zel taksileri kullanabilece\u011fi gibi, \u00e7evre yoluna \u00e7\u0131karak 15 dakikada bir Antalya Otogar\u0131&#8217;ndan kalkan Alanya otob\u00fcslerini tercih edebilirler.<\/p>\n<h3>Karadan Ula\u015f\u0131m<\/h3>\n<p>Antalya&#8217;n\u0131n do\u011fu \u00e7\u0131k\u0131\u015f\u0131ndan duble karayolunu kullanarak Alanya&#8217;ya ula\u015fmak m\u00fcmk\u00fcnd\u00fcr. Do\u011fu&#8217;dan ise Mersin \u00fczerinden Anamur-Alanya karayolu kullan\u0131labilir.<\/p>\n<h3>Denizden Ula\u015f\u0131m<\/h3>\n<p>Alanya, b\u00fcy\u00fck yolcu gemilerinin rahat\u00e7a yana\u015fabilece\u011fi \u015fehir merkezindeki bir limana sahiptir. Ayn\u0131 zamanda kent, 287 yata ayn\u0131 anda hizmet verebilme kapasitesine sahip bir yat liman\u0131na da ev sahipli\u011fi yapmaktad\u0131r. Deniz yolu ile y\u0131lda ortalama 100 gemi ve 80 bin turist gelmektedir.<\/p>\n<h3>Alanya&#8217;da Ula\u015f\u0131m<\/h3>\n<p>Kent, bir u\u00e7tan bir uca modern kald\u0131r\u0131mlarla d\u00f6\u015fenmi\u015ftir, her k\u00f6\u015fesi y\u00fcr\u00fcy\u00fc\u015f i\u00e7in uygundur. Bunun yan\u0131 s\u0131ra \u015fehir i\u00e7inde hemen hemen her noktadan s\u0131k s\u0131k ge\u00e7en minib\u00fcsler ve halk otob\u00fcsleri mevcutur. Alanya&#8217;n\u0131n bir\u00e7ok k\u00f6\u015fesinde taksi bulmak da m\u00fcmk\u00fcnd\u00fcr.<br \/>\n\u00d6nemli ziyaret noktalar\u0131ndan kaleye \u00e7\u0131kmak i\u00e7in minib\u00fcs veya taksileri rahatl\u0131kla kullanabilirsiniz.<br \/>\nYada Ehliyetiniz varsa &#8216;Rent a Car&#8217; ma\u011fazalar\u0131ndan ara\u00e7 veya motosiklet kiralayabilirsiniz.<\/p>","protected":false},"excerpt":{"rendered":"<p>Ba\u011fl\u0131 oldu\u011fu Antalya ilinin merkezine 120 kilometre uzakl\u0131ktaki Alanya, Akdeniz k\u0131y\u0131s\u0131nda olman\u0131n t\u00fcm avantajlar\u0131na sahiptir. Ba\u011fl\u0131 oldu\u011fu Antalya ilinin merkezine 120 kilometre uzakl\u0131ktaki Alanya, Akdeniz k\u0131y\u0131s\u0131nda olman\u0131n t\u00fcm avantajlar\u0131na sahiptir. Kente havadan, karadan ve denizden ula\u015f\u0131m m\u00fcmk\u00fcnd\u00fcr. Kent i\u00e7inde ise neredeyse 24 saat \u00e7al\u0131\u015fan toplu ta\u015f\u0131ma sistemi ve taksiler emrinizdedir. Alanya&#8217;n\u0131n belirli noktalar\u0131na yerle\u015ftirilmi\u015f bisiklet otomatlar\u0131 ise T\u00fcrkiye&#8217;de tektir. Havadan Ula\u015f\u0131m Ula\u015f\u0131m i\u00e7in havayolunu kullananlar\u0131n&#8230;<\/p>\n<p><a class=\"more-link\" href=\"https:\/\/goldislandhotel.com.tr\/tr\/news-blog\/alanya-city-guide\/how-to-get-here\/\">Continue Reading &#8230;<\/a><\/p>\n","protected":false},"author":1,"featured_media":0,"parent":826,"menu_order":0,"comment_status":"closed","ping_status":"closed","template":"","meta":{"footnotes":""},"class_list":["post-1020","page","type-page","status-publish","hentry"],"yoast_head":"<!-- This site is optimized with the Yoast SEO plugin v26.3 - https:\/\/yoast.com\/wordpress\/plugins\/seo\/ -->\n<title>Ula\u015f\u0131m | Gold Island Selected Hotel<\/title>\n<meta name=\"robots\" content=\"index, follow, max-snippet:-1, max-image-preview:large, max-video-preview:-1\" \/>\n<link rel=\"canonical\" href=\"https:\/\/goldislandhotel.com.tr\/tr\/news-blog\/alanya-city-guide\/how-to-get-here\/\" \/>\n<meta property=\"og:locale\" content=\"tr_TR\" \/>\n<meta property=\"og:type\" content=\"article\" \/>\n<meta property=\"og:title\" content=\"Ula\u015f\u0131m | Gold Island Selected Hotel\" \/>\n<meta property=\"og:description\" content=\"Ba\u011fl\u0131 oldu\u011fu Antalya ilinin merkezine 120 kilometre uzakl\u0131ktaki Alanya, Akdeniz k\u0131y\u0131s\u0131nda olman\u0131n t\u00fcm avantajlar\u0131na sahiptir. Ba\u011fl\u0131 oldu\u011fu Antalya ilinin merkezine 120 kilometre uzakl\u0131ktaki Alanya, Akdeniz k\u0131y\u0131s\u0131nda olman\u0131n t\u00fcm avantajlar\u0131na sahiptir. Kente havadan, karadan ve denizden ula\u015f\u0131m m\u00fcmk\u00fcnd\u00fcr. Kent i\u00e7inde ise neredeyse 24 saat \u00e7al\u0131\u015fan toplu ta\u015f\u0131ma sistemi ve taksiler emrinizdedir. Alanya&#8217;n\u0131n belirli noktalar\u0131na yerle\u015ftirilmi\u015f bisiklet otomatlar\u0131 ise T\u00fcrkiye&#8217;de tektir. Havadan Ula\u015f\u0131m Ula\u015f\u0131m i\u00e7in havayolunu kullananlar\u0131n...Continue Reading ...\" \/>\n<meta property=\"og:url\" content=\"https:\/\/goldislandhotel.com.tr\/tr\/news-blog\/alanya-city-guide\/how-to-get-here\/\" \/>\n<meta property=\"og:site_name\" content=\"Gold Island Selected Hotel\" \/>\n<meta property=\"article:modified_time\" content=\"2016-01-18T09:35:28+00:00\" \/>\n<meta name=\"twitter:card\" content=\"summary_large_image\" \/>\n<meta name=\"twitter:label1\" content=\"Tahmini okuma s\u00fcresi\" \/>\n\t<meta name=\"twitter:data1\" content=\"6 dakika\" \/>\n<script type=\"application\/ld+json\" class=\"yoast-schema-graph\">{\"@context\":\"https:\/\/schema.org\",\"@graph\":[{\"@type\":\"WebPage\",\"@id\":\"https:\/\/goldislandhotel.com.tr\/tr\/news-blog\/alanya-city-guide\/how-to-get-here\/\",\"url\":\"https:\/\/goldislandhotel.com.tr\/tr\/news-blog\/alanya-city-guide\/how-to-get-here\/\",\"name\":\"Ula\u015f\u0131m | Gold Island Selected Hotel\",\"isPartOf\":{\"@id\":\"https:\/\/goldislandhotel.com.tr\/tr\/#website\"},\"datePublished\":\"2015-12-31T11:13:49+00:00\",\"dateModified\":\"2016-01-18T09:35:28+00:00\",\"breadcrumb\":{\"@id\":\"https:\/\/goldislandhotel.com.tr\/tr\/news-blog\/alanya-city-guide\/how-to-get-here\/#breadcrumb\"},\"inLanguage\":\"tr\",\"potentialAction\":[{\"@type\":\"ReadAction\",\"target\":[[\"https:\/\/goldislandhotel.com.tr\/tr\/news-blog\/alanya-city-guide\/how-to-get-here\/\"]]}]},{\"@type\":\"BreadcrumbList\",\"@id\":\"https:\/\/goldislandhotel.com.tr\/tr\/news-blog\/alanya-city-guide\/how-to-get-here\/#breadcrumb\",\"itemListElement\":[{\"@type\":\"ListItem\",\"position\":1,\"name\":\"Home\",\"item\":\"https:\/\/goldislandhotel.com.tr\/tr\/\"},{\"@type\":\"ListItem\",\"position\":2,\"name\":\"Gold Hotels News &#038; Blog\",\"item\":\"https:\/\/goldislandhotel.com.tr\/tr\/news-blog\/\"},{\"@type\":\"ListItem\",\"position\":3,\"name\":\"Alanya City Guide\",\"item\":\"https:\/\/goldislandhotel.com.tr\/tr\/news-blog\/alanya-city-guide\/\"},{\"@type\":\"ListItem\",\"position\":4,\"name\":\"How to get here\"}]},{\"@type\":\"WebSite\",\"@id\":\"https:\/\/goldislandhotel.com.tr\/tr\/#website\",\"url\":\"https:\/\/goldislandhotel.com.tr\/tr\/\",\"name\":\"Gold Island Selected Hotel\",\"description\":\"Gold Hotels\",\"potentialAction\":[{\"@type\":\"SearchAction\",\"target\":{\"@type\":\"EntryPoint\",\"urlTemplate\":\"https:\/\/goldislandhotel.com.tr\/tr\/?s={search_term_string}\"},\"query-input\":{\"@type\":\"PropertyValueSpecification\",\"valueRequired\":true,\"valueName\":\"search_term_string\"}}],\"inLanguage\":\"tr\"}]}<\/script>\n<!-- \/ Yoast SEO plugin. -->","yoast_head_json":{"title":"Ula\u015f\u0131m | Gold Island Selected Hotel","robots":{"index":"index","follow":"follow","max-snippet":"max-snippet:-1","max-image-preview":"max-image-preview:large","max-video-preview":"max-video-preview:-1"},"canonical":"https:\/\/goldislandhotel.com.tr\/tr\/news-blog\/alanya-city-guide\/how-to-get-here\/","og_locale":"tr_TR","og_type":"article","og_title":"Ula\u015f\u0131m | Gold Island Selected Hotel","og_description":"Ba\u011fl\u0131 oldu\u011fu Antalya ilinin merkezine 120 kilometre uzakl\u0131ktaki Alanya, Akdeniz k\u0131y\u0131s\u0131nda olman\u0131n t\u00fcm avantajlar\u0131na sahiptir. Ba\u011fl\u0131 oldu\u011fu Antalya ilinin merkezine 120 kilometre uzakl\u0131ktaki Alanya, Akdeniz k\u0131y\u0131s\u0131nda olman\u0131n t\u00fcm avantajlar\u0131na sahiptir. Kente havadan, karadan ve denizden ula\u015f\u0131m m\u00fcmk\u00fcnd\u00fcr. Kent i\u00e7inde ise neredeyse 24 saat \u00e7al\u0131\u015fan toplu ta\u015f\u0131ma sistemi ve taksiler emrinizdedir. Alanya&#8217;n\u0131n belirli noktalar\u0131na yerle\u015ftirilmi\u015f bisiklet otomatlar\u0131 ise T\u00fcrkiye&#8217;de tektir. Havadan Ula\u015f\u0131m Ula\u015f\u0131m i\u00e7in havayolunu kullananlar\u0131n...Continue Reading ...","og_url":"https:\/\/goldislandhotel.com.tr\/tr\/news-blog\/alanya-city-guide\/how-to-get-here\/","og_site_name":"Gold Island Selected Hotel","article_modified_time":"2016-01-18T09:35:28+00:00","twitter_card":"summary_large_image","twitter_misc":{"Tahmini okuma s\u00fcresi":"6 dakika"},"schema":{"@context":"https:\/\/schema.org","@graph":[{"@type":"WebPage","@id":"https:\/\/goldislandhotel.com.tr\/tr\/news-blog\/alanya-city-guide\/how-to-get-here\/","url":"https:\/\/goldislandhotel.com.tr\/tr\/news-blog\/alanya-city-guide\/how-to-get-here\/","name":"Ula\u015f\u0131m | Gold Island Selected Hotel","isPartOf":{"@id":"https:\/\/goldislandhotel.com.tr\/tr\/#website"},"datePublished":"2015-12-31T11:13:49+00:00","dateModified":"2016-01-18T09:35:28+00:00","breadcrumb":{"@id":"https:\/\/goldislandhotel.com.tr\/tr\/news-blog\/alanya-city-guide\/how-to-get-here\/#breadcrumb"},"inLanguage":"tr","potentialAction":[{"@type":"ReadAction","target":[["https:\/\/goldislandhotel.com.tr\/tr\/news-blog\/alanya-city-guide\/how-to-get-here\/"]]}]},{"@type":"BreadcrumbList","@id":"https:\/\/goldislandhotel.com.tr\/tr\/news-blog\/alanya-city-guide\/how-to-get-here\/#breadcrumb","itemListElement":[{"@type":"ListItem","position":1,"name":"Home","item":"https:\/\/goldislandhotel.com.tr\/tr\/"},{"@type":"ListItem","position":2,"name":"Gold Hotels News &#038; Blog","item":"https:\/\/goldislandhotel.com.tr\/tr\/news-blog\/"},{"@type":"ListItem","position":3,"name":"Alanya City Guide","item":"https:\/\/goldislandhotel.com.tr\/tr\/news-blog\/alanya-city-guide\/"},{"@type":"ListItem","position":4,"name":"How to get here"}]},{"@type":"WebSite","@id":"https:\/\/goldislandhotel.com.tr\/tr\/#website","url":"https:\/\/goldislandhotel.com.tr\/tr\/","name":"Gold Island Selected Hotel","description":"Gold Hotels","potentialAction":[{"@type":"SearchAction","target":{"@type":"EntryPoint","urlTemplate":"https:\/\/goldislandhotel.com.tr\/tr\/?s={search_term_string}"},"query-input":{"@type":"PropertyValueSpecification","valueRequired":true,"valueName":"search_term_string"}}],"inLanguage":"tr"}]}},"_links":{"self":[{"href":"https:\/\/goldislandhotel.com.tr\/tr\/wp-json\/wp\/v2\/pages\/1020","targetHints":{"allow":["GET"]}}],"collection":[{"href":"https:\/\/goldislandhotel.com.tr\/tr\/wp-json\/wp\/v2\/pages"}],"about":[{"href":"https:\/\/goldislandhotel.com.tr\/tr\/wp-json\/wp\/v2\/types\/page"}],"author":[{"embeddable":true,"href":"https:\/\/goldislandhotel.com.tr\/tr\/wp-json\/wp\/v2\/users\/1"}],"replies":[{"embeddable":true,"href":"https:\/\/goldislandhotel.com.tr\/tr\/wp-json\/wp\/v2\/comments?post=1020"}],"version-history":[{"count":4,"href":"https:\/\/goldislandhotel.com.tr\/tr\/wp-json\/wp\/v2\/pages\/1020\/revisions"}],"predecessor-version":[{"id":1503,"href":"https:\/\/goldislandhotel.com.tr\/tr\/wp-json\/wp\/v2\/pages\/1020\/revisions\/1503"}],"up":[{"embeddable":true,"href":"https:\/\/goldislandhotel.com.tr\/tr\/wp-json\/wp\/v2\/pages\/826"}],"wp:attachment":[{"href":"https:\/\/goldislandhotel.com.tr\/tr\/wp-json\/wp\/v2\/media?parent=1020"}],"curies":[{"name":"wp","href":"https:\/\/api.w.org\/{rel}","templated":true}]}}