{"id":1007,"date":"2015-12-31T12:25:46","date_gmt":"2015-12-31T10:25:46","guid":{"rendered":"http:\/\/leartes.pw\/?page_id=1007"},"modified":"2016-01-18T11:35:55","modified_gmt":"2016-01-18T09:35:55","slug":"about-alanya","status":"publish","type":"page","link":"https:\/\/goldislandhotel.com.tr\/tr\/news-blog\/alanya-city-guide\/about-alanya\/","title":{"rendered":"Alanya Hakk\u0131nda"},"content":{"rendered":"<p><\/p>\n<blockquote><p>Tarihte Coracesium, Kalonoros ve Alaiye adlar\u0131n\u0131 alan Alanya, binlerce y\u0131ldan s\u00fcz\u00fcl\u00fcp gelen ge\u00e7mi\u015fi ile bug\u00fcn UNESCO&#8217;nun D\u00fcnya Miras\u0131 Kent aday\u0131d\u0131r.<\/p><\/blockquote>\n<p>Alanya, T\u00fcrkiye&#8217;nin g\u00fcneyinde, Akdeniz sahilinde antik \u00e7a\u011flara kadar uzanan tarihiyle pop\u00fcler bir tatil beldesidir. Do\u011fal ve mavi bayrakl\u0131 e\u015fsiz plajlar\u0131 k\u0131y\u0131 boyunca s\u0131ralan\u0131r. Akdeniz ikliminin egemen oldu\u011fu kent merkezinde yazlar s\u0131cak ve ya\u011f\u0131\u015fs\u0131z, k\u0131\u015flar \u0131l\u0131k ve ya\u011f\u0131\u015fl\u0131 ge\u00e7er. Ortalama hava s\u0131cakl\u0131\u011f\u0131 k\u0131\u015f aylar\u0131nda 14, yaz aylar\u0131nda 27; ortalama deniz suyu s\u0131cakl\u0131\u011f\u0131 k\u0131\u015f aylar\u0131nda 18, yaz aylar\u0131nda 25 santigrat derecedir. Kente kar ya\u011fmas\u0131 ola\u011fan\u00fcst\u00fc bir do\u011fa olay\u0131 say\u0131l\u0131r.<\/p>\n<p>Y\u00fcksekli\u011fi 2 bin metreyi a\u015fan Toros Da\u011flar\u0131 k\u0131\u015f aylar\u0131nda kardan bir mantoya b\u00fcr\u00fcn\u00fcr. Baharla birlikte da\u011flarda eriyen kar sular\u0131n\u0131 Alanya&#8217;n\u0131n 20 deresi Akdeniz&#8217;e ta\u015f\u0131r ve bu arada vadilerde birbirinden g\u00fczel piknik alanlar\u0131 ve rafting parkurlar\u0131 olu\u015fur. Da\u011flardaki yaylalar, zengin bir floraya sahiptir. Hem Jeep safari, hem de treking i\u00e7in ideal alanlar bulunur. Sadece Alanya Kalesi&#8217;nde 16 endemik bitki t\u00fcr\u00fc yeti\u015fir.<\/p>\n<h3>Tarih<\/h3>\n<p>Kentte insan yerle\u015fimi yakla\u015f\u0131k 20 bin y\u0131l \u00f6nce ma\u011faralarda ba\u015flar. Herodot, Truva Sava\u015f\u0131&#8217;ndan sonra Anadolu&#8217;ya da\u011f\u0131lanlar\u0131n Pamfilya ile Kilikya s\u0131n\u0131r\u0131n\u0131 olu\u015fturan bu b\u00f6lgeye yerle\u015fti\u011fini anlat\u0131r. Kent, antik \u00e7a\u011fda bir d\u00fcnya imparatorlu\u011fu olan Roma&#8217;n\u0131n bile s\u00f6z ge\u00e7iremedi\u011fi korsanlara ev sahipli\u011fi yapar. Orta\u00e7a\u011fda Bizans \u0130mparatorlu\u011fu&#8217;nu ya\u015far. Anadolu Sel\u00e7uklu Devleti&#8217;ne ba\u015fkent olur; sultan kenti \u00f6ylesine be\u011fenir ki yeni ba\u015ftan in\u015fa ettirirken kendi ad\u0131n\u0131 verir. Tarihte Coracesium, Kalonoros ve Alaiye adlar\u0131n\u0131 alan Alanya, binlerce y\u0131ldan s\u00fcz\u00fcl\u00fcp gelen ge\u00e7mi\u015fi ile bug\u00fcn UNESCO&#8217;nun D\u00fcnya Miras\u0131 Kent aday\u0131d\u0131r.<br \/>\n<a href=\"\/tr\/news-blog\/alanya-city-guide\/alanya-history\/\">Daha fazlas\u0131 i\u00e7in t\u0131klay\u0131n<\/a><\/p>\n<h3>Co\u011frafi Konum, \u0130klim ve Bitki \u00d6rt\u00fcs\u00fc<\/h3>\n<p>Alanya, T\u00fcrkiye&#8217;nin g\u00fcney k\u0131y\u0131s\u0131nda, Akdeniz B\u00f6lgesinde Antalya \u0130l S\u0131n\u0131rlar\u0131 i\u00e7inde yer al\u0131r. Yazlar\u0131 s\u0131cak ve kurak, k\u0131\u015flar\u0131 ya\u011f\u0131\u015fl\u0131 ve nemli ge\u00e7irse de y\u0131l\u0131n ortalama 300 g\u00fcn\u00fc kentte g\u00fcne\u015fi g\u00f6rmek m\u00fcmk\u00fcnd\u00fcr. Narenciye yeti\u015ftiricili\u011fi alan\u0131nda \u00f6nemli bir merkez say\u0131lan Alanya, kent sokaklar\u0131na kadar yay\u0131lm\u0131\u015f limon, portakal ve turun\u00e7 a\u011fa\u00e7lar\u0131yla bir ba\u015fka g\u00fczeldir.<br \/>\n<a href=\"\/tr\/news-blog\/alanya-city-guide\/geographical-climate\/\">Daha fazlas\u0131 i\u00e7in t\u0131klay\u0131n<\/a><\/p>\n<h3>Modern Alanya<\/h3>\n<p>1950&#8217;lerde turizmle tan\u0131\u015fan Alanya, el ele veren halk ve y\u00f6netim sayesinde \u00f6zellikle turizm alan\u0131nda hem T\u00fcrkiye&#8217;ye, hem de t\u00fcm d\u00fcnyaya g\u00fczel bir \u00f6rnektir. M\u00fczeleri, spor alanlar\u0131 ve k\u00fclt\u00fcr-sanat altyap\u0131s\u0131yla Alanya, yakla\u015f\u0131k 15 bin yabanc\u0131n\u0131n yaz-k\u0131\u015f ya\u015famak i\u00e7in tercih etti\u011fi bir kenttir.<br \/>\nAlanya, s\u0131ms\u0131cak ili\u015fkilere sahip oldu\u011fu 11&#8217;\u0130 Avrupal\u0131, toplam 12 karde\u015f \u015fehre sahiptir.<br \/>\n<a href=\"\/tr\/news-blog\/alanya-city-guide\/modern-alanya\/\">Daha fazlas\u0131 i\u00e7in t\u0131klay\u0131n<\/a><\/p>","protected":false},"excerpt":{"rendered":"<p>Tarihte Coracesium, Kalonoros ve Alaiye adlar\u0131n\u0131 alan Alanya, binlerce y\u0131ldan s\u00fcz\u00fcl\u00fcp gelen ge\u00e7mi\u015fi ile bug\u00fcn UNESCO&#8217;nun D\u00fcnya Miras\u0131 Kent aday\u0131d\u0131r. Alanya, T\u00fcrkiye&#8217;nin g\u00fcneyinde, Akdeniz sahilinde antik \u00e7a\u011flara kadar uzanan tarihiyle pop\u00fcler bir tatil beldesidir. Do\u011fal ve mavi bayrakl\u0131 e\u015fsiz plajlar\u0131 k\u0131y\u0131 boyunca s\u0131ralan\u0131r. Akdeniz ikliminin egemen oldu\u011fu kent merkezinde yazlar s\u0131cak ve ya\u011f\u0131\u015fs\u0131z, k\u0131\u015flar \u0131l\u0131k ve ya\u011f\u0131\u015fl\u0131 ge\u00e7er. Ortalama hava s\u0131cakl\u0131\u011f\u0131 k\u0131\u015f aylar\u0131nda 14, yaz&#8230;<\/p>\n<p><a class=\"more-link\" href=\"https:\/\/goldislandhotel.com.tr\/tr\/news-blog\/alanya-city-guide\/about-alanya\/\">Continue Reading &#8230;<\/a><\/p>\n","protected":false},"author":1,"featured_media":0,"parent":826,"menu_order":0,"comment_status":"closed","ping_status":"closed","template":"","meta":{"footnotes":""},"class_list":["post-1007","page","type-page","status-publish","hentry"],"yoast_head":"<!-- This site is optimized with the Yoast SEO plugin v26.3 - https:\/\/yoast.com\/wordpress\/plugins\/seo\/ -->\n<title>Alanya Hakk\u0131nda | Gold Island Selected Hotel<\/title>\n<meta name=\"robots\" content=\"index, follow, max-snippet:-1, max-image-preview:large, max-video-preview:-1\" \/>\n<link rel=\"canonical\" href=\"https:\/\/goldislandhotel.com.tr\/tr\/news-blog\/alanya-city-guide\/about-alanya\/\" \/>\n<meta property=\"og:locale\" content=\"tr_TR\" \/>\n<meta property=\"og:type\" content=\"article\" \/>\n<meta property=\"og:title\" content=\"Alanya Hakk\u0131nda | Gold Island Selected Hotel\" \/>\n<meta property=\"og:description\" content=\"Tarihte Coracesium, Kalonoros ve Alaiye adlar\u0131n\u0131 alan Alanya, binlerce y\u0131ldan s\u00fcz\u00fcl\u00fcp gelen ge\u00e7mi\u015fi ile bug\u00fcn UNESCO&#8217;nun D\u00fcnya Miras\u0131 Kent aday\u0131d\u0131r. Alanya, T\u00fcrkiye&#8217;nin g\u00fcneyinde, Akdeniz sahilinde antik \u00e7a\u011flara kadar uzanan tarihiyle pop\u00fcler bir tatil beldesidir. Do\u011fal ve mavi bayrakl\u0131 e\u015fsiz plajlar\u0131 k\u0131y\u0131 boyunca s\u0131ralan\u0131r. Akdeniz ikliminin egemen oldu\u011fu kent merkezinde yazlar s\u0131cak ve ya\u011f\u0131\u015fs\u0131z, k\u0131\u015flar \u0131l\u0131k ve ya\u011f\u0131\u015fl\u0131 ge\u00e7er. Ortalama hava s\u0131cakl\u0131\u011f\u0131 k\u0131\u015f aylar\u0131nda 14, yaz...Continue Reading ...\" \/>\n<meta property=\"og:url\" content=\"https:\/\/goldislandhotel.com.tr\/tr\/news-blog\/alanya-city-guide\/about-alanya\/\" \/>\n<meta property=\"og:site_name\" content=\"Gold Island Selected Hotel\" \/>\n<meta property=\"article:modified_time\" content=\"2016-01-18T09:35:55+00:00\" \/>\n<meta name=\"twitter:card\" content=\"summary_large_image\" \/>\n<meta name=\"twitter:label1\" content=\"Tahmini okuma s\u00fcresi\" \/>\n\t<meta name=\"twitter:data1\" content=\"8 dakika\" \/>\n<script type=\"application\/ld+json\" class=\"yoast-schema-graph\">{\"@context\":\"https:\/\/schema.org\",\"@graph\":[{\"@type\":\"WebPage\",\"@id\":\"https:\/\/goldislandhotel.com.tr\/tr\/news-blog\/alanya-city-guide\/about-alanya\/\",\"url\":\"https:\/\/goldislandhotel.com.tr\/tr\/news-blog\/alanya-city-guide\/about-alanya\/\",\"name\":\"Alanya Hakk\u0131nda | Gold Island Selected Hotel\",\"isPartOf\":{\"@id\":\"https:\/\/goldislandhotel.com.tr\/tr\/#website\"},\"datePublished\":\"2015-12-31T10:25:46+00:00\",\"dateModified\":\"2016-01-18T09:35:55+00:00\",\"breadcrumb\":{\"@id\":\"https:\/\/goldislandhotel.com.tr\/tr\/news-blog\/alanya-city-guide\/about-alanya\/#breadcrumb\"},\"inLanguage\":\"tr\",\"potentialAction\":[{\"@type\":\"ReadAction\",\"target\":[[\"https:\/\/goldislandhotel.com.tr\/tr\/news-blog\/alanya-city-guide\/about-alanya\/\"]]}]},{\"@type\":\"BreadcrumbList\",\"@id\":\"https:\/\/goldislandhotel.com.tr\/tr\/news-blog\/alanya-city-guide\/about-alanya\/#breadcrumb\",\"itemListElement\":[{\"@type\":\"ListItem\",\"position\":1,\"name\":\"Home\",\"item\":\"https:\/\/goldislandhotel.com.tr\/tr\/\"},{\"@type\":\"ListItem\",\"position\":2,\"name\":\"Gold Hotels News &#038; Blog\",\"item\":\"https:\/\/goldislandhotel.com.tr\/tr\/news-blog\/\"},{\"@type\":\"ListItem\",\"position\":3,\"name\":\"Alanya City Guide\",\"item\":\"https:\/\/goldislandhotel.com.tr\/tr\/news-blog\/alanya-city-guide\/\"},{\"@type\":\"ListItem\",\"position\":4,\"name\":\"About Alanya\"}]},{\"@type\":\"WebSite\",\"@id\":\"https:\/\/goldislandhotel.com.tr\/tr\/#website\",\"url\":\"https:\/\/goldislandhotel.com.tr\/tr\/\",\"name\":\"Gold Island Selected Hotel\",\"description\":\"Gold Hotels\",\"potentialAction\":[{\"@type\":\"SearchAction\",\"target\":{\"@type\":\"EntryPoint\",\"urlTemplate\":\"https:\/\/goldislandhotel.com.tr\/tr\/?s={search_term_string}\"},\"query-input\":{\"@type\":\"PropertyValueSpecification\",\"valueRequired\":true,\"valueName\":\"search_term_string\"}}],\"inLanguage\":\"tr\"}]}<\/script>\n<!-- \/ Yoast SEO plugin. -->","yoast_head_json":{"title":"Alanya Hakk\u0131nda | Gold Island Selected Hotel","robots":{"index":"index","follow":"follow","max-snippet":"max-snippet:-1","max-image-preview":"max-image-preview:large","max-video-preview":"max-video-preview:-1"},"canonical":"https:\/\/goldislandhotel.com.tr\/tr\/news-blog\/alanya-city-guide\/about-alanya\/","og_locale":"tr_TR","og_type":"article","og_title":"Alanya Hakk\u0131nda | Gold Island Selected Hotel","og_description":"Tarihte Coracesium, Kalonoros ve Alaiye adlar\u0131n\u0131 alan Alanya, binlerce y\u0131ldan s\u00fcz\u00fcl\u00fcp gelen ge\u00e7mi\u015fi ile bug\u00fcn UNESCO&#8217;nun D\u00fcnya Miras\u0131 Kent aday\u0131d\u0131r. Alanya, T\u00fcrkiye&#8217;nin g\u00fcneyinde, Akdeniz sahilinde antik \u00e7a\u011flara kadar uzanan tarihiyle pop\u00fcler bir tatil beldesidir. Do\u011fal ve mavi bayrakl\u0131 e\u015fsiz plajlar\u0131 k\u0131y\u0131 boyunca s\u0131ralan\u0131r. Akdeniz ikliminin egemen oldu\u011fu kent merkezinde yazlar s\u0131cak ve ya\u011f\u0131\u015fs\u0131z, k\u0131\u015flar \u0131l\u0131k ve ya\u011f\u0131\u015fl\u0131 ge\u00e7er. Ortalama hava s\u0131cakl\u0131\u011f\u0131 k\u0131\u015f aylar\u0131nda 14, yaz...Continue Reading ...","og_url":"https:\/\/goldislandhotel.com.tr\/tr\/news-blog\/alanya-city-guide\/about-alanya\/","og_site_name":"Gold Island Selected Hotel","article_modified_time":"2016-01-18T09:35:55+00:00","twitter_card":"summary_large_image","twitter_misc":{"Tahmini okuma s\u00fcresi":"8 dakika"},"schema":{"@context":"https:\/\/schema.org","@graph":[{"@type":"WebPage","@id":"https:\/\/goldislandhotel.com.tr\/tr\/news-blog\/alanya-city-guide\/about-alanya\/","url":"https:\/\/goldislandhotel.com.tr\/tr\/news-blog\/alanya-city-guide\/about-alanya\/","name":"Alanya Hakk\u0131nda | Gold Island Selected Hotel","isPartOf":{"@id":"https:\/\/goldislandhotel.com.tr\/tr\/#website"},"datePublished":"2015-12-31T10:25:46+00:00","dateModified":"2016-01-18T09:35:55+00:00","breadcrumb":{"@id":"https:\/\/goldislandhotel.com.tr\/tr\/news-blog\/alanya-city-guide\/about-alanya\/#breadcrumb"},"inLanguage":"tr","potentialAction":[{"@type":"ReadAction","target":[["https:\/\/goldislandhotel.com.tr\/tr\/news-blog\/alanya-city-guide\/about-alanya\/"]]}]},{"@type":"BreadcrumbList","@id":"https:\/\/goldislandhotel.com.tr\/tr\/news-blog\/alanya-city-guide\/about-alanya\/#breadcrumb","itemListElement":[{"@type":"ListItem","position":1,"name":"Home","item":"https:\/\/goldislandhotel.com.tr\/tr\/"},{"@type":"ListItem","position":2,"name":"Gold Hotels News &#038; Blog","item":"https:\/\/goldislandhotel.com.tr\/tr\/news-blog\/"},{"@type":"ListItem","position":3,"name":"Alanya City Guide","item":"https:\/\/goldislandhotel.com.tr\/tr\/news-blog\/alanya-city-guide\/"},{"@type":"ListItem","position":4,"name":"About Alanya"}]},{"@type":"WebSite","@id":"https:\/\/goldislandhotel.com.tr\/tr\/#website","url":"https:\/\/goldislandhotel.com.tr\/tr\/","name":"Gold Island Selected Hotel","description":"Gold Hotels","potentialAction":[{"@type":"SearchAction","target":{"@type":"EntryPoint","urlTemplate":"https:\/\/goldislandhotel.com.tr\/tr\/?s={search_term_string}"},"query-input":{"@type":"PropertyValueSpecification","valueRequired":true,"valueName":"search_term_string"}}],"inLanguage":"tr"}]}},"_links":{"self":[{"href":"https:\/\/goldislandhotel.com.tr\/tr\/wp-json\/wp\/v2\/pages\/1007","targetHints":{"allow":["GET"]}}],"collection":[{"href":"https:\/\/goldislandhotel.com.tr\/tr\/wp-json\/wp\/v2\/pages"}],"about":[{"href":"https:\/\/goldislandhotel.com.tr\/tr\/wp-json\/wp\/v2\/types\/page"}],"author":[{"embeddable":true,"href":"https:\/\/goldislandhotel.com.tr\/tr\/wp-json\/wp\/v2\/users\/1"}],"replies":[{"embeddable":true,"href":"https:\/\/goldislandhotel.com.tr\/tr\/wp-json\/wp\/v2\/comments?post=1007"}],"version-history":[{"count":4,"href":"https:\/\/goldislandhotel.com.tr\/tr\/wp-json\/wp\/v2\/pages\/1007\/revisions"}],"predecessor-version":[{"id":1460,"href":"https:\/\/goldislandhotel.com.tr\/tr\/wp-json\/wp\/v2\/pages\/1007\/revisions\/1460"}],"up":[{"embeddable":true,"href":"https:\/\/goldislandhotel.com.tr\/tr\/wp-json\/wp\/v2\/pages\/826"}],"wp:attachment":[{"href":"https:\/\/goldislandhotel.com.tr\/tr\/wp-json\/wp\/v2\/media?parent=1007"}],"curies":[{"name":"wp","href":"https:\/\/api.w.org\/{rel}","templated":true}]}}