{"id":2994,"date":"2017-04-11T12:31:16","date_gmt":"2017-04-11T09:31:16","guid":{"rendered":"http:\/\/www.goldislandhotel.com.tr\/?page_id=2994"},"modified":"2017-04-11T12:35:06","modified_gmt":"2017-04-11T09:35:06","slug":"mini-klub","status":"publish","type":"page","link":"https:\/\/goldislandhotel.com.tr\/ru\/features\/mini-klub\/","title":{"rendered":"Mini Klub"},"content":{"rendered":"<p>Ihre Kinder laden wir herzlich in den Miniclub ein (4-12 Jahre). Wir bieten in der Zeit von 10 bis 12.30 Uhr und 14.30 bis 17 Uhr eine Reihe von Aktivit\u00e4ten f\u00fcr unsere kleinen G\u00e4ste an.<\/p>","protected":false},"excerpt":{"rendered":"<p>Ihre Kinder laden wir herzlich in den Miniclub ein (4-12 Jahre). Wir bieten in der Zeit von 10 bis 12.30 Uhr und 14.30 bis 17 Uhr eine Reihe von Aktivit\u00e4ten f\u00fcr unsere kleinen G\u00e4ste an.<\/p>\n","protected":false},"author":2,"featured_media":2813,"parent":99,"menu_order":0,"comment_status":"closed","ping_status":"closed","template":"","meta":{"footnotes":""},"class_list":["post-2994","page","type-page","status-publish","has-post-thumbnail","hentry"],"yoast_head":"<!-- This site is optimized with the Yoast SEO plugin v26.3 - https:\/\/yoast.com\/wordpress\/plugins\/seo\/ -->\n<title>Mini Klub | Gold Island Selected Hotel<\/title>\n<meta name=\"robots\" content=\"index, follow, max-snippet:-1, max-image-preview:large, max-video-preview:-1\" \/>\n<link rel=\"canonical\" href=\"https:\/\/goldislandhotel.com.tr\/ru\/features\/mini-klub\/\" \/>\n<meta property=\"og:locale\" content=\"ru_RU\" \/>\n<meta property=\"og:type\" content=\"article\" \/>\n<meta property=\"og:title\" content=\"Mini Klub | Gold Island Selected Hotel\" \/>\n<meta property=\"og:description\" content=\"Ihre Kinder laden wir herzlich in den Miniclub ein (4-12 Jahre). Wir bieten in der Zeit von 10 bis 12.30 Uhr und 14.30 bis 17 Uhr eine Reihe von Aktivit\u00e4ten f\u00fcr unsere kleinen G\u00e4ste an.\" \/>\n<meta property=\"og:url\" content=\"https:\/\/goldislandhotel.com.tr\/ru\/features\/mini-klub\/\" \/>\n<meta property=\"og:site_name\" content=\"Gold Island Selected Hotel\" \/>\n<meta property=\"article:modified_time\" content=\"2017-04-11T09:35:06+00:00\" \/>\n<meta property=\"og:image\" content=\"https:\/\/goldislandhotel.com.tr\/wp-content\/uploads\/2016\/01\/GOL_1597.jpg\" \/>\n\t<meta property=\"og:image:width\" content=\"1100\" \/>\n\t<meta property=\"og:image:height\" content=\"700\" \/>\n\t<meta property=\"og:image:type\" content=\"image\/jpeg\" \/>\n<meta name=\"twitter:card\" content=\"summary_large_image\" \/>\n<meta name=\"twitter:label1\" content=\"\u041f\u0440\u0438\u043c\u0435\u0440\u043d\u043e\u0435 \u0432\u0440\u0435\u043c\u044f \u0434\u043b\u044f \u0447\u0442\u0435\u043d\u0438\u044f\" \/>\n\t<meta name=\"twitter:data1\" content=\"1 \u043c\u0438\u043d\u0443\u0442\u0430\" \/>\n<script type=\"application\/ld+json\" class=\"yoast-schema-graph\">{\"@context\":\"https:\/\/schema.org\",\"@graph\":[{\"@type\":\"WebPage\",\"@id\":\"https:\/\/goldislandhotel.com.tr\/ru\/features\/mini-klub\/\",\"url\":\"https:\/\/goldislandhotel.com.tr\/ru\/features\/mini-klub\/\",\"name\":\"Mini Klub | Gold Island Selected Hotel\",\"isPartOf\":{\"@id\":\"https:\/\/goldislandhotel.com.tr\/ru\/#website\"},\"primaryImageOfPage\":{\"@id\":\"https:\/\/goldislandhotel.com.tr\/ru\/features\/mini-klub\/#primaryimage\"},\"image\":{\"@id\":\"https:\/\/goldislandhotel.com.tr\/features\/mini-klub\/#primaryimage\"},\"thumbnailUrl\":\"https:\/\/goldislandhotel.com.tr\/wp-content\/uploads\/2016\/01\/GOL_1597.jpg\",\"datePublished\":\"2017-04-11T09:31:16+00:00\",\"dateModified\":\"2017-04-11T09:35:06+00:00\",\"breadcrumb\":{\"@id\":\"https:\/\/goldislandhotel.com.tr\/ru\/features\/mini-klub\/#breadcrumb\"},\"inLanguage\":\"ru-RU\",\"potentialAction\":[{\"@type\":\"ReadAction\",\"target\":[[\"https:\/\/goldislandhotel.com.tr\/ru\/features\/mini-klub\/\"]]}]},{\"@type\":\"ImageObject\",\"inLanguage\":\"ru-RU\",\"@id\":\"https:\/\/goldislandhotel.com.tr\/ru\/features\/mini-klub\/#primaryimage\",\"url\":\"https:\/\/goldislandhotel.com.tr\/wp-content\/uploads\/2016\/01\/GOL_1597.jpg\",\"contentUrl\":\"https:\/\/goldislandhotel.com.tr\/wp-content\/uploads\/2016\/01\/GOL_1597.jpg\",\"width\":1100,\"height\":700},{\"@type\":\"BreadcrumbList\",\"@id\":\"https:\/\/goldislandhotel.com.tr\/ru\/features\/mini-klub\/#breadcrumb\",\"itemListElement\":[{\"@type\":\"ListItem\",\"position\":1,\"name\":\"Home\",\"item\":\"https:\/\/goldislandhotel.com.tr\/ru\/\"},{\"@type\":\"ListItem\",\"position\":2,\"name\":\"Features\",\"item\":\"https:\/\/goldislandhotel.com.tr\/ru\/features\/\"},{\"@type\":\"ListItem\",\"position\":3,\"name\":\"Mini Club\"}]},{\"@type\":\"WebSite\",\"@id\":\"https:\/\/goldislandhotel.com.tr\/ru\/#website\",\"url\":\"https:\/\/goldislandhotel.com.tr\/ru\/\",\"name\":\"Gold Island Selected Hotel\",\"description\":\"Gold Hotels\",\"potentialAction\":[{\"@type\":\"SearchAction\",\"target\":{\"@type\":\"EntryPoint\",\"urlTemplate\":\"https:\/\/goldislandhotel.com.tr\/ru\/?s={search_term_string}\"},\"query-input\":{\"@type\":\"PropertyValueSpecification\",\"valueRequired\":true,\"valueName\":\"search_term_string\"}}],\"inLanguage\":\"ru-RU\"}]}<\/script>\n<!-- \/ Yoast SEO plugin. -->","yoast_head_json":{"title":"Mini Klub | Gold Island Selected Hotel","robots":{"index":"index","follow":"follow","max-snippet":"max-snippet:-1","max-image-preview":"max-image-preview:large","max-video-preview":"max-video-preview:-1"},"canonical":"https:\/\/goldislandhotel.com.tr\/ru\/features\/mini-klub\/","og_locale":"ru_RU","og_type":"article","og_title":"Mini Klub | Gold Island Selected Hotel","og_description":"Ihre Kinder laden wir herzlich in den Miniclub ein (4-12 Jahre). Wir bieten in der Zeit von 10 bis 12.30 Uhr und 14.30 bis 17 Uhr eine Reihe von Aktivit\u00e4ten f\u00fcr unsere kleinen G\u00e4ste an.","og_url":"https:\/\/goldislandhotel.com.tr\/ru\/features\/mini-klub\/","og_site_name":"Gold Island Selected Hotel","article_modified_time":"2017-04-11T09:35:06+00:00","og_image":[{"width":1100,"height":700,"url":"https:\/\/goldislandhotel.com.tr\/wp-content\/uploads\/2016\/01\/GOL_1597.jpg","type":"image\/jpeg"}],"twitter_card":"summary_large_image","twitter_misc":{"\u041f\u0440\u0438\u043c\u0435\u0440\u043d\u043e\u0435 \u0432\u0440\u0435\u043c\u044f \u0434\u043b\u044f \u0447\u0442\u0435\u043d\u0438\u044f":"1 \u043c\u0438\u043d\u0443\u0442\u0430"},"schema":{"@context":"https:\/\/schema.org","@graph":[{"@type":"WebPage","@id":"https:\/\/goldislandhotel.com.tr\/ru\/features\/mini-klub\/","url":"https:\/\/goldislandhotel.com.tr\/ru\/features\/mini-klub\/","name":"Mini Klub | Gold Island Selected Hotel","isPartOf":{"@id":"https:\/\/goldislandhotel.com.tr\/ru\/#website"},"primaryImageOfPage":{"@id":"https:\/\/goldislandhotel.com.tr\/ru\/features\/mini-klub\/#primaryimage"},"image":{"@id":"https:\/\/goldislandhotel.com.tr\/features\/mini-klub\/#primaryimage"},"thumbnailUrl":"https:\/\/goldislandhotel.com.tr\/wp-content\/uploads\/2016\/01\/GOL_1597.jpg","datePublished":"2017-04-11T09:31:16+00:00","dateModified":"2017-04-11T09:35:06+00:00","breadcrumb":{"@id":"https:\/\/goldislandhotel.com.tr\/ru\/features\/mini-klub\/#breadcrumb"},"inLanguage":"ru-RU","potentialAction":[{"@type":"ReadAction","target":[["https:\/\/goldislandhotel.com.tr\/ru\/features\/mini-klub\/"]]}]},{"@type":"ImageObject","inLanguage":"ru-RU","@id":"https:\/\/goldislandhotel.com.tr\/ru\/features\/mini-klub\/#primaryimage","url":"https:\/\/goldislandhotel.com.tr\/wp-content\/uploads\/2016\/01\/GOL_1597.jpg","contentUrl":"https:\/\/goldislandhotel.com.tr\/wp-content\/uploads\/2016\/01\/GOL_1597.jpg","width":1100,"height":700},{"@type":"BreadcrumbList","@id":"https:\/\/goldislandhotel.com.tr\/ru\/features\/mini-klub\/#breadcrumb","itemListElement":[{"@type":"ListItem","position":1,"name":"Home","item":"https:\/\/goldislandhotel.com.tr\/ru\/"},{"@type":"ListItem","position":2,"name":"Features","item":"https:\/\/goldislandhotel.com.tr\/ru\/features\/"},{"@type":"ListItem","position":3,"name":"Mini Club"}]},{"@type":"WebSite","@id":"https:\/\/goldislandhotel.com.tr\/ru\/#website","url":"https:\/\/goldislandhotel.com.tr\/ru\/","name":"Gold Island Selected Hotel","description":"Gold Hotels","potentialAction":[{"@type":"SearchAction","target":{"@type":"EntryPoint","urlTemplate":"https:\/\/goldislandhotel.com.tr\/ru\/?s={search_term_string}"},"query-input":{"@type":"PropertyValueSpecification","valueRequired":true,"valueName":"search_term_string"}}],"inLanguage":"ru-RU"}]}},"_links":{"self":[{"href":"https:\/\/goldislandhotel.com.tr\/ru\/wp-json\/wp\/v2\/pages\/2994","targetHints":{"allow":["GET"]}}],"collection":[{"href":"https:\/\/goldislandhotel.com.tr\/ru\/wp-json\/wp\/v2\/pages"}],"about":[{"href":"https:\/\/goldislandhotel.com.tr\/ru\/wp-json\/wp\/v2\/types\/page"}],"author":[{"embeddable":true,"href":"https:\/\/goldislandhotel.com.tr\/ru\/wp-json\/wp\/v2\/users\/2"}],"replies":[{"embeddable":true,"href":"https:\/\/goldislandhotel.com.tr\/ru\/wp-json\/wp\/v2\/comments?post=2994"}],"version-history":[{"count":2,"href":"https:\/\/goldislandhotel.com.tr\/ru\/wp-json\/wp\/v2\/pages\/2994\/revisions"}],"predecessor-version":[{"id":2997,"href":"https:\/\/goldislandhotel.com.tr\/ru\/wp-json\/wp\/v2\/pages\/2994\/revisions\/2997"}],"up":[{"embeddable":true,"href":"https:\/\/goldislandhotel.com.tr\/ru\/wp-json\/wp\/v2\/pages\/99"}],"wp:featuredmedia":[{"embeddable":true,"href":"https:\/\/goldislandhotel.com.tr\/ru\/wp-json\/wp\/v2\/media\/2813"}],"wp:attachment":[{"href":"https:\/\/goldislandhotel.com.tr\/ru\/wp-json\/wp\/v2\/media?parent=2994"}],"curies":[{"name":"wp","href":"https:\/\/api.w.org\/{rel}","templated":true}]}}