{"id":123,"date":"2015-06-25T16:34:43","date_gmt":"2015-06-25T16:34:43","guid":{"rendered":"http:\/\/ravistheme.com\/pinar\/wp\/?page_id=123"},"modified":"2017-04-11T12:38:32","modified_gmt":"2017-04-11T09:38:32","slug":"pool-beach","status":"publish","type":"page","link":"https:\/\/goldislandhotel.com.tr\/ru\/features\/pool-beach\/","title":{"rendered":"Pool &#038; Strand"},"content":{"rendered":"<p><\/p>\n<blockquote><p>Sport &amp; Entspannung<\/p><\/blockquote>\n<p>Halten Sie sich w\u00e4hrend Ihres Urlaubs fit und gesund oder entspannen Sie unter t\u00fcrkischer Sonne am hoteleigenen Sandstrand. Der Aquapark oder Au\u00dfenpool bietet jede Menge Abwechslung f\u00fcr Wasserbegeisterte. Das sportliche Angebot umfasst Tennis, Basketball, Beach Volleyball sowie Fitness und l\u00e4sst keine.<\/p>","protected":false},"excerpt":{"rendered":"<p>Sport &amp; Entspannung Halten Sie sich w\u00e4hrend Ihres Urlaubs fit und gesund oder entspannen Sie unter t\u00fcrkischer Sonne am hoteleigenen Sandstrand. Der Aquapark oder Au\u00dfenpool bietet jede Menge Abwechslung f\u00fcr Wasserbegeisterte. Das sportliche Angebot umfasst Tennis, Basketball, Beach Volleyball sowie Fitness und l\u00e4sst keine.<\/p>\n","protected":false},"author":1,"featured_media":2932,"parent":99,"menu_order":0,"comment_status":"open","ping_status":"open","template":"","meta":{"footnotes":""},"class_list":["post-123","page","type-page","status-publish","has-post-thumbnail","hentry"],"yoast_head":"<!-- This site is optimized with the Yoast SEO plugin v26.3 - https:\/\/yoast.com\/wordpress\/plugins\/seo\/ -->\n<title>Pool &amp; Strand | Gold Island Selected Hotel<\/title>\n<meta name=\"robots\" content=\"index, follow, max-snippet:-1, max-image-preview:large, max-video-preview:-1\" \/>\n<link rel=\"canonical\" href=\"https:\/\/goldislandhotel.com.tr\/ru\/features\/pool-beach\/\" \/>\n<meta property=\"og:locale\" content=\"ru_RU\" \/>\n<meta property=\"og:type\" content=\"article\" \/>\n<meta property=\"og:title\" content=\"Pool &amp; Strand | Gold Island Selected Hotel\" \/>\n<meta property=\"og:description\" content=\"Sport &amp; Entspannung Halten Sie sich w\u00e4hrend Ihres Urlaubs fit und gesund oder entspannen Sie unter t\u00fcrkischer Sonne am hoteleigenen Sandstrand. Der Aquapark oder Au\u00dfenpool bietet jede Menge Abwechslung f\u00fcr Wasserbegeisterte. Das sportliche Angebot umfasst Tennis, Basketball, Beach Volleyball sowie Fitness und l\u00e4sst keine.\" \/>\n<meta property=\"og:url\" content=\"https:\/\/goldislandhotel.com.tr\/ru\/features\/pool-beach\/\" \/>\n<meta property=\"og:site_name\" content=\"Gold Island Selected Hotel\" \/>\n<meta property=\"article:modified_time\" content=\"2017-04-11T09:38:32+00:00\" \/>\n<meta property=\"og:image\" content=\"https:\/\/goldislandhotel.com.tr\/wp-content\/uploads\/2016\/07\/HAVUZ-3.jpg\" \/>\n\t<meta property=\"og:image:width\" content=\"1100\" \/>\n\t<meta property=\"og:image:height\" content=\"700\" \/>\n\t<meta property=\"og:image:type\" content=\"image\/jpeg\" \/>\n<meta name=\"twitter:card\" content=\"summary_large_image\" \/>\n<meta name=\"twitter:label1\" content=\"\u041f\u0440\u0438\u043c\u0435\u0440\u043d\u043e\u0435 \u0432\u0440\u0435\u043c\u044f \u0434\u043b\u044f \u0447\u0442\u0435\u043d\u0438\u044f\" \/>\n\t<meta name=\"twitter:data1\" content=\"1 \u043c\u0438\u043d\u0443\u0442\u0430\" \/>\n<script type=\"application\/ld+json\" class=\"yoast-schema-graph\">{\"@context\":\"https:\/\/schema.org\",\"@graph\":[{\"@type\":\"WebPage\",\"@id\":\"https:\/\/goldislandhotel.com.tr\/ru\/features\/pool-beach\/\",\"url\":\"https:\/\/goldislandhotel.com.tr\/ru\/features\/pool-beach\/\",\"name\":\"Pool & Strand | Gold Island Selected Hotel\",\"isPartOf\":{\"@id\":\"https:\/\/goldislandhotel.com.tr\/ru\/#website\"},\"primaryImageOfPage\":{\"@id\":\"https:\/\/goldislandhotel.com.tr\/ru\/features\/pool-beach\/#primaryimage\"},\"image\":{\"@id\":\"https:\/\/goldislandhotel.com.tr\/features\/pool-beach\/#primaryimage\"},\"thumbnailUrl\":\"https:\/\/goldislandhotel.com.tr\/wp-content\/uploads\/2016\/07\/HAVUZ-3.jpg\",\"datePublished\":\"2015-06-25T16:34:43+00:00\",\"dateModified\":\"2017-04-11T09:38:32+00:00\",\"breadcrumb\":{\"@id\":\"https:\/\/goldislandhotel.com.tr\/ru\/features\/pool-beach\/#breadcrumb\"},\"inLanguage\":\"ru-RU\",\"potentialAction\":[{\"@type\":\"ReadAction\",\"target\":[[\"https:\/\/goldislandhotel.com.tr\/ru\/features\/pool-beach\/\"]]}]},{\"@type\":\"ImageObject\",\"inLanguage\":\"ru-RU\",\"@id\":\"https:\/\/goldislandhotel.com.tr\/ru\/features\/pool-beach\/#primaryimage\",\"url\":\"https:\/\/goldislandhotel.com.tr\/wp-content\/uploads\/2016\/07\/HAVUZ-3.jpg\",\"contentUrl\":\"https:\/\/goldislandhotel.com.tr\/wp-content\/uploads\/2016\/07\/HAVUZ-3.jpg\",\"width\":1100,\"height\":700},{\"@type\":\"BreadcrumbList\",\"@id\":\"https:\/\/goldislandhotel.com.tr\/ru\/features\/pool-beach\/#breadcrumb\",\"itemListElement\":[{\"@type\":\"ListItem\",\"position\":1,\"name\":\"Home\",\"item\":\"https:\/\/goldislandhotel.com.tr\/ru\/\"},{\"@type\":\"ListItem\",\"position\":2,\"name\":\"Features\",\"item\":\"https:\/\/goldislandhotel.com.tr\/ru\/features\/\"},{\"@type\":\"ListItem\",\"position\":3,\"name\":\"Pool &#038; Beach\"}]},{\"@type\":\"WebSite\",\"@id\":\"https:\/\/goldislandhotel.com.tr\/ru\/#website\",\"url\":\"https:\/\/goldislandhotel.com.tr\/ru\/\",\"name\":\"Gold Island Selected Hotel\",\"description\":\"Gold Hotels\",\"potentialAction\":[{\"@type\":\"SearchAction\",\"target\":{\"@type\":\"EntryPoint\",\"urlTemplate\":\"https:\/\/goldislandhotel.com.tr\/ru\/?s={search_term_string}\"},\"query-input\":{\"@type\":\"PropertyValueSpecification\",\"valueRequired\":true,\"valueName\":\"search_term_string\"}}],\"inLanguage\":\"ru-RU\"}]}<\/script>\n<!-- \/ Yoast SEO plugin. -->","yoast_head_json":{"title":"Pool & Strand | Gold Island Selected Hotel","robots":{"index":"index","follow":"follow","max-snippet":"max-snippet:-1","max-image-preview":"max-image-preview:large","max-video-preview":"max-video-preview:-1"},"canonical":"https:\/\/goldislandhotel.com.tr\/ru\/features\/pool-beach\/","og_locale":"ru_RU","og_type":"article","og_title":"Pool & Strand | Gold Island Selected Hotel","og_description":"Sport &amp; Entspannung Halten Sie sich w\u00e4hrend Ihres Urlaubs fit und gesund oder entspannen Sie unter t\u00fcrkischer Sonne am hoteleigenen Sandstrand. Der Aquapark oder Au\u00dfenpool bietet jede Menge Abwechslung f\u00fcr Wasserbegeisterte. Das sportliche Angebot umfasst Tennis, Basketball, Beach Volleyball sowie Fitness und l\u00e4sst keine.","og_url":"https:\/\/goldislandhotel.com.tr\/ru\/features\/pool-beach\/","og_site_name":"Gold Island Selected Hotel","article_modified_time":"2017-04-11T09:38:32+00:00","og_image":[{"width":1100,"height":700,"url":"https:\/\/goldislandhotel.com.tr\/wp-content\/uploads\/2016\/07\/HAVUZ-3.jpg","type":"image\/jpeg"}],"twitter_card":"summary_large_image","twitter_misc":{"\u041f\u0440\u0438\u043c\u0435\u0440\u043d\u043e\u0435 \u0432\u0440\u0435\u043c\u044f \u0434\u043b\u044f \u0447\u0442\u0435\u043d\u0438\u044f":"1 \u043c\u0438\u043d\u0443\u0442\u0430"},"schema":{"@context":"https:\/\/schema.org","@graph":[{"@type":"WebPage","@id":"https:\/\/goldislandhotel.com.tr\/ru\/features\/pool-beach\/","url":"https:\/\/goldislandhotel.com.tr\/ru\/features\/pool-beach\/","name":"Pool & Strand | Gold Island Selected Hotel","isPartOf":{"@id":"https:\/\/goldislandhotel.com.tr\/ru\/#website"},"primaryImageOfPage":{"@id":"https:\/\/goldislandhotel.com.tr\/ru\/features\/pool-beach\/#primaryimage"},"image":{"@id":"https:\/\/goldislandhotel.com.tr\/features\/pool-beach\/#primaryimage"},"thumbnailUrl":"https:\/\/goldislandhotel.com.tr\/wp-content\/uploads\/2016\/07\/HAVUZ-3.jpg","datePublished":"2015-06-25T16:34:43+00:00","dateModified":"2017-04-11T09:38:32+00:00","breadcrumb":{"@id":"https:\/\/goldislandhotel.com.tr\/ru\/features\/pool-beach\/#breadcrumb"},"inLanguage":"ru-RU","potentialAction":[{"@type":"ReadAction","target":[["https:\/\/goldislandhotel.com.tr\/ru\/features\/pool-beach\/"]]}]},{"@type":"ImageObject","inLanguage":"ru-RU","@id":"https:\/\/goldislandhotel.com.tr\/ru\/features\/pool-beach\/#primaryimage","url":"https:\/\/goldislandhotel.com.tr\/wp-content\/uploads\/2016\/07\/HAVUZ-3.jpg","contentUrl":"https:\/\/goldislandhotel.com.tr\/wp-content\/uploads\/2016\/07\/HAVUZ-3.jpg","width":1100,"height":700},{"@type":"BreadcrumbList","@id":"https:\/\/goldislandhotel.com.tr\/ru\/features\/pool-beach\/#breadcrumb","itemListElement":[{"@type":"ListItem","position":1,"name":"Home","item":"https:\/\/goldislandhotel.com.tr\/ru\/"},{"@type":"ListItem","position":2,"name":"Features","item":"https:\/\/goldislandhotel.com.tr\/ru\/features\/"},{"@type":"ListItem","position":3,"name":"Pool &#038; Beach"}]},{"@type":"WebSite","@id":"https:\/\/goldislandhotel.com.tr\/ru\/#website","url":"https:\/\/goldislandhotel.com.tr\/ru\/","name":"Gold Island Selected Hotel","description":"Gold Hotels","potentialAction":[{"@type":"SearchAction","target":{"@type":"EntryPoint","urlTemplate":"https:\/\/goldislandhotel.com.tr\/ru\/?s={search_term_string}"},"query-input":{"@type":"PropertyValueSpecification","valueRequired":true,"valueName":"search_term_string"}}],"inLanguage":"ru-RU"}]}},"_links":{"self":[{"href":"https:\/\/goldislandhotel.com.tr\/ru\/wp-json\/wp\/v2\/pages\/123","targetHints":{"allow":["GET"]}}],"collection":[{"href":"https:\/\/goldislandhotel.com.tr\/ru\/wp-json\/wp\/v2\/pages"}],"about":[{"href":"https:\/\/goldislandhotel.com.tr\/ru\/wp-json\/wp\/v2\/types\/page"}],"author":[{"embeddable":true,"href":"https:\/\/goldislandhotel.com.tr\/ru\/wp-json\/wp\/v2\/users\/1"}],"replies":[{"embeddable":true,"href":"https:\/\/goldislandhotel.com.tr\/ru\/wp-json\/wp\/v2\/comments?post=123"}],"version-history":[{"count":9,"href":"https:\/\/goldislandhotel.com.tr\/ru\/wp-json\/wp\/v2\/pages\/123\/revisions"}],"predecessor-version":[{"id":2998,"href":"https:\/\/goldislandhotel.com.tr\/ru\/wp-json\/wp\/v2\/pages\/123\/revisions\/2998"}],"up":[{"embeddable":true,"href":"https:\/\/goldislandhotel.com.tr\/ru\/wp-json\/wp\/v2\/pages\/99"}],"wp:featuredmedia":[{"embeddable":true,"href":"https:\/\/goldislandhotel.com.tr\/ru\/wp-json\/wp\/v2\/media\/2932"}],"wp:attachment":[{"href":"https:\/\/goldislandhotel.com.tr\/ru\/wp-json\/wp\/v2\/media?parent=123"}],"curies":[{"name":"wp","href":"https:\/\/api.w.org\/{rel}","templated":true}]}}