{"id":999,"date":"2015-12-31T12:21:07","date_gmt":"2015-12-31T10:21:07","guid":{"rendered":"http:\/\/leartes.pw\/?page_id=999"},"modified":"2016-01-18T11:35:52","modified_gmt":"2016-01-18T09:35:52","slug":"discover-alanya","status":"publish","type":"page","link":"https:\/\/goldislandhotel.com.tr\/de\/news-blog\/alanya-city-guide\/discover-alanya\/","title":{"rendered":"Entdecken Sie Alanya"},"content":{"rendered":"<p><\/p>\n<blockquote><p>Mit ihren Tausenden von Jahren alte Geschichte und mediterrane und anatolischen Mischung aus Kultur und Architektur bietet Alanya f\u00fcr die jenigen, die ihren Urlaub hier verbringen wollen eine Vielzahl von M\u00f6glichkeiten an.<\/p><\/blockquote>\n<p>Mit ihren Tausenden von Jahren alte Geschichte und mediterrane und anatolischen Mischung aus Kultur und Architektur bietet Alanya f\u00fcr die jenigen, die ihren Urlaub hier verbringen wollen eine Vielzahl von M\u00f6glichkeiten an. Abgesehen davon, da\u00df Alanya eine K\u00fcste \u00fcber 100 km und wunderbare Str\u00e4nde besitzt, befriedigt die Stadt die jenigen, die sich f\u00fcr Geschichte interessieren und fasziniert auch Naturliebhaber. Die Hochl\u00e4nder der Taurus Gebirgen, sind besonders f\u00fcr Personen geeignet die frische Luft und Hochland anstatt Meer bevorzugen. Sapadere Canyon verdient hierbei ein besonderes Interesse&#8230;<\/p>\n<h3>Historische Pl\u00e4tze<\/h3>\n<p>Mit ihrer Burg, die heute \u00fcber 700 Jahre alt und immer noch im besten Zustand ist, mit dem achteckigen Roten Turm, mit vielen Karawansareien und mit ihrer Pr\u00e4ge, ist Alanya ein Paradies f\u00fcr die jenigen, die Geschichte lieben. Sowohl die Kirchen, die vor den Seldschuken zur der christlichen Periode geh\u00f6ren, als auch die historischen Moscheen aus der islamischen Periode erwarten mit ihrer voller Pracht ihre Besucher.<br \/>\n<a href=\"\/de\/news-blog\/alanya-city-guide\/historical-places\/\">F\u00fcr mehr Information bitte hier klicken.<\/a><\/p>\n<h3>Die Antike St\u00e4dte<\/h3>\n<p>Alanya, die in Laufe der Geschichte viele Zivilisationen beherbergt hat, ist erheblich bereichert an Antiken St\u00e4dte. Der Eintritt in die Antike St\u00e4dte, die unter Denkmalschutz stehen und bei einigen die Ausgrabungen immer noch weiterf\u00fchren, ist kostenlos.<br \/>\n<a href=\"\/de\/news-blog\/alanya-city-guide\/ancient-cities\/\">F\u00fcr mehr Information bitte hier klicken.<\/a><\/p>\n<h3>Museen:<\/h3>\n<p>Es gibt in Alanya vier Museen. Au\u00dfer Mittagspausen kann man die Museen jeden Tag besuchen und der Eintritt ist kostenpflichtig. Das wertvollste Werk in Alanya ist das Herakles Denkmal im Alanya Museum.<\/p>\n<h3>Die Str\u00e4nde:<\/h3>\n<p>Die Str\u00e4nde bestehen aus breiten Sandstr\u00e4nden und viele besitzen die blaue Flagge. Die Meeresfarbe an der K\u00fcste von Alanya geht von blau ins t\u00fcrkis \u00fcber. Bei ruhigem Wetter kann man mit blosem Auge die Fische am Meeresgrund sehen. W\u00e4hrend Sie an einem Anitken Ort oder mit B\u00e4umen bedeckten Abhang ins Wasser gehen k\u00f6nnen sie die kleinen Fische, die an ihren F\u00fcssen herum schwimmen, f\u00fchlen.<\/p>\n<h3>Die H\u00f6hlen:<\/h3>\n<p>in Hinsicht auf H\u00f6hlen ist Alanya erheblich bereichert. Sie k\u00f6nnen die geheimnisvollen H\u00f6hlen in Alanya am Land und auf See entdecken und den Spuren unserer Vorfahren, die vor 20 tausend Jahren gelebt haben, verfolgen.<\/p>\n<h3>Das Taurus Gebirge:<\/h3>\n<p>Alanya befindet sich an der K\u00fcste am Mittelmeer mit den Taurusbergen im R\u00fccken. Die Taurus Berge und Alanya sind eng miteinander verbunden. Es ist eine tausend j\u00e4hrige Kultur der turkmenischen Nomaden, im Sommer ins Hochland zu ziehen und den Sommer dort zu verbringen. Bis zum letzten Jahrhundert zog das ganze Dorf im Fr\u00fchling ins Hochland. Auf den Ebenen der Taurus Berge in \u00fcber 1000m H\u00f6he wurden Zelte aus Ziegenfell aufgestellt. Auf der einen Seite weidete das Vieh auf der anderen Seite wurde K\u00e4se und Butter hergestellt, Teppiche und Kelime gewebt. In der heutigen Zeit wurden die Zelte mit modernen H\u00e4usern ersetzt. Die Taurus Berge verbergen mit deren Tannen- und Zederw\u00e4ldern, tiefen T\u00e4lern, in die Wolken dringenden Berggipfeln und von den Gipfeln flie\u00dfenden Quellen eine einzigartige Natursch\u00f6nheit.<\/p>\n<h3>Fl\u00fcsse:<\/h3>\n<p>Alanya liegt auf manch einiger gro\u00dfen und kleinen Wasserstra\u00dfe. Die wichtigsten von denen sind mit seiner interessanten Umgebung, der Dim Bach, mit seinen k\u00fchlen Schatten der Oba Bach und mit seinen Parkuhr f\u00fcr Rafting der Alara Fluss.<\/p>\n<h3>Sapadere Canyon:<\/h3>\n<p>Sapadere Canyon, der 40 km vom Zentrum entfernt ist, ist wahrhaftig ein Naturwunder. Kommen Sie nicht zur\u00fcck ohne am Eingang des Canyons, wo der Wasserfall ausstr\u00f6mt zu schwimmen und eine Forelle zu essen, die im eiskalten Wasser gez\u00fcchtet wird!<\/p>","protected":false},"excerpt":{"rendered":"<p>Mit ihren Tausenden von Jahren alte Geschichte und mediterrane und anatolischen Mischung aus Kultur und Architektur bietet Alanya f\u00fcr die jenigen, die ihren Urlaub hier verbringen wollen eine Vielzahl von M\u00f6glichkeiten an. Mit ihren Tausenden von Jahren alte Geschichte und mediterrane und anatolischen Mischung aus Kultur und Architektur bietet Alanya f\u00fcr die jenigen, die ihren Urlaub hier verbringen wollen eine Vielzahl von M\u00f6glichkeiten an. Abgesehen&#8230;<\/p>\n<p><a class=\"more-link\" href=\"https:\/\/goldislandhotel.com.tr\/de\/news-blog\/alanya-city-guide\/discover-alanya\/\">Continue Reading &#8230;<\/a><\/p>\n","protected":false},"author":1,"featured_media":0,"parent":826,"menu_order":0,"comment_status":"closed","ping_status":"closed","template":"","meta":{"footnotes":""},"class_list":["post-999","page","type-page","status-publish","hentry"],"yoast_head":"<!-- This site is optimized with the Yoast SEO plugin v26.3 - https:\/\/yoast.com\/wordpress\/plugins\/seo\/ -->\n<title>Entdecken Sie Alanya | Gold Island Selected Hotel<\/title>\n<meta name=\"robots\" content=\"index, follow, max-snippet:-1, max-image-preview:large, max-video-preview:-1\" \/>\n<link rel=\"canonical\" href=\"https:\/\/goldislandhotel.com.tr\/de\/news-blog\/alanya-city-guide\/discover-alanya\/\" \/>\n<meta property=\"og:locale\" content=\"de_DE\" \/>\n<meta property=\"og:type\" content=\"article\" \/>\n<meta property=\"og:title\" content=\"Entdecken Sie Alanya | Gold Island Selected Hotel\" \/>\n<meta property=\"og:description\" content=\"Mit ihren Tausenden von Jahren alte Geschichte und mediterrane und anatolischen Mischung aus Kultur und Architektur bietet Alanya f\u00fcr die jenigen, die ihren Urlaub hier verbringen wollen eine Vielzahl von M\u00f6glichkeiten an. Mit ihren Tausenden von Jahren alte Geschichte und mediterrane und anatolischen Mischung aus Kultur und Architektur bietet Alanya f\u00fcr die jenigen, die ihren Urlaub hier verbringen wollen eine Vielzahl von M\u00f6glichkeiten an. Abgesehen...Continue Reading ...\" \/>\n<meta property=\"og:url\" content=\"https:\/\/goldislandhotel.com.tr\/de\/news-blog\/alanya-city-guide\/discover-alanya\/\" \/>\n<meta property=\"og:site_name\" content=\"Gold Island Selected Hotel\" \/>\n<meta property=\"article:modified_time\" content=\"2016-01-18T09:35:52+00:00\" \/>\n<meta name=\"twitter:card\" content=\"summary_large_image\" \/>\n<meta name=\"twitter:label1\" content=\"Gesch\u00e4tzte Lesezeit\" \/>\n\t<meta name=\"twitter:data1\" content=\"12\u00a0Minuten\" \/>\n<script type=\"application\/ld+json\" class=\"yoast-schema-graph\">{\"@context\":\"https:\/\/schema.org\",\"@graph\":[{\"@type\":\"WebPage\",\"@id\":\"https:\/\/goldislandhotel.com.tr\/de\/news-blog\/alanya-city-guide\/discover-alanya\/\",\"url\":\"https:\/\/goldislandhotel.com.tr\/de\/news-blog\/alanya-city-guide\/discover-alanya\/\",\"name\":\"Entdecken Sie Alanya | Gold Island Selected Hotel\",\"isPartOf\":{\"@id\":\"https:\/\/goldislandhotel.com.tr\/de\/#website\"},\"datePublished\":\"2015-12-31T10:21:07+00:00\",\"dateModified\":\"2016-01-18T09:35:52+00:00\",\"breadcrumb\":{\"@id\":\"https:\/\/goldislandhotel.com.tr\/de\/news-blog\/alanya-city-guide\/discover-alanya\/#breadcrumb\"},\"inLanguage\":\"de\",\"potentialAction\":[{\"@type\":\"ReadAction\",\"target\":[[\"https:\/\/goldislandhotel.com.tr\/de\/news-blog\/alanya-city-guide\/discover-alanya\/\"]]}]},{\"@type\":\"BreadcrumbList\",\"@id\":\"https:\/\/goldislandhotel.com.tr\/de\/news-blog\/alanya-city-guide\/discover-alanya\/#breadcrumb\",\"itemListElement\":[{\"@type\":\"ListItem\",\"position\":1,\"name\":\"Home\",\"item\":\"https:\/\/goldislandhotel.com.tr\/de\/\"},{\"@type\":\"ListItem\",\"position\":2,\"name\":\"Gold Hotels News &#038; Blog\",\"item\":\"https:\/\/goldislandhotel.com.tr\/de\/news-blog\/\"},{\"@type\":\"ListItem\",\"position\":3,\"name\":\"Alanya City Guide\",\"item\":\"https:\/\/goldislandhotel.com.tr\/de\/news-blog\/alanya-city-guide\/\"},{\"@type\":\"ListItem\",\"position\":4,\"name\":\"Discover Alanya\"}]},{\"@type\":\"WebSite\",\"@id\":\"https:\/\/goldislandhotel.com.tr\/de\/#website\",\"url\":\"https:\/\/goldislandhotel.com.tr\/de\/\",\"name\":\"Gold Island Selected Hotel\",\"description\":\"Gold Hotels\",\"potentialAction\":[{\"@type\":\"SearchAction\",\"target\":{\"@type\":\"EntryPoint\",\"urlTemplate\":\"https:\/\/goldislandhotel.com.tr\/de\/?s={search_term_string}\"},\"query-input\":{\"@type\":\"PropertyValueSpecification\",\"valueRequired\":true,\"valueName\":\"search_term_string\"}}],\"inLanguage\":\"de\"}]}<\/script>\n<!-- \/ Yoast SEO plugin. -->","yoast_head_json":{"title":"Entdecken Sie Alanya | Gold Island Selected Hotel","robots":{"index":"index","follow":"follow","max-snippet":"max-snippet:-1","max-image-preview":"max-image-preview:large","max-video-preview":"max-video-preview:-1"},"canonical":"https:\/\/goldislandhotel.com.tr\/de\/news-blog\/alanya-city-guide\/discover-alanya\/","og_locale":"de_DE","og_type":"article","og_title":"Entdecken Sie Alanya | Gold Island Selected Hotel","og_description":"Mit ihren Tausenden von Jahren alte Geschichte und mediterrane und anatolischen Mischung aus Kultur und Architektur bietet Alanya f\u00fcr die jenigen, die ihren Urlaub hier verbringen wollen eine Vielzahl von M\u00f6glichkeiten an. Mit ihren Tausenden von Jahren alte Geschichte und mediterrane und anatolischen Mischung aus Kultur und Architektur bietet Alanya f\u00fcr die jenigen, die ihren Urlaub hier verbringen wollen eine Vielzahl von M\u00f6glichkeiten an. Abgesehen...Continue Reading ...","og_url":"https:\/\/goldislandhotel.com.tr\/de\/news-blog\/alanya-city-guide\/discover-alanya\/","og_site_name":"Gold Island Selected Hotel","article_modified_time":"2016-01-18T09:35:52+00:00","twitter_card":"summary_large_image","twitter_misc":{"Gesch\u00e4tzte Lesezeit":"12\u00a0Minuten"},"schema":{"@context":"https:\/\/schema.org","@graph":[{"@type":"WebPage","@id":"https:\/\/goldislandhotel.com.tr\/de\/news-blog\/alanya-city-guide\/discover-alanya\/","url":"https:\/\/goldislandhotel.com.tr\/de\/news-blog\/alanya-city-guide\/discover-alanya\/","name":"Entdecken Sie Alanya | Gold Island Selected Hotel","isPartOf":{"@id":"https:\/\/goldislandhotel.com.tr\/de\/#website"},"datePublished":"2015-12-31T10:21:07+00:00","dateModified":"2016-01-18T09:35:52+00:00","breadcrumb":{"@id":"https:\/\/goldislandhotel.com.tr\/de\/news-blog\/alanya-city-guide\/discover-alanya\/#breadcrumb"},"inLanguage":"de","potentialAction":[{"@type":"ReadAction","target":[["https:\/\/goldislandhotel.com.tr\/de\/news-blog\/alanya-city-guide\/discover-alanya\/"]]}]},{"@type":"BreadcrumbList","@id":"https:\/\/goldislandhotel.com.tr\/de\/news-blog\/alanya-city-guide\/discover-alanya\/#breadcrumb","itemListElement":[{"@type":"ListItem","position":1,"name":"Home","item":"https:\/\/goldislandhotel.com.tr\/de\/"},{"@type":"ListItem","position":2,"name":"Gold Hotels News &#038; Blog","item":"https:\/\/goldislandhotel.com.tr\/de\/news-blog\/"},{"@type":"ListItem","position":3,"name":"Alanya City Guide","item":"https:\/\/goldislandhotel.com.tr\/de\/news-blog\/alanya-city-guide\/"},{"@type":"ListItem","position":4,"name":"Discover Alanya"}]},{"@type":"WebSite","@id":"https:\/\/goldislandhotel.com.tr\/de\/#website","url":"https:\/\/goldislandhotel.com.tr\/de\/","name":"Gold Island Selected Hotel","description":"Gold Hotels","potentialAction":[{"@type":"SearchAction","target":{"@type":"EntryPoint","urlTemplate":"https:\/\/goldislandhotel.com.tr\/de\/?s={search_term_string}"},"query-input":{"@type":"PropertyValueSpecification","valueRequired":true,"valueName":"search_term_string"}}],"inLanguage":"de"}]}},"_links":{"self":[{"href":"https:\/\/goldislandhotel.com.tr\/de\/wp-json\/wp\/v2\/pages\/999","targetHints":{"allow":["GET"]}}],"collection":[{"href":"https:\/\/goldislandhotel.com.tr\/de\/wp-json\/wp\/v2\/pages"}],"about":[{"href":"https:\/\/goldislandhotel.com.tr\/de\/wp-json\/wp\/v2\/types\/page"}],"author":[{"embeddable":true,"href":"https:\/\/goldislandhotel.com.tr\/de\/wp-json\/wp\/v2\/users\/1"}],"replies":[{"embeddable":true,"href":"https:\/\/goldislandhotel.com.tr\/de\/wp-json\/wp\/v2\/comments?post=999"}],"version-history":[{"count":4,"href":"https:\/\/goldislandhotel.com.tr\/de\/wp-json\/wp\/v2\/pages\/999\/revisions"}],"predecessor-version":[{"id":1476,"href":"https:\/\/goldislandhotel.com.tr\/de\/wp-json\/wp\/v2\/pages\/999\/revisions\/1476"}],"up":[{"embeddable":true,"href":"https:\/\/goldislandhotel.com.tr\/de\/wp-json\/wp\/v2\/pages\/826"}],"wp:attachment":[{"href":"https:\/\/goldislandhotel.com.tr\/de\/wp-json\/wp\/v2\/media?parent=999"}],"curies":[{"name":"wp","href":"https:\/\/api.w.org\/{rel}","templated":true}]}}