{"id":992,"date":"2015-12-31T12:10:29","date_gmt":"2015-12-31T10:10:29","guid":{"rendered":"http:\/\/leartes.pw\/?page_id=992"},"modified":"2016-01-18T11:35:44","modified_gmt":"2016-01-18T09:35:44","slug":"geographical-climate","status":"publish","type":"page","link":"https:\/\/goldislandhotel.com.tr\/de\/news-blog\/alanya-city-guide\/geographical-climate\/","title":{"rendered":"Geographische &#038; Klima"},"content":{"rendered":"<p><\/p>\n<blockquote><p>Alanya liegt auf  36\u00b0 33. n\u00f6rdlicher Breite und 32,01\u00b0 \u00f6stlicher L\u00e4nge. Die Areal ist 2.085 km2<\/p><\/blockquote>\n<h3>Das Klima und die Flora<\/h3>\n<p>Es herrscht ein typisch mediterranes Klima \u00fcber Alanya. Die Eigenschaften: Im Winter ist es regnerisch und feucht und im Sommer hei\u00df und d\u00fcrr. Dadurch, da\u00df der Osten, der Norden und der Westen mit hohen Gebirgen bedeckt ist, ist Alanya f\u00fcr die Winde, die von diesen Richtungen wehen, geschlossen, was wiederum die M\u00f6glichkeit gibt, viele Pflanzenarten, die in verschieden Ecken auf der Erde wachsen, in Alanya anzubauen.<br \/>\nAbgesehen vom Obstbau, den die Bev\u00f6lkerung von Alanya betreibt, gibt es eine Obst Produktionsstationen. Die Station, die im Jahre 1938 im Dorf A\u015fa\u011f\u0131 Oba auf 1000 Dekar Grundst\u00fcck gegr\u00fcndet wurde, hat eine Kapazit\u00e4t von 500 000 Setzlingen zu z\u00fcchten. Die Setzlinge, die dort gez\u00fcchtet werden, werden an zu erst in Alanya, danach in anderen St\u00e4dten an den Markt gebracht. Die Institution z\u00fcchtet auch, wenn auch nicht so viel, Fr\u00fcchte und Pflanzen, die selten vorkommen. Manche davon sind: Wollmisbel, Granatapfel, Kaffee, Walnu\u00df, Ananas, Guava, Avakado, Jujube und f\u00fcr den Garten Zierpflanzen.<br \/>\nIn Alanya und Umgebung ist generell das Betreiben von Gew\u00e4chsh\u00e4usern sehr verbreitet. Das Obst und Gem\u00fcse, das in den eiskalten Winterzust\u00e4nden nicht w\u00e4chst, werden seitens der Landwirte von Alanya in Gew\u00e4chsh\u00e4user gez\u00fcchtet und fast in der ganzen T\u00fcrkei geliefert. Neben dem Fr\u00fchgem\u00fcse ist auch der Anbau von Bananen ein wichtiges Einkommen von Alanya. Die Alanya \u2013Banane ist Landesweit allein bereits eine Marke. Die Zitrone, die Orange, der Grapefruit und die Bitterorange, die in Alanya wachsen, sind sehr ber\u00fchmt.<\/p>\n<h3>Geographische Lage und Struktur<\/h3>\n<p>Alanya liegt auf 36\u00b0 33. n\u00f6rdlicher Breite und 32,01\u00b0 \u00f6stlicher L\u00e4nge. Die Areal ist 2.085 km2.<br \/>\nAlanya, liegt im Kreis von Antalya im Mittelmeergebiet. Auf der \u00f6stlichen Seite befindet sich eine Bucht, die den gleichen Namen tr\u00e4gt. Es befindet sich s\u00fcdlich von Alanya das Mittelmeer, \u00f6stlich die Stadt Gazipa\u015fa, westlich die Stadt Manavgat und n\u00f6rdlich das Taurus Gebirge. Die H\u00f6he der n\u00f6rdlichen Massen liegt zwischen 500-600m und 2500-3000 m, die aus Gebirgen und Ebenen Zustande kommen und den Gebirgszug bilden. Die niedern Teile des Gebirges werden von Ebenen bestimmt, die man vom Strand aus sehen kann. Der Abstieg von der Berglandschaft zu den Ebenen erfolgt durch das Plateau. Die Almen gehen auf der westlichen Seite zu Ende, genau da, wo man auf die Halbinsel von Alanya zutrifft. Der \u00dcbergang von den Gebieten, von der die Almen verschwinden, zur Berglandschaft erfolgt \u00fcber steile Abh\u00e4nge.<\/p>","protected":false},"excerpt":{"rendered":"<p>Alanya liegt auf 36\u00b0 33. n\u00f6rdlicher Breite und 32,01\u00b0 \u00f6stlicher L\u00e4nge. Die Areal ist 2.085 km2 Das Klima und die Flora Es herrscht ein typisch mediterranes Klima \u00fcber Alanya. Die Eigenschaften: Im Winter ist es regnerisch und feucht und im Sommer hei\u00df und d\u00fcrr. Dadurch, da\u00df der Osten, der Norden und der Westen mit hohen Gebirgen bedeckt ist, ist Alanya f\u00fcr die Winde, die von&#8230;<\/p>\n<p><a class=\"more-link\" href=\"https:\/\/goldislandhotel.com.tr\/de\/news-blog\/alanya-city-guide\/geographical-climate\/\">Continue Reading &#8230;<\/a><\/p>\n","protected":false},"author":1,"featured_media":0,"parent":826,"menu_order":0,"comment_status":"closed","ping_status":"closed","template":"","meta":{"footnotes":""},"class_list":["post-992","page","type-page","status-publish","hentry"],"yoast_head":"<!-- This site is optimized with the Yoast SEO plugin v26.3 - https:\/\/yoast.com\/wordpress\/plugins\/seo\/ -->\n<title>Geographische &amp; Klima | Gold Island Selected Hotel<\/title>\n<meta name=\"robots\" content=\"index, follow, max-snippet:-1, max-image-preview:large, max-video-preview:-1\" \/>\n<link rel=\"canonical\" href=\"https:\/\/goldislandhotel.com.tr\/de\/news-blog\/alanya-city-guide\/geographical-climate\/\" \/>\n<meta property=\"og:locale\" content=\"de_DE\" \/>\n<meta property=\"og:type\" content=\"article\" \/>\n<meta property=\"og:title\" content=\"Geographische &amp; Klima | Gold Island Selected Hotel\" \/>\n<meta property=\"og:description\" content=\"Alanya liegt auf 36\u00b0 33. n\u00f6rdlicher Breite und 32,01\u00b0 \u00f6stlicher L\u00e4nge. Die Areal ist 2.085 km2 Das Klima und die Flora Es herrscht ein typisch mediterranes Klima \u00fcber Alanya. Die Eigenschaften: Im Winter ist es regnerisch und feucht und im Sommer hei\u00df und d\u00fcrr. Dadurch, da\u00df der Osten, der Norden und der Westen mit hohen Gebirgen bedeckt ist, ist Alanya f\u00fcr die Winde, die von...Continue Reading ...\" \/>\n<meta property=\"og:url\" content=\"https:\/\/goldislandhotel.com.tr\/de\/news-blog\/alanya-city-guide\/geographical-climate\/\" \/>\n<meta property=\"og:site_name\" content=\"Gold Island Selected Hotel\" \/>\n<meta property=\"article:modified_time\" content=\"2016-01-18T09:35:44+00:00\" \/>\n<meta name=\"twitter:card\" content=\"summary_large_image\" \/>\n<meta name=\"twitter:label1\" content=\"Gesch\u00e4tzte Lesezeit\" \/>\n\t<meta name=\"twitter:data1\" content=\"8\u00a0Minuten\" \/>\n<script type=\"application\/ld+json\" class=\"yoast-schema-graph\">{\"@context\":\"https:\/\/schema.org\",\"@graph\":[{\"@type\":\"WebPage\",\"@id\":\"https:\/\/goldislandhotel.com.tr\/de\/news-blog\/alanya-city-guide\/geographical-climate\/\",\"url\":\"https:\/\/goldislandhotel.com.tr\/de\/news-blog\/alanya-city-guide\/geographical-climate\/\",\"name\":\"Geographische & Klima | Gold Island Selected Hotel\",\"isPartOf\":{\"@id\":\"https:\/\/goldislandhotel.com.tr\/de\/#website\"},\"datePublished\":\"2015-12-31T10:10:29+00:00\",\"dateModified\":\"2016-01-18T09:35:44+00:00\",\"breadcrumb\":{\"@id\":\"https:\/\/goldislandhotel.com.tr\/de\/news-blog\/alanya-city-guide\/geographical-climate\/#breadcrumb\"},\"inLanguage\":\"de\",\"potentialAction\":[{\"@type\":\"ReadAction\",\"target\":[[\"https:\/\/goldislandhotel.com.tr\/de\/news-blog\/alanya-city-guide\/geographical-climate\/\"]]}]},{\"@type\":\"BreadcrumbList\",\"@id\":\"https:\/\/goldislandhotel.com.tr\/de\/news-blog\/alanya-city-guide\/geographical-climate\/#breadcrumb\",\"itemListElement\":[{\"@type\":\"ListItem\",\"position\":1,\"name\":\"Home\",\"item\":\"https:\/\/goldislandhotel.com.tr\/de\/\"},{\"@type\":\"ListItem\",\"position\":2,\"name\":\"Gold Hotels News &#038; Blog\",\"item\":\"https:\/\/goldislandhotel.com.tr\/de\/news-blog\/\"},{\"@type\":\"ListItem\",\"position\":3,\"name\":\"Alanya City Guide\",\"item\":\"https:\/\/goldislandhotel.com.tr\/de\/news-blog\/alanya-city-guide\/\"},{\"@type\":\"ListItem\",\"position\":4,\"name\":\"Geographical &#038; Climate\"}]},{\"@type\":\"WebSite\",\"@id\":\"https:\/\/goldislandhotel.com.tr\/de\/#website\",\"url\":\"https:\/\/goldislandhotel.com.tr\/de\/\",\"name\":\"Gold Island Selected Hotel\",\"description\":\"Gold Hotels\",\"potentialAction\":[{\"@type\":\"SearchAction\",\"target\":{\"@type\":\"EntryPoint\",\"urlTemplate\":\"https:\/\/goldislandhotel.com.tr\/de\/?s={search_term_string}\"},\"query-input\":{\"@type\":\"PropertyValueSpecification\",\"valueRequired\":true,\"valueName\":\"search_term_string\"}}],\"inLanguage\":\"de\"}]}<\/script>\n<!-- \/ Yoast SEO plugin. -->","yoast_head_json":{"title":"Geographische & Klima | Gold Island Selected Hotel","robots":{"index":"index","follow":"follow","max-snippet":"max-snippet:-1","max-image-preview":"max-image-preview:large","max-video-preview":"max-video-preview:-1"},"canonical":"https:\/\/goldislandhotel.com.tr\/de\/news-blog\/alanya-city-guide\/geographical-climate\/","og_locale":"de_DE","og_type":"article","og_title":"Geographische & Klima | Gold Island Selected Hotel","og_description":"Alanya liegt auf 36\u00b0 33. n\u00f6rdlicher Breite und 32,01\u00b0 \u00f6stlicher L\u00e4nge. Die Areal ist 2.085 km2 Das Klima und die Flora Es herrscht ein typisch mediterranes Klima \u00fcber Alanya. Die Eigenschaften: Im Winter ist es regnerisch und feucht und im Sommer hei\u00df und d\u00fcrr. Dadurch, da\u00df der Osten, der Norden und der Westen mit hohen Gebirgen bedeckt ist, ist Alanya f\u00fcr die Winde, die von...Continue Reading ...","og_url":"https:\/\/goldislandhotel.com.tr\/de\/news-blog\/alanya-city-guide\/geographical-climate\/","og_site_name":"Gold Island Selected Hotel","article_modified_time":"2016-01-18T09:35:44+00:00","twitter_card":"summary_large_image","twitter_misc":{"Gesch\u00e4tzte Lesezeit":"8\u00a0Minuten"},"schema":{"@context":"https:\/\/schema.org","@graph":[{"@type":"WebPage","@id":"https:\/\/goldislandhotel.com.tr\/de\/news-blog\/alanya-city-guide\/geographical-climate\/","url":"https:\/\/goldislandhotel.com.tr\/de\/news-blog\/alanya-city-guide\/geographical-climate\/","name":"Geographische & Klima | Gold Island Selected Hotel","isPartOf":{"@id":"https:\/\/goldislandhotel.com.tr\/de\/#website"},"datePublished":"2015-12-31T10:10:29+00:00","dateModified":"2016-01-18T09:35:44+00:00","breadcrumb":{"@id":"https:\/\/goldislandhotel.com.tr\/de\/news-blog\/alanya-city-guide\/geographical-climate\/#breadcrumb"},"inLanguage":"de","potentialAction":[{"@type":"ReadAction","target":[["https:\/\/goldislandhotel.com.tr\/de\/news-blog\/alanya-city-guide\/geographical-climate\/"]]}]},{"@type":"BreadcrumbList","@id":"https:\/\/goldislandhotel.com.tr\/de\/news-blog\/alanya-city-guide\/geographical-climate\/#breadcrumb","itemListElement":[{"@type":"ListItem","position":1,"name":"Home","item":"https:\/\/goldislandhotel.com.tr\/de\/"},{"@type":"ListItem","position":2,"name":"Gold Hotels News &#038; Blog","item":"https:\/\/goldislandhotel.com.tr\/de\/news-blog\/"},{"@type":"ListItem","position":3,"name":"Alanya City Guide","item":"https:\/\/goldislandhotel.com.tr\/de\/news-blog\/alanya-city-guide\/"},{"@type":"ListItem","position":4,"name":"Geographical &#038; Climate"}]},{"@type":"WebSite","@id":"https:\/\/goldislandhotel.com.tr\/de\/#website","url":"https:\/\/goldislandhotel.com.tr\/de\/","name":"Gold Island Selected Hotel","description":"Gold Hotels","potentialAction":[{"@type":"SearchAction","target":{"@type":"EntryPoint","urlTemplate":"https:\/\/goldislandhotel.com.tr\/de\/?s={search_term_string}"},"query-input":{"@type":"PropertyValueSpecification","valueRequired":true,"valueName":"search_term_string"}}],"inLanguage":"de"}]}},"_links":{"self":[{"href":"https:\/\/goldislandhotel.com.tr\/de\/wp-json\/wp\/v2\/pages\/992","targetHints":{"allow":["GET"]}}],"collection":[{"href":"https:\/\/goldislandhotel.com.tr\/de\/wp-json\/wp\/v2\/pages"}],"about":[{"href":"https:\/\/goldislandhotel.com.tr\/de\/wp-json\/wp\/v2\/types\/page"}],"author":[{"embeddable":true,"href":"https:\/\/goldislandhotel.com.tr\/de\/wp-json\/wp\/v2\/users\/1"}],"replies":[{"embeddable":true,"href":"https:\/\/goldislandhotel.com.tr\/de\/wp-json\/wp\/v2\/comments?post=992"}],"version-history":[{"count":2,"href":"https:\/\/goldislandhotel.com.tr\/de\/wp-json\/wp\/v2\/pages\/992\/revisions"}],"predecessor-version":[{"id":1494,"href":"https:\/\/goldislandhotel.com.tr\/de\/wp-json\/wp\/v2\/pages\/992\/revisions\/1494"}],"up":[{"embeddable":true,"href":"https:\/\/goldislandhotel.com.tr\/de\/wp-json\/wp\/v2\/pages\/826"}],"wp:attachment":[{"href":"https:\/\/goldislandhotel.com.tr\/de\/wp-json\/wp\/v2\/media?parent=992"}],"curies":[{"name":"wp","href":"https:\/\/api.w.org\/{rel}","templated":true}]}}