{"id":99,"date":"2015-06-25T14:12:36","date_gmt":"2015-06-25T14:12:36","guid":{"rendered":"http:\/\/ravistheme.com\/pinar\/wp\/?page_id=99"},"modified":"2025-11-12T18:01:26","modified_gmt":"2025-11-12T15:01:26","slug":"features","status":"publish","type":"page","link":"https:\/\/goldislandhotel.com.tr\/de\/features\/","title":{"rendered":"Eigenschaften"},"content":{"rendered":"<p><div class=\"heading-box heading-box-less\"><h2>Eigenschaften<\/h2><div class=\"subtitle\">Unsere Dienstleistungen<\/div><\/div><\/p>\n<p style=\"text-align: center;\">Das in au\u00dfergew\u00f6hnlichem Stil erbaute Hotel liegt auf einer kleinen Halbinsel umgeben von wundersch\u00f6ner Natur und dem t\u00fcrkisblauen Meer.<\/p>\n<p style=\"text-align: center;\">Ein unvergessliches Urlaubserlebnis \u2013 nicht zuletzt durch die funkelnden Lichter w\u00e4hrend der Abendd\u00e4mmerung und des 360 Grad Panoramas.<\/p>\n<p><\/p>","protected":false},"excerpt":{"rendered":"<p>Das in au\u00dfergew\u00f6hnlichem Stil erbaute Hotel liegt auf einer kleinen Halbinsel umgeben von wundersch\u00f6ner Natur und dem t\u00fcrkisblauen Meer. Ein unvergessliches Urlaubserlebnis \u2013 nicht zuletzt durch die funkelnden Lichter w\u00e4hrend der Abendd\u00e4mmerung und des 360 Grad Panoramas.<\/p>\n","protected":false},"author":1,"featured_media":0,"parent":0,"menu_order":0,"comment_status":"closed","ping_status":"closed","template":"templates\/child-grid-page.php","meta":{"footnotes":""},"class_list":["post-99","page","type-page","status-publish","hentry"],"yoast_head":"<!-- This site is optimized with the Yoast SEO plugin v26.3 - https:\/\/yoast.com\/wordpress\/plugins\/seo\/ -->\n<title>Eigenschaften | Gold Island Selected Hotel<\/title>\n<meta name=\"robots\" content=\"index, follow, max-snippet:-1, max-image-preview:large, max-video-preview:-1\" \/>\n<link rel=\"canonical\" href=\"https:\/\/goldislandhotel.com.tr\/de\/features\/\" \/>\n<meta property=\"og:locale\" content=\"de_DE\" \/>\n<meta property=\"og:type\" content=\"article\" \/>\n<meta property=\"og:title\" content=\"Eigenschaften | Gold Island Selected Hotel\" \/>\n<meta property=\"og:description\" content=\"Das in au\u00dfergew\u00f6hnlichem Stil erbaute Hotel liegt auf einer kleinen Halbinsel umgeben von wundersch\u00f6ner Natur und dem t\u00fcrkisblauen Meer. Ein unvergessliches Urlaubserlebnis \u2013 nicht zuletzt durch die funkelnden Lichter w\u00e4hrend der Abendd\u00e4mmerung und des 360 Grad Panoramas.\" \/>\n<meta property=\"og:url\" content=\"https:\/\/goldislandhotel.com.tr\/de\/features\/\" \/>\n<meta property=\"og:site_name\" content=\"Gold Island Selected Hotel\" \/>\n<meta property=\"article:modified_time\" content=\"2025-11-12T15:01:26+00:00\" \/>\n<meta name=\"twitter:card\" content=\"summary_large_image\" \/>\n<meta name=\"twitter:label1\" content=\"Gesch\u00e4tzte Lesezeit\" \/>\n\t<meta name=\"twitter:data1\" content=\"1\u00a0Minute\" \/>\n<script type=\"application\/ld+json\" class=\"yoast-schema-graph\">{\"@context\":\"https:\/\/schema.org\",\"@graph\":[{\"@type\":\"WebPage\",\"@id\":\"https:\/\/goldislandhotel.com.tr\/de\/features\/\",\"url\":\"https:\/\/goldislandhotel.com.tr\/de\/features\/\",\"name\":\"Eigenschaften | Gold Island Selected Hotel\",\"isPartOf\":{\"@id\":\"https:\/\/goldislandhotel.com.tr\/de\/#website\"},\"datePublished\":\"2015-06-25T14:12:36+00:00\",\"dateModified\":\"2025-11-12T15:01:26+00:00\",\"breadcrumb\":{\"@id\":\"https:\/\/goldislandhotel.com.tr\/de\/features\/#breadcrumb\"},\"inLanguage\":\"de\",\"potentialAction\":[{\"@type\":\"ReadAction\",\"target\":[[\"https:\/\/goldislandhotel.com.tr\/de\/features\/\"]]}]},{\"@type\":\"BreadcrumbList\",\"@id\":\"https:\/\/goldislandhotel.com.tr\/de\/features\/#breadcrumb\",\"itemListElement\":[{\"@type\":\"ListItem\",\"position\":1,\"name\":\"Home\",\"item\":\"https:\/\/goldislandhotel.com.tr\/de\/\"},{\"@type\":\"ListItem\",\"position\":2,\"name\":\"Features\"}]},{\"@type\":\"WebSite\",\"@id\":\"https:\/\/goldislandhotel.com.tr\/de\/#website\",\"url\":\"https:\/\/goldislandhotel.com.tr\/de\/\",\"name\":\"Gold Island Selected Hotel\",\"description\":\"Gold Hotels\",\"potentialAction\":[{\"@type\":\"SearchAction\",\"target\":{\"@type\":\"EntryPoint\",\"urlTemplate\":\"https:\/\/goldislandhotel.com.tr\/de\/?s={search_term_string}\"},\"query-input\":{\"@type\":\"PropertyValueSpecification\",\"valueRequired\":true,\"valueName\":\"search_term_string\"}}],\"inLanguage\":\"de\"}]}<\/script>\n<!-- \/ Yoast SEO plugin. -->","yoast_head_json":{"title":"Eigenschaften | Gold Island Selected Hotel","robots":{"index":"index","follow":"follow","max-snippet":"max-snippet:-1","max-image-preview":"max-image-preview:large","max-video-preview":"max-video-preview:-1"},"canonical":"https:\/\/goldislandhotel.com.tr\/de\/features\/","og_locale":"de_DE","og_type":"article","og_title":"Eigenschaften | Gold Island Selected Hotel","og_description":"Das in au\u00dfergew\u00f6hnlichem Stil erbaute Hotel liegt auf einer kleinen Halbinsel umgeben von wundersch\u00f6ner Natur und dem t\u00fcrkisblauen Meer. Ein unvergessliches Urlaubserlebnis \u2013 nicht zuletzt durch die funkelnden Lichter w\u00e4hrend der Abendd\u00e4mmerung und des 360 Grad Panoramas.","og_url":"https:\/\/goldislandhotel.com.tr\/de\/features\/","og_site_name":"Gold Island Selected Hotel","article_modified_time":"2025-11-12T15:01:26+00:00","twitter_card":"summary_large_image","twitter_misc":{"Gesch\u00e4tzte Lesezeit":"1\u00a0Minute"},"schema":{"@context":"https:\/\/schema.org","@graph":[{"@type":"WebPage","@id":"https:\/\/goldislandhotel.com.tr\/de\/features\/","url":"https:\/\/goldislandhotel.com.tr\/de\/features\/","name":"Eigenschaften | Gold Island Selected Hotel","isPartOf":{"@id":"https:\/\/goldislandhotel.com.tr\/de\/#website"},"datePublished":"2015-06-25T14:12:36+00:00","dateModified":"2025-11-12T15:01:26+00:00","breadcrumb":{"@id":"https:\/\/goldislandhotel.com.tr\/de\/features\/#breadcrumb"},"inLanguage":"de","potentialAction":[{"@type":"ReadAction","target":[["https:\/\/goldislandhotel.com.tr\/de\/features\/"]]}]},{"@type":"BreadcrumbList","@id":"https:\/\/goldislandhotel.com.tr\/de\/features\/#breadcrumb","itemListElement":[{"@type":"ListItem","position":1,"name":"Home","item":"https:\/\/goldislandhotel.com.tr\/de\/"},{"@type":"ListItem","position":2,"name":"Features"}]},{"@type":"WebSite","@id":"https:\/\/goldislandhotel.com.tr\/de\/#website","url":"https:\/\/goldislandhotel.com.tr\/de\/","name":"Gold Island Selected Hotel","description":"Gold Hotels","potentialAction":[{"@type":"SearchAction","target":{"@type":"EntryPoint","urlTemplate":"https:\/\/goldislandhotel.com.tr\/de\/?s={search_term_string}"},"query-input":{"@type":"PropertyValueSpecification","valueRequired":true,"valueName":"search_term_string"}}],"inLanguage":"de"}]}},"_links":{"self":[{"href":"https:\/\/goldislandhotel.com.tr\/de\/wp-json\/wp\/v2\/pages\/99","targetHints":{"allow":["GET"]}}],"collection":[{"href":"https:\/\/goldislandhotel.com.tr\/de\/wp-json\/wp\/v2\/pages"}],"about":[{"href":"https:\/\/goldislandhotel.com.tr\/de\/wp-json\/wp\/v2\/types\/page"}],"author":[{"embeddable":true,"href":"https:\/\/goldislandhotel.com.tr\/de\/wp-json\/wp\/v2\/users\/1"}],"replies":[{"embeddable":true,"href":"https:\/\/goldislandhotel.com.tr\/de\/wp-json\/wp\/v2\/comments?post=99"}],"version-history":[{"count":9,"href":"https:\/\/goldislandhotel.com.tr\/de\/wp-json\/wp\/v2\/pages\/99\/revisions"}],"predecessor-version":[{"id":2229,"href":"https:\/\/goldislandhotel.com.tr\/de\/wp-json\/wp\/v2\/pages\/99\/revisions\/2229"}],"wp:attachment":[{"href":"https:\/\/goldislandhotel.com.tr\/de\/wp-json\/wp\/v2\/media?parent=99"}],"curies":[{"name":"wp","href":"https:\/\/api.w.org\/{rel}","templated":true}]}}