{"id":964,"date":"2015-12-30T22:23:28","date_gmt":"2015-12-30T20:23:28","guid":{"rendered":"http:\/\/leartes.pw\/?page_id=964"},"modified":"2016-01-18T11:36:00","modified_gmt":"2016-01-18T09:36:00","slug":"modern-alanya","status":"publish","type":"page","link":"https:\/\/goldislandhotel.com.tr\/de\/news-blog\/alanya-city-guide\/modern-alanya\/","title":{"rendered":"Modern Alanya"},"content":{"rendered":"<p><\/p>\n<blockquote><p>Die Stadtverwaltungsorganisation von Alanya wurde im Jahre 1872 gegr\u00fcndet. Der erste B\u00fcrgermeister Ahmet As\u0131m Bey tritt im Jahre 1901 den Amt an. Seit damals bis zum heutigen Tag ist die Stadt Alanya darauf bedacht, sich st\u00e4ndig zu erneuern und dadurch zur Zufriedenheit der Bev\u00f6lkerung beizutragen.<\/p><\/blockquote>\n<p>Die Stadtverwaltungsorganisation von Alanya wurde im Jahre 1872 gegr\u00fcndet. Der erste B\u00fcrgermeister Ahmet As\u0131m Bey tritt im Jahre 1901 den Amt an. Seit damals bis zum heutigen Tag ist die Stadt Alanya darauf bedacht, sich st\u00e4ndig zu erneuern und dadurch zur Zufriedenheit der Bev\u00f6lkerung beizutragen.<\/p>\n<p>Dadurch, da\u00df zwischen 1958-60 die Deutschen nach Alanya gekommen sind, hat sich Alanya mit Tourismus bekannt gemacht und w\u00e4hrend Anfangs den Urlaubern nur kleinere Pensionen zur Verf\u00fcgung standen, entstanden in den Jahren darauf Motels und Hotels. Alanya, die Landwirtschaft und Tourismus zur gleichen Zeit betreibt, ist heute, mit ihrer warmherzigen und freundlichen Beziehungen, f\u00fcr alle Tourismusst\u00e4dte in der T\u00fcrkei, eine Stadt, die als Beispiel genommen wird.<br \/>\nDie Stadtverwaltung Alanya, die gemeinsam mit Zivilorganisationen wie der Industrie- und Handelskammer ALTSO, der Stiftung zur Bekanntmachung des Tourismus ALTAV, der Hoteliervereinigung von Alanya ALTID und dem Verein zur Umweltschutz und Solidarit\u00e4t von Alanya ALKOD, sehr erfolgreiche Arbeiten gemacht haben, tragen die Stadt, durch die Zusammenarbeit mit den verschieden Kammern, in die Zukunft.<\/p>\n<p>Die Stadtverwaltung Alanya hat, durch die guten Beziehungen mit den Partnerst\u00e4dten aus Europa, die Aufmerksamkeit auf sich gezogen.<br \/>\nDurch die gegenseitigen Ratbeschluss mit den St\u00e4dten Gladbeck aus Deutschland, Schwechat aus \u00d6sterreich, Wodizislaw aus Polen, Trakai aus Litauen, Talsi aus Lettland, Boras aus Schweden, Fushun aus China, Keszthely aus Ungarn, Nea Ionia aus Griechenland, Rovaniemi aus Finland, Spindleruv Mlyn aus der Tschechischen Republik und Moskau aus Russland wurden die St\u00e4dtepartnerschaftsbeziehungen angetreten.<\/p>","protected":false},"excerpt":{"rendered":"<p>Die Stadtverwaltungsorganisation von Alanya wurde im Jahre 1872 gegr\u00fcndet. Der erste B\u00fcrgermeister Ahmet As\u0131m Bey tritt im Jahre 1901 den Amt an. Seit damals bis zum heutigen Tag ist die Stadt Alanya darauf bedacht, sich st\u00e4ndig zu erneuern und dadurch zur Zufriedenheit der Bev\u00f6lkerung beizutragen. Die Stadtverwaltungsorganisation von Alanya wurde im Jahre 1872 gegr\u00fcndet. Der erste B\u00fcrgermeister Ahmet As\u0131m Bey tritt im Jahre 1901 den&#8230;<\/p>\n<p><a class=\"more-link\" href=\"https:\/\/goldislandhotel.com.tr\/de\/news-blog\/alanya-city-guide\/modern-alanya\/\">Continue Reading &#8230;<\/a><\/p>\n","protected":false},"author":1,"featured_media":0,"parent":826,"menu_order":0,"comment_status":"closed","ping_status":"closed","template":"","meta":{"footnotes":""},"class_list":["post-964","page","type-page","status-publish","hentry"],"yoast_head":"<!-- This site is optimized with the Yoast SEO plugin v26.3 - https:\/\/yoast.com\/wordpress\/plugins\/seo\/ -->\n<title>Modern Alanya | Gold Island Selected Hotel<\/title>\n<meta name=\"robots\" content=\"index, follow, max-snippet:-1, max-image-preview:large, max-video-preview:-1\" \/>\n<link rel=\"canonical\" href=\"https:\/\/goldislandhotel.com.tr\/de\/news-blog\/alanya-city-guide\/modern-alanya\/\" \/>\n<meta property=\"og:locale\" content=\"de_DE\" \/>\n<meta property=\"og:type\" content=\"article\" \/>\n<meta property=\"og:title\" content=\"Modern Alanya | Gold Island Selected Hotel\" \/>\n<meta property=\"og:description\" content=\"Die Stadtverwaltungsorganisation von Alanya wurde im Jahre 1872 gegr\u00fcndet. Der erste B\u00fcrgermeister Ahmet As\u0131m Bey tritt im Jahre 1901 den Amt an. Seit damals bis zum heutigen Tag ist die Stadt Alanya darauf bedacht, sich st\u00e4ndig zu erneuern und dadurch zur Zufriedenheit der Bev\u00f6lkerung beizutragen. Die Stadtverwaltungsorganisation von Alanya wurde im Jahre 1872 gegr\u00fcndet. Der erste B\u00fcrgermeister Ahmet As\u0131m Bey tritt im Jahre 1901 den...Continue Reading ...\" \/>\n<meta property=\"og:url\" content=\"https:\/\/goldislandhotel.com.tr\/de\/news-blog\/alanya-city-guide\/modern-alanya\/\" \/>\n<meta property=\"og:site_name\" content=\"Gold Island Selected Hotel\" \/>\n<meta property=\"article:modified_time\" content=\"2016-01-18T09:36:00+00:00\" \/>\n<meta name=\"twitter:card\" content=\"summary_large_image\" \/>\n<meta name=\"twitter:label1\" content=\"Gesch\u00e4tzte Lesezeit\" \/>\n\t<meta name=\"twitter:data1\" content=\"5\u00a0Minuten\" \/>\n<script type=\"application\/ld+json\" class=\"yoast-schema-graph\">{\"@context\":\"https:\/\/schema.org\",\"@graph\":[{\"@type\":\"WebPage\",\"@id\":\"https:\/\/goldislandhotel.com.tr\/de\/news-blog\/alanya-city-guide\/modern-alanya\/\",\"url\":\"https:\/\/goldislandhotel.com.tr\/de\/news-blog\/alanya-city-guide\/modern-alanya\/\",\"name\":\"Modern Alanya | Gold Island Selected Hotel\",\"isPartOf\":{\"@id\":\"https:\/\/goldislandhotel.com.tr\/de\/#website\"},\"datePublished\":\"2015-12-30T20:23:28+00:00\",\"dateModified\":\"2016-01-18T09:36:00+00:00\",\"breadcrumb\":{\"@id\":\"https:\/\/goldislandhotel.com.tr\/de\/news-blog\/alanya-city-guide\/modern-alanya\/#breadcrumb\"},\"inLanguage\":\"de\",\"potentialAction\":[{\"@type\":\"ReadAction\",\"target\":[[\"https:\/\/goldislandhotel.com.tr\/de\/news-blog\/alanya-city-guide\/modern-alanya\/\"]]}]},{\"@type\":\"BreadcrumbList\",\"@id\":\"https:\/\/goldislandhotel.com.tr\/de\/news-blog\/alanya-city-guide\/modern-alanya\/#breadcrumb\",\"itemListElement\":[{\"@type\":\"ListItem\",\"position\":1,\"name\":\"Home\",\"item\":\"https:\/\/goldislandhotel.com.tr\/de\/\"},{\"@type\":\"ListItem\",\"position\":2,\"name\":\"Gold Hotels News &#038; Blog\",\"item\":\"https:\/\/goldislandhotel.com.tr\/de\/news-blog\/\"},{\"@type\":\"ListItem\",\"position\":3,\"name\":\"Alanya City Guide\",\"item\":\"https:\/\/goldislandhotel.com.tr\/de\/news-blog\/alanya-city-guide\/\"},{\"@type\":\"ListItem\",\"position\":4,\"name\":\"Modern Alanya\"}]},{\"@type\":\"WebSite\",\"@id\":\"https:\/\/goldislandhotel.com.tr\/de\/#website\",\"url\":\"https:\/\/goldislandhotel.com.tr\/de\/\",\"name\":\"Gold Island Selected Hotel\",\"description\":\"Gold Hotels\",\"potentialAction\":[{\"@type\":\"SearchAction\",\"target\":{\"@type\":\"EntryPoint\",\"urlTemplate\":\"https:\/\/goldislandhotel.com.tr\/de\/?s={search_term_string}\"},\"query-input\":{\"@type\":\"PropertyValueSpecification\",\"valueRequired\":true,\"valueName\":\"search_term_string\"}}],\"inLanguage\":\"de\"}]}<\/script>\n<!-- \/ Yoast SEO plugin. -->","yoast_head_json":{"title":"Modern Alanya | Gold Island Selected Hotel","robots":{"index":"index","follow":"follow","max-snippet":"max-snippet:-1","max-image-preview":"max-image-preview:large","max-video-preview":"max-video-preview:-1"},"canonical":"https:\/\/goldislandhotel.com.tr\/de\/news-blog\/alanya-city-guide\/modern-alanya\/","og_locale":"de_DE","og_type":"article","og_title":"Modern Alanya | Gold Island Selected Hotel","og_description":"Die Stadtverwaltungsorganisation von Alanya wurde im Jahre 1872 gegr\u00fcndet. Der erste B\u00fcrgermeister Ahmet As\u0131m Bey tritt im Jahre 1901 den Amt an. Seit damals bis zum heutigen Tag ist die Stadt Alanya darauf bedacht, sich st\u00e4ndig zu erneuern und dadurch zur Zufriedenheit der Bev\u00f6lkerung beizutragen. Die Stadtverwaltungsorganisation von Alanya wurde im Jahre 1872 gegr\u00fcndet. Der erste B\u00fcrgermeister Ahmet As\u0131m Bey tritt im Jahre 1901 den...Continue Reading ...","og_url":"https:\/\/goldislandhotel.com.tr\/de\/news-blog\/alanya-city-guide\/modern-alanya\/","og_site_name":"Gold Island Selected Hotel","article_modified_time":"2016-01-18T09:36:00+00:00","twitter_card":"summary_large_image","twitter_misc":{"Gesch\u00e4tzte Lesezeit":"5\u00a0Minuten"},"schema":{"@context":"https:\/\/schema.org","@graph":[{"@type":"WebPage","@id":"https:\/\/goldislandhotel.com.tr\/de\/news-blog\/alanya-city-guide\/modern-alanya\/","url":"https:\/\/goldislandhotel.com.tr\/de\/news-blog\/alanya-city-guide\/modern-alanya\/","name":"Modern Alanya | Gold Island Selected Hotel","isPartOf":{"@id":"https:\/\/goldislandhotel.com.tr\/de\/#website"},"datePublished":"2015-12-30T20:23:28+00:00","dateModified":"2016-01-18T09:36:00+00:00","breadcrumb":{"@id":"https:\/\/goldislandhotel.com.tr\/de\/news-blog\/alanya-city-guide\/modern-alanya\/#breadcrumb"},"inLanguage":"de","potentialAction":[{"@type":"ReadAction","target":[["https:\/\/goldislandhotel.com.tr\/de\/news-blog\/alanya-city-guide\/modern-alanya\/"]]}]},{"@type":"BreadcrumbList","@id":"https:\/\/goldislandhotel.com.tr\/de\/news-blog\/alanya-city-guide\/modern-alanya\/#breadcrumb","itemListElement":[{"@type":"ListItem","position":1,"name":"Home","item":"https:\/\/goldislandhotel.com.tr\/de\/"},{"@type":"ListItem","position":2,"name":"Gold Hotels News &#038; Blog","item":"https:\/\/goldislandhotel.com.tr\/de\/news-blog\/"},{"@type":"ListItem","position":3,"name":"Alanya City Guide","item":"https:\/\/goldislandhotel.com.tr\/de\/news-blog\/alanya-city-guide\/"},{"@type":"ListItem","position":4,"name":"Modern Alanya"}]},{"@type":"WebSite","@id":"https:\/\/goldislandhotel.com.tr\/de\/#website","url":"https:\/\/goldislandhotel.com.tr\/de\/","name":"Gold Island Selected Hotel","description":"Gold Hotels","potentialAction":[{"@type":"SearchAction","target":{"@type":"EntryPoint","urlTemplate":"https:\/\/goldislandhotel.com.tr\/de\/?s={search_term_string}"},"query-input":{"@type":"PropertyValueSpecification","valueRequired":true,"valueName":"search_term_string"}}],"inLanguage":"de"}]}},"_links":{"self":[{"href":"https:\/\/goldislandhotel.com.tr\/de\/wp-json\/wp\/v2\/pages\/964","targetHints":{"allow":["GET"]}}],"collection":[{"href":"https:\/\/goldislandhotel.com.tr\/de\/wp-json\/wp\/v2\/pages"}],"about":[{"href":"https:\/\/goldislandhotel.com.tr\/de\/wp-json\/wp\/v2\/types\/page"}],"author":[{"embeddable":true,"href":"https:\/\/goldislandhotel.com.tr\/de\/wp-json\/wp\/v2\/users\/1"}],"replies":[{"embeddable":true,"href":"https:\/\/goldislandhotel.com.tr\/de\/wp-json\/wp\/v2\/comments?post=964"}],"version-history":[{"count":3,"href":"https:\/\/goldislandhotel.com.tr\/de\/wp-json\/wp\/v2\/pages\/964\/revisions"}],"predecessor-version":[{"id":1462,"href":"https:\/\/goldislandhotel.com.tr\/de\/wp-json\/wp\/v2\/pages\/964\/revisions\/1462"}],"up":[{"embeddable":true,"href":"https:\/\/goldislandhotel.com.tr\/de\/wp-json\/wp\/v2\/pages\/826"}],"wp:attachment":[{"href":"https:\/\/goldislandhotel.com.tr\/de\/wp-json\/wp\/v2\/media?parent=964"}],"curies":[{"name":"wp","href":"https:\/\/api.w.org\/{rel}","templated":true}]}}