{"id":958,"date":"2015-12-30T21:57:16","date_gmt":"2015-12-30T19:57:16","guid":{"rendered":"http:\/\/leartes.pw\/?page_id=958"},"modified":"2016-01-18T11:35:39","modified_gmt":"2016-01-18T09:35:39","slug":"historical-places","status":"publish","type":"page","link":"https:\/\/goldislandhotel.com.tr\/de\/news-blog\/alanya-city-guide\/historical-places\/","title":{"rendered":"Historische Pl\u00e4tze"},"content":{"rendered":"<p><\/p>\n<blockquote><p>Mit ihrer Burg, die heute \u00fcber 700 Jahre alt und immer noch im besten Zustand ist, mit dem achteckigen Roten Turm, mit vielen Karawansareien und mit ihrer Pr\u00e4ge, ist Alanya ein Paradies f\u00fcr die jenigen, die Geschichte lieben.<\/p><\/blockquote>\n<h3>DIE FESTUNG VON ALANYA<\/h3>\n<p>Die Mauer der Festung von Alanya ist 6.5 km lang und wurde auf einer 250 m hohen Halbinsel errichtet. Obwohl die Struktur der Siedlung auf der Halbinsel, die auch mit dem Namen Kandeleri bekannt ist und die bis zur heutigen Zeit erhielten worden ist, sich bis zur hellenistischen Zeit erstreckt, ist sie aus dem 13. Jahrhundert ein Werk der Seldschucken. Die Festung wurde im Jahre 1221 vom Sultan Alaaddin Keykubat errichtet, der die Stadt eroberte. Die Festung besitzt 83 T\u00fcrme und 140 Kuppeln. Damit der Wasserbedarf gedeckt werden konnte, wurde im Mittelalter \u00fcber 400 Zisterne in die Felsenmauer erbaut. Von diesen Zisternen werden einige heute immer noch benutzt.<\/p>\n<h3>DER ROTE TURM<\/h3>\n<p>Das Symbol der Stadt, der achteckige Roter Turm, ist ein Werk der Seldschucken aus dem 13. Jahrhundert. W\u00e4hrend der Bauarbeiten wurde, nach einer bestimmten H\u00f6he, der obere Teil des Turmes, weil die Steinbl\u00f6cke zum tragen zu schwer waren, mit roten Ziegelsteinen gebaut und deswegen nannte man es \u201eder roter Turm\u201c. Der rote Turm, der zum Schutz des Hafens und des Werft errichtete wurde, diente Jahrhunderte lang f\u00fcr milit\u00e4rische Zwecke.<\/p>\n<h3>DIE WERFT<\/h3>\n<p>Die Werft, die aus f\u00fcnf bogenf\u00f6rmige Kammern besteht, wurde so geplant, dass man vom Tageslicht maximal Gebrauch machen konnte. Die Werft in Alanya ist die erste Werft Der Seldschucken im Mittelmeer. Auf der einen Seite der Werft befindet sich eine Moschee auf der anderen ein W\u00e4chterraum. In eins der Kammern befindet sich auch ein Brunnen, der mit der Zeit vertrocknet ist.<\/p>\n<h3>DAS GESCH\u00dcTZHAUS<\/h3>\n<p>Das Gesch\u00fctzhaus wurde im Jahre 1227 neben der Werft, 10m \u00fcber dem Meer, auf einem Felsen errichtet. Es ist ein dreist\u00f6ckiges Geb\u00e4ude aus geschnittenen Steinen und es wurde im Mittelalter sowohl als Gie\u00dferei f\u00fcr Kanonenkugeln als auch zum Schutz der Werft benutzt.<\/p>\n<h3>EHMEDEK<\/h3>\n<p>Die kleine Burg, die aus der Byzanz Periode stammte und auf dem n\u00f6rdlichen Halbinselabhang liegt, wurde in der Seldschuckischer Zeit als \u201cmittlere Burg\u201d neu errichtet. Das Bauwerk ist gegen die Landangriffe und gleichzeitig zum Schutz des Palasts des Sultans an einem strategischen Ort gelegen.<\/p>\n<h3>S\u00dcLEYMAN\u0130YE MOSCHEE<\/h3>\n<p>Nachdem die Moschee einst\u00fcrzte, die zu erst seitens Alaaddin Keykubat im Jahre 1231 erbaut wurde, lie\u00df der Pr\u00e4chtige Sultan Suleiman im 16. Jahrhundert w\u00e4hrend der Osmanischen Zeit die Moschee nochmals neu bauen. Damit die Akustik erzielt werden konnte, wurden an der Befestigung der Kuppel 15 kleine Kruge angebracht. W\u00e4hrend des Gebets tritt diese Eigenschaft zum Vorschein.<\/p>\n<h3>BEDESTEN<\/h3>\n<p>Es ist in der Festung in der N\u00e4he der S\u00fcleymaniye Moschee. Es wird angenommen, da\u00df es zurzeit von Karamano\u011fullar\u0131 im 14. oder im 15. Jahrhundert als Basar oder Herberge errichtet worden ist. Das historische Bauwerk wird heute als Hotel, Restaurant und Cafe benutzt.<\/p>\n<h3>DIE PR\u00c4GE<\/h3>\n<p>Diese sind die Strukturen, am Ende der Halbinsel, die auf der Landzunge Cilvarda liegen, die eine L\u00e4nge von ungef\u00e4hr 400 m hat und aus Felsenklippen zustande gekommen ist. Obwohl diese Bauwerke unter dem Volk als Pr\u00e4ge bezeichnet wurden, wurde in diesen Geb\u00e4uden, die aus geschnittenen Steinen gebaut wurde, kein Geld gedruckt. Eins dieser Steinbauten, das aus dem 11. Jhr. stammt, ist eine kleine Kirche, bei der daneben stehenden Struktur ist die Wahrscheinlichkeit sehr gro\u00df, da\u00df es als Monasterium verwendet wurde.<\/p>\n<h3>AK\u015eABE SULTAN MOSCHEE<\/h3>\n<p>In der Festung, westlich von Bedesten, liegt sie 100 m von der S\u00fcleymaniye Moschee entfernt. Sie wurde im Jahre 1230 von Ak\u015fabe Sultan errichtet worden, der der erste Kommandant der Alaaddin Keykubat Festung var. Die Moschee besteht aus zwei Zimmern und ist in Quadratform geplant. Einer von den Zimmern ist eine Moschee, die andere eine Grabst\u00e4tte, in dem das Grab von Aksabe Sultan ist. In der Grabst\u00e4tte befinden sich 3 weitere Gr\u00e4ber.<\/p>\n<h3>ANDIZLI MOSCHEE<\/h3>\n<p>Die And\u0131zl\u0131 Moschee, die ihren Namen den Baum bzw. den Gemeinen Wacholder verdankt, tr\u00e4gt den authentischen Eigenschaft der Seldschukischen Architektur. Die Kanzel in der Moschee strahlt eins der sch\u00f6nsten Beispiele der Holzgravierungskunst der Seldschucken wider.<\/p>\n<h3>S\u0130TT\u0130 ZEYNEP GRABST\u00c4TTE<\/h3>\n<p>Die Grabst\u00e4tte liegt auf einem gro\u00dfen Felsen, auf dem Weg, das auf die Festung f\u00fchrt. Es wird vermutet, da\u00df die Grabst\u00e4tte aus der Periode der Seldschucken oder Osmanen stammte. Es wird angenommen, da\u00df die Person, die dort ein Grab hat, eine (Sankt) Heilige ist. In den Felsen, auf der die Grabst\u00e4tte liegt, wurden in der Zeit der Antike jeweils 2 m lange Sarkophagen graviert.<\/p>\n<h3>HIDRELLEZ K\u0130L\u0130SES\u0130<\/h3>\n<p>Die Kirche, die vermutlich am Anfang des 19. Jahrhunderts errichtet worden ist und an einem Abhang, der das Mittelmeer sehen kann, wird heute sowohl von Christen als auch von Muslimen f\u00fcr den Gottesdienst benutzt.<\/p>\n<h3>\u015eARAPSA HERBERGE<\/h3>\n<p>Die Herberge wurde zwischen den Jahren 1236-1246 seitens des Seldschukischen Sultan G\u0131yaseddin Keyh\u00fcsrev auf der historischen Seidenstra\u00dfe errichtet worden. Die Herberge, die im Mittelalter einer der wichtigsten Unterkunftszentrum war, wird heute als Entertaintment-Center verwendet.<\/p>\n<h3>ALARA KALES\u0130<\/h3>\n<p>Die auf der Seidenstra\u00dfe errichtete Burg, war von der Sicherheit der Karawanen zust\u00e4ndig, die in der Herberge neben dem Alara Bach eine Rast einlegten. Die Burg hat eine prachtvolle Erscheinung. In der Burg wurden Felsen durchgebohrt und Tunnels erstellt. In den \u00dcberresten der Burg sind ein kleiner Palast, Zimmern des Dienstpersonals, eine Moschee und ein t\u00fcrkischer Bad.<\/p>\n<h3>ALARA HERBERGE<\/h3>\n<p>Die Herberge wurde 800 m von der Alara Burg entfernt auf einer flachen Ebene als Herberge errichtet. Die Herberge, die im Jahre 1231 gebaut wurde, wurde vor einigen Jahren restoriert und wird heute als Restaurant und Einkaufszentrum benutzt.<\/p>\n<h3>KARGI HERBERGE<\/h3>\n<p>Die Herberge liegt westlich von Alanya und n\u00f6rdlich von Karg\u0131 Bach. Es wird Vermutet, da\u00df es als Karawansarei verwendet wurde. In allen Zimmern gibt es ein Luftschacht und die Zimmer sind rund um den mittleren Innenhof nebeneinander gereiht. Gegen\u00fcber dem Eingang sind befestigte Futterraufen aus Stein.<\/p>","protected":false},"excerpt":{"rendered":"<p>Mit ihrer Burg, die heute \u00fcber 700 Jahre alt und immer noch im besten Zustand ist, mit dem achteckigen Roten Turm, mit vielen Karawansareien und mit ihrer Pr\u00e4ge, ist Alanya ein Paradies f\u00fcr die jenigen, die Geschichte lieben. DIE FESTUNG VON ALANYA Die Mauer der Festung von Alanya ist 6.5 km lang und wurde auf einer 250 m hohen Halbinsel errichtet. Obwohl die Struktur der&#8230;<\/p>\n<p><a class=\"more-link\" href=\"https:\/\/goldislandhotel.com.tr\/de\/news-blog\/alanya-city-guide\/historical-places\/\">Continue Reading &#8230;<\/a><\/p>\n","protected":false},"author":1,"featured_media":0,"parent":826,"menu_order":0,"comment_status":"closed","ping_status":"closed","template":"","meta":{"footnotes":""},"class_list":["post-958","page","type-page","status-publish","hentry"],"yoast_head":"<!-- This site is optimized with the Yoast SEO plugin v26.3 - https:\/\/yoast.com\/wordpress\/plugins\/seo\/ -->\n<title>Historische Pl\u00e4tze | Gold Island Selected Hotel<\/title>\n<meta name=\"robots\" content=\"index, follow, max-snippet:-1, max-image-preview:large, max-video-preview:-1\" \/>\n<link rel=\"canonical\" href=\"https:\/\/goldislandhotel.com.tr\/de\/news-blog\/alanya-city-guide\/historical-places\/\" \/>\n<meta property=\"og:locale\" content=\"de_DE\" \/>\n<meta property=\"og:type\" content=\"article\" \/>\n<meta property=\"og:title\" content=\"Historische Pl\u00e4tze | Gold Island Selected Hotel\" \/>\n<meta property=\"og:description\" content=\"Mit ihrer Burg, die heute \u00fcber 700 Jahre alt und immer noch im besten Zustand ist, mit dem achteckigen Roten Turm, mit vielen Karawansareien und mit ihrer Pr\u00e4ge, ist Alanya ein Paradies f\u00fcr die jenigen, die Geschichte lieben. DIE FESTUNG VON ALANYA Die Mauer der Festung von Alanya ist 6.5 km lang und wurde auf einer 250 m hohen Halbinsel errichtet. Obwohl die Struktur der...Continue Reading ...\" \/>\n<meta property=\"og:url\" content=\"https:\/\/goldislandhotel.com.tr\/de\/news-blog\/alanya-city-guide\/historical-places\/\" \/>\n<meta property=\"og:site_name\" content=\"Gold Island Selected Hotel\" \/>\n<meta property=\"article:modified_time\" content=\"2016-01-18T09:35:39+00:00\" \/>\n<meta name=\"twitter:card\" content=\"summary_large_image\" \/>\n<meta name=\"twitter:label1\" content=\"Gesch\u00e4tzte Lesezeit\" \/>\n\t<meta name=\"twitter:data1\" content=\"20\u00a0Minuten\" \/>\n<script type=\"application\/ld+json\" class=\"yoast-schema-graph\">{\"@context\":\"https:\/\/schema.org\",\"@graph\":[{\"@type\":\"WebPage\",\"@id\":\"https:\/\/goldislandhotel.com.tr\/de\/news-blog\/alanya-city-guide\/historical-places\/\",\"url\":\"https:\/\/goldislandhotel.com.tr\/de\/news-blog\/alanya-city-guide\/historical-places\/\",\"name\":\"Historische Pl\u00e4tze | Gold Island Selected Hotel\",\"isPartOf\":{\"@id\":\"https:\/\/goldislandhotel.com.tr\/de\/#website\"},\"datePublished\":\"2015-12-30T19:57:16+00:00\",\"dateModified\":\"2016-01-18T09:35:39+00:00\",\"breadcrumb\":{\"@id\":\"https:\/\/goldislandhotel.com.tr\/de\/news-blog\/alanya-city-guide\/historical-places\/#breadcrumb\"},\"inLanguage\":\"de\",\"potentialAction\":[{\"@type\":\"ReadAction\",\"target\":[[\"https:\/\/goldislandhotel.com.tr\/de\/news-blog\/alanya-city-guide\/historical-places\/\"]]}]},{\"@type\":\"BreadcrumbList\",\"@id\":\"https:\/\/goldislandhotel.com.tr\/de\/news-blog\/alanya-city-guide\/historical-places\/#breadcrumb\",\"itemListElement\":[{\"@type\":\"ListItem\",\"position\":1,\"name\":\"Home\",\"item\":\"https:\/\/goldislandhotel.com.tr\/de\/\"},{\"@type\":\"ListItem\",\"position\":2,\"name\":\"Gold Hotels News &#038; Blog\",\"item\":\"https:\/\/goldislandhotel.com.tr\/de\/news-blog\/\"},{\"@type\":\"ListItem\",\"position\":3,\"name\":\"Alanya City Guide\",\"item\":\"https:\/\/goldislandhotel.com.tr\/de\/news-blog\/alanya-city-guide\/\"},{\"@type\":\"ListItem\",\"position\":4,\"name\":\"Historical Places\"}]},{\"@type\":\"WebSite\",\"@id\":\"https:\/\/goldislandhotel.com.tr\/de\/#website\",\"url\":\"https:\/\/goldislandhotel.com.tr\/de\/\",\"name\":\"Gold Island Selected Hotel\",\"description\":\"Gold Hotels\",\"potentialAction\":[{\"@type\":\"SearchAction\",\"target\":{\"@type\":\"EntryPoint\",\"urlTemplate\":\"https:\/\/goldislandhotel.com.tr\/de\/?s={search_term_string}\"},\"query-input\":{\"@type\":\"PropertyValueSpecification\",\"valueRequired\":true,\"valueName\":\"search_term_string\"}}],\"inLanguage\":\"de\"}]}<\/script>\n<!-- \/ Yoast SEO plugin. -->","yoast_head_json":{"title":"Historische Pl\u00e4tze | Gold Island Selected Hotel","robots":{"index":"index","follow":"follow","max-snippet":"max-snippet:-1","max-image-preview":"max-image-preview:large","max-video-preview":"max-video-preview:-1"},"canonical":"https:\/\/goldislandhotel.com.tr\/de\/news-blog\/alanya-city-guide\/historical-places\/","og_locale":"de_DE","og_type":"article","og_title":"Historische Pl\u00e4tze | Gold Island Selected Hotel","og_description":"Mit ihrer Burg, die heute \u00fcber 700 Jahre alt und immer noch im besten Zustand ist, mit dem achteckigen Roten Turm, mit vielen Karawansareien und mit ihrer Pr\u00e4ge, ist Alanya ein Paradies f\u00fcr die jenigen, die Geschichte lieben. DIE FESTUNG VON ALANYA Die Mauer der Festung von Alanya ist 6.5 km lang und wurde auf einer 250 m hohen Halbinsel errichtet. Obwohl die Struktur der...Continue Reading ...","og_url":"https:\/\/goldislandhotel.com.tr\/de\/news-blog\/alanya-city-guide\/historical-places\/","og_site_name":"Gold Island Selected Hotel","article_modified_time":"2016-01-18T09:35:39+00:00","twitter_card":"summary_large_image","twitter_misc":{"Gesch\u00e4tzte Lesezeit":"20\u00a0Minuten"},"schema":{"@context":"https:\/\/schema.org","@graph":[{"@type":"WebPage","@id":"https:\/\/goldislandhotel.com.tr\/de\/news-blog\/alanya-city-guide\/historical-places\/","url":"https:\/\/goldislandhotel.com.tr\/de\/news-blog\/alanya-city-guide\/historical-places\/","name":"Historische Pl\u00e4tze | Gold Island Selected Hotel","isPartOf":{"@id":"https:\/\/goldislandhotel.com.tr\/de\/#website"},"datePublished":"2015-12-30T19:57:16+00:00","dateModified":"2016-01-18T09:35:39+00:00","breadcrumb":{"@id":"https:\/\/goldislandhotel.com.tr\/de\/news-blog\/alanya-city-guide\/historical-places\/#breadcrumb"},"inLanguage":"de","potentialAction":[{"@type":"ReadAction","target":[["https:\/\/goldislandhotel.com.tr\/de\/news-blog\/alanya-city-guide\/historical-places\/"]]}]},{"@type":"BreadcrumbList","@id":"https:\/\/goldislandhotel.com.tr\/de\/news-blog\/alanya-city-guide\/historical-places\/#breadcrumb","itemListElement":[{"@type":"ListItem","position":1,"name":"Home","item":"https:\/\/goldislandhotel.com.tr\/de\/"},{"@type":"ListItem","position":2,"name":"Gold Hotels News &#038; Blog","item":"https:\/\/goldislandhotel.com.tr\/de\/news-blog\/"},{"@type":"ListItem","position":3,"name":"Alanya City Guide","item":"https:\/\/goldislandhotel.com.tr\/de\/news-blog\/alanya-city-guide\/"},{"@type":"ListItem","position":4,"name":"Historical Places"}]},{"@type":"WebSite","@id":"https:\/\/goldislandhotel.com.tr\/de\/#website","url":"https:\/\/goldislandhotel.com.tr\/de\/","name":"Gold Island Selected Hotel","description":"Gold Hotels","potentialAction":[{"@type":"SearchAction","target":{"@type":"EntryPoint","urlTemplate":"https:\/\/goldislandhotel.com.tr\/de\/?s={search_term_string}"},"query-input":{"@type":"PropertyValueSpecification","valueRequired":true,"valueName":"search_term_string"}}],"inLanguage":"de"}]}},"_links":{"self":[{"href":"https:\/\/goldislandhotel.com.tr\/de\/wp-json\/wp\/v2\/pages\/958","targetHints":{"allow":["GET"]}}],"collection":[{"href":"https:\/\/goldislandhotel.com.tr\/de\/wp-json\/wp\/v2\/pages"}],"about":[{"href":"https:\/\/goldislandhotel.com.tr\/de\/wp-json\/wp\/v2\/types\/page"}],"author":[{"embeddable":true,"href":"https:\/\/goldislandhotel.com.tr\/de\/wp-json\/wp\/v2\/users\/1"}],"replies":[{"embeddable":true,"href":"https:\/\/goldislandhotel.com.tr\/de\/wp-json\/wp\/v2\/comments?post=958"}],"version-history":[{"count":2,"href":"https:\/\/goldislandhotel.com.tr\/de\/wp-json\/wp\/v2\/pages\/958\/revisions"}],"predecessor-version":[{"id":1481,"href":"https:\/\/goldislandhotel.com.tr\/de\/wp-json\/wp\/v2\/pages\/958\/revisions\/1481"}],"up":[{"embeddable":true,"href":"https:\/\/goldislandhotel.com.tr\/de\/wp-json\/wp\/v2\/pages\/826"}],"wp:attachment":[{"href":"https:\/\/goldislandhotel.com.tr\/de\/wp-json\/wp\/v2\/media?parent=958"}],"curies":[{"name":"wp","href":"https:\/\/api.w.org\/{rel}","templated":true}]}}