{"id":950,"date":"2015-12-30T20:58:57","date_gmt":"2015-12-30T18:58:57","guid":{"rendered":"http:\/\/leartes.pw\/?page_id=950"},"modified":"2016-01-18T11:35:33","modified_gmt":"2016-01-18T09:35:33","slug":"alanya-history","status":"publish","type":"page","link":"https:\/\/goldislandhotel.com.tr\/de\/news-blog\/alanya-city-guide\/alanya-history\/","title":{"rendered":"Alanya Geschichte"},"content":{"rendered":"<p><\/p>\n<blockquote><p>Alanya ist eine auf einer kleinen felsigen Halbinsel gelegene Stadt. In der Antike lag diese Stadt im Grenzgebiet zwischen Pamphylien und Kilikien.<\/p><\/blockquote>\n<p>Alanya ist eine auf einer kleinen felsigen Halbinsel gelegene Stadt. In der Antike lag diese Stadt im Grenzgebiet zwischen Pamphylien und Kilikien. Daher wird sie manchmal den pamphylischen und manchmal den kilikischen St\u00e4dten zugeordnet. Die Skeletten und Fossilien, die zwischen Badema\u011f\u0131c\u0131 Dorf und Oba Dorf gefunden worden sind, sind auch ein Beweis daf\u00fcr, da\u00df die Geschichte von Alanya sich bis zur Jungpal\u00e4olithikum (20 000- 17 000 v.Chr.) erstreckt.<\/p>\n<p>\u00dcber die Geschichte Alanya\u2019s in der Zeit des fr\u00fchen Christentums und der byzantinischen \u00c4ra ist kaum etwas bekannt. Laut dem ber\u00fchmten Historiker Heredot, haben sich ein Teil der Krieger von Troja 1820 v.Chr. hier angesiedelt und die einheimischen V\u00f6lkerst\u00e4mme haben diese Leute beherbergt. Die Hethiter, die in der ersten h\u00e4lfte des 16 Jahrhundert v. Chr. das Land betreteten, haben ungef\u00e4hr 600 Menschen umgebracht und Pamphylien und Kilikien von sich abh\u00e4ngig gemacht. Obwohl zwischen den Jahren 224-188 v. Chr. ganz Kilikien seitens von Antiocus dem Gro\u00dfen besetzt wurde, hat Coresium ihre Unabh\u00e4ngigkeit gesch\u00fctzt, weil die Stadt zu Umfassen und zu erobern sehr schwierig war.<br \/>\nW\u00e4hrend den arabischen Angriffen im 7. Jahrhundert nach Chr. wurde die Abwehr der Stadt wichtiger, darum wurde Priorit\u00e4t auf Burgbau gegeben, damit man gegen die Angriffe sich wehren konnte. Deswegen werden die Burgen und Kirchen in Alanya und Umgebung als bauten aus dem 6. und 7. Jahrhundert gekennzeichnet. Der \u00e4lteste Name der Stadt, der bekannt ist, ist Korakesium. In der byzantinischen \u00c4ra nannte man die Stadt Kalanoros.<\/p>\n<p>Der seldschukischer Herrscher Alaaddin Keykubat I. besiegte im Jahre 1221 den damaligen Herrscher Alanya\u2019s Kyr Vart, der zugleich ein Christ war, und eroberte die Burg. Der seldschukische Herrscher heiratete die Tochter und errichtete ein Palast in der Stadt, die er als Alaiye umbenannte. Neben der eigentlichen Hauptstadt Konya benutzten die Seldschuken Alanya als zweite Hauptstadt und Winterresidenz. Die Stadt erlebte in der \u00c4re von Alaaddin Keykubat seine beste Zeit. Die heutige Burg, die Werft und viele der Bauten die heute immer noch im besten Zustand erhalten sind, sind aus dieser Epoche.<\/p>\n<p>Der seldschuckische Staat wurde im Jahre 1300 aufgeteilt und von den Karamano\u011fullar\u0131 F\u00fcrstentum \u00fcbernommen. Im Jahre 1427 haben die Kahramano\u011fullar\u0131, deren Hauptzenter Konya war, die Stadt an das Sultanreich der Mamluken f\u00fcr 5000 Goldst\u00fccke verkauft.<\/p>\n<p>Schlie\u00dflich nachdem in Anatolien die Gemeinschaft gesichert wurde und dadurch, da\u00df die Osmanen im Vorschein waren, wurde Alaiye erst 1471 vom Ahmet Gedik Pa\u015fa, der Kommand\u00f6r des Fatih Sultan Mehmet\u2019s ( Fatih der Eroberer) unter die Regentschaft von dem osmanischen Reich \u00fcbernommen.<\/p>\n<p>W\u00e4hrend des Osmanischen Reichs wurde Alaiye zu erst an die Provinz Zypern angeschlossen (1571), danach wird sie ein Bezirk von Konya (1864). 1868 wurde Alanya an den Bezirk von Antalya angeschlossen und endlich im Jahre 1871 wurde die Stadt dann ein Kreisstadt von Antalya. Atat\u00fcrk, der 1935 die Stadt besuchte, nannte die Stadt Alanya.<\/p>","protected":false},"excerpt":{"rendered":"<p>Alanya ist eine auf einer kleinen felsigen Halbinsel gelegene Stadt. In der Antike lag diese Stadt im Grenzgebiet zwischen Pamphylien und Kilikien. Alanya ist eine auf einer kleinen felsigen Halbinsel gelegene Stadt. In der Antike lag diese Stadt im Grenzgebiet zwischen Pamphylien und Kilikien. Daher wird sie manchmal den pamphylischen und manchmal den kilikischen St\u00e4dten zugeordnet. Die Skeletten und Fossilien, die zwischen Badema\u011f\u0131c\u0131 Dorf und&#8230;<\/p>\n<p><a class=\"more-link\" href=\"https:\/\/goldislandhotel.com.tr\/de\/news-blog\/alanya-city-guide\/alanya-history\/\">Continue Reading &#8230;<\/a><\/p>\n","protected":false},"author":1,"featured_media":0,"parent":826,"menu_order":0,"comment_status":"closed","ping_status":"closed","template":"","meta":{"footnotes":""},"class_list":["post-950","page","type-page","status-publish","hentry"],"yoast_head":"<!-- This site is optimized with the Yoast SEO plugin v26.3 - https:\/\/yoast.com\/wordpress\/plugins\/seo\/ -->\n<title>Alanya Geschichte | Gold Island Selected Hotel<\/title>\n<meta name=\"robots\" content=\"index, follow, max-snippet:-1, max-image-preview:large, max-video-preview:-1\" \/>\n<link rel=\"canonical\" href=\"https:\/\/goldislandhotel.com.tr\/de\/news-blog\/alanya-city-guide\/alanya-history\/\" \/>\n<meta property=\"og:locale\" content=\"de_DE\" \/>\n<meta property=\"og:type\" content=\"article\" \/>\n<meta property=\"og:title\" content=\"Alanya Geschichte | Gold Island Selected Hotel\" \/>\n<meta property=\"og:description\" content=\"Alanya ist eine auf einer kleinen felsigen Halbinsel gelegene Stadt. In der Antike lag diese Stadt im Grenzgebiet zwischen Pamphylien und Kilikien. Alanya ist eine auf einer kleinen felsigen Halbinsel gelegene Stadt. In der Antike lag diese Stadt im Grenzgebiet zwischen Pamphylien und Kilikien. Daher wird sie manchmal den pamphylischen und manchmal den kilikischen St\u00e4dten zugeordnet. Die Skeletten und Fossilien, die zwischen Badema\u011f\u0131c\u0131 Dorf und...Continue Reading ...\" \/>\n<meta property=\"og:url\" content=\"https:\/\/goldislandhotel.com.tr\/de\/news-blog\/alanya-city-guide\/alanya-history\/\" \/>\n<meta property=\"og:site_name\" content=\"Gold Island Selected Hotel\" \/>\n<meta property=\"article:modified_time\" content=\"2016-01-18T09:35:33+00:00\" \/>\n<meta name=\"twitter:card\" content=\"summary_large_image\" \/>\n<meta name=\"twitter:label1\" content=\"Gesch\u00e4tzte Lesezeit\" \/>\n\t<meta name=\"twitter:data1\" content=\"10\u00a0Minuten\" \/>\n<script type=\"application\/ld+json\" class=\"yoast-schema-graph\">{\"@context\":\"https:\/\/schema.org\",\"@graph\":[{\"@type\":\"WebPage\",\"@id\":\"https:\/\/goldislandhotel.com.tr\/de\/news-blog\/alanya-city-guide\/alanya-history\/\",\"url\":\"https:\/\/goldislandhotel.com.tr\/de\/news-blog\/alanya-city-guide\/alanya-history\/\",\"name\":\"Alanya Geschichte | Gold Island Selected Hotel\",\"isPartOf\":{\"@id\":\"https:\/\/goldislandhotel.com.tr\/de\/#website\"},\"datePublished\":\"2015-12-30T18:58:57+00:00\",\"dateModified\":\"2016-01-18T09:35:33+00:00\",\"breadcrumb\":{\"@id\":\"https:\/\/goldislandhotel.com.tr\/de\/news-blog\/alanya-city-guide\/alanya-history\/#breadcrumb\"},\"inLanguage\":\"de\",\"potentialAction\":[{\"@type\":\"ReadAction\",\"target\":[[\"https:\/\/goldislandhotel.com.tr\/de\/news-blog\/alanya-city-guide\/alanya-history\/\"]]}]},{\"@type\":\"BreadcrumbList\",\"@id\":\"https:\/\/goldislandhotel.com.tr\/de\/news-blog\/alanya-city-guide\/alanya-history\/#breadcrumb\",\"itemListElement\":[{\"@type\":\"ListItem\",\"position\":1,\"name\":\"Home\",\"item\":\"https:\/\/goldislandhotel.com.tr\/de\/\"},{\"@type\":\"ListItem\",\"position\":2,\"name\":\"Gold Hotels News &#038; Blog\",\"item\":\"https:\/\/goldislandhotel.com.tr\/de\/news-blog\/\"},{\"@type\":\"ListItem\",\"position\":3,\"name\":\"Alanya City Guide\",\"item\":\"https:\/\/goldislandhotel.com.tr\/de\/news-blog\/alanya-city-guide\/\"},{\"@type\":\"ListItem\",\"position\":4,\"name\":\"Alanya History\"}]},{\"@type\":\"WebSite\",\"@id\":\"https:\/\/goldislandhotel.com.tr\/de\/#website\",\"url\":\"https:\/\/goldislandhotel.com.tr\/de\/\",\"name\":\"Gold Island Selected Hotel\",\"description\":\"Gold Hotels\",\"potentialAction\":[{\"@type\":\"SearchAction\",\"target\":{\"@type\":\"EntryPoint\",\"urlTemplate\":\"https:\/\/goldislandhotel.com.tr\/de\/?s={search_term_string}\"},\"query-input\":{\"@type\":\"PropertyValueSpecification\",\"valueRequired\":true,\"valueName\":\"search_term_string\"}}],\"inLanguage\":\"de\"}]}<\/script>\n<!-- \/ Yoast SEO plugin. -->","yoast_head_json":{"title":"Alanya Geschichte | Gold Island Selected Hotel","robots":{"index":"index","follow":"follow","max-snippet":"max-snippet:-1","max-image-preview":"max-image-preview:large","max-video-preview":"max-video-preview:-1"},"canonical":"https:\/\/goldislandhotel.com.tr\/de\/news-blog\/alanya-city-guide\/alanya-history\/","og_locale":"de_DE","og_type":"article","og_title":"Alanya Geschichte | Gold Island Selected Hotel","og_description":"Alanya ist eine auf einer kleinen felsigen Halbinsel gelegene Stadt. In der Antike lag diese Stadt im Grenzgebiet zwischen Pamphylien und Kilikien. Alanya ist eine auf einer kleinen felsigen Halbinsel gelegene Stadt. In der Antike lag diese Stadt im Grenzgebiet zwischen Pamphylien und Kilikien. Daher wird sie manchmal den pamphylischen und manchmal den kilikischen St\u00e4dten zugeordnet. Die Skeletten und Fossilien, die zwischen Badema\u011f\u0131c\u0131 Dorf und...Continue Reading ...","og_url":"https:\/\/goldislandhotel.com.tr\/de\/news-blog\/alanya-city-guide\/alanya-history\/","og_site_name":"Gold Island Selected Hotel","article_modified_time":"2016-01-18T09:35:33+00:00","twitter_card":"summary_large_image","twitter_misc":{"Gesch\u00e4tzte Lesezeit":"10\u00a0Minuten"},"schema":{"@context":"https:\/\/schema.org","@graph":[{"@type":"WebPage","@id":"https:\/\/goldislandhotel.com.tr\/de\/news-blog\/alanya-city-guide\/alanya-history\/","url":"https:\/\/goldislandhotel.com.tr\/de\/news-blog\/alanya-city-guide\/alanya-history\/","name":"Alanya Geschichte | Gold Island Selected Hotel","isPartOf":{"@id":"https:\/\/goldislandhotel.com.tr\/de\/#website"},"datePublished":"2015-12-30T18:58:57+00:00","dateModified":"2016-01-18T09:35:33+00:00","breadcrumb":{"@id":"https:\/\/goldislandhotel.com.tr\/de\/news-blog\/alanya-city-guide\/alanya-history\/#breadcrumb"},"inLanguage":"de","potentialAction":[{"@type":"ReadAction","target":[["https:\/\/goldislandhotel.com.tr\/de\/news-blog\/alanya-city-guide\/alanya-history\/"]]}]},{"@type":"BreadcrumbList","@id":"https:\/\/goldislandhotel.com.tr\/de\/news-blog\/alanya-city-guide\/alanya-history\/#breadcrumb","itemListElement":[{"@type":"ListItem","position":1,"name":"Home","item":"https:\/\/goldislandhotel.com.tr\/de\/"},{"@type":"ListItem","position":2,"name":"Gold Hotels News &#038; Blog","item":"https:\/\/goldislandhotel.com.tr\/de\/news-blog\/"},{"@type":"ListItem","position":3,"name":"Alanya City Guide","item":"https:\/\/goldislandhotel.com.tr\/de\/news-blog\/alanya-city-guide\/"},{"@type":"ListItem","position":4,"name":"Alanya History"}]},{"@type":"WebSite","@id":"https:\/\/goldislandhotel.com.tr\/de\/#website","url":"https:\/\/goldislandhotel.com.tr\/de\/","name":"Gold Island Selected Hotel","description":"Gold Hotels","potentialAction":[{"@type":"SearchAction","target":{"@type":"EntryPoint","urlTemplate":"https:\/\/goldislandhotel.com.tr\/de\/?s={search_term_string}"},"query-input":{"@type":"PropertyValueSpecification","valueRequired":true,"valueName":"search_term_string"}}],"inLanguage":"de"}]}},"_links":{"self":[{"href":"https:\/\/goldislandhotel.com.tr\/de\/wp-json\/wp\/v2\/pages\/950","targetHints":{"allow":["GET"]}}],"collection":[{"href":"https:\/\/goldislandhotel.com.tr\/de\/wp-json\/wp\/v2\/pages"}],"about":[{"href":"https:\/\/goldislandhotel.com.tr\/de\/wp-json\/wp\/v2\/types\/page"}],"author":[{"embeddable":true,"href":"https:\/\/goldislandhotel.com.tr\/de\/wp-json\/wp\/v2\/users\/1"}],"replies":[{"embeddable":true,"href":"https:\/\/goldislandhotel.com.tr\/de\/wp-json\/wp\/v2\/comments?post=950"}],"version-history":[{"count":2,"href":"https:\/\/goldislandhotel.com.tr\/de\/wp-json\/wp\/v2\/pages\/950\/revisions"}],"predecessor-version":[{"id":1488,"href":"https:\/\/goldislandhotel.com.tr\/de\/wp-json\/wp\/v2\/pages\/950\/revisions\/1488"}],"up":[{"embeddable":true,"href":"https:\/\/goldislandhotel.com.tr\/de\/wp-json\/wp\/v2\/pages\/826"}],"wp:attachment":[{"href":"https:\/\/goldislandhotel.com.tr\/de\/wp-json\/wp\/v2\/media?parent=950"}],"curies":[{"name":"wp","href":"https:\/\/api.w.org\/{rel}","templated":true}]}}