{"id":92,"date":"2015-06-25T14:03:52","date_gmt":"2015-06-25T14:03:52","guid":{"rendered":"http:\/\/ravistheme.com\/pinar\/wp\/?page_id=92"},"modified":"2025-08-11T19:59:14","modified_gmt":"2025-08-11T16:59:14","slug":"home","status":"publish","type":"page","link":"https:\/\/goldislandhotel.com.tr\/de\/","title":{"rendered":"Startseite"},"content":{"rendered":"<p><div id=\"welcome\" class=\"container \"><div class=\"heading-box heading-box-less\"><h2>Wilkommen im Gold Island Selected <\/h2><div class=\"subtitle\">Mehr als nur Urlaub<\/div><\/div><div class=\"inner-content\"><div class=\"desc quote\">Das in au\u00dfergew\u00f6hnlichem Stil erbaute Hotel liegt auf einer kleinen Halbinsel umgeben von wundersch\u00f6ner Natur und dem t\u00fcrkisblauen Meer. Ein unvergessliches Urlaubserlebnis \u2013 nicht zuletzt durch die funkelnden Lichter w\u00e4hrend der Abendd\u00e4mmerung und des 360 Grad Panoramas.<\/div><\/div><\/div><\/p>","protected":false},"excerpt":{"rendered":"<p>Leider ist der Eintrag nur auf Turkish verf\u00fcgbar.<\/p>\n","protected":false},"author":1,"featured_media":0,"parent":0,"menu_order":0,"comment_status":"closed","ping_status":"closed","template":"templates\/home-page.php","meta":{"footnotes":""},"class_list":["post-92","page","type-page","status-publish","hentry"],"yoast_head":"<!-- This site is optimized with the Yoast SEO plugin v26.3 - https:\/\/yoast.com\/wordpress\/plugins\/seo\/ -->\n<title>Startseite | Gold Island Selected Hotel<\/title>\n<meta name=\"robots\" content=\"index, follow, max-snippet:-1, max-image-preview:large, max-video-preview:-1\" \/>\n<link rel=\"canonical\" href=\"https:\/\/goldislandhotel.com.tr\/de\/\" \/>\n<meta property=\"og:locale\" content=\"de_DE\" \/>\n<meta property=\"og:type\" content=\"article\" \/>\n<meta property=\"og:title\" content=\"Startseite | Gold Island Selected Hotel\" \/>\n<meta property=\"og:description\" content=\"Leider ist der Eintrag nur auf Turkish verf\u00fcgbar.\" \/>\n<meta property=\"og:url\" content=\"https:\/\/goldislandhotel.com.tr\/de\/\" \/>\n<meta property=\"og:site_name\" content=\"Gold Island Selected Hotel\" \/>\n<meta property=\"article:modified_time\" content=\"2025-08-11T16:59:14+00:00\" \/>\n<meta name=\"twitter:card\" content=\"summary_large_image\" \/>\n<meta name=\"twitter:label1\" content=\"Gesch\u00e4tzte Lesezeit\" \/>\n\t<meta name=\"twitter:data1\" content=\"1\u00a0Minute\" \/>\n<script type=\"application\/ld+json\" class=\"yoast-schema-graph\">{\"@context\":\"https:\/\/schema.org\",\"@graph\":[{\"@type\":\"WebPage\",\"@id\":\"https:\/\/goldislandhotel.com.tr\/de\/\",\"url\":\"https:\/\/goldislandhotel.com.tr\/de\/\",\"name\":\"Startseite | Gold Island Selected Hotel\",\"isPartOf\":{\"@id\":\"https:\/\/goldislandhotel.com.tr\/de\/#website\"},\"datePublished\":\"2015-06-25T14:03:52+00:00\",\"dateModified\":\"2025-08-11T16:59:14+00:00\",\"breadcrumb\":{\"@id\":\"https:\/\/goldislandhotel.com.tr\/de\/#breadcrumb\"},\"inLanguage\":\"de\",\"potentialAction\":[{\"@type\":\"ReadAction\",\"target\":[[\"https:\/\/goldislandhotel.com.tr\/de\/\"]]}]},{\"@type\":\"BreadcrumbList\",\"@id\":\"https:\/\/goldislandhotel.com.tr\/de\/#breadcrumb\",\"itemListElement\":[{\"@type\":\"ListItem\",\"position\":1,\"name\":\"Home\",\"item\":\"https:\/\/goldislandhotel.com.tr\/de\/\"},{\"@type\":\"ListItem\",\"position\":2,\"name\":\"Home\"}]},{\"@type\":\"WebSite\",\"@id\":\"https:\/\/goldislandhotel.com.tr\/de\/#website\",\"url\":\"https:\/\/goldislandhotel.com.tr\/de\/\",\"name\":\"Gold Island Selected Hotel\",\"description\":\"Gold Hotels\",\"potentialAction\":[{\"@type\":\"SearchAction\",\"target\":{\"@type\":\"EntryPoint\",\"urlTemplate\":\"https:\/\/goldislandhotel.com.tr\/de\/?s={search_term_string}\"},\"query-input\":{\"@type\":\"PropertyValueSpecification\",\"valueRequired\":true,\"valueName\":\"search_term_string\"}}],\"inLanguage\":\"de\"}]}<\/script>\n<!-- \/ Yoast SEO plugin. -->","yoast_head_json":{"title":"Startseite | Gold Island Selected Hotel","robots":{"index":"index","follow":"follow","max-snippet":"max-snippet:-1","max-image-preview":"max-image-preview:large","max-video-preview":"max-video-preview:-1"},"canonical":"https:\/\/goldislandhotel.com.tr\/de\/","og_locale":"de_DE","og_type":"article","og_title":"Startseite | Gold Island Selected Hotel","og_description":"Leider ist der Eintrag nur auf Turkish verf\u00fcgbar.","og_url":"https:\/\/goldislandhotel.com.tr\/de\/","og_site_name":"Gold Island Selected Hotel","article_modified_time":"2025-08-11T16:59:14+00:00","twitter_card":"summary_large_image","twitter_misc":{"Gesch\u00e4tzte Lesezeit":"1\u00a0Minute"},"schema":{"@context":"https:\/\/schema.org","@graph":[{"@type":"WebPage","@id":"https:\/\/goldislandhotel.com.tr\/de\/","url":"https:\/\/goldislandhotel.com.tr\/de\/","name":"Startseite | Gold Island Selected Hotel","isPartOf":{"@id":"https:\/\/goldislandhotel.com.tr\/de\/#website"},"datePublished":"2015-06-25T14:03:52+00:00","dateModified":"2025-08-11T16:59:14+00:00","breadcrumb":{"@id":"https:\/\/goldislandhotel.com.tr\/de\/#breadcrumb"},"inLanguage":"de","potentialAction":[{"@type":"ReadAction","target":[["https:\/\/goldislandhotel.com.tr\/de\/"]]}]},{"@type":"BreadcrumbList","@id":"https:\/\/goldislandhotel.com.tr\/de\/#breadcrumb","itemListElement":[{"@type":"ListItem","position":1,"name":"Home","item":"https:\/\/goldislandhotel.com.tr\/de\/"},{"@type":"ListItem","position":2,"name":"Home"}]},{"@type":"WebSite","@id":"https:\/\/goldislandhotel.com.tr\/de\/#website","url":"https:\/\/goldislandhotel.com.tr\/de\/","name":"Gold Island Selected Hotel","description":"Gold Hotels","potentialAction":[{"@type":"SearchAction","target":{"@type":"EntryPoint","urlTemplate":"https:\/\/goldislandhotel.com.tr\/de\/?s={search_term_string}"},"query-input":{"@type":"PropertyValueSpecification","valueRequired":true,"valueName":"search_term_string"}}],"inLanguage":"de"}]}},"_links":{"self":[{"href":"https:\/\/goldislandhotel.com.tr\/de\/wp-json\/wp\/v2\/pages\/92","targetHints":{"allow":["GET"]}}],"collection":[{"href":"https:\/\/goldislandhotel.com.tr\/de\/wp-json\/wp\/v2\/pages"}],"about":[{"href":"https:\/\/goldislandhotel.com.tr\/de\/wp-json\/wp\/v2\/types\/page"}],"author":[{"embeddable":true,"href":"https:\/\/goldislandhotel.com.tr\/de\/wp-json\/wp\/v2\/users\/1"}],"replies":[{"embeddable":true,"href":"https:\/\/goldislandhotel.com.tr\/de\/wp-json\/wp\/v2\/comments?post=92"}],"version-history":[{"count":10,"href":"https:\/\/goldislandhotel.com.tr\/de\/wp-json\/wp\/v2\/pages\/92\/revisions"}],"predecessor-version":[{"id":3275,"href":"https:\/\/goldislandhotel.com.tr\/de\/wp-json\/wp\/v2\/pages\/92\/revisions\/3275"}],"wp:attachment":[{"href":"https:\/\/goldislandhotel.com.tr\/de\/wp-json\/wp\/v2\/media?parent=92"}],"curies":[{"name":"wp","href":"https:\/\/api.w.org\/{rel}","templated":true}]}}