{"id":826,"date":"2013-10-26T17:08:34","date_gmt":"2013-10-26T14:08:34","guid":{"rendered":"http:\/\/vierra.themenesia.com\/?page_id=11"},"modified":"2016-01-18T11:10:20","modified_gmt":"2016-01-18T09:10:20","slug":"alanya-city-guide","status":"publish","type":"page","link":"https:\/\/goldislandhotel.com.tr\/de\/news-blog\/alanya-city-guide\/","title":{"rendered":"Alanya Stadtweiser"},"content":{"rendered":"<p><\/p>\n<blockquote><p>Die Perle Mittelmeers<\/p><\/blockquote>\n<p>Alanya mit Standort zu F\u00fc\u00dfen der Taurus-Berge zieht die Aufmerksamkeit vieler bewunderten in- und ausl\u00e4ndischen Touristen mit ihrem Strand von 70 km auf sich, die auf Sonne und Meer nicht verzichten k\u00f6nnen. Der Bezirk, der neben den langen Str\u00e4nden eine inhaltsreiche Kultur und Geschichte in sich beherbergt, entwickelt sich schnell, da der Tourismus sich allm\u00e4hlich auf vier Jahreszeiten erstreckt.<\/p>\n<p>In Alanya, wo das mittelmeerische Warmklima herrscht, sind etwa 320 Tage des Jahres sonnig. Die Region, die mit der Gastfreundschaftlichkeit ihrer Bewohner auff\u00e4llt, wurde in der letzten Zeit zu einem Treffpunkt unterschiedlichen Kulturen, da die ausl\u00e4ndischen Touristen angefangen haben, hier H\u00e4user zu kaufen und sich niederzulassen.<\/p>\n<p>Entdecken auch Sie Alanya.<\/p>\n<p>&nbsp;<\/p>\n<p><iframe loading=\"lazy\" src=\"http:\/\/www.youtube.com\/embed\/27ECP4epRMg\" frameborder=\"0\" width=\"\" height=\"\" allowfullscreen><\/iframe><\/p>","protected":false},"excerpt":{"rendered":"<p>Die Perle Mittelmeers Alanya mit Standort zu F\u00fc\u00dfen der Taurus-Berge zieht die Aufmerksamkeit vieler bewunderten in- und ausl\u00e4ndischen Touristen mit ihrem Strand von 70 km auf sich, die auf Sonne und Meer nicht verzichten k\u00f6nnen. Der Bezirk, der neben den langen Str\u00e4nden eine inhaltsreiche Kultur und Geschichte in sich beherbergt, entwickelt sich schnell, da der Tourismus sich allm\u00e4hlich auf vier Jahreszeiten erstreckt. In Alanya, wo&#8230;<\/p>\n<p><a class=\"more-link\" href=\"https:\/\/goldislandhotel.com.tr\/de\/news-blog\/alanya-city-guide\/\">Continue Reading &#8230;<\/a><\/p>\n","protected":false},"author":1,"featured_media":0,"parent":94,"menu_order":0,"comment_status":"open","ping_status":"closed","template":"","meta":{"footnotes":""},"class_list":["post-826","page","type-page","status-publish","hentry"],"yoast_head":"<!-- This site is optimized with the Yoast SEO plugin v26.3 - https:\/\/yoast.com\/wordpress\/plugins\/seo\/ -->\n<title>Alanya Stadtweiser | Gold Island Selected Hotel<\/title>\n<meta name=\"robots\" content=\"index, follow, max-snippet:-1, max-image-preview:large, max-video-preview:-1\" \/>\n<link rel=\"canonical\" href=\"https:\/\/goldislandhotel.com.tr\/de\/news-blog\/alanya-city-guide\/\" \/>\n<meta property=\"og:locale\" content=\"de_DE\" \/>\n<meta property=\"og:type\" content=\"article\" \/>\n<meta property=\"og:title\" content=\"Alanya Stadtweiser | Gold Island Selected Hotel\" \/>\n<meta property=\"og:description\" content=\"Die Perle Mittelmeers Alanya mit Standort zu F\u00fc\u00dfen der Taurus-Berge zieht die Aufmerksamkeit vieler bewunderten in- und ausl\u00e4ndischen Touristen mit ihrem Strand von 70 km auf sich, die auf Sonne und Meer nicht verzichten k\u00f6nnen. Der Bezirk, der neben den langen Str\u00e4nden eine inhaltsreiche Kultur und Geschichte in sich beherbergt, entwickelt sich schnell, da der Tourismus sich allm\u00e4hlich auf vier Jahreszeiten erstreckt. In Alanya, wo...Continue Reading ...\" \/>\n<meta property=\"og:url\" content=\"https:\/\/goldislandhotel.com.tr\/de\/news-blog\/alanya-city-guide\/\" \/>\n<meta property=\"og:site_name\" content=\"Gold Island Selected Hotel\" \/>\n<meta property=\"article:modified_time\" content=\"2016-01-18T09:10:20+00:00\" \/>\n<meta name=\"twitter:card\" content=\"summary_large_image\" \/>\n<meta name=\"twitter:label1\" content=\"Gesch\u00e4tzte Lesezeit\" \/>\n\t<meta name=\"twitter:data1\" content=\"2\u00a0Minuten\" \/>\n<script type=\"application\/ld+json\" class=\"yoast-schema-graph\">{\"@context\":\"https:\/\/schema.org\",\"@graph\":[{\"@type\":\"WebPage\",\"@id\":\"https:\/\/goldislandhotel.com.tr\/de\/news-blog\/alanya-city-guide\/\",\"url\":\"https:\/\/goldislandhotel.com.tr\/de\/news-blog\/alanya-city-guide\/\",\"name\":\"Alanya Stadtweiser | Gold Island Selected Hotel\",\"isPartOf\":{\"@id\":\"https:\/\/goldislandhotel.com.tr\/de\/#website\"},\"datePublished\":\"2013-10-26T14:08:34+00:00\",\"dateModified\":\"2016-01-18T09:10:20+00:00\",\"breadcrumb\":{\"@id\":\"https:\/\/goldislandhotel.com.tr\/de\/news-blog\/alanya-city-guide\/#breadcrumb\"},\"inLanguage\":\"de\",\"potentialAction\":[{\"@type\":\"ReadAction\",\"target\":[[\"https:\/\/goldislandhotel.com.tr\/de\/news-blog\/alanya-city-guide\/\"]]}]},{\"@type\":\"BreadcrumbList\",\"@id\":\"https:\/\/goldislandhotel.com.tr\/de\/news-blog\/alanya-city-guide\/#breadcrumb\",\"itemListElement\":[{\"@type\":\"ListItem\",\"position\":1,\"name\":\"Home\",\"item\":\"https:\/\/goldislandhotel.com.tr\/de\/\"},{\"@type\":\"ListItem\",\"position\":2,\"name\":\"Gold Hotels News &#038; Blog\",\"item\":\"https:\/\/goldislandhotel.com.tr\/de\/news-blog\/\"},{\"@type\":\"ListItem\",\"position\":3,\"name\":\"Alanya City Guide\"}]},{\"@type\":\"WebSite\",\"@id\":\"https:\/\/goldislandhotel.com.tr\/de\/#website\",\"url\":\"https:\/\/goldislandhotel.com.tr\/de\/\",\"name\":\"Gold Island Selected Hotel\",\"description\":\"Gold Hotels\",\"potentialAction\":[{\"@type\":\"SearchAction\",\"target\":{\"@type\":\"EntryPoint\",\"urlTemplate\":\"https:\/\/goldislandhotel.com.tr\/de\/?s={search_term_string}\"},\"query-input\":{\"@type\":\"PropertyValueSpecification\",\"valueRequired\":true,\"valueName\":\"search_term_string\"}}],\"inLanguage\":\"de\"}]}<\/script>\n<!-- \/ Yoast SEO plugin. -->","yoast_head_json":{"title":"Alanya Stadtweiser | Gold Island Selected Hotel","robots":{"index":"index","follow":"follow","max-snippet":"max-snippet:-1","max-image-preview":"max-image-preview:large","max-video-preview":"max-video-preview:-1"},"canonical":"https:\/\/goldislandhotel.com.tr\/de\/news-blog\/alanya-city-guide\/","og_locale":"de_DE","og_type":"article","og_title":"Alanya Stadtweiser | Gold Island Selected Hotel","og_description":"Die Perle Mittelmeers Alanya mit Standort zu F\u00fc\u00dfen der Taurus-Berge zieht die Aufmerksamkeit vieler bewunderten in- und ausl\u00e4ndischen Touristen mit ihrem Strand von 70 km auf sich, die auf Sonne und Meer nicht verzichten k\u00f6nnen. Der Bezirk, der neben den langen Str\u00e4nden eine inhaltsreiche Kultur und Geschichte in sich beherbergt, entwickelt sich schnell, da der Tourismus sich allm\u00e4hlich auf vier Jahreszeiten erstreckt. In Alanya, wo...Continue Reading ...","og_url":"https:\/\/goldislandhotel.com.tr\/de\/news-blog\/alanya-city-guide\/","og_site_name":"Gold Island Selected Hotel","article_modified_time":"2016-01-18T09:10:20+00:00","twitter_card":"summary_large_image","twitter_misc":{"Gesch\u00e4tzte Lesezeit":"2\u00a0Minuten"},"schema":{"@context":"https:\/\/schema.org","@graph":[{"@type":"WebPage","@id":"https:\/\/goldislandhotel.com.tr\/de\/news-blog\/alanya-city-guide\/","url":"https:\/\/goldislandhotel.com.tr\/de\/news-blog\/alanya-city-guide\/","name":"Alanya Stadtweiser | Gold Island Selected Hotel","isPartOf":{"@id":"https:\/\/goldislandhotel.com.tr\/de\/#website"},"datePublished":"2013-10-26T14:08:34+00:00","dateModified":"2016-01-18T09:10:20+00:00","breadcrumb":{"@id":"https:\/\/goldislandhotel.com.tr\/de\/news-blog\/alanya-city-guide\/#breadcrumb"},"inLanguage":"de","potentialAction":[{"@type":"ReadAction","target":[["https:\/\/goldislandhotel.com.tr\/de\/news-blog\/alanya-city-guide\/"]]}]},{"@type":"BreadcrumbList","@id":"https:\/\/goldislandhotel.com.tr\/de\/news-blog\/alanya-city-guide\/#breadcrumb","itemListElement":[{"@type":"ListItem","position":1,"name":"Home","item":"https:\/\/goldislandhotel.com.tr\/de\/"},{"@type":"ListItem","position":2,"name":"Gold Hotels News &#038; Blog","item":"https:\/\/goldislandhotel.com.tr\/de\/news-blog\/"},{"@type":"ListItem","position":3,"name":"Alanya City Guide"}]},{"@type":"WebSite","@id":"https:\/\/goldislandhotel.com.tr\/de\/#website","url":"https:\/\/goldislandhotel.com.tr\/de\/","name":"Gold Island Selected Hotel","description":"Gold Hotels","potentialAction":[{"@type":"SearchAction","target":{"@type":"EntryPoint","urlTemplate":"https:\/\/goldislandhotel.com.tr\/de\/?s={search_term_string}"},"query-input":{"@type":"PropertyValueSpecification","valueRequired":true,"valueName":"search_term_string"}}],"inLanguage":"de"}]}},"_links":{"self":[{"href":"https:\/\/goldislandhotel.com.tr\/de\/wp-json\/wp\/v2\/pages\/826","targetHints":{"allow":["GET"]}}],"collection":[{"href":"https:\/\/goldislandhotel.com.tr\/de\/wp-json\/wp\/v2\/pages"}],"about":[{"href":"https:\/\/goldislandhotel.com.tr\/de\/wp-json\/wp\/v2\/types\/page"}],"author":[{"embeddable":true,"href":"https:\/\/goldislandhotel.com.tr\/de\/wp-json\/wp\/v2\/users\/1"}],"replies":[{"embeddable":true,"href":"https:\/\/goldislandhotel.com.tr\/de\/wp-json\/wp\/v2\/comments?post=826"}],"version-history":[{"count":9,"href":"https:\/\/goldislandhotel.com.tr\/de\/wp-json\/wp\/v2\/pages\/826\/revisions"}],"predecessor-version":[{"id":1627,"href":"https:\/\/goldislandhotel.com.tr\/de\/wp-json\/wp\/v2\/pages\/826\/revisions\/1627"}],"up":[{"embeddable":true,"href":"https:\/\/goldislandhotel.com.tr\/de\/wp-json\/wp\/v2\/pages\/94"}],"wp:attachment":[{"href":"https:\/\/goldislandhotel.com.tr\/de\/wp-json\/wp\/v2\/media?parent=826"}],"curies":[{"name":"wp","href":"https:\/\/api.w.org\/{rel}","templated":true}]}}