{"id":3308,"date":"2025-11-12T18:08:26","date_gmt":"2025-11-12T15:08:26","guid":{"rendered":"https:\/\/goldislandhotel.com.tr\/?page_id=3308"},"modified":"2025-11-13T11:18:18","modified_gmt":"2025-11-13T08:18:18","slug":"engellilerle-ilgili-erisilebilirlik","status":"publish","type":"page","link":"https:\/\/goldislandhotel.com.tr\/de\/features\/engellilerle-ilgili-erisilebilirlik\/","title":{"rendered":"UNSERE BARRIEREFREIEN EINRICHTUNGEN"},"content":{"rendered":"<p><b>Anzahl der Behindertengerechten Zimmer:<\/b> 2 Zimmer<\/p>\n<p><b>Ausstattung:<\/b><\/p>\n<ul>\n<li>Breite T\u00fcren (100 cm)<\/li>\n<li>Duschstuhl und Haltegriffe<\/li>\n<li>Abgesenkte Arbeitsplatten\/Waschtische<\/li>\n<li>Barrierefreie Steckdosen und Ladestationen<\/li>\n<li>M\u00f6bel mit Eckschutzvorrichtungen<\/li>\n<li>Ausreichend Platz f\u00fcr die Bewegung von Rollst\u00fchlen<\/li>\n<li>Barrierefreie Toiletten- und Duscheinrichtungen<\/li>\n<li>Notruftasten (Dusch- und Waschbeckenbereich)<\/li>\n<li>Lichtwarnvorrichtung f\u00fcr H\u00f6rgesch\u00e4digte<\/li>\n<li>Barrierefreie Schr\u00e4nke und Staur\u00e4ume<\/li>\n<\/ul>\n<p><b>Barrierefreiheit der Allgemeinen Bereiche f\u00fcr Menschen mit Behinderungen<\/b><\/p>\n<ul>\n<li>Alle Bereiche sind \u00fcber Rampen zug\u00e4nglich und Rollstuhlgerecht<\/li>\n<li>Behindertenliftzugang ist am Gro\u00dfen Pool und am Innenpool vorhanden<\/li>\n<li>Behindertengerechte Sonnenliegen und Transportfahrzeuge sind am Strand verf\u00fcgbar<\/li>\n<li>Rollstuhlgerechte Gehwege in der gesamten Anlage<\/li>\n<\/ul>\n<p><\/p>","protected":false},"excerpt":{"rendered":"<p>Anzahl der Behindertengerechten Zimmer: 2 Zimmer Ausstattung: Breite T\u00fcren (100 cm) Duschstuhl und Haltegriffe Abgesenkte Arbeitsplatten\/Waschtische Barrierefreie Steckdosen und Ladestationen M\u00f6bel mit Eckschutzvorrichtungen Ausreichend Platz f\u00fcr die Bewegung von Rollst\u00fchlen Barrierefreie Toiletten- und Duscheinrichtungen Notruftasten (Dusch- und Waschbeckenbereich) Lichtwarnvorrichtung f\u00fcr H\u00f6rgesch\u00e4digte Barrierefreie Schr\u00e4nke und Staur\u00e4ume Barrierefreiheit der Allgemeinen Bereiche f\u00fcr Menschen mit Behinderungen Alle Bereiche sind \u00fcber Rampen zug\u00e4nglich und Rollstuhlgerecht Behindertenliftzugang ist am Gro\u00dfen&#8230;<\/p>\n<p><a class=\"more-link\" href=\"https:\/\/goldislandhotel.com.tr\/de\/features\/engellilerle-ilgili-erisilebilirlik\/\">Continue Reading &#8230;<\/a><\/p>\n","protected":false},"author":2,"featured_media":3310,"parent":99,"menu_order":0,"comment_status":"closed","ping_status":"closed","template":"","meta":{"footnotes":""},"class_list":["post-3308","page","type-page","status-publish","has-post-thumbnail","hentry"],"yoast_head":"<!-- This site is optimized with the Yoast SEO plugin v26.3 - https:\/\/yoast.com\/wordpress\/plugins\/seo\/ -->\n<title>UNSERE BARRIEREFREIEN EINRICHTUNGEN | Gold Island Selected Hotel<\/title>\n<meta name=\"robots\" content=\"index, follow, max-snippet:-1, max-image-preview:large, max-video-preview:-1\" \/>\n<link rel=\"canonical\" href=\"https:\/\/goldislandhotel.com.tr\/de\/features\/engellilerle-ilgili-erisilebilirlik\/\" \/>\n<meta property=\"og:locale\" content=\"de_DE\" \/>\n<meta property=\"og:type\" content=\"article\" \/>\n<meta property=\"og:title\" content=\"UNSERE BARRIEREFREIEN EINRICHTUNGEN | Gold Island Selected Hotel\" \/>\n<meta property=\"og:description\" content=\"Anzahl der Behindertengerechten Zimmer: 2 Zimmer Ausstattung: Breite T\u00fcren (100 cm) Duschstuhl und Haltegriffe Abgesenkte Arbeitsplatten\/Waschtische Barrierefreie Steckdosen und Ladestationen M\u00f6bel mit Eckschutzvorrichtungen Ausreichend Platz f\u00fcr die Bewegung von Rollst\u00fchlen Barrierefreie Toiletten- und Duscheinrichtungen Notruftasten (Dusch- und Waschbeckenbereich) Lichtwarnvorrichtung f\u00fcr H\u00f6rgesch\u00e4digte Barrierefreie Schr\u00e4nke und Staur\u00e4ume Barrierefreiheit der Allgemeinen Bereiche f\u00fcr Menschen mit Behinderungen Alle Bereiche sind \u00fcber Rampen zug\u00e4nglich und Rollstuhlgerecht Behindertenliftzugang ist am Gro\u00dfen...Continue Reading ...\" \/>\n<meta property=\"og:url\" content=\"https:\/\/goldislandhotel.com.tr\/de\/features\/engellilerle-ilgili-erisilebilirlik\/\" \/>\n<meta property=\"og:site_name\" content=\"Gold Island Selected Hotel\" \/>\n<meta property=\"article:modified_time\" content=\"2025-11-13T08:18:18+00:00\" \/>\n<meta property=\"og:image\" content=\"https:\/\/goldislandhotel.com.tr\/wp-content\/uploads\/2015\/06\/engelliler-2-1.jpg\" \/>\n\t<meta property=\"og:image:width\" content=\"1200\" \/>\n\t<meta property=\"og:image:height\" content=\"844\" \/>\n\t<meta property=\"og:image:type\" content=\"image\/jpeg\" \/>\n<meta name=\"twitter:card\" content=\"summary_large_image\" \/>\n<meta name=\"twitter:label1\" content=\"Gesch\u00e4tzte Lesezeit\" \/>\n\t<meta name=\"twitter:data1\" content=\"1\u00a0Minute\" \/>\n<script type=\"application\/ld+json\" class=\"yoast-schema-graph\">{\"@context\":\"https:\/\/schema.org\",\"@graph\":[{\"@type\":\"WebPage\",\"@id\":\"https:\/\/goldislandhotel.com.tr\/de\/features\/engellilerle-ilgili-erisilebilirlik\/\",\"url\":\"https:\/\/goldislandhotel.com.tr\/de\/features\/engellilerle-ilgili-erisilebilirlik\/\",\"name\":\"UNSERE BARRIEREFREIEN EINRICHTUNGEN | Gold Island Selected Hotel\",\"isPartOf\":{\"@id\":\"https:\/\/goldislandhotel.com.tr\/de\/#website\"},\"primaryImageOfPage\":{\"@id\":\"https:\/\/goldislandhotel.com.tr\/de\/features\/engellilerle-ilgili-erisilebilirlik\/#primaryimage\"},\"image\":{\"@id\":\"https:\/\/goldislandhotel.com.tr\/features\/engellilerle-ilgili-erisilebilirlik\/#primaryimage\"},\"thumbnailUrl\":\"https:\/\/goldislandhotel.com.tr\/wp-content\/uploads\/2015\/06\/engelliler-2-1.jpg\",\"datePublished\":\"2025-11-12T15:08:26+00:00\",\"dateModified\":\"2025-11-13T08:18:18+00:00\",\"breadcrumb\":{\"@id\":\"https:\/\/goldislandhotel.com.tr\/de\/features\/engellilerle-ilgili-erisilebilirlik\/#breadcrumb\"},\"inLanguage\":\"de\",\"potentialAction\":[{\"@type\":\"ReadAction\",\"target\":[[\"https:\/\/goldislandhotel.com.tr\/de\/features\/engellilerle-ilgili-erisilebilirlik\/\"]]}]},{\"@type\":\"ImageObject\",\"inLanguage\":\"de\",\"@id\":\"https:\/\/goldislandhotel.com.tr\/de\/features\/engellilerle-ilgili-erisilebilirlik\/#primaryimage\",\"url\":\"https:\/\/goldislandhotel.com.tr\/wp-content\/uploads\/2015\/06\/engelliler-2-1.jpg\",\"contentUrl\":\"https:\/\/goldislandhotel.com.tr\/wp-content\/uploads\/2015\/06\/engelliler-2-1.jpg\",\"width\":1200,\"height\":844},{\"@type\":\"BreadcrumbList\",\"@id\":\"https:\/\/goldislandhotel.com.tr\/de\/features\/engellilerle-ilgili-erisilebilirlik\/#breadcrumb\",\"itemListElement\":[{\"@type\":\"ListItem\",\"position\":1,\"name\":\"Home\",\"item\":\"https:\/\/goldislandhotel.com.tr\/de\/\"},{\"@type\":\"ListItem\",\"position\":2,\"name\":\"Features\",\"item\":\"https:\/\/goldislandhotel.com.tr\/de\/features\/\"},{\"@type\":\"ListItem\",\"position\":3,\"name\":\"OUR ACCESSIBLE FACILITIES\"}]},{\"@type\":\"WebSite\",\"@id\":\"https:\/\/goldislandhotel.com.tr\/de\/#website\",\"url\":\"https:\/\/goldislandhotel.com.tr\/de\/\",\"name\":\"Gold Island Selected Hotel\",\"description\":\"Gold Hotels\",\"potentialAction\":[{\"@type\":\"SearchAction\",\"target\":{\"@type\":\"EntryPoint\",\"urlTemplate\":\"https:\/\/goldislandhotel.com.tr\/de\/?s={search_term_string}\"},\"query-input\":{\"@type\":\"PropertyValueSpecification\",\"valueRequired\":true,\"valueName\":\"search_term_string\"}}],\"inLanguage\":\"de\"}]}<\/script>\n<!-- \/ Yoast SEO plugin. -->","yoast_head_json":{"title":"UNSERE BARRIEREFREIEN EINRICHTUNGEN | Gold Island Selected Hotel","robots":{"index":"index","follow":"follow","max-snippet":"max-snippet:-1","max-image-preview":"max-image-preview:large","max-video-preview":"max-video-preview:-1"},"canonical":"https:\/\/goldislandhotel.com.tr\/de\/features\/engellilerle-ilgili-erisilebilirlik\/","og_locale":"de_DE","og_type":"article","og_title":"UNSERE BARRIEREFREIEN EINRICHTUNGEN | Gold Island Selected Hotel","og_description":"Anzahl der Behindertengerechten Zimmer: 2 Zimmer Ausstattung: Breite T\u00fcren (100 cm) Duschstuhl und Haltegriffe Abgesenkte Arbeitsplatten\/Waschtische Barrierefreie Steckdosen und Ladestationen M\u00f6bel mit Eckschutzvorrichtungen Ausreichend Platz f\u00fcr die Bewegung von Rollst\u00fchlen Barrierefreie Toiletten- und Duscheinrichtungen Notruftasten (Dusch- und Waschbeckenbereich) Lichtwarnvorrichtung f\u00fcr H\u00f6rgesch\u00e4digte Barrierefreie Schr\u00e4nke und Staur\u00e4ume Barrierefreiheit der Allgemeinen Bereiche f\u00fcr Menschen mit Behinderungen Alle Bereiche sind \u00fcber Rampen zug\u00e4nglich und Rollstuhlgerecht Behindertenliftzugang ist am Gro\u00dfen...Continue Reading ...","og_url":"https:\/\/goldislandhotel.com.tr\/de\/features\/engellilerle-ilgili-erisilebilirlik\/","og_site_name":"Gold Island Selected Hotel","article_modified_time":"2025-11-13T08:18:18+00:00","og_image":[{"width":1200,"height":844,"url":"https:\/\/goldislandhotel.com.tr\/wp-content\/uploads\/2015\/06\/engelliler-2-1.jpg","type":"image\/jpeg"}],"twitter_card":"summary_large_image","twitter_misc":{"Gesch\u00e4tzte Lesezeit":"1\u00a0Minute"},"schema":{"@context":"https:\/\/schema.org","@graph":[{"@type":"WebPage","@id":"https:\/\/goldislandhotel.com.tr\/de\/features\/engellilerle-ilgili-erisilebilirlik\/","url":"https:\/\/goldislandhotel.com.tr\/de\/features\/engellilerle-ilgili-erisilebilirlik\/","name":"UNSERE BARRIEREFREIEN EINRICHTUNGEN | Gold Island Selected Hotel","isPartOf":{"@id":"https:\/\/goldislandhotel.com.tr\/de\/#website"},"primaryImageOfPage":{"@id":"https:\/\/goldislandhotel.com.tr\/de\/features\/engellilerle-ilgili-erisilebilirlik\/#primaryimage"},"image":{"@id":"https:\/\/goldislandhotel.com.tr\/features\/engellilerle-ilgili-erisilebilirlik\/#primaryimage"},"thumbnailUrl":"https:\/\/goldislandhotel.com.tr\/wp-content\/uploads\/2015\/06\/engelliler-2-1.jpg","datePublished":"2025-11-12T15:08:26+00:00","dateModified":"2025-11-13T08:18:18+00:00","breadcrumb":{"@id":"https:\/\/goldislandhotel.com.tr\/de\/features\/engellilerle-ilgili-erisilebilirlik\/#breadcrumb"},"inLanguage":"de","potentialAction":[{"@type":"ReadAction","target":[["https:\/\/goldislandhotel.com.tr\/de\/features\/engellilerle-ilgili-erisilebilirlik\/"]]}]},{"@type":"ImageObject","inLanguage":"de","@id":"https:\/\/goldislandhotel.com.tr\/de\/features\/engellilerle-ilgili-erisilebilirlik\/#primaryimage","url":"https:\/\/goldislandhotel.com.tr\/wp-content\/uploads\/2015\/06\/engelliler-2-1.jpg","contentUrl":"https:\/\/goldislandhotel.com.tr\/wp-content\/uploads\/2015\/06\/engelliler-2-1.jpg","width":1200,"height":844},{"@type":"BreadcrumbList","@id":"https:\/\/goldislandhotel.com.tr\/de\/features\/engellilerle-ilgili-erisilebilirlik\/#breadcrumb","itemListElement":[{"@type":"ListItem","position":1,"name":"Home","item":"https:\/\/goldislandhotel.com.tr\/de\/"},{"@type":"ListItem","position":2,"name":"Features","item":"https:\/\/goldislandhotel.com.tr\/de\/features\/"},{"@type":"ListItem","position":3,"name":"OUR ACCESSIBLE FACILITIES"}]},{"@type":"WebSite","@id":"https:\/\/goldislandhotel.com.tr\/de\/#website","url":"https:\/\/goldislandhotel.com.tr\/de\/","name":"Gold Island Selected Hotel","description":"Gold Hotels","potentialAction":[{"@type":"SearchAction","target":{"@type":"EntryPoint","urlTemplate":"https:\/\/goldislandhotel.com.tr\/de\/?s={search_term_string}"},"query-input":{"@type":"PropertyValueSpecification","valueRequired":true,"valueName":"search_term_string"}}],"inLanguage":"de"}]}},"_links":{"self":[{"href":"https:\/\/goldislandhotel.com.tr\/de\/wp-json\/wp\/v2\/pages\/3308","targetHints":{"allow":["GET"]}}],"collection":[{"href":"https:\/\/goldislandhotel.com.tr\/de\/wp-json\/wp\/v2\/pages"}],"about":[{"href":"https:\/\/goldislandhotel.com.tr\/de\/wp-json\/wp\/v2\/types\/page"}],"author":[{"embeddable":true,"href":"https:\/\/goldislandhotel.com.tr\/de\/wp-json\/wp\/v2\/users\/2"}],"replies":[{"embeddable":true,"href":"https:\/\/goldislandhotel.com.tr\/de\/wp-json\/wp\/v2\/comments?post=3308"}],"version-history":[{"count":9,"href":"https:\/\/goldislandhotel.com.tr\/de\/wp-json\/wp\/v2\/pages\/3308\/revisions"}],"predecessor-version":[{"id":3324,"href":"https:\/\/goldislandhotel.com.tr\/de\/wp-json\/wp\/v2\/pages\/3308\/revisions\/3324"}],"up":[{"embeddable":true,"href":"https:\/\/goldislandhotel.com.tr\/de\/wp-json\/wp\/v2\/pages\/99"}],"wp:featuredmedia":[{"embeddable":true,"href":"https:\/\/goldislandhotel.com.tr\/de\/wp-json\/wp\/v2\/media\/3310"}],"wp:attachment":[{"href":"https:\/\/goldislandhotel.com.tr\/de\/wp-json\/wp\/v2\/media?parent=3308"}],"curies":[{"name":"wp","href":"https:\/\/api.w.org\/{rel}","templated":true}]}}