{"id":121,"date":"2015-06-25T16:34:18","date_gmt":"2015-06-25T16:34:18","guid":{"rendered":"http:\/\/ravistheme.com\/pinar\/wp\/?page_id=121"},"modified":"2016-01-25T23:09:59","modified_gmt":"2016-01-25T21:09:59","slug":"guest-satisfaction","status":"publish","type":"page","link":"https:\/\/goldislandhotel.com.tr\/de\/contact\/guest-satisfaction\/","title":{"rendered":"G\u00e4stezufriedenheit"},"content":{"rendered":"<p>Sehr geehrte G\u00e4ste,<\/p>\n<p>Als Goldcity Familie, m\u00f6chten wir Sie wissen, dass Ihr alle Kommentare sind uns wichtig.<\/p>\n<ul>\n<li>Nach Angaben der t\u00fcrkischen Standard Institute 10002 Beschwerdemanagement und Zufriedenheit System ist in unserem Hotel angelegt, werden alle Beschwerden, Anforderungen und Meinungen aufgezeichnet und ausgewertet.<\/li>\n<li>Wir Antwort die Beschwerden so schnell wie m\u00f6glich und die Beschwerden ausgewertet unvoreingenommene und faire Art und Weise und keine Geb\u00fchr f\u00fcr diese erwartet.<\/li>\n<li>Unser Ziel, Sie in der besten Art und Weise durch den Schutz der Vertraulichkeit von den G\u00e4sten pers\u00f6nliche Informationen in diesem Service zu dienen.<\/li>\n<\/ul>\n<p>Freundliche Gr\u00fc\u00dfe<\/p>\n<p>Gold Hotels-Management<\/p>\n<p>&nbsp;<\/p>\n<div class=\"title-line \"><div class=\"title-p\"><p>Kontakt Formular<\/p><\/div><span class=\"subtitle\">pr@goldhotels.com.tr<\/span><\/div><div class=\"clearfix\"><\/div>\n\n<div class=\"wpcf7 no-js\" id=\"wpcf7-f1565-o3\" lang=\"de-DE\" dir=\"ltr\" data-wpcf7-id=\"1565\">\n<div class=\"screen-reader-response\"><p role=\"status\" aria-live=\"polite\" aria-atomic=\"true\"><\/p> <ul><\/ul><\/div>\n<form action=\"\/de\/wp-json\/wp\/v2\/pages\/121#wpcf7-f1565-o3\" method=\"post\" class=\"wpcf7-form init\" aria-label=\"Kontaktformular\" novalidate=\"novalidate\" data-status=\"init\">\n<fieldset class=\"hidden-fields-container\"><input type=\"hidden\" name=\"_wpcf7\" value=\"1565\" \/><input type=\"hidden\" name=\"_wpcf7_version\" value=\"6.1.3\" \/><input type=\"hidden\" name=\"_wpcf7_locale\" value=\"de_DE\" \/><input type=\"hidden\" name=\"_wpcf7_unit_tag\" value=\"wpcf7-f1565-o3\" \/><input type=\"hidden\" name=\"_wpcf7_container_post\" value=\"0\" \/><input type=\"hidden\" name=\"_wpcf7_posted_data_hash\" value=\"\" \/><input type=\"hidden\" name=\"_wpcf7_recaptcha_response\" value=\"\" \/>\n<\/fieldset>\n<div class=\"contact-page-container\" style=\"margin-top:30px\">\n\t<div class=\"contact-form-container\">\n\t\t<div class=\"contact-form-box\">\n\t\t\t<div class=\"col-md-12\">\n\t\t\t\t<p><span class=\"wpcf7-form-control-wrap\" data-name=\"your-name\"><input size=\"40\" maxlength=\"400\" class=\"wpcf7-form-control wpcf7-text wpcf7-validates-as-required\" aria-required=\"true\" aria-invalid=\"false\" placeholder=\"Ihr Name\" value=\"\" type=\"text\" name=\"your-name\" \/><\/span>\n\t\t\t\t<\/p>\n\t\t\t<\/div>\n\t\t\t<div class=\"col-md-6\">\n\t\t\t\t<p><span class=\"wpcf7-form-control-wrap\" data-name=\"your-email\"><input size=\"40\" maxlength=\"400\" class=\"wpcf7-form-control wpcf7-email wpcf7-validates-as-required wpcf7-text wpcf7-validates-as-email\" aria-required=\"true\" aria-invalid=\"false\" placeholder=\"E-Mail-Adresse\" value=\"\" type=\"email\" name=\"your-email\" \/><\/span>\n\t\t\t\t<\/p>\n\t\t\t<\/div>\n\t\t\t<div class=\"col-md-6\">\n\t\t\t\t<p><span class=\"wpcf7-form-control-wrap\" data-name=\"your-phone\"><input size=\"40\" maxlength=\"400\" class=\"wpcf7-form-control wpcf7-tel wpcf7-validates-as-required wpcf7-text wpcf7-validates-as-tel\" aria-required=\"true\" aria-invalid=\"false\" placeholder=\"Telefon\" value=\"\" type=\"tel\" name=\"your-phone\" \/><\/span>\n\t\t\t\t<\/p>\n\t\t\t<\/div>\n\t\t\t<div class=\"col-md-12\">\n\t\t\t\t<p><span class=\"wpcf7-form-control-wrap\" data-name=\"your-address\"><input size=\"40\" maxlength=\"400\" class=\"wpcf7-form-control wpcf7-text\" aria-invalid=\"false\" placeholder=\"Adresse\" value=\"\" type=\"text\" name=\"your-address\" \/><\/span>\n\t\t\t\t<\/p>\n\t\t\t<\/div>\n\t\t\t<div class=\"col-md-6\">\n\t\t\t\t<p><span class=\"wpcf7-form-control-wrap\" data-name=\"your-city\"><input size=\"40\" maxlength=\"400\" class=\"wpcf7-form-control wpcf7-text\" aria-invalid=\"false\" placeholder=\"Stadt\" value=\"\" type=\"text\" name=\"your-city\" \/><\/span>\n\t\t\t\t<\/p>\n\t\t\t<\/div>\n\t\t\t<div class=\"col-md-6\">\n\t\t\t\t<p><span class=\"wpcf7-form-control-wrap\" data-name=\"your-country\"><input size=\"40\" maxlength=\"400\" class=\"wpcf7-form-control wpcf7-text\" aria-invalid=\"false\" placeholder=\"Land\" value=\"\" type=\"text\" name=\"your-country\" \/><\/span>\n\t\t\t\t<\/p>\n\t\t\t<\/div>\n\t\t\t<div class=\"col-md-12\">\n\t\t\t\t<p><span class=\"wpcf7-form-control-wrap\" data-name=\"your-message\"><textarea cols=\"40\" rows=\"10\" maxlength=\"2000\" class=\"wpcf7-form-control wpcf7-textarea wpcf7-validates-as-required\" aria-required=\"true\" aria-invalid=\"false\" placeholder=\"Ihre Nachricht\" name=\"your-message\"><\/textarea><\/span>\n\t\t\t\t<\/p>\n\t\t\t<\/div>\n\t\t\t<div class=\"col-md-6\">\n\t\t\t\n\t\t\t<\/div>\n\t\t\t<div class=\"col-md-6\">\n\t\t\t\t<p><input class=\"wpcf7-form-control wpcf7-submit has-spinner btn btn-default btn-contact\" type=\"submit\" value=\"Senden\" \/>\n\t\t\t\t<\/p>\n\t\t\t<\/div>\n\t\t\t<div class=\"clearfix\">\n\t\t\t<\/div>\n\t\t<\/div>\n\t<\/div>\n<\/div><div class=\"wpcf7-response-output\" aria-hidden=\"true\"><\/div>\n<\/form>\n<\/div>\n\n<div class=\"clear\"><\/div>\n<p><div class=\"portal-icons-box contact-portal\" id=\"contact-gold-portal\"><ul class=\"list-inline list-unstyled portal-icons\"><li><a target=\"_blank\" href=\"http:\/\/www.tripadvisor.com.tr\/Hotel_Review-g297961-d2274745-Reviews-SENTIDO_Gold_Island_Hotel-Alanya_Turkish_Mediterranean_Coast.html\" class=\"portal-icon\"><img decoding=\"async\" src=\"https:\/\/goldislandhotel.com.tr\/wp-content\/uploads\/2016\/01\/tripadvisor.png\"><\/a><\/li><li><a target=\"_blank\" href=\"http:\/\/www.zoover.com.tr\/turkiye\/foldkozi-tenger\/incekum-avsallar-alanya\/sentido-gold-island\/otel\" class=\"portal-icon\"><img decoding=\"async\" src=\"https:\/\/goldislandhotel.com.tr\/wp-content\/uploads\/2016\/01\/zoover.png\"><\/a><\/li><li><a target=\"_blank\" href=\"https:\/\/www.holidaycheck.de\/hi\/sentido-gold-island\/a1e00212-2889-3eb8-ac4e-23b93b620d75?q=SENTIDO+Gold+Island+%2F+Avsallar+%28Hotel%29\" class=\"portal-icon\"><img decoding=\"async\" src=\"https:\/\/goldislandhotel.com.tr\/wp-content\/uploads\/2016\/01\/holidaycheck.png\"><\/a><\/li><li><a target=\"_blank\" href=\"http:\/\/tophotels.org\/main\/hotel\/al63463\" class=\"portal-icon\"><img decoding=\"async\" src=\"https:\/\/goldislandhotel.com.tr\/wp-content\/uploads\/2016\/01\/tophotel.png\"><\/a><\/li><\/ul><\/div><\/p>","protected":false},"excerpt":{"rendered":"<p>Sehr geehrte G\u00e4ste, Als Goldcity Familie, m\u00f6chten wir Sie wissen, dass Ihr alle Kommentare sind uns wichtig. Nach Angaben der t\u00fcrkischen Standard Institute 10002 Beschwerdemanagement und Zufriedenheit System ist in unserem Hotel angelegt, werden alle Beschwerden, Anforderungen und Meinungen aufgezeichnet und ausgewertet. Wir Antwort die Beschwerden so schnell wie m\u00f6glich und die Beschwerden ausgewertet unvoreingenommene und faire Art und Weise und keine Geb\u00fchr f\u00fcr diese&#8230;<\/p>\n<p><a class=\"more-link\" href=\"https:\/\/goldislandhotel.com.tr\/de\/contact\/guest-satisfaction\/\">Continue Reading &#8230;<\/a><\/p>\n","protected":false},"author":1,"featured_media":0,"parent":103,"menu_order":0,"comment_status":"open","ping_status":"open","template":"","meta":{"footnotes":""},"class_list":["post-121","page","type-page","status-publish","hentry"],"yoast_head":"<!-- This site is optimized with the Yoast SEO plugin v26.3 - https:\/\/yoast.com\/wordpress\/plugins\/seo\/ -->\n<title>G\u00e4stezufriedenheit | Gold Island Selected Hotel<\/title>\n<meta name=\"robots\" content=\"index, follow, max-snippet:-1, max-image-preview:large, max-video-preview:-1\" \/>\n<link rel=\"canonical\" href=\"https:\/\/goldislandhotel.com.tr\/de\/contact\/guest-satisfaction\/\" \/>\n<meta property=\"og:locale\" content=\"de_DE\" \/>\n<meta property=\"og:type\" content=\"article\" \/>\n<meta property=\"og:title\" content=\"G\u00e4stezufriedenheit | Gold Island Selected Hotel\" \/>\n<meta property=\"og:description\" content=\"Sehr geehrte G\u00e4ste, Als Goldcity Familie, m\u00f6chten wir Sie wissen, dass Ihr alle Kommentare sind uns wichtig. Nach Angaben der t\u00fcrkischen Standard Institute 10002 Beschwerdemanagement und Zufriedenheit System ist in unserem Hotel angelegt, werden alle Beschwerden, Anforderungen und Meinungen aufgezeichnet und ausgewertet. Wir Antwort die Beschwerden so schnell wie m\u00f6glich und die Beschwerden ausgewertet unvoreingenommene und faire Art und Weise und keine Geb\u00fchr f\u00fcr diese...Continue Reading ...\" \/>\n<meta property=\"og:url\" content=\"https:\/\/goldislandhotel.com.tr\/de\/contact\/guest-satisfaction\/\" \/>\n<meta property=\"og:site_name\" content=\"Gold Island Selected Hotel\" \/>\n<meta property=\"article:modified_time\" content=\"2016-01-25T21:09:59+00:00\" \/>\n<meta name=\"twitter:card\" content=\"summary_large_image\" \/>\n<meta name=\"twitter:label1\" content=\"Gesch\u00e4tzte Lesezeit\" \/>\n\t<meta name=\"twitter:data1\" content=\"2\u00a0Minuten\" \/>\n<script type=\"application\/ld+json\" class=\"yoast-schema-graph\">{\"@context\":\"https:\/\/schema.org\",\"@graph\":[{\"@type\":\"WebPage\",\"@id\":\"https:\/\/goldislandhotel.com.tr\/de\/contact\/guest-satisfaction\/\",\"url\":\"https:\/\/goldislandhotel.com.tr\/de\/contact\/guest-satisfaction\/\",\"name\":\"G\u00e4stezufriedenheit | Gold Island Selected Hotel\",\"isPartOf\":{\"@id\":\"https:\/\/goldislandhotel.com.tr\/de\/#website\"},\"datePublished\":\"2015-06-25T16:34:18+00:00\",\"dateModified\":\"2016-01-25T21:09:59+00:00\",\"breadcrumb\":{\"@id\":\"https:\/\/goldislandhotel.com.tr\/de\/contact\/guest-satisfaction\/#breadcrumb\"},\"inLanguage\":\"de\",\"potentialAction\":[{\"@type\":\"ReadAction\",\"target\":[[\"https:\/\/goldislandhotel.com.tr\/de\/contact\/guest-satisfaction\/\"]]}]},{\"@type\":\"BreadcrumbList\",\"@id\":\"https:\/\/goldislandhotel.com.tr\/de\/contact\/guest-satisfaction\/#breadcrumb\",\"itemListElement\":[{\"@type\":\"ListItem\",\"position\":1,\"name\":\"Home\",\"item\":\"https:\/\/goldislandhotel.com.tr\/de\/\"},{\"@type\":\"ListItem\",\"position\":2,\"name\":\"Contact us\",\"item\":\"https:\/\/goldislandhotel.com.tr\/de\/contact\/\"},{\"@type\":\"ListItem\",\"position\":3,\"name\":\"Guest Satisfaction\"}]},{\"@type\":\"WebSite\",\"@id\":\"https:\/\/goldislandhotel.com.tr\/de\/#website\",\"url\":\"https:\/\/goldislandhotel.com.tr\/de\/\",\"name\":\"Gold Island Selected Hotel\",\"description\":\"Gold Hotels\",\"potentialAction\":[{\"@type\":\"SearchAction\",\"target\":{\"@type\":\"EntryPoint\",\"urlTemplate\":\"https:\/\/goldislandhotel.com.tr\/de\/?s={search_term_string}\"},\"query-input\":{\"@type\":\"PropertyValueSpecification\",\"valueRequired\":true,\"valueName\":\"search_term_string\"}}],\"inLanguage\":\"de\"}]}<\/script>\n<!-- \/ Yoast SEO plugin. -->","yoast_head_json":{"title":"G\u00e4stezufriedenheit | Gold Island Selected Hotel","robots":{"index":"index","follow":"follow","max-snippet":"max-snippet:-1","max-image-preview":"max-image-preview:large","max-video-preview":"max-video-preview:-1"},"canonical":"https:\/\/goldislandhotel.com.tr\/de\/contact\/guest-satisfaction\/","og_locale":"de_DE","og_type":"article","og_title":"G\u00e4stezufriedenheit | Gold Island Selected Hotel","og_description":"Sehr geehrte G\u00e4ste, Als Goldcity Familie, m\u00f6chten wir Sie wissen, dass Ihr alle Kommentare sind uns wichtig. Nach Angaben der t\u00fcrkischen Standard Institute 10002 Beschwerdemanagement und Zufriedenheit System ist in unserem Hotel angelegt, werden alle Beschwerden, Anforderungen und Meinungen aufgezeichnet und ausgewertet. Wir Antwort die Beschwerden so schnell wie m\u00f6glich und die Beschwerden ausgewertet unvoreingenommene und faire Art und Weise und keine Geb\u00fchr f\u00fcr diese...Continue Reading ...","og_url":"https:\/\/goldislandhotel.com.tr\/de\/contact\/guest-satisfaction\/","og_site_name":"Gold Island Selected Hotel","article_modified_time":"2016-01-25T21:09:59+00:00","twitter_card":"summary_large_image","twitter_misc":{"Gesch\u00e4tzte Lesezeit":"2\u00a0Minuten"},"schema":{"@context":"https:\/\/schema.org","@graph":[{"@type":"WebPage","@id":"https:\/\/goldislandhotel.com.tr\/de\/contact\/guest-satisfaction\/","url":"https:\/\/goldislandhotel.com.tr\/de\/contact\/guest-satisfaction\/","name":"G\u00e4stezufriedenheit | Gold Island Selected Hotel","isPartOf":{"@id":"https:\/\/goldislandhotel.com.tr\/de\/#website"},"datePublished":"2015-06-25T16:34:18+00:00","dateModified":"2016-01-25T21:09:59+00:00","breadcrumb":{"@id":"https:\/\/goldislandhotel.com.tr\/de\/contact\/guest-satisfaction\/#breadcrumb"},"inLanguage":"de","potentialAction":[{"@type":"ReadAction","target":[["https:\/\/goldislandhotel.com.tr\/de\/contact\/guest-satisfaction\/"]]}]},{"@type":"BreadcrumbList","@id":"https:\/\/goldislandhotel.com.tr\/de\/contact\/guest-satisfaction\/#breadcrumb","itemListElement":[{"@type":"ListItem","position":1,"name":"Home","item":"https:\/\/goldislandhotel.com.tr\/de\/"},{"@type":"ListItem","position":2,"name":"Contact us","item":"https:\/\/goldislandhotel.com.tr\/de\/contact\/"},{"@type":"ListItem","position":3,"name":"Guest Satisfaction"}]},{"@type":"WebSite","@id":"https:\/\/goldislandhotel.com.tr\/de\/#website","url":"https:\/\/goldislandhotel.com.tr\/de\/","name":"Gold Island Selected Hotel","description":"Gold Hotels","potentialAction":[{"@type":"SearchAction","target":{"@type":"EntryPoint","urlTemplate":"https:\/\/goldislandhotel.com.tr\/de\/?s={search_term_string}"},"query-input":{"@type":"PropertyValueSpecification","valueRequired":true,"valueName":"search_term_string"}}],"inLanguage":"de"}]}},"_links":{"self":[{"href":"https:\/\/goldislandhotel.com.tr\/de\/wp-json\/wp\/v2\/pages\/121","targetHints":{"allow":["GET"]}}],"collection":[{"href":"https:\/\/goldislandhotel.com.tr\/de\/wp-json\/wp\/v2\/pages"}],"about":[{"href":"https:\/\/goldislandhotel.com.tr\/de\/wp-json\/wp\/v2\/types\/page"}],"author":[{"embeddable":true,"href":"https:\/\/goldislandhotel.com.tr\/de\/wp-json\/wp\/v2\/users\/1"}],"replies":[{"embeddable":true,"href":"https:\/\/goldislandhotel.com.tr\/de\/wp-json\/wp\/v2\/comments?post=121"}],"version-history":[{"count":9,"href":"https:\/\/goldislandhotel.com.tr\/de\/wp-json\/wp\/v2\/pages\/121\/revisions"}],"predecessor-version":[{"id":2211,"href":"https:\/\/goldislandhotel.com.tr\/de\/wp-json\/wp\/v2\/pages\/121\/revisions\/2211"}],"up":[{"embeddable":true,"href":"https:\/\/goldislandhotel.com.tr\/de\/wp-json\/wp\/v2\/pages\/103"}],"wp:attachment":[{"href":"https:\/\/goldislandhotel.com.tr\/de\/wp-json\/wp\/v2\/media?parent=121"}],"curies":[{"name":"wp","href":"https:\/\/api.w.org\/{rel}","templated":true}]}}