{"id":1099,"date":"2016-01-12T11:52:17","date_gmt":"2016-01-12T09:52:17","guid":{"rendered":"http:\/\/www.goldislandhotel.com.tr\/pinar-booking\/"},"modified":"2017-04-11T12:39:37","modified_gmt":"2017-04-11T09:39:37","slug":"spa-wellness","status":"publish","type":"page","link":"https:\/\/goldislandhotel.com.tr\/de\/features\/spa-wellness\/","title":{"rendered":"Spa &#038; Wellness"},"content":{"rendered":"<p><\/p>\n<blockquote><p>Kommen Sie und erleben Sie den Unterschied.<\/p><\/blockquote>\n<p>Der Spa-Bereich des Hotels ist eine Oase der Entspannung und des Wohlbefindens.<\/p>\n<p>&nbsp;<\/p>\n<p>Lassen Sie sich bei einer Beautybehandlung oder bei einer Massage verw\u00f6hnen und relaxen Sie im Jacuzzi, in der Sauna, im Dampfbad oder w\u00e4hrend des Hamams. Auch Aromatherapien oder ein Besuch beim Fris\u00f6r k\u00f6nnen auf Wunsch gebucht werden.<\/p>","protected":false},"excerpt":{"rendered":"<p>Kommen Sie und erleben Sie den Unterschied. Der Spa-Bereich des Hotels ist eine Oase der Entspannung und des Wohlbefindens. &nbsp; Lassen Sie sich bei einer Beautybehandlung oder bei einer Massage verw\u00f6hnen und relaxen Sie im Jacuzzi, in der Sauna, im Dampfbad oder w\u00e4hrend des Hamams. Auch Aromatherapien oder ein Besuch beim Fris\u00f6r k\u00f6nnen auf Wunsch gebucht werden.<\/p>\n","protected":false},"author":1,"featured_media":2850,"parent":99,"menu_order":0,"comment_status":"closed","ping_status":"closed","template":"","meta":{"footnotes":""},"class_list":["post-1099","page","type-page","status-publish","has-post-thumbnail","hentry"],"yoast_head":"<!-- This site is optimized with the Yoast SEO plugin v26.3 - https:\/\/yoast.com\/wordpress\/plugins\/seo\/ -->\n<title>Spa &amp; Wellness | Gold Island Selected Hotel<\/title>\n<meta name=\"robots\" content=\"index, follow, max-snippet:-1, max-image-preview:large, max-video-preview:-1\" \/>\n<link rel=\"canonical\" href=\"https:\/\/goldislandhotel.com.tr\/de\/features\/spa-wellness\/\" \/>\n<meta property=\"og:locale\" content=\"de_DE\" \/>\n<meta property=\"og:type\" content=\"article\" \/>\n<meta property=\"og:title\" content=\"Spa &amp; Wellness | Gold Island Selected Hotel\" \/>\n<meta property=\"og:description\" content=\"Kommen Sie und erleben Sie den Unterschied. Der Spa-Bereich des Hotels ist eine Oase der Entspannung und des Wohlbefindens. &nbsp; Lassen Sie sich bei einer Beautybehandlung oder bei einer Massage verw\u00f6hnen und relaxen Sie im Jacuzzi, in der Sauna, im Dampfbad oder w\u00e4hrend des Hamams. Auch Aromatherapien oder ein Besuch beim Fris\u00f6r k\u00f6nnen auf Wunsch gebucht werden.\" \/>\n<meta property=\"og:url\" content=\"https:\/\/goldislandhotel.com.tr\/de\/features\/spa-wellness\/\" \/>\n<meta property=\"og:site_name\" content=\"Gold Island Selected Hotel\" \/>\n<meta property=\"article:modified_time\" content=\"2017-04-11T09:39:37+00:00\" \/>\n<meta property=\"og:image\" content=\"https:\/\/goldislandhotel.com.tr\/wp-content\/uploads\/2016\/01\/kapal\u0131havuz-3.jpg\" \/>\n\t<meta property=\"og:image:width\" content=\"1100\" \/>\n\t<meta property=\"og:image:height\" content=\"700\" \/>\n\t<meta property=\"og:image:type\" content=\"image\/jpeg\" \/>\n<meta name=\"twitter:card\" content=\"summary_large_image\" \/>\n<meta name=\"twitter:label1\" content=\"Gesch\u00e4tzte Lesezeit\" \/>\n\t<meta name=\"twitter:data1\" content=\"1\u00a0Minute\" \/>\n<script type=\"application\/ld+json\" class=\"yoast-schema-graph\">{\"@context\":\"https:\/\/schema.org\",\"@graph\":[{\"@type\":\"WebPage\",\"@id\":\"https:\/\/goldislandhotel.com.tr\/de\/features\/spa-wellness\/\",\"url\":\"https:\/\/goldislandhotel.com.tr\/de\/features\/spa-wellness\/\",\"name\":\"Spa & Wellness | Gold Island Selected Hotel\",\"isPartOf\":{\"@id\":\"https:\/\/goldislandhotel.com.tr\/de\/#website\"},\"primaryImageOfPage\":{\"@id\":\"https:\/\/goldislandhotel.com.tr\/de\/features\/spa-wellness\/#primaryimage\"},\"image\":{\"@id\":\"https:\/\/goldislandhotel.com.tr\/features\/spa-wellness\/#primaryimage\"},\"thumbnailUrl\":\"https:\/\/goldislandhotel.com.tr\/wp-content\/uploads\/2016\/01\/kapal\u0131havuz-3.jpg\",\"datePublished\":\"2016-01-12T09:52:17+00:00\",\"dateModified\":\"2017-04-11T09:39:37+00:00\",\"breadcrumb\":{\"@id\":\"https:\/\/goldislandhotel.com.tr\/de\/features\/spa-wellness\/#breadcrumb\"},\"inLanguage\":\"de\",\"potentialAction\":[{\"@type\":\"ReadAction\",\"target\":[[\"https:\/\/goldislandhotel.com.tr\/de\/features\/spa-wellness\/\"]]}]},{\"@type\":\"ImageObject\",\"inLanguage\":\"de\",\"@id\":\"https:\/\/goldislandhotel.com.tr\/de\/features\/spa-wellness\/#primaryimage\",\"url\":\"https:\/\/goldislandhotel.com.tr\/wp-content\/uploads\/2016\/01\/kapal\u0131havuz-3.jpg\",\"contentUrl\":\"https:\/\/goldislandhotel.com.tr\/wp-content\/uploads\/2016\/01\/kapal\u0131havuz-3.jpg\",\"width\":1100,\"height\":700},{\"@type\":\"BreadcrumbList\",\"@id\":\"https:\/\/goldislandhotel.com.tr\/de\/features\/spa-wellness\/#breadcrumb\",\"itemListElement\":[{\"@type\":\"ListItem\",\"position\":1,\"name\":\"Home\",\"item\":\"https:\/\/goldislandhotel.com.tr\/de\/\"},{\"@type\":\"ListItem\",\"position\":2,\"name\":\"Features\",\"item\":\"https:\/\/goldislandhotel.com.tr\/de\/features\/\"},{\"@type\":\"ListItem\",\"position\":3,\"name\":\"Spa &#038; Wellness\"}]},{\"@type\":\"WebSite\",\"@id\":\"https:\/\/goldislandhotel.com.tr\/de\/#website\",\"url\":\"https:\/\/goldislandhotel.com.tr\/de\/\",\"name\":\"Gold Island Selected Hotel\",\"description\":\"Gold Hotels\",\"potentialAction\":[{\"@type\":\"SearchAction\",\"target\":{\"@type\":\"EntryPoint\",\"urlTemplate\":\"https:\/\/goldislandhotel.com.tr\/de\/?s={search_term_string}\"},\"query-input\":{\"@type\":\"PropertyValueSpecification\",\"valueRequired\":true,\"valueName\":\"search_term_string\"}}],\"inLanguage\":\"de\"}]}<\/script>\n<!-- \/ Yoast SEO plugin. -->","yoast_head_json":{"title":"Spa & Wellness | Gold Island Selected Hotel","robots":{"index":"index","follow":"follow","max-snippet":"max-snippet:-1","max-image-preview":"max-image-preview:large","max-video-preview":"max-video-preview:-1"},"canonical":"https:\/\/goldislandhotel.com.tr\/de\/features\/spa-wellness\/","og_locale":"de_DE","og_type":"article","og_title":"Spa & Wellness | Gold Island Selected Hotel","og_description":"Kommen Sie und erleben Sie den Unterschied. Der Spa-Bereich des Hotels ist eine Oase der Entspannung und des Wohlbefindens. &nbsp; Lassen Sie sich bei einer Beautybehandlung oder bei einer Massage verw\u00f6hnen und relaxen Sie im Jacuzzi, in der Sauna, im Dampfbad oder w\u00e4hrend des Hamams. Auch Aromatherapien oder ein Besuch beim Fris\u00f6r k\u00f6nnen auf Wunsch gebucht werden.","og_url":"https:\/\/goldislandhotel.com.tr\/de\/features\/spa-wellness\/","og_site_name":"Gold Island Selected Hotel","article_modified_time":"2017-04-11T09:39:37+00:00","og_image":[{"width":1100,"height":700,"url":"https:\/\/goldislandhotel.com.tr\/wp-content\/uploads\/2016\/01\/kapal\u0131havuz-3.jpg","type":"image\/jpeg"}],"twitter_card":"summary_large_image","twitter_misc":{"Gesch\u00e4tzte Lesezeit":"1\u00a0Minute"},"schema":{"@context":"https:\/\/schema.org","@graph":[{"@type":"WebPage","@id":"https:\/\/goldislandhotel.com.tr\/de\/features\/spa-wellness\/","url":"https:\/\/goldislandhotel.com.tr\/de\/features\/spa-wellness\/","name":"Spa & Wellness | Gold Island Selected Hotel","isPartOf":{"@id":"https:\/\/goldislandhotel.com.tr\/de\/#website"},"primaryImageOfPage":{"@id":"https:\/\/goldislandhotel.com.tr\/de\/features\/spa-wellness\/#primaryimage"},"image":{"@id":"https:\/\/goldislandhotel.com.tr\/features\/spa-wellness\/#primaryimage"},"thumbnailUrl":"https:\/\/goldislandhotel.com.tr\/wp-content\/uploads\/2016\/01\/kapal\u0131havuz-3.jpg","datePublished":"2016-01-12T09:52:17+00:00","dateModified":"2017-04-11T09:39:37+00:00","breadcrumb":{"@id":"https:\/\/goldislandhotel.com.tr\/de\/features\/spa-wellness\/#breadcrumb"},"inLanguage":"de","potentialAction":[{"@type":"ReadAction","target":[["https:\/\/goldislandhotel.com.tr\/de\/features\/spa-wellness\/"]]}]},{"@type":"ImageObject","inLanguage":"de","@id":"https:\/\/goldislandhotel.com.tr\/de\/features\/spa-wellness\/#primaryimage","url":"https:\/\/goldislandhotel.com.tr\/wp-content\/uploads\/2016\/01\/kapal\u0131havuz-3.jpg","contentUrl":"https:\/\/goldislandhotel.com.tr\/wp-content\/uploads\/2016\/01\/kapal\u0131havuz-3.jpg","width":1100,"height":700},{"@type":"BreadcrumbList","@id":"https:\/\/goldislandhotel.com.tr\/de\/features\/spa-wellness\/#breadcrumb","itemListElement":[{"@type":"ListItem","position":1,"name":"Home","item":"https:\/\/goldislandhotel.com.tr\/de\/"},{"@type":"ListItem","position":2,"name":"Features","item":"https:\/\/goldislandhotel.com.tr\/de\/features\/"},{"@type":"ListItem","position":3,"name":"Spa &#038; Wellness"}]},{"@type":"WebSite","@id":"https:\/\/goldislandhotel.com.tr\/de\/#website","url":"https:\/\/goldislandhotel.com.tr\/de\/","name":"Gold Island Selected Hotel","description":"Gold Hotels","potentialAction":[{"@type":"SearchAction","target":{"@type":"EntryPoint","urlTemplate":"https:\/\/goldislandhotel.com.tr\/de\/?s={search_term_string}"},"query-input":{"@type":"PropertyValueSpecification","valueRequired":true,"valueName":"search_term_string"}}],"inLanguage":"de"}]}},"_links":{"self":[{"href":"https:\/\/goldislandhotel.com.tr\/de\/wp-json\/wp\/v2\/pages\/1099","targetHints":{"allow":["GET"]}}],"collection":[{"href":"https:\/\/goldislandhotel.com.tr\/de\/wp-json\/wp\/v2\/pages"}],"about":[{"href":"https:\/\/goldislandhotel.com.tr\/de\/wp-json\/wp\/v2\/types\/page"}],"author":[{"embeddable":true,"href":"https:\/\/goldislandhotel.com.tr\/de\/wp-json\/wp\/v2\/users\/1"}],"replies":[{"embeddable":true,"href":"https:\/\/goldislandhotel.com.tr\/de\/wp-json\/wp\/v2\/comments?post=1099"}],"version-history":[{"count":9,"href":"https:\/\/goldislandhotel.com.tr\/de\/wp-json\/wp\/v2\/pages\/1099\/revisions"}],"predecessor-version":[{"id":3000,"href":"https:\/\/goldislandhotel.com.tr\/de\/wp-json\/wp\/v2\/pages\/1099\/revisions\/3000"}],"up":[{"embeddable":true,"href":"https:\/\/goldislandhotel.com.tr\/de\/wp-json\/wp\/v2\/pages\/99"}],"wp:featuredmedia":[{"embeddable":true,"href":"https:\/\/goldislandhotel.com.tr\/de\/wp-json\/wp\/v2\/media\/2850"}],"wp:attachment":[{"href":"https:\/\/goldislandhotel.com.tr\/de\/wp-json\/wp\/v2\/media?parent=1099"}],"curies":[{"name":"wp","href":"https:\/\/api.w.org\/{rel}","templated":true}]}}