{"id":1089,"date":"2016-01-12T11:32:12","date_gmt":"2016-01-12T09:32:12","guid":{"rendered":"http:\/\/www.goldislandhotel.com.tr\/pinar-gallery\/"},"modified":"2025-04-15T12:21:32","modified_gmt":"2025-04-15T09:21:32","slug":"services-facilities","status":"publish","type":"page","link":"https:\/\/goldislandhotel.com.tr\/de\/features\/services-facilities\/","title":{"rendered":"Unsere Dienstleistungen"},"content":{"rendered":"<p><\/p>\n<p class=\"\" data-start=\"534\" data-end=\"548\"><strong>Unsere Dienstleistungen<\/strong><\/p>\n<ul data-start=\"550\" data-end=\"983\">\n<li data-start=\"550\" data-end=\"586\">Willkommen<\/li>\n<li class=\"\" data-start=\"550\" data-end=\"586\">\n<p class=\"\" data-start=\"552\" data-end=\"586\">Alternative zum sp\u00e4ten Fr\u00fchst\u00fcck<\/p>\n<\/li>\n<li class=\"\" data-start=\"587\" data-end=\"618\">\n<p class=\"\" data-start=\"589\" data-end=\"618\">T\u00e4gliche Hotelinformationen<\/p>\n<\/li>\n<li class=\"\" data-start=\"619\" data-end=\"678\">\n<p class=\"\" data-start=\"621\" data-end=\"678\">Umfassendes Sport-, Unterhaltungs- und Wellnessprogramm<\/p>\n<\/li>\n<li class=\"\" data-start=\"679\" data-end=\"715\">\n<p class=\"\" data-start=\"681\" data-end=\"715\">Internationales Buffetrestaurant<\/p>\n<\/li>\n<li class=\"\" data-start=\"716\" data-end=\"782\">\n<p class=\"\" data-start=\"718\" data-end=\"782\">\u00c0-la-carte-Restaurants mit frischen, saisonalen K\u00f6stlichkeiten<\/p>\n<\/li>\n<li class=\"\" data-start=\"783\" data-end=\"851\">\n<p class=\"\" data-start=\"785\" data-end=\"851\">Kostenloses WLAN, damit Sie w\u00e4hrend Ihres Urlaubs online bleiben<\/p>\n<\/li>\n<li class=\"\" data-start=\"852\" data-end=\"950\">\n<p class=\"\" data-start=\"854\" data-end=\"950\">Unsere Bars bieten eine entspannte und beruhigende Atmosph\u00e4re, um den Tag ausklingen zu lassen<\/p>\n<\/li>\n<li class=\"\" data-start=\"951\" data-end=\"983\">\n<p class=\"\" data-start=\"953\" data-end=\"983\">Alle Zimmer bieten Meerblick<\/p>\n<\/li>\n<\/ul>\n<p><\/p>","protected":false},"excerpt":{"rendered":"<p>Unsere Dienstleistungen Willkommen Alternative zum sp\u00e4ten Fr\u00fchst\u00fcck T\u00e4gliche Hotelinformationen Umfassendes Sport-, Unterhaltungs- und Wellnessprogramm Internationales Buffetrestaurant \u00c0-la-carte-Restaurants mit frischen, saisonalen K\u00f6stlichkeiten Kostenloses WLAN, damit Sie w\u00e4hrend Ihres Urlaubs online bleiben Unsere Bars bieten eine entspannte und beruhigende Atmosph\u00e4re, um den Tag ausklingen zu lassen Alle Zimmer bieten Meerblick<\/p>\n","protected":false},"author":1,"featured_media":3002,"parent":99,"menu_order":0,"comment_status":"closed","ping_status":"closed","template":"","meta":{"footnotes":""},"class_list":["post-1089","page","type-page","status-publish","has-post-thumbnail","hentry"],"yoast_head":"<!-- This site is optimized with the Yoast SEO plugin v26.3 - https:\/\/yoast.com\/wordpress\/plugins\/seo\/ -->\n<title>Unsere Dienstleistungen | Gold Island Selected Hotel<\/title>\n<meta name=\"robots\" content=\"index, follow, max-snippet:-1, max-image-preview:large, max-video-preview:-1\" \/>\n<link rel=\"canonical\" href=\"https:\/\/goldislandhotel.com.tr\/de\/features\/services-facilities\/\" \/>\n<meta property=\"og:locale\" content=\"de_DE\" \/>\n<meta property=\"og:type\" content=\"article\" \/>\n<meta property=\"og:title\" content=\"Unsere Dienstleistungen | Gold Island Selected Hotel\" \/>\n<meta property=\"og:description\" content=\"Unsere Dienstleistungen Willkommen Alternative zum sp\u00e4ten Fr\u00fchst\u00fcck T\u00e4gliche Hotelinformationen Umfassendes Sport-, Unterhaltungs- und Wellnessprogramm Internationales Buffetrestaurant \u00c0-la-carte-Restaurants mit frischen, saisonalen K\u00f6stlichkeiten Kostenloses WLAN, damit Sie w\u00e4hrend Ihres Urlaubs online bleiben Unsere Bars bieten eine entspannte und beruhigende Atmosph\u00e4re, um den Tag ausklingen zu lassen Alle Zimmer bieten Meerblick\" \/>\n<meta property=\"og:url\" content=\"https:\/\/goldislandhotel.com.tr\/de\/features\/services-facilities\/\" \/>\n<meta property=\"og:site_name\" content=\"Gold Island Selected Hotel\" \/>\n<meta property=\"article:modified_time\" content=\"2025-04-15T09:21:32+00:00\" \/>\n<meta property=\"og:image\" content=\"https:\/\/goldislandhotel.com.tr\/wp-content\/uploads\/2016\/01\/sentido.hotel_.concierge.jpg\" \/>\n\t<meta property=\"og:image:width\" content=\"640\" \/>\n\t<meta property=\"og:image:height\" content=\"360\" \/>\n\t<meta property=\"og:image:type\" content=\"image\/jpeg\" \/>\n<meta name=\"twitter:card\" content=\"summary_large_image\" \/>\n<meta name=\"twitter:label1\" content=\"Gesch\u00e4tzte Lesezeit\" \/>\n\t<meta name=\"twitter:data1\" content=\"1\u00a0Minute\" \/>\n<script type=\"application\/ld+json\" class=\"yoast-schema-graph\">{\"@context\":\"https:\/\/schema.org\",\"@graph\":[{\"@type\":\"WebPage\",\"@id\":\"https:\/\/goldislandhotel.com.tr\/de\/features\/services-facilities\/\",\"url\":\"https:\/\/goldislandhotel.com.tr\/de\/features\/services-facilities\/\",\"name\":\"Unsere Dienstleistungen | Gold Island Selected Hotel\",\"isPartOf\":{\"@id\":\"https:\/\/goldislandhotel.com.tr\/de\/#website\"},\"primaryImageOfPage\":{\"@id\":\"https:\/\/goldislandhotel.com.tr\/de\/features\/services-facilities\/#primaryimage\"},\"image\":{\"@id\":\"https:\/\/goldislandhotel.com.tr\/features\/services-facilities\/#primaryimage\"},\"thumbnailUrl\":\"https:\/\/goldislandhotel.com.tr\/wp-content\/uploads\/2016\/01\/sentido.hotel_.concierge.jpg\",\"datePublished\":\"2016-01-12T09:32:12+00:00\",\"dateModified\":\"2025-04-15T09:21:32+00:00\",\"breadcrumb\":{\"@id\":\"https:\/\/goldislandhotel.com.tr\/de\/features\/services-facilities\/#breadcrumb\"},\"inLanguage\":\"de\",\"potentialAction\":[{\"@type\":\"ReadAction\",\"target\":[[\"https:\/\/goldislandhotel.com.tr\/de\/features\/services-facilities\/\"]]}]},{\"@type\":\"ImageObject\",\"inLanguage\":\"de\",\"@id\":\"https:\/\/goldislandhotel.com.tr\/de\/features\/services-facilities\/#primaryimage\",\"url\":\"https:\/\/goldislandhotel.com.tr\/wp-content\/uploads\/2016\/01\/sentido.hotel_.concierge.jpg\",\"contentUrl\":\"https:\/\/goldislandhotel.com.tr\/wp-content\/uploads\/2016\/01\/sentido.hotel_.concierge.jpg\",\"width\":640,\"height\":360},{\"@type\":\"BreadcrumbList\",\"@id\":\"https:\/\/goldislandhotel.com.tr\/de\/features\/services-facilities\/#breadcrumb\",\"itemListElement\":[{\"@type\":\"ListItem\",\"position\":1,\"name\":\"Home\",\"item\":\"https:\/\/goldislandhotel.com.tr\/de\/\"},{\"@type\":\"ListItem\",\"position\":2,\"name\":\"Features\",\"item\":\"https:\/\/goldislandhotel.com.tr\/de\/features\/\"},{\"@type\":\"ListItem\",\"position\":3,\"name\":\"Services &#038; Facilities\"}]},{\"@type\":\"WebSite\",\"@id\":\"https:\/\/goldislandhotel.com.tr\/de\/#website\",\"url\":\"https:\/\/goldislandhotel.com.tr\/de\/\",\"name\":\"Gold Island Selected Hotel\",\"description\":\"Gold Hotels\",\"potentialAction\":[{\"@type\":\"SearchAction\",\"target\":{\"@type\":\"EntryPoint\",\"urlTemplate\":\"https:\/\/goldislandhotel.com.tr\/de\/?s={search_term_string}\"},\"query-input\":{\"@type\":\"PropertyValueSpecification\",\"valueRequired\":true,\"valueName\":\"search_term_string\"}}],\"inLanguage\":\"de\"}]}<\/script>\n<!-- \/ Yoast SEO plugin. -->","yoast_head_json":{"title":"Unsere Dienstleistungen | Gold Island Selected Hotel","robots":{"index":"index","follow":"follow","max-snippet":"max-snippet:-1","max-image-preview":"max-image-preview:large","max-video-preview":"max-video-preview:-1"},"canonical":"https:\/\/goldislandhotel.com.tr\/de\/features\/services-facilities\/","og_locale":"de_DE","og_type":"article","og_title":"Unsere Dienstleistungen | Gold Island Selected Hotel","og_description":"Unsere Dienstleistungen Willkommen Alternative zum sp\u00e4ten Fr\u00fchst\u00fcck T\u00e4gliche Hotelinformationen Umfassendes Sport-, Unterhaltungs- und Wellnessprogramm Internationales Buffetrestaurant \u00c0-la-carte-Restaurants mit frischen, saisonalen K\u00f6stlichkeiten Kostenloses WLAN, damit Sie w\u00e4hrend Ihres Urlaubs online bleiben Unsere Bars bieten eine entspannte und beruhigende Atmosph\u00e4re, um den Tag ausklingen zu lassen Alle Zimmer bieten Meerblick","og_url":"https:\/\/goldislandhotel.com.tr\/de\/features\/services-facilities\/","og_site_name":"Gold Island Selected Hotel","article_modified_time":"2025-04-15T09:21:32+00:00","og_image":[{"width":640,"height":360,"url":"https:\/\/goldislandhotel.com.tr\/wp-content\/uploads\/2016\/01\/sentido.hotel_.concierge.jpg","type":"image\/jpeg"}],"twitter_card":"summary_large_image","twitter_misc":{"Gesch\u00e4tzte Lesezeit":"1\u00a0Minute"},"schema":{"@context":"https:\/\/schema.org","@graph":[{"@type":"WebPage","@id":"https:\/\/goldislandhotel.com.tr\/de\/features\/services-facilities\/","url":"https:\/\/goldislandhotel.com.tr\/de\/features\/services-facilities\/","name":"Unsere Dienstleistungen | Gold Island Selected Hotel","isPartOf":{"@id":"https:\/\/goldislandhotel.com.tr\/de\/#website"},"primaryImageOfPage":{"@id":"https:\/\/goldislandhotel.com.tr\/de\/features\/services-facilities\/#primaryimage"},"image":{"@id":"https:\/\/goldislandhotel.com.tr\/features\/services-facilities\/#primaryimage"},"thumbnailUrl":"https:\/\/goldislandhotel.com.tr\/wp-content\/uploads\/2016\/01\/sentido.hotel_.concierge.jpg","datePublished":"2016-01-12T09:32:12+00:00","dateModified":"2025-04-15T09:21:32+00:00","breadcrumb":{"@id":"https:\/\/goldislandhotel.com.tr\/de\/features\/services-facilities\/#breadcrumb"},"inLanguage":"de","potentialAction":[{"@type":"ReadAction","target":[["https:\/\/goldislandhotel.com.tr\/de\/features\/services-facilities\/"]]}]},{"@type":"ImageObject","inLanguage":"de","@id":"https:\/\/goldislandhotel.com.tr\/de\/features\/services-facilities\/#primaryimage","url":"https:\/\/goldislandhotel.com.tr\/wp-content\/uploads\/2016\/01\/sentido.hotel_.concierge.jpg","contentUrl":"https:\/\/goldislandhotel.com.tr\/wp-content\/uploads\/2016\/01\/sentido.hotel_.concierge.jpg","width":640,"height":360},{"@type":"BreadcrumbList","@id":"https:\/\/goldislandhotel.com.tr\/de\/features\/services-facilities\/#breadcrumb","itemListElement":[{"@type":"ListItem","position":1,"name":"Home","item":"https:\/\/goldislandhotel.com.tr\/de\/"},{"@type":"ListItem","position":2,"name":"Features","item":"https:\/\/goldislandhotel.com.tr\/de\/features\/"},{"@type":"ListItem","position":3,"name":"Services &#038; Facilities"}]},{"@type":"WebSite","@id":"https:\/\/goldislandhotel.com.tr\/de\/#website","url":"https:\/\/goldislandhotel.com.tr\/de\/","name":"Gold Island Selected Hotel","description":"Gold Hotels","potentialAction":[{"@type":"SearchAction","target":{"@type":"EntryPoint","urlTemplate":"https:\/\/goldislandhotel.com.tr\/de\/?s={search_term_string}"},"query-input":{"@type":"PropertyValueSpecification","valueRequired":true,"valueName":"search_term_string"}}],"inLanguage":"de"}]}},"_links":{"self":[{"href":"https:\/\/goldislandhotel.com.tr\/de\/wp-json\/wp\/v2\/pages\/1089","targetHints":{"allow":["GET"]}}],"collection":[{"href":"https:\/\/goldislandhotel.com.tr\/de\/wp-json\/wp\/v2\/pages"}],"about":[{"href":"https:\/\/goldislandhotel.com.tr\/de\/wp-json\/wp\/v2\/types\/page"}],"author":[{"embeddable":true,"href":"https:\/\/goldislandhotel.com.tr\/de\/wp-json\/wp\/v2\/users\/1"}],"replies":[{"embeddable":true,"href":"https:\/\/goldislandhotel.com.tr\/de\/wp-json\/wp\/v2\/comments?post=1089"}],"version-history":[{"count":9,"href":"https:\/\/goldislandhotel.com.tr\/de\/wp-json\/wp\/v2\/pages\/1089\/revisions"}],"predecessor-version":[{"id":3255,"href":"https:\/\/goldislandhotel.com.tr\/de\/wp-json\/wp\/v2\/pages\/1089\/revisions\/3255"}],"up":[{"embeddable":true,"href":"https:\/\/goldislandhotel.com.tr\/de\/wp-json\/wp\/v2\/pages\/99"}],"wp:featuredmedia":[{"embeddable":true,"href":"https:\/\/goldislandhotel.com.tr\/de\/wp-json\/wp\/v2\/media\/3002"}],"wp:attachment":[{"href":"https:\/\/goldislandhotel.com.tr\/de\/wp-json\/wp\/v2\/media?parent=1089"}],"curies":[{"name":"wp","href":"https:\/\/api.w.org\/{rel}","templated":true}]}}