{"id":103,"date":"2015-06-25T14:14:51","date_gmt":"2015-06-25T14:14:51","guid":{"rendered":"http:\/\/ravistheme.com\/pinar\/wp\/?page_id=103"},"modified":"2017-10-27T16:07:51","modified_gmt":"2017-10-27T13:07:51","slug":"contact","status":"publish","type":"page","link":"https:\/\/goldislandhotel.com.tr\/de\/contact\/","title":{"rendered":"Kontakt uns"},"content":{"rendered":"<p>Das Gold Island liegt auf einer Halbinsel in T\u00fcrkler innerhalb der Region Incekum. Diese bietet zahlreiche Str\u00e4nde sowie eine F\u00fclle an Kultur und Geschichte.<\/p>\n<p>Die n\u00e4chst gr\u00f6\u00dfere Stadt ist Alanya und ca. 20 km entfernt.<br \/>\nHier l\u00e4sst es sich wunderbar einkaufen oder z. B. die Burg oder das arch\u00e4ologische Museum besichtigen.<\/p>\n<p>Der Flughafen von Antalya ist ca. 98 km entfernt, bis zum Flughafen Gazipasa in Alanya sind es ca. 64 km.<br \/>\n<div class=\"spacer\"><\/div><div class=\"title-line \"><div class=\"title-p\"><p>Kontakt uns<\/p><\/div><span class=\"subtitle\"><\/span><\/div><div class=\"clearfix\"><\/div><br \/>\nIhr Feedback und Ihre Ideen sind immer f\u00fcr uns sehr wichtig.<br \/>\nSie k\u00f6nnen uns jederzeit kontaktieren, indem die folgenden Kontaktinformationen oder mit dem Formular.<\/p>\n<p>&nbsp;<\/p>\n\n<div class=\"wpcf7 no-js\" id=\"wpcf7-f1541-o3\" lang=\"de-DE\" dir=\"ltr\" data-wpcf7-id=\"1541\">\n<div class=\"screen-reader-response\"><p role=\"status\" aria-live=\"polite\" aria-atomic=\"true\"><\/p> <ul><\/ul><\/div>\n<form action=\"\/de\/wp-json\/wp\/v2\/pages\/103#wpcf7-f1541-o3\" method=\"post\" class=\"wpcf7-form init\" aria-label=\"Kontaktformular\" novalidate=\"novalidate\" data-status=\"init\">\n<fieldset class=\"hidden-fields-container\"><input type=\"hidden\" name=\"_wpcf7\" value=\"1541\" \/><input type=\"hidden\" name=\"_wpcf7_version\" value=\"6.1.3\" \/><input type=\"hidden\" name=\"_wpcf7_locale\" value=\"de_DE\" \/><input type=\"hidden\" name=\"_wpcf7_unit_tag\" value=\"wpcf7-f1541-o3\" \/><input type=\"hidden\" name=\"_wpcf7_container_post\" value=\"0\" \/><input type=\"hidden\" name=\"_wpcf7_posted_data_hash\" value=\"\" \/><input type=\"hidden\" name=\"_wpcf7_recaptcha_response\" value=\"\" \/>\n<\/fieldset>\n<div class=\"col-md-6\">\n\t<p><span class=\"wpcf7-form-control-wrap\" data-name=\"your-name\"><input size=\"40\" maxlength=\"400\" class=\"wpcf7-form-control wpcf7-text wpcf7-validates-as-required\" aria-required=\"true\" aria-invalid=\"false\" placeholder=\"Ihr Name:\" value=\"\" type=\"text\" name=\"your-name\" \/><\/span><br \/>\n<span class=\"wpcf7-form-control-wrap\" data-name=\"your-email\"><input size=\"40\" maxlength=\"400\" class=\"wpcf7-form-control wpcf7-email wpcf7-validates-as-required wpcf7-text wpcf7-validates-as-email\" aria-required=\"true\" aria-invalid=\"false\" placeholder=\"E-Mail:\" value=\"\" type=\"email\" name=\"your-email\" \/><\/span><br \/>\n<span class=\"wpcf7-form-control-wrap\" data-name=\"your-phone\"><input size=\"40\" maxlength=\"400\" class=\"wpcf7-form-control wpcf7-text\" aria-invalid=\"false\" placeholder=\"Telefon:\" value=\"\" type=\"text\" name=\"your-phone\" \/><\/span><br \/>\n\t\n\t<\/p>\n<\/div>\n<div class=\"col-md-6\">\n\t<p><span class=\"wpcf7-form-control-wrap\" data-name=\"your-message\"><textarea cols=\"40\" rows=\"10\" maxlength=\"2000\" class=\"wpcf7-form-control wpcf7-textarea wpcf7-validates-as-required\" aria-required=\"true\" aria-invalid=\"false\" placeholder=\"Ihre Nachricht:\" name=\"your-message\"><\/textarea><\/span><br \/>\n<input class=\"wpcf7-form-control wpcf7-submit has-spinner btn btn-default btn-contact\" type=\"submit\" value=\"Senden\" \/>\n\t<\/p>\n<\/div>\n<div class=\"clearfix\">\n<\/div><div class=\"wpcf7-response-output\" aria-hidden=\"true\"><\/div>\n<\/form>\n<\/div>\n\n<div class=\"clear\"><\/div>\n<p><div class=\"portal-icons-box contact-portal\" id=\"contact-gold-portal\"><ul class=\"list-inline list-unstyled portal-icons\"><li><a target=\"_blank\" href=\"http:\/\/www.tripadvisor.com.tr\/Hotel_Review-g297961-d2274745-Reviews-SENTIDO_Gold_Island_Hotel-Alanya_Turkish_Mediterranean_Coast.html\" class=\"portal-icon\"><img decoding=\"async\" src=\"https:\/\/goldislandhotel.com.tr\/wp-content\/uploads\/2016\/01\/tripadvisor.png\"><\/a><\/li><li><a target=\"_blank\" href=\"http:\/\/www.zoover.com.tr\/turkiye\/foldkozi-tenger\/incekum-avsallar-alanya\/sentido-gold-island\/otel\" class=\"portal-icon\"><img decoding=\"async\" src=\"https:\/\/goldislandhotel.com.tr\/wp-content\/uploads\/2016\/01\/zoover.png\"><\/a><\/li><li><a target=\"_blank\" href=\"https:\/\/www.holidaycheck.de\/hi\/sentido-gold-island\/a1e00212-2889-3eb8-ac4e-23b93b620d75?q=SENTIDO+Gold+Island+%2F+Avsallar+%28Hotel%29\" class=\"portal-icon\"><img decoding=\"async\" src=\"https:\/\/goldislandhotel.com.tr\/wp-content\/uploads\/2016\/01\/holidaycheck.png\"><\/a><\/li><li><a target=\"_blank\" href=\"http:\/\/tophotels.org\/main\/hotel\/al63463\" class=\"portal-icon\"><img decoding=\"async\" src=\"https:\/\/goldislandhotel.com.tr\/wp-content\/uploads\/2016\/01\/tophotel.png\"><\/a><\/li><\/ul><\/div><\/p>","protected":false},"excerpt":{"rendered":"<p>Das Gold Island liegt auf einer Halbinsel in T\u00fcrkler innerhalb der Region Incekum. Diese bietet zahlreiche Str\u00e4nde sowie eine F\u00fclle an Kultur und Geschichte. Die n\u00e4chst gr\u00f6\u00dfere Stadt ist Alanya und ca. 20 km entfernt. Hier l\u00e4sst es sich wunderbar einkaufen oder z. B. die Burg oder das arch\u00e4ologische Museum besichtigen. Der Flughafen von Antalya ist ca. 98 km entfernt, bis zum Flughafen Gazipasa in&#8230;<\/p>\n<p><a class=\"more-link\" href=\"https:\/\/goldislandhotel.com.tr\/de\/contact\/\">Continue Reading &#8230;<\/a><\/p>\n","protected":false},"author":1,"featured_media":0,"parent":0,"menu_order":0,"comment_status":"open","ping_status":"open","template":"templates\/contact-alt.php","meta":{"footnotes":""},"class_list":["post-103","page","type-page","status-publish","hentry"],"yoast_head":"<!-- This site is optimized with the Yoast SEO plugin v26.3 - https:\/\/yoast.com\/wordpress\/plugins\/seo\/ -->\n<title>Kontakt uns | Gold Island Selected Hotel<\/title>\n<meta name=\"robots\" content=\"index, follow, max-snippet:-1, max-image-preview:large, max-video-preview:-1\" \/>\n<link rel=\"canonical\" href=\"https:\/\/goldislandhotel.com.tr\/de\/contact\/\" \/>\n<meta property=\"og:locale\" content=\"de_DE\" \/>\n<meta property=\"og:type\" content=\"article\" \/>\n<meta property=\"og:title\" content=\"Kontakt uns | Gold Island Selected Hotel\" \/>\n<meta property=\"og:description\" content=\"Das Gold Island liegt auf einer Halbinsel in T\u00fcrkler innerhalb der Region Incekum. Diese bietet zahlreiche Str\u00e4nde sowie eine F\u00fclle an Kultur und Geschichte. Die n\u00e4chst gr\u00f6\u00dfere Stadt ist Alanya und ca. 20 km entfernt. Hier l\u00e4sst es sich wunderbar einkaufen oder z. B. die Burg oder das arch\u00e4ologische Museum besichtigen. Der Flughafen von Antalya ist ca. 98 km entfernt, bis zum Flughafen Gazipasa in...Continue Reading ...\" \/>\n<meta property=\"og:url\" content=\"https:\/\/goldislandhotel.com.tr\/de\/contact\/\" \/>\n<meta property=\"og:site_name\" content=\"Gold Island Selected Hotel\" \/>\n<meta property=\"article:modified_time\" content=\"2017-10-27T13:07:51+00:00\" \/>\n<meta name=\"twitter:card\" content=\"summary_large_image\" \/>\n<meta name=\"twitter:label1\" content=\"Gesch\u00e4tzte Lesezeit\" \/>\n\t<meta name=\"twitter:data1\" content=\"2\u00a0Minuten\" \/>\n<script type=\"application\/ld+json\" class=\"yoast-schema-graph\">{\"@context\":\"https:\/\/schema.org\",\"@graph\":[{\"@type\":\"WebPage\",\"@id\":\"https:\/\/goldislandhotel.com.tr\/de\/contact\/\",\"url\":\"https:\/\/goldislandhotel.com.tr\/de\/contact\/\",\"name\":\"Kontakt uns | Gold Island Selected Hotel\",\"isPartOf\":{\"@id\":\"https:\/\/goldislandhotel.com.tr\/de\/#website\"},\"datePublished\":\"2015-06-25T14:14:51+00:00\",\"dateModified\":\"2017-10-27T13:07:51+00:00\",\"breadcrumb\":{\"@id\":\"https:\/\/goldislandhotel.com.tr\/de\/contact\/#breadcrumb\"},\"inLanguage\":\"de\",\"potentialAction\":[{\"@type\":\"ReadAction\",\"target\":[[\"https:\/\/goldislandhotel.com.tr\/de\/contact\/\"]]}]},{\"@type\":\"BreadcrumbList\",\"@id\":\"https:\/\/goldislandhotel.com.tr\/de\/contact\/#breadcrumb\",\"itemListElement\":[{\"@type\":\"ListItem\",\"position\":1,\"name\":\"Home\",\"item\":\"https:\/\/goldislandhotel.com.tr\/de\/\"},{\"@type\":\"ListItem\",\"position\":2,\"name\":\"Contact us\"}]},{\"@type\":\"WebSite\",\"@id\":\"https:\/\/goldislandhotel.com.tr\/de\/#website\",\"url\":\"https:\/\/goldislandhotel.com.tr\/de\/\",\"name\":\"Gold Island Selected Hotel\",\"description\":\"Gold Hotels\",\"potentialAction\":[{\"@type\":\"SearchAction\",\"target\":{\"@type\":\"EntryPoint\",\"urlTemplate\":\"https:\/\/goldislandhotel.com.tr\/de\/?s={search_term_string}\"},\"query-input\":{\"@type\":\"PropertyValueSpecification\",\"valueRequired\":true,\"valueName\":\"search_term_string\"}}],\"inLanguage\":\"de\"}]}<\/script>\n<!-- \/ Yoast SEO plugin. -->","yoast_head_json":{"title":"Kontakt uns | Gold Island Selected Hotel","robots":{"index":"index","follow":"follow","max-snippet":"max-snippet:-1","max-image-preview":"max-image-preview:large","max-video-preview":"max-video-preview:-1"},"canonical":"https:\/\/goldislandhotel.com.tr\/de\/contact\/","og_locale":"de_DE","og_type":"article","og_title":"Kontakt uns | Gold Island Selected Hotel","og_description":"Das Gold Island liegt auf einer Halbinsel in T\u00fcrkler innerhalb der Region Incekum. Diese bietet zahlreiche Str\u00e4nde sowie eine F\u00fclle an Kultur und Geschichte. Die n\u00e4chst gr\u00f6\u00dfere Stadt ist Alanya und ca. 20 km entfernt. Hier l\u00e4sst es sich wunderbar einkaufen oder z. B. die Burg oder das arch\u00e4ologische Museum besichtigen. Der Flughafen von Antalya ist ca. 98 km entfernt, bis zum Flughafen Gazipasa in...Continue Reading ...","og_url":"https:\/\/goldislandhotel.com.tr\/de\/contact\/","og_site_name":"Gold Island Selected Hotel","article_modified_time":"2017-10-27T13:07:51+00:00","twitter_card":"summary_large_image","twitter_misc":{"Gesch\u00e4tzte Lesezeit":"2\u00a0Minuten"},"schema":{"@context":"https:\/\/schema.org","@graph":[{"@type":"WebPage","@id":"https:\/\/goldislandhotel.com.tr\/de\/contact\/","url":"https:\/\/goldislandhotel.com.tr\/de\/contact\/","name":"Kontakt uns | Gold Island Selected Hotel","isPartOf":{"@id":"https:\/\/goldislandhotel.com.tr\/de\/#website"},"datePublished":"2015-06-25T14:14:51+00:00","dateModified":"2017-10-27T13:07:51+00:00","breadcrumb":{"@id":"https:\/\/goldislandhotel.com.tr\/de\/contact\/#breadcrumb"},"inLanguage":"de","potentialAction":[{"@type":"ReadAction","target":[["https:\/\/goldislandhotel.com.tr\/de\/contact\/"]]}]},{"@type":"BreadcrumbList","@id":"https:\/\/goldislandhotel.com.tr\/de\/contact\/#breadcrumb","itemListElement":[{"@type":"ListItem","position":1,"name":"Home","item":"https:\/\/goldislandhotel.com.tr\/de\/"},{"@type":"ListItem","position":2,"name":"Contact us"}]},{"@type":"WebSite","@id":"https:\/\/goldislandhotel.com.tr\/de\/#website","url":"https:\/\/goldislandhotel.com.tr\/de\/","name":"Gold Island Selected Hotel","description":"Gold Hotels","potentialAction":[{"@type":"SearchAction","target":{"@type":"EntryPoint","urlTemplate":"https:\/\/goldislandhotel.com.tr\/de\/?s={search_term_string}"},"query-input":{"@type":"PropertyValueSpecification","valueRequired":true,"valueName":"search_term_string"}}],"inLanguage":"de"}]}},"_links":{"self":[{"href":"https:\/\/goldislandhotel.com.tr\/de\/wp-json\/wp\/v2\/pages\/103","targetHints":{"allow":["GET"]}}],"collection":[{"href":"https:\/\/goldislandhotel.com.tr\/de\/wp-json\/wp\/v2\/pages"}],"about":[{"href":"https:\/\/goldislandhotel.com.tr\/de\/wp-json\/wp\/v2\/types\/page"}],"author":[{"embeddable":true,"href":"https:\/\/goldislandhotel.com.tr\/de\/wp-json\/wp\/v2\/users\/1"}],"replies":[{"embeddable":true,"href":"https:\/\/goldislandhotel.com.tr\/de\/wp-json\/wp\/v2\/comments?post=103"}],"version-history":[{"count":9,"href":"https:\/\/goldislandhotel.com.tr\/de\/wp-json\/wp\/v2\/pages\/103\/revisions"}],"predecessor-version":[{"id":3017,"href":"https:\/\/goldislandhotel.com.tr\/de\/wp-json\/wp\/v2\/pages\/103\/revisions\/3017"}],"wp:attachment":[{"href":"https:\/\/goldislandhotel.com.tr\/de\/wp-json\/wp\/v2\/media?parent=103"}],"curies":[{"name":"wp","href":"https:\/\/api.w.org\/{rel}","templated":true}]}}