{"id":1020,"date":"2015-12-31T13:13:49","date_gmt":"2015-12-31T11:13:49","guid":{"rendered":"http:\/\/leartes.pw\/?page_id=1020"},"modified":"2016-01-18T11:35:28","modified_gmt":"2016-01-18T09:35:28","slug":"how-to-get-here","status":"publish","type":"page","link":"https:\/\/goldislandhotel.com.tr\/de\/news-blog\/alanya-city-guide\/how-to-get-here\/","title":{"rendered":"Wegbeschreibung"},"content":{"rendered":"<p><\/p>\n<blockquote><p>Alanya, das eine Kreisstadt und 120 km entfernt von Antalya ist, profitiert von allen Vorteilen eine Stadt am Mittelmeerstrand zu sein.<\/p><\/blockquote>\n<p>Alanya, das eine Kreisstadt und 120 km entfernt von Antalya ist, profitiert von allen Vorteilen eine Stadt am Mittelmeerstrand zu sein. Alanya ist durch die Luft, das Land und \u00fcber das Meer zu erreichen. In der Stadt jedoch, sind die \u00f6ffentlichen Verkehrsmitteln und Taxis fast 24 Stunden in Ihren Diensten. Die Call a bike\u2019s Terminals, die es in der ganzen T\u00fcrkei nur in Alanya gibt, sind an bestimmten Punkten in der Stadt angebracht.<\/p>\n<h3>Der Verkehr in Alanya<\/h3>\n<p><strong>Der Luftverkehr:<\/strong><br \/>\nF\u00fcr die jenigen, die sich f\u00fcr den Luftverkehr entscheiden gibt es zwei Alternativen, der 120 km westlich liegende Antalya Flughafen oder der 40 km \u00f6stlich liegende Gazipa\u015fa Flughafen. Der Transfer vom Flughafen zur Unterkunft, ist fast in allen Pauschalreisen mit beinhaltet. Eine andere M\u00f6glichkeit w\u00e4re die Fahrzeuge der Hotels, die Sie vom Flughafen abholen und zum Hotel transferieren w\u00fcrden. Einige Fluggesellschaften, die Inlandfl\u00fcge anbieten, bieten, abh\u00e4ngig von den Flugzeiten, einen Transfer nach Alanya an.<\/p>\n<ul>\n<li><a href=\"http:\/\/www.aytport.com\/\" target=\"_blank\">http:\/\/www.aytport.com\/<\/a><\/li>\n<li><a href=\"http:\/\/www.gzpairport.com\/\" target=\"_blank\">http:\/\/www.gzpairport.com\/<\/a><\/li>\n<\/ul>\n<p>F\u00fcr die jenigen, die vom Flughafen auf eigene Faust kommen m\u00f6chten, k\u00f6nnen entweder Taxi nehmen oder auf die Schnellstrasse gehen und von dort einen Linienbus nach Alanya nehmen, die vom Busbahnhof alle 15 Minuten starten.<\/p>\n<p><strong>Stra\u00dfenverkehr:<\/strong><br \/>\nMan kann von Antalya \u00fcber die \u00f6stliche Ausfallstra\u00dfe auf die zweispurige Fernstrasse und von dort Alanya erreichen. Von Osten jedoch kann man \u00fcber Mersin die Anamur-Alanya Fernstrasse verwenden.<\/p>\n<p><strong>Der Seeverkehr:<\/strong><br \/>\nAlanya hat ein Hafen in der Stadtmitte, in die gro\u00dfe Passagierschiffe anlegen k\u00f6nnen. Dar\u00fcber hinaus hat die Stadt eine Marina, die 287 Yachten gleichzeitig beherbergen kann. Im Durchschnitt kommen \u00fcber den Seeverkehr ungef\u00e4hr 100 Schiffe und 80 tausend Touristen nach Alanya.<\/p>\n<p><strong>Der allgemeine Verkehr in Alanya<\/strong><\/p>\n<p>Die Stadt wurde von Anfang bis Ende mit modernen B\u00fcrgersteigen ausgestattet, daher ist jede Ecke f\u00fcr einen Spaziergang geeignet. Dar\u00fcber hinaus gibt es Minibusse und Stadtbusse in der Stadt, die h\u00e4ufig fast an jeder Stelle vorbeifahren. Man kann an vielen Ecken Taxis finden.<br \/>\nUm die Burg, eins der wichtigsten Sehensw\u00fcrdigkeit, zu besichtigen, k\u00f6nnen sie mit Stadtbus oder Taxi auf die Burg fahren. Oder wenn sie ein F\u00fchrerschein haben, von Rent a Car Gesch\u00e4ften einen Wagen oder Motorrad mieten.<\/p>","protected":false},"excerpt":{"rendered":"<p>Alanya, das eine Kreisstadt und 120 km entfernt von Antalya ist, profitiert von allen Vorteilen eine Stadt am Mittelmeerstrand zu sein. Alanya, das eine Kreisstadt und 120 km entfernt von Antalya ist, profitiert von allen Vorteilen eine Stadt am Mittelmeerstrand zu sein. Alanya ist durch die Luft, das Land und \u00fcber das Meer zu erreichen. In der Stadt jedoch, sind die \u00f6ffentlichen Verkehrsmitteln und Taxis&#8230;<\/p>\n<p><a class=\"more-link\" href=\"https:\/\/goldislandhotel.com.tr\/de\/news-blog\/alanya-city-guide\/how-to-get-here\/\">Continue Reading &#8230;<\/a><\/p>\n","protected":false},"author":1,"featured_media":0,"parent":826,"menu_order":0,"comment_status":"closed","ping_status":"closed","template":"","meta":{"footnotes":""},"class_list":["post-1020","page","type-page","status-publish","hentry"],"yoast_head":"<!-- This site is optimized with the Yoast SEO plugin v26.3 - https:\/\/yoast.com\/wordpress\/plugins\/seo\/ -->\n<title>Wegbeschreibung | Gold Island Selected Hotel<\/title>\n<meta name=\"robots\" content=\"index, follow, max-snippet:-1, max-image-preview:large, max-video-preview:-1\" \/>\n<link rel=\"canonical\" href=\"https:\/\/goldislandhotel.com.tr\/de\/news-blog\/alanya-city-guide\/how-to-get-here\/\" \/>\n<meta property=\"og:locale\" content=\"de_DE\" \/>\n<meta property=\"og:type\" content=\"article\" \/>\n<meta property=\"og:title\" content=\"Wegbeschreibung | Gold Island Selected Hotel\" \/>\n<meta property=\"og:description\" content=\"Alanya, das eine Kreisstadt und 120 km entfernt von Antalya ist, profitiert von allen Vorteilen eine Stadt am Mittelmeerstrand zu sein. Alanya, das eine Kreisstadt und 120 km entfernt von Antalya ist, profitiert von allen Vorteilen eine Stadt am Mittelmeerstrand zu sein. Alanya ist durch die Luft, das Land und \u00fcber das Meer zu erreichen. In der Stadt jedoch, sind die \u00f6ffentlichen Verkehrsmitteln und Taxis...Continue Reading ...\" \/>\n<meta property=\"og:url\" content=\"https:\/\/goldislandhotel.com.tr\/de\/news-blog\/alanya-city-guide\/how-to-get-here\/\" \/>\n<meta property=\"og:site_name\" content=\"Gold Island Selected Hotel\" \/>\n<meta property=\"article:modified_time\" content=\"2016-01-18T09:35:28+00:00\" \/>\n<meta name=\"twitter:card\" content=\"summary_large_image\" \/>\n<meta name=\"twitter:label1\" content=\"Gesch\u00e4tzte Lesezeit\" \/>\n\t<meta name=\"twitter:data1\" content=\"6\u00a0Minuten\" \/>\n<script type=\"application\/ld+json\" class=\"yoast-schema-graph\">{\"@context\":\"https:\/\/schema.org\",\"@graph\":[{\"@type\":\"WebPage\",\"@id\":\"https:\/\/goldislandhotel.com.tr\/de\/news-blog\/alanya-city-guide\/how-to-get-here\/\",\"url\":\"https:\/\/goldislandhotel.com.tr\/de\/news-blog\/alanya-city-guide\/how-to-get-here\/\",\"name\":\"Wegbeschreibung | Gold Island Selected Hotel\",\"isPartOf\":{\"@id\":\"https:\/\/goldislandhotel.com.tr\/de\/#website\"},\"datePublished\":\"2015-12-31T11:13:49+00:00\",\"dateModified\":\"2016-01-18T09:35:28+00:00\",\"breadcrumb\":{\"@id\":\"https:\/\/goldislandhotel.com.tr\/de\/news-blog\/alanya-city-guide\/how-to-get-here\/#breadcrumb\"},\"inLanguage\":\"de\",\"potentialAction\":[{\"@type\":\"ReadAction\",\"target\":[[\"https:\/\/goldislandhotel.com.tr\/de\/news-blog\/alanya-city-guide\/how-to-get-here\/\"]]}]},{\"@type\":\"BreadcrumbList\",\"@id\":\"https:\/\/goldislandhotel.com.tr\/de\/news-blog\/alanya-city-guide\/how-to-get-here\/#breadcrumb\",\"itemListElement\":[{\"@type\":\"ListItem\",\"position\":1,\"name\":\"Home\",\"item\":\"https:\/\/goldislandhotel.com.tr\/de\/\"},{\"@type\":\"ListItem\",\"position\":2,\"name\":\"Gold Hotels News &#038; Blog\",\"item\":\"https:\/\/goldislandhotel.com.tr\/de\/news-blog\/\"},{\"@type\":\"ListItem\",\"position\":3,\"name\":\"Alanya City Guide\",\"item\":\"https:\/\/goldislandhotel.com.tr\/de\/news-blog\/alanya-city-guide\/\"},{\"@type\":\"ListItem\",\"position\":4,\"name\":\"How to get here\"}]},{\"@type\":\"WebSite\",\"@id\":\"https:\/\/goldislandhotel.com.tr\/de\/#website\",\"url\":\"https:\/\/goldislandhotel.com.tr\/de\/\",\"name\":\"Gold Island Selected Hotel\",\"description\":\"Gold Hotels\",\"potentialAction\":[{\"@type\":\"SearchAction\",\"target\":{\"@type\":\"EntryPoint\",\"urlTemplate\":\"https:\/\/goldislandhotel.com.tr\/de\/?s={search_term_string}\"},\"query-input\":{\"@type\":\"PropertyValueSpecification\",\"valueRequired\":true,\"valueName\":\"search_term_string\"}}],\"inLanguage\":\"de\"}]}<\/script>\n<!-- \/ Yoast SEO plugin. -->","yoast_head_json":{"title":"Wegbeschreibung | Gold Island Selected Hotel","robots":{"index":"index","follow":"follow","max-snippet":"max-snippet:-1","max-image-preview":"max-image-preview:large","max-video-preview":"max-video-preview:-1"},"canonical":"https:\/\/goldislandhotel.com.tr\/de\/news-blog\/alanya-city-guide\/how-to-get-here\/","og_locale":"de_DE","og_type":"article","og_title":"Wegbeschreibung | Gold Island Selected Hotel","og_description":"Alanya, das eine Kreisstadt und 120 km entfernt von Antalya ist, profitiert von allen Vorteilen eine Stadt am Mittelmeerstrand zu sein. Alanya, das eine Kreisstadt und 120 km entfernt von Antalya ist, profitiert von allen Vorteilen eine Stadt am Mittelmeerstrand zu sein. Alanya ist durch die Luft, das Land und \u00fcber das Meer zu erreichen. In der Stadt jedoch, sind die \u00f6ffentlichen Verkehrsmitteln und Taxis...Continue Reading ...","og_url":"https:\/\/goldislandhotel.com.tr\/de\/news-blog\/alanya-city-guide\/how-to-get-here\/","og_site_name":"Gold Island Selected Hotel","article_modified_time":"2016-01-18T09:35:28+00:00","twitter_card":"summary_large_image","twitter_misc":{"Gesch\u00e4tzte Lesezeit":"6\u00a0Minuten"},"schema":{"@context":"https:\/\/schema.org","@graph":[{"@type":"WebPage","@id":"https:\/\/goldislandhotel.com.tr\/de\/news-blog\/alanya-city-guide\/how-to-get-here\/","url":"https:\/\/goldislandhotel.com.tr\/de\/news-blog\/alanya-city-guide\/how-to-get-here\/","name":"Wegbeschreibung | Gold Island Selected Hotel","isPartOf":{"@id":"https:\/\/goldislandhotel.com.tr\/de\/#website"},"datePublished":"2015-12-31T11:13:49+00:00","dateModified":"2016-01-18T09:35:28+00:00","breadcrumb":{"@id":"https:\/\/goldislandhotel.com.tr\/de\/news-blog\/alanya-city-guide\/how-to-get-here\/#breadcrumb"},"inLanguage":"de","potentialAction":[{"@type":"ReadAction","target":[["https:\/\/goldislandhotel.com.tr\/de\/news-blog\/alanya-city-guide\/how-to-get-here\/"]]}]},{"@type":"BreadcrumbList","@id":"https:\/\/goldislandhotel.com.tr\/de\/news-blog\/alanya-city-guide\/how-to-get-here\/#breadcrumb","itemListElement":[{"@type":"ListItem","position":1,"name":"Home","item":"https:\/\/goldislandhotel.com.tr\/de\/"},{"@type":"ListItem","position":2,"name":"Gold Hotels News &#038; Blog","item":"https:\/\/goldislandhotel.com.tr\/de\/news-blog\/"},{"@type":"ListItem","position":3,"name":"Alanya City Guide","item":"https:\/\/goldislandhotel.com.tr\/de\/news-blog\/alanya-city-guide\/"},{"@type":"ListItem","position":4,"name":"How to get here"}]},{"@type":"WebSite","@id":"https:\/\/goldislandhotel.com.tr\/de\/#website","url":"https:\/\/goldislandhotel.com.tr\/de\/","name":"Gold Island Selected Hotel","description":"Gold Hotels","potentialAction":[{"@type":"SearchAction","target":{"@type":"EntryPoint","urlTemplate":"https:\/\/goldislandhotel.com.tr\/de\/?s={search_term_string}"},"query-input":{"@type":"PropertyValueSpecification","valueRequired":true,"valueName":"search_term_string"}}],"inLanguage":"de"}]}},"_links":{"self":[{"href":"https:\/\/goldislandhotel.com.tr\/de\/wp-json\/wp\/v2\/pages\/1020","targetHints":{"allow":["GET"]}}],"collection":[{"href":"https:\/\/goldislandhotel.com.tr\/de\/wp-json\/wp\/v2\/pages"}],"about":[{"href":"https:\/\/goldislandhotel.com.tr\/de\/wp-json\/wp\/v2\/types\/page"}],"author":[{"embeddable":true,"href":"https:\/\/goldislandhotel.com.tr\/de\/wp-json\/wp\/v2\/users\/1"}],"replies":[{"embeddable":true,"href":"https:\/\/goldislandhotel.com.tr\/de\/wp-json\/wp\/v2\/comments?post=1020"}],"version-history":[{"count":4,"href":"https:\/\/goldislandhotel.com.tr\/de\/wp-json\/wp\/v2\/pages\/1020\/revisions"}],"predecessor-version":[{"id":1503,"href":"https:\/\/goldislandhotel.com.tr\/de\/wp-json\/wp\/v2\/pages\/1020\/revisions\/1503"}],"up":[{"embeddable":true,"href":"https:\/\/goldislandhotel.com.tr\/de\/wp-json\/wp\/v2\/pages\/826"}],"wp:attachment":[{"href":"https:\/\/goldislandhotel.com.tr\/de\/wp-json\/wp\/v2\/media?parent=1020"}],"curies":[{"name":"wp","href":"https:\/\/api.w.org\/{rel}","templated":true}]}}