{"id":1007,"date":"2015-12-31T12:25:46","date_gmt":"2015-12-31T10:25:46","guid":{"rendered":"http:\/\/leartes.pw\/?page_id=1007"},"modified":"2016-01-18T11:35:55","modified_gmt":"2016-01-18T09:35:55","slug":"about-alanya","status":"publish","type":"page","link":"https:\/\/goldislandhotel.com.tr\/de\/news-blog\/alanya-city-guide\/about-alanya\/","title":{"rendered":"\u00dcber Alanya"},"content":{"rendered":"<p><\/p>\n<blockquote><p>Die Stadt, die in ihrer tausend Jahre alten Geschichte Coracesium, Kalonoros und Alaiye benannt wurde ist heute ein Kandidat f\u00fcr das Welt-Erbe der UNESCO.<\/p><\/blockquote>\n<p>Die Stadt Alanya befindet sich im S\u00fcden der T\u00fcrkei, an der Mittelmeerk\u00fcste und ist mit ihrer Geschichte, die bis in die Antike zur\u00fcckgeht, ein popul\u00e4rer Ferienort. Entlang der K\u00fcste reihen sich nat\u00fcrliche und mit der Blauen Fahne ausgestatten Str\u00e4nde. Im Zentrum der Stadt herrscht ein Mittelmeerklima mit sonnigem, warmem Wetter im Sommer und lauwarmem und regnerischem Wetter im Winter. Die durchschnittliche Lufttemperatur liegt bei 14\u00baC im Winter und 27\u00baC im Sommer und die durchschnittliche Wassertemperatur liegt bei 18\u00baC im Winter und 25\u00baC im Sommer. Im Winter gilt der Schneefall als au\u00dferordentlich.<\/p>\n<p>Die mehr als 2000m hohen Taurus Berge werden im Winter mit Schnee bedeckt.<br \/>\nIm Fr\u00fchling wird das Schmelzwasser aus den Bergen \u00fcber die 20 Fl\u00fcsse Alanyas in das Mittelmeer flie\u00dfen und in den T\u00e4lern entstehen sch\u00f6ne Piknikpl\u00e4tze und Rafting-Parkuren. In den Almen der Berge befindet sich eine reichhaltige Flora und ideales Gel\u00e4nde f\u00fcr Trecking und Safari-Fahrten. Nur in der Festung von Alanya befinden sich 16 endemische Pflanzenarten.<\/p>\n<h3>Geschichte:<\/h3>\n<p>In Alanya begann die erste Ansiedlung 20.000 Jahren in die H\u00f6hlen des Gebietes. Herodot erz\u00e4hlt, da\u00df nach dem Trojakrieg die Siedler sich in dieses Gebiet, das die pamfilischen und kilikischen Grenzen bilden, angesiedelt haben. Die Stadt beherbergte die Piraten, die selbst vor der r\u00f6mischen Weltmacht im Zeitalter der Antike nicht bezwungen wurden. Im Mittelalter herrschte das byzantinische Imperium \u00fcber die Stadt. Das Reich der Seldschuken von Anatolien machte es zur Hauptstadt. Der Sultan war so sehr von der Stadt fasziniert, da\u00df er der Stadt beim Neuaufbau seinen eigenen Namen gab. Die Stadt, die in ihrer tausend Jahre alten Geschichte Coracesium, Kalonoros und Alaiye benannt wurde ist heute ein Kandidat f\u00fcr das Welt-Erbe der UNESCO.<br \/>\n<a href=\"\/de\/news-blog\/alanya-city-guide\/alanya-history\/\">F\u00fcr mehr Information bitte hier klicken.<\/a><\/p>\n<h3>Geographische Lage, Das Klima und die Flora:<\/h3>\n<p>Die Stadt Alanya Befindet sich im S\u00fcden der T\u00fcrkei, im Mittelmeergebiet und ist eine Kreisstadt von Antalya. Obwohl im Sommer hei\u00df und d\u00fcrr und im Winter regnerisch und feucht ist, kann man im Durchschnitt 300 Tage die Sonne sehen. W\u00e4hrend Alanya im Bereich der Z\u00fcchtung von Zitrusfr\u00fcchten ein wichtiges Zentrum ist, gibt der Duft von den Bl\u00fcten der Zitrusfr\u00fcchte der Stadt eine andere Sch\u00f6nheitsnote.<br \/>\n<a href=\"\/de\/news-blog\/alanya-city-guide\/geographical-climate\/\">F\u00fcr mehr Information bitte hier klicken.<\/a><\/p>\n<h3>Modern Alanya<\/h3>\n<p>Alanya, das 1950 sich mit Tourismus bekannt gemacht hat, ist im Bereich Tourismus, durch die Kooperation der Bev\u00f6lkerung und der Verwaltung der Stadt, f\u00fcr die T\u00fcrkei und f\u00fcr die ganze Welt ein sehr gutes Beispiel. Mit seinen Museen, Sportbereichen und mit der Infrastruktur der Kultur u. Kunst ist Alanya eine Stadt, in der fast 15 tausend Ausl\u00e4nder im Sommer sowohl als auch im Winter hier zu leben bevorzugen. Alanya hat 12 Partnerst\u00e4dte, von denen 11 europ\u00e4isch sind und sehr warme und anhaltende Beziehungen bestehen.<br \/>\n<a href=\"\/de\/news-blog\/alanya-city-guide\/modern-alanya\/\">F\u00fcr mehr Information bitte hier klicken.<\/a><\/p>","protected":false},"excerpt":{"rendered":"<p>Die Stadt, die in ihrer tausend Jahre alten Geschichte Coracesium, Kalonoros und Alaiye benannt wurde ist heute ein Kandidat f\u00fcr das Welt-Erbe der UNESCO. Die Stadt Alanya befindet sich im S\u00fcden der T\u00fcrkei, an der Mittelmeerk\u00fcste und ist mit ihrer Geschichte, die bis in die Antike zur\u00fcckgeht, ein popul\u00e4rer Ferienort. Entlang der K\u00fcste reihen sich nat\u00fcrliche und mit der Blauen Fahne ausgestatten Str\u00e4nde. Im Zentrum&#8230;<\/p>\n<p><a class=\"more-link\" href=\"https:\/\/goldislandhotel.com.tr\/de\/news-blog\/alanya-city-guide\/about-alanya\/\">Continue Reading &#8230;<\/a><\/p>\n","protected":false},"author":1,"featured_media":0,"parent":826,"menu_order":0,"comment_status":"closed","ping_status":"closed","template":"","meta":{"footnotes":""},"class_list":["post-1007","page","type-page","status-publish","hentry"],"yoast_head":"<!-- This site is optimized with the Yoast SEO plugin v26.3 - https:\/\/yoast.com\/wordpress\/plugins\/seo\/ -->\n<title>\u00dcber Alanya | Gold Island Selected Hotel<\/title>\n<meta name=\"robots\" content=\"index, follow, max-snippet:-1, max-image-preview:large, max-video-preview:-1\" \/>\n<link rel=\"canonical\" href=\"https:\/\/goldislandhotel.com.tr\/de\/news-blog\/alanya-city-guide\/about-alanya\/\" \/>\n<meta property=\"og:locale\" content=\"de_DE\" \/>\n<meta property=\"og:type\" content=\"article\" \/>\n<meta property=\"og:title\" content=\"\u00dcber Alanya | Gold Island Selected Hotel\" \/>\n<meta property=\"og:description\" content=\"Die Stadt, die in ihrer tausend Jahre alten Geschichte Coracesium, Kalonoros und Alaiye benannt wurde ist heute ein Kandidat f\u00fcr das Welt-Erbe der UNESCO. Die Stadt Alanya befindet sich im S\u00fcden der T\u00fcrkei, an der Mittelmeerk\u00fcste und ist mit ihrer Geschichte, die bis in die Antike zur\u00fcckgeht, ein popul\u00e4rer Ferienort. Entlang der K\u00fcste reihen sich nat\u00fcrliche und mit der Blauen Fahne ausgestatten Str\u00e4nde. Im Zentrum...Continue Reading ...\" \/>\n<meta property=\"og:url\" content=\"https:\/\/goldislandhotel.com.tr\/de\/news-blog\/alanya-city-guide\/about-alanya\/\" \/>\n<meta property=\"og:site_name\" content=\"Gold Island Selected Hotel\" \/>\n<meta property=\"article:modified_time\" content=\"2016-01-18T09:35:55+00:00\" \/>\n<meta name=\"twitter:card\" content=\"summary_large_image\" \/>\n<meta name=\"twitter:label1\" content=\"Gesch\u00e4tzte Lesezeit\" \/>\n\t<meta name=\"twitter:data1\" content=\"8\u00a0Minuten\" \/>\n<script type=\"application\/ld+json\" class=\"yoast-schema-graph\">{\"@context\":\"https:\/\/schema.org\",\"@graph\":[{\"@type\":\"WebPage\",\"@id\":\"https:\/\/goldislandhotel.com.tr\/de\/news-blog\/alanya-city-guide\/about-alanya\/\",\"url\":\"https:\/\/goldislandhotel.com.tr\/de\/news-blog\/alanya-city-guide\/about-alanya\/\",\"name\":\"\u00dcber Alanya | Gold Island Selected Hotel\",\"isPartOf\":{\"@id\":\"https:\/\/goldislandhotel.com.tr\/de\/#website\"},\"datePublished\":\"2015-12-31T10:25:46+00:00\",\"dateModified\":\"2016-01-18T09:35:55+00:00\",\"breadcrumb\":{\"@id\":\"https:\/\/goldislandhotel.com.tr\/de\/news-blog\/alanya-city-guide\/about-alanya\/#breadcrumb\"},\"inLanguage\":\"de\",\"potentialAction\":[{\"@type\":\"ReadAction\",\"target\":[[\"https:\/\/goldislandhotel.com.tr\/de\/news-blog\/alanya-city-guide\/about-alanya\/\"]]}]},{\"@type\":\"BreadcrumbList\",\"@id\":\"https:\/\/goldislandhotel.com.tr\/de\/news-blog\/alanya-city-guide\/about-alanya\/#breadcrumb\",\"itemListElement\":[{\"@type\":\"ListItem\",\"position\":1,\"name\":\"Home\",\"item\":\"https:\/\/goldislandhotel.com.tr\/de\/\"},{\"@type\":\"ListItem\",\"position\":2,\"name\":\"Gold Hotels News &#038; Blog\",\"item\":\"https:\/\/goldislandhotel.com.tr\/de\/news-blog\/\"},{\"@type\":\"ListItem\",\"position\":3,\"name\":\"Alanya City Guide\",\"item\":\"https:\/\/goldislandhotel.com.tr\/de\/news-blog\/alanya-city-guide\/\"},{\"@type\":\"ListItem\",\"position\":4,\"name\":\"About Alanya\"}]},{\"@type\":\"WebSite\",\"@id\":\"https:\/\/goldislandhotel.com.tr\/de\/#website\",\"url\":\"https:\/\/goldislandhotel.com.tr\/de\/\",\"name\":\"Gold Island Selected Hotel\",\"description\":\"Gold Hotels\",\"potentialAction\":[{\"@type\":\"SearchAction\",\"target\":{\"@type\":\"EntryPoint\",\"urlTemplate\":\"https:\/\/goldislandhotel.com.tr\/de\/?s={search_term_string}\"},\"query-input\":{\"@type\":\"PropertyValueSpecification\",\"valueRequired\":true,\"valueName\":\"search_term_string\"}}],\"inLanguage\":\"de\"}]}<\/script>\n<!-- \/ Yoast SEO plugin. -->","yoast_head_json":{"title":"\u00dcber Alanya | Gold Island Selected Hotel","robots":{"index":"index","follow":"follow","max-snippet":"max-snippet:-1","max-image-preview":"max-image-preview:large","max-video-preview":"max-video-preview:-1"},"canonical":"https:\/\/goldislandhotel.com.tr\/de\/news-blog\/alanya-city-guide\/about-alanya\/","og_locale":"de_DE","og_type":"article","og_title":"\u00dcber Alanya | Gold Island Selected Hotel","og_description":"Die Stadt, die in ihrer tausend Jahre alten Geschichte Coracesium, Kalonoros und Alaiye benannt wurde ist heute ein Kandidat f\u00fcr das Welt-Erbe der UNESCO. Die Stadt Alanya befindet sich im S\u00fcden der T\u00fcrkei, an der Mittelmeerk\u00fcste und ist mit ihrer Geschichte, die bis in die Antike zur\u00fcckgeht, ein popul\u00e4rer Ferienort. Entlang der K\u00fcste reihen sich nat\u00fcrliche und mit der Blauen Fahne ausgestatten Str\u00e4nde. Im Zentrum...Continue Reading ...","og_url":"https:\/\/goldislandhotel.com.tr\/de\/news-blog\/alanya-city-guide\/about-alanya\/","og_site_name":"Gold Island Selected Hotel","article_modified_time":"2016-01-18T09:35:55+00:00","twitter_card":"summary_large_image","twitter_misc":{"Gesch\u00e4tzte Lesezeit":"8\u00a0Minuten"},"schema":{"@context":"https:\/\/schema.org","@graph":[{"@type":"WebPage","@id":"https:\/\/goldislandhotel.com.tr\/de\/news-blog\/alanya-city-guide\/about-alanya\/","url":"https:\/\/goldislandhotel.com.tr\/de\/news-blog\/alanya-city-guide\/about-alanya\/","name":"\u00dcber Alanya | Gold Island Selected Hotel","isPartOf":{"@id":"https:\/\/goldislandhotel.com.tr\/de\/#website"},"datePublished":"2015-12-31T10:25:46+00:00","dateModified":"2016-01-18T09:35:55+00:00","breadcrumb":{"@id":"https:\/\/goldislandhotel.com.tr\/de\/news-blog\/alanya-city-guide\/about-alanya\/#breadcrumb"},"inLanguage":"de","potentialAction":[{"@type":"ReadAction","target":[["https:\/\/goldislandhotel.com.tr\/de\/news-blog\/alanya-city-guide\/about-alanya\/"]]}]},{"@type":"BreadcrumbList","@id":"https:\/\/goldislandhotel.com.tr\/de\/news-blog\/alanya-city-guide\/about-alanya\/#breadcrumb","itemListElement":[{"@type":"ListItem","position":1,"name":"Home","item":"https:\/\/goldislandhotel.com.tr\/de\/"},{"@type":"ListItem","position":2,"name":"Gold Hotels News &#038; Blog","item":"https:\/\/goldislandhotel.com.tr\/de\/news-blog\/"},{"@type":"ListItem","position":3,"name":"Alanya City Guide","item":"https:\/\/goldislandhotel.com.tr\/de\/news-blog\/alanya-city-guide\/"},{"@type":"ListItem","position":4,"name":"About Alanya"}]},{"@type":"WebSite","@id":"https:\/\/goldislandhotel.com.tr\/de\/#website","url":"https:\/\/goldislandhotel.com.tr\/de\/","name":"Gold Island Selected Hotel","description":"Gold Hotels","potentialAction":[{"@type":"SearchAction","target":{"@type":"EntryPoint","urlTemplate":"https:\/\/goldislandhotel.com.tr\/de\/?s={search_term_string}"},"query-input":{"@type":"PropertyValueSpecification","valueRequired":true,"valueName":"search_term_string"}}],"inLanguage":"de"}]}},"_links":{"self":[{"href":"https:\/\/goldislandhotel.com.tr\/de\/wp-json\/wp\/v2\/pages\/1007","targetHints":{"allow":["GET"]}}],"collection":[{"href":"https:\/\/goldislandhotel.com.tr\/de\/wp-json\/wp\/v2\/pages"}],"about":[{"href":"https:\/\/goldislandhotel.com.tr\/de\/wp-json\/wp\/v2\/types\/page"}],"author":[{"embeddable":true,"href":"https:\/\/goldislandhotel.com.tr\/de\/wp-json\/wp\/v2\/users\/1"}],"replies":[{"embeddable":true,"href":"https:\/\/goldislandhotel.com.tr\/de\/wp-json\/wp\/v2\/comments?post=1007"}],"version-history":[{"count":4,"href":"https:\/\/goldislandhotel.com.tr\/de\/wp-json\/wp\/v2\/pages\/1007\/revisions"}],"predecessor-version":[{"id":1460,"href":"https:\/\/goldislandhotel.com.tr\/de\/wp-json\/wp\/v2\/pages\/1007\/revisions\/1460"}],"up":[{"embeddable":true,"href":"https:\/\/goldislandhotel.com.tr\/de\/wp-json\/wp\/v2\/pages\/826"}],"wp:attachment":[{"href":"https:\/\/goldislandhotel.com.tr\/de\/wp-json\/wp\/v2\/media?parent=1007"}],"curies":[{"name":"wp","href":"https:\/\/api.w.org\/{rel}","templated":true}]}}